{"id":1817,"date":"2019-10-11T17:34:14","date_gmt":"2019-10-11T15:34:14","guid":{"rendered":"https:\/\/fundacionexe.org\/observatorivalencia\/?page_id=1817"},"modified":"2019-11-28T11:20:54","modified_gmt":"2019-11-28T10:20:54","slug":"que-es-lodv","status":"publish","type":"page","link":"https:\/\/fundacionexe.org\/observatorivalencia\/","title":{"rendered":"Qu\u00e8 \u00e9s l\u2019OdV?"},"content":{"rendered":"<div class=\"wpb-content-wrapper\"><p>[vc_row bg_type=&#8221;bg_color&#8221; bg_override=&#8221;full&#8221; bg_color_value=&#8221;#f5f5f5&#8243; css=&#8221;.vc_custom_1572802718551{padding-top: 30px !important;}&#8221;][vc_column css=&#8221;.vc_custom_1572802733432{padding-bottom: 40px !important;}&#8221;]<div id=\"ultimate-heading-223269e491361813f\" class=\"uvc-heading ult-adjust-bottom-margin ultimate-heading-223269e491361813f uvc-2949 accent-border-color\" data-hspacer=\"line_only\"  data-halign=\"center\" style=\"text-align:center\"><div class=\"uvc-main-heading ult-responsive\"  data-ultimate-target='.uvc-heading.ultimate-heading-223269e491361813f h2'  data-responsive-json-new='{\"font-size\":\"desktop:40px;\",\"line-height\":\"desktop:46px;\"}' ><h2 style=\"font-weight:bold;margin-bottom:15px;\">Qu\u00e8 \u00e9s l\u2019Observatori del valenci\u00e0?<\/h2><\/div><div class=\"uvc-heading-spacer line_only\" style=\"topheight:5px;\"><span class=\"uvc-headings-line\" style=\"border-style:solid;border-bottom-width:5px;border-color:;width:200px;\"><\/span><\/div><div class=\"uvc-sub-heading ult-responsive\"  data-ultimate-target='.uvc-heading.ultimate-heading-223269e491361813f .uvc-sub-heading '  data-responsive-json-new='{\"font-size\":\"\",\"line-height\":\"\"}'  style=\"font-weight:normal;margin-top:20px;\"><\/p>\n<p style=\"text-align: left;\">L&#8217;Observatori del valenci\u00e0 \u00e9s una eina d&#8217;an\u00e0lisi de la situaci\u00f3 socioling\u00fc\u00edstica del valenci\u00e0 i del marc legal que el regula. Pret\u00e9n detectar les necessitats actuals i les tend\u00e8ncies de futur i elaborar propostes espec\u00edfiques que ajuden a superar-les.<\/p>\n<p style=\"text-align: left;\">Els objectius b\u00e0sics de l&#8217;Observatori del valenci\u00e0 s\u00f3n:<\/p>\n<p><\/div><\/div><div class=\"aio-icon-component  vc_custom_1574935681527  accent-icon-color style_1\"><div id=\"Info-box-wrap-6895\" class=\"aio-icon-box left-icon\" style=\"\"  ><div class=\"aio-icon-left\"><div class=\"ult-just-icon-wrapper  \"><div class=\"align-icon\" style=\"text-align:center;\">\n<div class=\"aio-icon none \"  style=\"font-size:32px;display:inline-block;\">\n\t<i class=\"icomoon-numbers-32x32-number\"><\/i>\n<\/div><\/div><\/div><\/div><div class=\"aio-ibd-block\"><div class=\"aio-icon-description ult-responsive\"  data-ultimate-target='#Info-box-wrap-6895 .aio-icon-description'  data-responsive-json-new='{\"font-size\":\"\",\"line-height\":\"\"}'  style=\"\">Ser un organisme acreditat i de refer\u00e8ncia per a l\u2019estudi, l\u2019an\u00e0lisi i la diagnosi de la situaci\u00f3 social del valenci\u00e0.<\/div> <!-- description --><\/div> <!-- aio-ibd-block --><\/div> <!-- aio-icon-box --><\/div> <!-- aio-icon-component --><div class=\"aio-icon-component  vc_custom_1571942783558  accent-icon-color style_1\"><div id=\"Info-box-wrap-1631\" class=\"aio-icon-box left-icon\" style=\"\"  ><div class=\"aio-icon-left\"><div class=\"ult-just-icon-wrapper  \"><div class=\"align-icon\" style=\"text-align:center;\">\n<div class=\"aio-icon none \"  style=\"font-size:32px;display:inline-block;\">\n\t<i class=\"icomoon-numbers-32x32-number2\"><\/i>\n<\/div><\/div><\/div><\/div><div class=\"aio-ibd-block\"><div class=\"aio-icon-description ult-responsive\"  data-ultimate-target='#Info-box-wrap-1631 .aio-icon-description'  data-responsive-json-new='{\"font-size\":\"\",\"line-height\":\"\"}'  style=\"\">Avaluar la situaci\u00f3 i l\u2019evoluci\u00f3 de l\u2019\u00fas social del valenci\u00e0 i de la valoraci\u00f3 que els valencians fan de la llengua pr\u00f2pia.<\/div> <!-- description --><\/div> <!-- aio-ibd-block --><\/div> <!-- aio-icon-box --><\/div> <!-- aio-icon-component --><div class=\"aio-icon-component  vc_custom_1574931400467  accent-icon-color style_1\"><div id=\"Info-box-wrap-4213\" class=\"aio-icon-box left-icon\" style=\"\"  ><div class=\"aio-icon-left\"><div class=\"ult-just-icon-wrapper  \"><div class=\"align-icon\" style=\"text-align:center;\">\n<div class=\"aio-icon none \"  style=\"font-size:32px;display:inline-block;\">\n\t<i class=\"icomoon-numbers-32x32-number3\"><\/i>\n<\/div><\/div><\/div><\/div><div class=\"aio-ibd-block\"><div class=\"aio-icon-description ult-responsive\"  data-ultimate-target='#Info-box-wrap-4213 .aio-icon-description'  data-responsive-json-new='{\"font-size\":\"\",\"line-height\":\"\"}'  style=\"\">Millorar el coneixement sobre la situaci\u00f3 social del valenci\u00e0 mitjan\u00e7ant informes, publicacions i material visual variat, i jornades de presentaci\u00f3 i de reflexi\u00f3 sobre els resultats.<\/div> <!-- description --><\/div> <!-- aio-ibd-block --><\/div> <!-- aio-icon-box --><\/div> <!-- aio-icon-component --><div class=\"aio-icon-component  vc_custom_1571943174757  accent-icon-color style_1\"><div id=\"Info-box-wrap-8407\" class=\"aio-icon-box left-icon\" style=\"\"  ><div class=\"aio-icon-left\"><div class=\"ult-just-icon-wrapper  \"><div class=\"align-icon\" style=\"text-align:center;\">\n<div class=\"aio-icon none \"  style=\"font-size:32px;display:inline-block;\">\n\t<i class=\"icomoon-numbers-32x32-number4\"><\/i>\n<\/div><\/div><\/div><\/div><div class=\"aio-ibd-block\"><div class=\"aio-icon-description ult-responsive\"  data-ultimate-target='#Info-box-wrap-8407 .aio-icon-description'  data-responsive-json-new='{\"font-size\":\"\",\"line-height\":\"\"}'  style=\"\">Utilitzar les dades ja existents i les projeccions que puguen derivar-se&#8217;n per a planificar i elaborar, si \u00e9s el cas, propostes de reforma o millora de la informaci\u00f3 i el coneixement que proporcionen les enquestes.<\/div> <!-- description --><\/div> <!-- aio-ibd-block --><\/div> <!-- aio-icon-box --><\/div> <!-- aio-icon-component --><div class=\"aio-icon-component  vc_custom_1574929697844  accent-icon-color style_1\"><div id=\"Info-box-wrap-1885\" class=\"aio-icon-box left-icon\" style=\"\"  ><div class=\"aio-icon-left\"><div class=\"ult-just-icon-wrapper  \"><div class=\"align-icon\" style=\"text-align:center;\">\n<div class=\"aio-icon none \"  style=\"font-size:32px;display:inline-block;\">\n\t<i class=\"icomoon-numbers-32x32-number5\"><\/i>\n<\/div><\/div><\/div><\/div><div class=\"aio-ibd-block\"><div class=\"aio-icon-description ult-responsive\"  data-ultimate-target='#Info-box-wrap-1885 .aio-icon-description'  data-responsive-json-new='{\"font-size\":\"\",\"line-height\":\"\"}'  style=\"\">Fer un seguiment del compliment de la legislaci\u00f3 vigent, informar-ne i, si \u00e9s necessari, fer propostes de reforma o millora.<\/div> <!-- description --><\/div> <!-- aio-ibd-block --><\/div> <!-- aio-icon-box --><\/div> <!-- aio-icon-component --><div class=\"aio-icon-component  vc_custom_1571943234878  accent-icon-color style_1\"><div id=\"Info-box-wrap-8611\" class=\"aio-icon-box left-icon\" style=\"\"  ><div class=\"aio-icon-left\"><div class=\"ult-just-icon-wrapper  \"><div class=\"align-icon\" style=\"text-align:center;\">\n<div class=\"aio-icon none \"  style=\"font-size:32px;display:inline-block;\">\n\t<i class=\"icomoon-numbers-32x32-number6\"><\/i>\n<\/div><\/div><\/div><\/div><div class=\"aio-ibd-block\"><div class=\"aio-icon-description ult-responsive\"  data-ultimate-target='#Info-box-wrap-8611 .aio-icon-description'  data-responsive-json-new='{\"font-size\":\"\",\"line-height\":\"\"}'  style=\"\">Coordinar-se amb altres organismes de caracter\u00edstiques semblants, especialment del nostre domini ling\u00fc\u00edstic.<\/div> <!-- description --><\/div> <!-- aio-ibd-block --><\/div> <!-- aio-icon-box --><\/div> <!-- aio-icon-component -->[\/vc_column][\/vc_row]<\/p>\n<\/div>","protected":false},"excerpt":{"rendered":"<p>[vc_row bg_type=&#8221;bg_color&#8221; bg_override=&#8221;full&#8221; bg_color_value=&#8221;#f5f5f5&#8243; css=&#8221;.vc_custom_1572802718551{padding-top: 30px !important;}&#8221;][vc_column css=&#8221;.vc_custom_1572802733432{padding-bottom: 40px !important;}&#8221;][\/vc_column][\/vc_row]<\/p>\n","protected":false},"author":2,"featured_media":0,"parent":0,"menu_order":0,"comment_status":"closed","ping_status":"closed","template":"","meta":{"footnotes":""},"class_list":["post-1817","page","type-page","status-publish","hentry","description-off"],"_links":{"self":[{"href":"https:\/\/fundacionexe.org\/observatorivalencia\/wp-json\/wp\/v2\/pages\/1817","targetHints":{"allow":["GET"]}}],"collection":[{"href":"https:\/\/fundacionexe.org\/observatorivalencia\/wp-json\/wp\/v2\/pages"}],"about":[{"href":"https:\/\/fundacionexe.org\/observatorivalencia\/wp-json\/wp\/v2\/types\/page"}],"author":[{"embeddable":true,"href":"https:\/\/fundacionexe.org\/observatorivalencia\/wp-json\/wp\/v2\/users\/2"}],"replies":[{"embeddable":true,"href":"https:\/\/fundacionexe.org\/observatorivalencia\/wp-json\/wp\/v2\/comments?post=1817"}],"version-history":[{"count":36,"href":"https:\/\/fundacionexe.org\/observatorivalencia\/wp-json\/wp\/v2\/pages\/1817\/revisions"}],"predecessor-version":[{"id":3462,"href":"https:\/\/fundacionexe.org\/observatorivalencia\/wp-json\/wp\/v2\/pages\/1817\/revisions\/3462"}],"wp:attachment":[{"href":"https:\/\/fundacionexe.org\/observatorivalencia\/wp-json\/wp\/v2\/media?parent=1817"}],"curies":[{"name":"wp","href":"https:\/\/api.w.org\/{rel}","templated":true}]}}