{"id":1879,"date":"2019-10-16T12:34:22","date_gmt":"2019-10-16T10:34:22","guid":{"rendered":"https:\/\/fundacionexe.org\/observatorivalencia\/?page_id=1879"},"modified":"2019-11-04T21:08:43","modified_gmt":"2019-11-04T20:08:43","slug":"1-3-2-2-competencia-oral-activa-parlar","status":"publish","type":"page","link":"https:\/\/fundacionexe.org\/observatorivalencia\/arees\/competencies-linguistiques-en-valencia\/1-competencies-linguistiques-per-divisons-geografiques\/1-3-competencia-en-valencia-segons-zones-de-predomini-linguistic-2005-2020\/1-3-2-zona-castellanoparlant\/1-3-2-2-competencia-oral-activa-parlar\/","title":{"rendered":"1.3.2.2.- Compet\u00e8ncia oral activa (parlar)"},"content":{"rendered":"<div class=\"wpb-content-wrapper\"><p>[vc_row][vc_column]<div id=\"ultimate-heading-560869e49134dcbe7\" class=\"uvc-heading ult-adjust-bottom-margin ultimate-heading-560869e49134dcbe7 uvc-307 \" data-hspacer=\"no_spacer\"  data-halign=\"left\" style=\"text-align:left\"><div class=\"uvc-heading-spacer no_spacer\" style=\"top\"><\/div><div class=\"uvc-main-heading ult-responsive\"  data-ultimate-target='.uvc-heading.ultimate-heading-560869e49134dcbe7 h2'  data-responsive-json-new='{\"font-size\":\"desktop:26px;\",\"line-height\":\"desktop:32px;\"}' ><h2 style=\"font-weight:bold;margin-bottom:20px;\">Resultat de l'estudi<\/h2><\/div><\/div><div class=\"aio-icon-component  vc_custom_1571221940450  accent-icon-bg style_1\"><div id=\"Info-box-wrap-4968\" class=\"aio-icon-box left-icon\" style=\"\"  ><div class=\"aio-icon-left\"><div class=\"ult-just-icon-wrapper  \"><div class=\"align-icon\" style=\"text-align:center;\">\n<div class=\"aio-icon advanced \"  style=\"color:#ffffff;background:#ffffff;border-style:;border-color:#333333;border-width:1px;width:34px;height:34px;line-height:34px;border-radius:500px;font-size:16px;display:inline-block;\">\n\t<i class=\"icomoon-icomoonfree-16x16-pencil2\"><\/i>\n<\/div><\/div><\/div><\/div><div class=\"aio-ibd-block\"><div class=\"aio-icon-header\" ><h3 class=\"aio-icon-title ult-responsive\"  data-ultimate-target='#Info-box-wrap-4968 .aio-icon-title'  data-responsive-json-new='{\"font-size\":\"desktop:20px;\",\"line-height\":\"desktop:26px;\"}'  style=\"\">Comentari:<\/h3><\/div> <!-- header --><div class=\"aio-icon-description ult-responsive\"  data-ultimate-target='#Info-box-wrap-4968 .aio-icon-description'  data-responsive-json-new='{\"font-size\":\"\",\"line-height\":\"\"}'  style=\"\">Les dades mostren una recuperaci\u00f3 que, segons el model, pot arribar a un 20% de la poblaci\u00f3 en les opcions \u201cbastant b\u00e9\u201d o \u201cperfectament\u201d.<\/div> <!-- description --><\/div> <!-- aio-ibd-block --><\/div> <!-- aio-icon-box --><\/div> <!-- aio-icon-component --><div class=\"aio-icon-component  vc_custom_1571221954382  accent-icon-bg style_1\"><div id=\"Info-box-wrap-7468\" class=\"aio-icon-box left-icon\" style=\"\"  ><div class=\"aio-icon-left\"><div class=\"ult-just-icon-wrapper  \"><div class=\"align-icon\" style=\"text-align:center;\">\n<div class=\"aio-icon advanced \"  style=\"color:#ffffff;background:#ffffff;border-style:;border-color:#333333;border-width:1px;width:34px;height:34px;line-height:34px;border-radius:500px;font-size:16px;display:inline-block;\">\n\t<i class=\"Defaults-newspaper-o\"><\/i>\n<\/div><\/div><\/div><\/div><div class=\"aio-ibd-block\"><div class=\"aio-icon-header\" ><h3 class=\"aio-icon-title ult-responsive\"  data-ultimate-target='#Info-box-wrap-7468 .aio-icon-title'  data-responsive-json-new='{\"font-size\":\"desktop:20px;\",\"line-height\":\"desktop:26px;\"}'  style=\"\">Font:<\/h3><\/div> <!-- header --><div class=\"aio-icon-description ult-responsive\"  data-ultimate-target='#Info-box-wrap-7468 .aio-icon-description'  data-responsive-json-new='{\"font-size\":\"\",\"line-height\":\"\"}'  style=\"\">DGPLGM 2005, 2010, 2015 i elaboraci\u00f3 pr\u00f2pia.<\/div> <!-- description --><\/div> <!-- aio-ibd-block --><\/div> <!-- aio-icon-box --><\/div> <!-- aio-icon-component --><div class=\"aio-icon-component  vc_custom_1571221973262  accent-icon-bg style_1\"><div id=\"Info-box-wrap-1673\" class=\"aio-icon-box left-icon\" style=\"\"  ><div class=\"aio-icon-left\"><div class=\"ult-just-icon-wrapper  \"><div class=\"align-icon\" style=\"text-align:center;\">\n<div class=\"aio-icon advanced \"  style=\"color:#ffffff;background:#ffffff;border-style:;border-color:#333333;border-width:1px;width:34px;height:34px;line-height:34px;border-radius:500px;font-size:16px;display:inline-block;\">\n\t<i class=\"icomoon-icomoonfree-16x16-stats-bars\"><\/i>\n<\/div><\/div><\/div><\/div><div class=\"aio-ibd-block\"><div class=\"aio-icon-header\" ><h3 class=\"aio-icon-title ult-responsive\"  data-ultimate-target='#Info-box-wrap-1673 .aio-icon-title'  data-responsive-json-new='{\"font-size\":\"desktop:20px;\",\"line-height\":\"desktop:26px;\"}'  style=\"\">Metodologia:<\/h3><\/div> <!-- header --><div class=\"aio-icon-description ult-responsive\"  data-ultimate-target='#Info-box-wrap-1673 .aio-icon-description'  data-responsive-json-new='{\"font-size\":\"\",\"line-height\":\"\"}'  style=\"\">En general, estimaci\u00f3 per a l&#8217;any 2020 a partir de la mitjana de la l\u00ednia de tend\u00e8ncia logar\u00edtmica i polin\u00f2mica.<\/div> <!-- description --><\/div> <!-- aio-ibd-block --><\/div> <!-- aio-icon-box --><\/div> <!-- aio-icon-component -->[\/vc_column][\/vc_row][vc_row css=&#8221;.vc_custom_1570867949145{margin-top: 30px !important;}&#8221;][vc_column]<div id=\"ultimate-heading-171469e49134dd0fc\" class=\"uvc-heading ult-adjust-bottom-margin ultimate-heading-171469e49134dd0fc uvc-4843 \" data-hspacer=\"no_spacer\"  data-halign=\"left\" style=\"text-align:left\"><div class=\"uvc-heading-spacer no_spacer\" style=\"top\"><\/div><div class=\"uvc-main-heading ult-responsive\"  data-ultimate-target='.uvc-heading.ultimate-heading-171469e49134dd0fc h2'  data-responsive-json-new='{\"font-size\":\"desktop:26px;\",\"line-height\":\"desktop:32px;\"}' ><h2 style=\"font-weight:bold;margin-bottom:20px;\">Taula de dades<\/h2><\/div><\/div>[vc_raw_html]JTNDaWZyYW1lJTIwc2VhbWxlc3MlM0QlMjIlMjIlMjBzY3JvbGxpbmclM0QlMjJubyUyMiUyMHNyYyUzRCUyMmh0dHBzJTNBJTJGJTJGZG9jcy5nb29nbGUuY29tJTJGc3ByZWFkc2hlZXRzJTJGZCUyRmUlMkYyUEFDWC0xdlJpcGZfeF9HSUs0NGMzR0JENFFSZHB1U0NRcFZSbmE3TjAwcHV6WW9SOGhkc2lubFpZRVIzS25SLXM3UlV0U1ZqM3ZYbFhDc3o2NXNqaSUyRnB1Ymh0bWwlM0ZzaW5nbGUlM0R0cnVlJTI2d2lkZ2V0JTNEZmFsc2UlMjZnaWQlM0Q2NTY2OTQ2NjMlMjZyYW5nZSUzRGExJTNBZTglMjZjaHJvbWUlM0RmYWxzZSUyNmFtcCUzQmhlYWRlcnMlM0RmYWxzZSUyMiUyMHdpZHRoJTNEJTIyODAwJTIyJTIwaGVpZ2h0JTNEJTIyMjAwJTIyJTIwZnJhbWVib3JkZXIlM0QlMjIwJTIyJTNFJTNDJTJGaWZyYW1lJTNF[\/vc_raw_html]<div id=\"ultimate-heading-216069e49134dd15d\" class=\"uvc-heading ult-adjust-bottom-margin ultimate-heading-216069e49134dd15d uvc-9889 \" data-hspacer=\"no_spacer\"  data-halign=\"left\" style=\"text-align:left\"><div class=\"uvc-heading-spacer no_spacer\" style=\"top\"><\/div><div class=\"uvc-main-heading ult-responsive\"  data-ultimate-target='.uvc-heading.ultimate-heading-216069e49134dd15d h2'  data-responsive-json-new='{\"font-size\":\"desktop:26px;\",\"line-height\":\"desktop:32px;\"}' ><h2 style=\"font-weight:bold;margin-bottom:20px;\">Gr\u00e0fica<\/h2><\/div><\/div>[vc_raw_html]JTNDaWZyYW1lJTIwd2lkdGglM0QlMjI2MDAlMjIlMjBoZWlnaHQlM0QlMjIzNzElMjIlMjBzZWFtbGVzcyUyMGZyYW1lYm9yZGVyJTNEJTIyMCUyMiUyMHNjcm9sbGluZyUzRCUyMm5vJTIyJTIwc3JjJTNEJTIyaHR0cHMlM0ElMkYlMkZkb2NzLmdvb2dsZS5jb20lMkZzcHJlYWRzaGVldHMlMkZkJTJGZSUyRjJQQUNYLTF2UmlwZl94X0dJSzQ0YzNHQkQ0UVJkcHVTQ1FwVlJuYTdOMDBwdXpZb1I4aGRzaW5sWllFUjNLblItczdSVXRTVmozdlhsWENzejY1c2ppJTJGcHViY2hhcnQlM0ZvaWQlM0QxNTQzNTcyMjIyJTI2YW1wJTNCZm9ybWF0JTNEaW50ZXJhY3RpdmUlMjIlM0UlM0MlMkZpZnJhbWUlM0U=[\/vc_raw_html][\/vc_column][\/vc_row]<\/p>\n<\/div>","protected":false},"excerpt":{"rendered":"<p>[vc_row][vc_column][\/vc_column][\/vc_row][vc_row css=&#8221;.vc_custom_1570867949145{margin-top: 30px !important;}&#8221;][vc_column][vc_raw_html]JTNDaWZyYW1lJTIwc2VhbWxlc3MlM0QlMjIlMjIlMjBzY3JvbGxpbmclM0QlMjJubyUyMiUyMHNyYyUzRCUyMmh0dHBzJTNBJTJGJTJGZG9jcy5nb29nbGUuY29tJTJGc3ByZWFkc2hlZXRzJTJGZCUyRmUlMkYyUEFDWC0xdlJpcGZfeF9HSUs0NGMzR0JENFFSZHB1U0NRcFZSbmE3TjAwcHV6WW9SOGhkc2lubFpZRVIzS25SLXM3UlV0U1ZqM3ZYbFhDc3o2NXNqaSUyRnB1Ymh0bWwlM0ZzaW5nbGUlM0R0cnVlJTI2d2lkZ2V0JTNEZmFsc2UlMjZnaWQlM0Q2NTY2OTQ2NjMlMjZyYW5nZSUzRGExJTNBZTglMjZjaHJvbWUlM0RmYWxzZSUyNmFtcCUzQmhlYWRlcnMlM0RmYWxzZSUyMiUyMHdpZHRoJTNEJTIyODAwJTIyJTIwaGVpZ2h0JTNEJTIyMjAwJTIyJTIwZnJhbWVib3JkZXIlM0QlMjIwJTIyJTNFJTNDJTJGaWZyYW1lJTNF[\/vc_raw_html][vc_raw_html]JTNDaWZyYW1lJTIwd2lkdGglM0QlMjI2MDAlMjIlMjBoZWlnaHQlM0QlMjIzNzElMjIlMjBzZWFtbGVzcyUyMGZyYW1lYm9yZGVyJTNEJTIyMCUyMiUyMHNjcm9sbGluZyUzRCUyMm5vJTIyJTIwc3JjJTNEJTIyaHR0cHMlM0ElMkYlMkZkb2NzLmdvb2dsZS5jb20lMkZzcHJlYWRzaGVldHMlMkZkJTJGZSUyRjJQQUNYLTF2UmlwZl94X0dJSzQ0YzNHQkQ0UVJkcHVTQ1FwVlJuYTdOMDBwdXpZb1I4aGRzaW5sWllFUjNLblItczdSVXRTVmozdlhsWENzejY1c2ppJTJGcHViY2hhcnQlM0ZvaWQlM0QxNTQzNTcyMjIyJTI2YW1wJTNCZm9ybWF0JTNEaW50ZXJhY3RpdmUlMjIlM0UlM0MlMkZpZnJhbWUlM0U=[\/vc_raw_html][\/vc_column][\/vc_row]<\/p>\n","protected":false},"author":2,"featured_media":0,"parent":2231,"menu_order":1322,"comment_status":"closed","ping_status":"closed","template":"","meta":{"footnotes":""},"class_list":["post-1879","page","type-page","status-publish","hentry","description-off"],"_links":{"self":[{"href":"https:\/\/fundacionexe.org\/observatorivalencia\/wp-json\/wp\/v2\/pages\/1879","targetHints":{"allow":["GET"]}}],"collection":[{"href":"https:\/\/fundacionexe.org\/observatorivalencia\/wp-json\/wp\/v2\/pages"}],"about":[{"href":"https:\/\/fundacionexe.org\/observatorivalencia\/wp-json\/wp\/v2\/types\/page"}],"author":[{"embeddable":true,"href":"https:\/\/fundacionexe.org\/observatorivalencia\/wp-json\/wp\/v2\/users\/2"}],"replies":[{"embeddable":true,"href":"https:\/\/fundacionexe.org\/observatorivalencia\/wp-json\/wp\/v2\/comments?post=1879"}],"version-history":[{"count":1,"href":"https:\/\/fundacionexe.org\/observatorivalencia\/wp-json\/wp\/v2\/pages\/1879\/revisions"}],"predecessor-version":[{"id":1880,"href":"https:\/\/fundacionexe.org\/observatorivalencia\/wp-json\/wp\/v2\/pages\/1879\/revisions\/1880"}],"up":[{"embeddable":true,"href":"https:\/\/fundacionexe.org\/observatorivalencia\/wp-json\/wp\/v2\/pages\/2231"}],"wp:attachment":[{"href":"https:\/\/fundacionexe.org\/observatorivalencia\/wp-json\/wp\/v2\/media?parent=1879"}],"curies":[{"name":"wp","href":"https:\/\/api.w.org\/{rel}","templated":true}]}}