{"id":2095,"date":"2019-10-18T12:14:44","date_gmt":"2019-10-18T10:14:44","guid":{"rendered":"https:\/\/fundacionexe.org\/observatorivalencia\/?page_id=2095"},"modified":"2021-11-04T08:18:00","modified_gmt":"2021-11-04T07:18:00","slug":"2-2-llengua-que-es-parla-a-casa-regio-dalacant","status":"publish","type":"page","link":"https:\/\/fundacionexe.org\/observatorivalencia\/arees\/us-social-del-valencia\/2-llengua-que-es-parla-amb-els-amics\/2-2-llengua-que-es-parla-a-casa-regio-dalacant\/","title":{"rendered":"2.2.- Llengua que es parla amb els amics. Regi\u00f3 d\u2019Alacant"},"content":{"rendered":"<div class=\"wpb-content-wrapper\"><p>[vc_row][vc_column]<div id=\"ultimate-heading-85869e2fa675e7ff\" class=\"uvc-heading ult-adjust-bottom-margin ultimate-heading-85869e2fa675e7ff uvc-136 \" data-hspacer=\"no_spacer\"  data-halign=\"left\" style=\"text-align:left\"><div class=\"uvc-heading-spacer no_spacer\" style=\"top\"><\/div><div class=\"uvc-main-heading ult-responsive\"  data-ultimate-target='.uvc-heading.ultimate-heading-85869e2fa675e7ff h2'  data-responsive-json-new='{\"font-size\":\"desktop:26px;\",\"line-height\":\"desktop:32px;\"}' ><h2 style=\"font-weight:bold;margin-bottom:20px;\">Resultat de l'estudi<\/h2><\/div><\/div><div class=\"aio-icon-component  vc_custom_1636010278133  accent-icon-bg style_1\"><div id=\"Info-box-wrap-5040\" class=\"aio-icon-box left-icon\" style=\"\"  ><div class=\"aio-icon-left\"><div class=\"ult-just-icon-wrapper  \"><div class=\"align-icon\" style=\"text-align:center;\">\n<div class=\"aio-icon advanced \"  style=\"color:#ffffff;background:#ffffff;border-style:;border-color:#333333;border-width:1px;width:34px;height:34px;line-height:34px;border-radius:500px;font-size:16px;display:inline-block;\">\n\t<i class=\"icomoon-icomoonfree-16x16-pencil2\"><\/i>\n<\/div><\/div><\/div><\/div><div class=\"aio-ibd-block\"><div class=\"aio-icon-header\" ><h3 class=\"aio-icon-title ult-responsive\"  data-ultimate-target='#Info-box-wrap-5040 .aio-icon-title'  data-responsive-json-new='{\"font-size\":\"desktop:20px;\",\"line-height\":\"desktop:26px;\"}'  style=\"\">Comentari:<\/h3><\/div> <!-- header --><div class=\"aio-icon-description ult-responsive\"  data-ultimate-target='#Info-box-wrap-5040 .aio-icon-description'  data-responsive-json-new='{\"font-size\":\"\",\"line-height\":\"\"}'  style=\"\">A la zona d&#8217;Alacant, l&#8217;\u00fas del valenci\u00e0 amb els amics \u00e9s baix\u00edssim. El castell\u00e0 mant\u00e9 la seua hegemonia mentre que la tend\u00e8ncia biling\u00fce creix de forma molt prec\u00e0ria.<\/div> <!-- description --><\/div> <!-- aio-ibd-block --><\/div> <!-- aio-icon-box --><\/div> <!-- aio-icon-component --><div class=\"aio-icon-component  vc_custom_1572001564835  accent-icon-bg style_1\"><div id=\"Info-box-wrap-7030\" class=\"aio-icon-box left-icon\" style=\"\"  ><div class=\"aio-icon-left\"><div class=\"ult-just-icon-wrapper  \"><div class=\"align-icon\" style=\"text-align:center;\">\n<div class=\"aio-icon advanced \"  style=\"color:#ffffff;background:#ffffff;border-style:;border-color:#333333;border-width:1px;width:34px;height:34px;line-height:34px;border-radius:500px;font-size:16px;display:inline-block;\">\n\t<i class=\"Defaults-newspaper-o\"><\/i>\n<\/div><\/div><\/div><\/div><div class=\"aio-ibd-block\"><div class=\"aio-icon-header\" ><h3 class=\"aio-icon-title ult-responsive\"  data-ultimate-target='#Info-box-wrap-7030 .aio-icon-title'  data-responsive-json-new='{\"font-size\":\"desktop:20px;\",\"line-height\":\"desktop:26px;\"}'  style=\"\">Font:<\/h3><\/div> <!-- header --><div class=\"aio-icon-description ult-responsive\"  data-ultimate-target='#Info-box-wrap-7030 .aio-icon-description'  data-responsive-json-new='{\"font-size\":\"\",\"line-height\":\"\"}'  style=\"\">DGPLM 2005, 2010, 2015 i elaboraci\u00f3 pr\u00f2pia.<\/div> <!-- description --><\/div> <!-- aio-ibd-block --><\/div> <!-- aio-icon-box --><\/div> <!-- aio-icon-component -->[\/vc_column][\/vc_row][vc_row][vc_column][vc_column_text][\/vc_column_text][\/vc_column][\/vc_row][vc_row css=&#8221;.vc_custom_1570867949145{margin-top: 30px !important;}&#8221;][vc_column]<div id=\"ultimate-heading-73369e2fa675e959\" class=\"uvc-heading ult-adjust-bottom-margin ultimate-heading-73369e2fa675e959 uvc-689 \" data-hspacer=\"no_spacer\"  data-halign=\"left\" style=\"text-align:left\"><div class=\"uvc-heading-spacer no_spacer\" style=\"top\"><\/div><div class=\"uvc-main-heading ult-responsive\"  data-ultimate-target='.uvc-heading.ultimate-heading-73369e2fa675e959 h2'  data-responsive-json-new='{\"font-size\":\"desktop:26px;\",\"line-height\":\"desktop:32px;\"}' ><h2 style=\"font-weight:bold;margin-bottom:20px;\">Taula de dades<\/h2><\/div><\/div>[vc_raw_html]JTNDaWZyYW1lJTIwc2VhbWxlc3MlM0QlMjIlMjIlMjBzY3JvbGxpbmclM0QlMjJubyUyMiUyMHNyYyUzRCUyMmh0dHBzJTNBJTJGJTJGZG9jcy5nb29nbGUuY29tJTJGc3ByZWFkc2hlZXRzJTJGZCUyRmUlMkYyUEFDWC0xdlRfZGFwUU9TX25NaUc1Vl94ZzNoU3UtVzZXT1dHWllBVVZlTkx6RjgzN2RPZHd4OGU5WXl1SWc3dDBYWjE4b1AyTzhGV2QtNmJTNUhtUiUyRnB1Ymh0bWwlM0ZzaW5nbGUlM0R0cnVlJTI2d2lkZ2V0JTNEZmFsc2UlMjZnaWQlM0QyMTQ3MjYxOTU1JTI2cmFuZ2UlM0RhMSUzQWQxMyUyNmNocm9tZSUzRGZhbHNlJTI2YW1wJTNCaGVhZGVycyUzRGZhbHNlJTIyJTIwd2lkdGglM0QlMjI4MDAlMjIlMjBoZWlnaHQlM0QlMjIyOTMlMjIlMjBmcmFtZWJvcmRlciUzRCUyMjAlMjIlM0UlM0MlMkZpZnJhbWUlM0U=[\/vc_raw_html]<div id=\"ultimate-heading-617969e2fa675e97d\" class=\"uvc-heading ult-adjust-bottom-margin ultimate-heading-617969e2fa675e97d uvc-5380 \" data-hspacer=\"no_spacer\"  data-halign=\"left\" style=\"text-align:left\"><div class=\"uvc-heading-spacer no_spacer\" style=\"top\"><\/div><div class=\"uvc-main-heading ult-responsive\"  data-ultimate-target='.uvc-heading.ultimate-heading-617969e2fa675e97d h2'  data-responsive-json-new='{\"font-size\":\"desktop:26px;\",\"line-height\":\"desktop:32px;\"}' ><h2 style=\"font-weight:bold;margin-bottom:20px;\">Gr\u00e0fica<\/h2><\/div><\/div>[vc_raw_html]JTNDaWZyYW1lJTIwd2lkdGglM0QlMjI2MDAlMjIlMjBoZWlnaHQlM0QlMjIzNzElMjIlMjBzZWFtbGVzcyUyMGZyYW1lYm9yZGVyJTNEJTIyMCUyMiUyMHNjcm9sbGluZyUzRCUyMm5vJTIyJTIwc3JjJTNEJTIyaHR0cHMlM0ElMkYlMkZkb2NzLmdvb2dsZS5jb20lMkZzcHJlYWRzaGVldHMlMkZkJTJGZSUyRjJQQUNYLTF2VF9kYXBRT1Nfbk1pRzVWX3hnM2hTdS1XNldPV0daWUFVVmVOTHpGODM3ZE9kd3g4ZTlZeXVJZzd0MFhaMThvUDJPOEZXZC02YlM1SG1SJTJGcHViY2hhcnQlM0ZvaWQlM0QyMDgyNjE0Mjc4JTI2YW1wJTNCZm9ybWF0JTNEaW50ZXJhY3RpdmUlMjIlM0UlM0MlMkZpZnJhbWUlM0U=[\/vc_raw_html][\/vc_column][\/vc_row]<\/p>\n<\/div>","protected":false},"excerpt":{"rendered":"<p>[vc_row][vc_column][\/vc_column][\/vc_row][vc_row][vc_column][vc_column_text][\/vc_column_text][\/vc_column][\/vc_row][vc_row css=&#8221;.vc_custom_1570867949145{margin-top: 30px !important;}&#8221;][vc_column][vc_raw_html]JTNDaWZyYW1lJTIwc2VhbWxlc3MlM0QlMjIlMjIlMjBzY3JvbGxpbmclM0QlMjJubyUyMiUyMHNyYyUzRCUyMmh0dHBzJTNBJTJGJTJGZG9jcy5nb29nbGUuY29tJTJGc3ByZWFkc2hlZXRzJTJGZCUyRmUlMkYyUEFDWC0xdlRfZGFwUU9TX25NaUc1Vl94ZzNoU3UtVzZXT1dHWllBVVZlTkx6RjgzN2RPZHd4OGU5WXl1SWc3dDBYWjE4b1AyTzhGV2QtNmJTNUhtUiUyRnB1Ymh0bWwlM0ZzaW5nbGUlM0R0cnVlJTI2d2lkZ2V0JTNEZmFsc2UlMjZnaWQlM0QyMTQ3MjYxOTU1JTI2cmFuZ2UlM0RhMSUzQWQxMyUyNmNocm9tZSUzRGZhbHNlJTI2YW1wJTNCaGVhZGVycyUzRGZhbHNlJTIyJTIwd2lkdGglM0QlMjI4MDAlMjIlMjBoZWlnaHQlM0QlMjIyOTMlMjIlMjBmcmFtZWJvcmRlciUzRCUyMjAlMjIlM0UlM0MlMkZpZnJhbWUlM0U=[\/vc_raw_html][vc_raw_html]JTNDaWZyYW1lJTIwd2lkdGglM0QlMjI2MDAlMjIlMjBoZWlnaHQlM0QlMjIzNzElMjIlMjBzZWFtbGVzcyUyMGZyYW1lYm9yZGVyJTNEJTIyMCUyMiUyMHNjcm9sbGluZyUzRCUyMm5vJTIyJTIwc3JjJTNEJTIyaHR0cHMlM0ElMkYlMkZkb2NzLmdvb2dsZS5jb20lMkZzcHJlYWRzaGVldHMlMkZkJTJGZSUyRjJQQUNYLTF2VF9kYXBRT1Nfbk1pRzVWX3hnM2hTdS1XNldPV0daWUFVVmVOTHpGODM3ZE9kd3g4ZTlZeXVJZzd0MFhaMThvUDJPOEZXZC02YlM1SG1SJTJGcHViY2hhcnQlM0ZvaWQlM0QyMDgyNjE0Mjc4JTI2YW1wJTNCZm9ybWF0JTNEaW50ZXJhY3RpdmUlMjIlM0UlM0MlMkZpZnJhbWUlM0U=[\/vc_raw_html][\/vc_column][\/vc_row]<\/p>\n","protected":false},"author":2,"featured_media":0,"parent":2089,"menu_order":22,"comment_status":"closed","ping_status":"closed","template":"","meta":{"footnotes":""},"class_list":["post-2095","page","type-page","status-publish","hentry","description-off"],"_links":{"self":[{"href":"https:\/\/fundacionexe.org\/observatorivalencia\/wp-json\/wp\/v2\/pages\/2095","targetHints":{"allow":["GET"]}}],"collection":[{"href":"https:\/\/fundacionexe.org\/observatorivalencia\/wp-json\/wp\/v2\/pages"}],"about":[{"href":"https:\/\/fundacionexe.org\/observatorivalencia\/wp-json\/wp\/v2\/types\/page"}],"author":[{"embeddable":true,"href":"https:\/\/fundacionexe.org\/observatorivalencia\/wp-json\/wp\/v2\/users\/2"}],"replies":[{"embeddable":true,"href":"https:\/\/fundacionexe.org\/observatorivalencia\/wp-json\/wp\/v2\/comments?post=2095"}],"version-history":[{"count":6,"href":"https:\/\/fundacionexe.org\/observatorivalencia\/wp-json\/wp\/v2\/pages\/2095\/revisions"}],"predecessor-version":[{"id":4072,"href":"https:\/\/fundacionexe.org\/observatorivalencia\/wp-json\/wp\/v2\/pages\/2095\/revisions\/4072"}],"up":[{"embeddable":true,"href":"https:\/\/fundacionexe.org\/observatorivalencia\/wp-json\/wp\/v2\/pages\/2089"}],"wp:attachment":[{"href":"https:\/\/fundacionexe.org\/observatorivalencia\/wp-json\/wp\/v2\/media?parent=2095"}],"curies":[{"name":"wp","href":"https:\/\/api.w.org\/{rel}","templated":true}]}}