{"id":2207,"date":"2019-10-19T11:11:41","date_gmt":"2019-10-19T09:11:41","guid":{"rendered":"https:\/\/fundacionexe.org\/observatorivalencia\/?page_id=2207"},"modified":"2019-11-04T21:08:42","modified_gmt":"2019-11-04T20:08:42","slug":"institucions","status":"publish","type":"page","link":"https:\/\/fundacionexe.org\/observatorivalencia\/participants\/institucions\/","title":{"rendered":"Institucions"},"content":{"rendered":"<div class=\"wpb-content-wrapper\"><p>[vc_row][vc_column]<div id=\"ultimate-heading-449169e278d3340c9\" class=\"uvc-heading ult-adjust-bottom-margin ultimate-heading-449169e278d3340c9 uvc-5964 accent-border-color\" data-hspacer=\"line_only\"  data-halign=\"center\" style=\"text-align:center\"><div class=\"uvc-main-heading ult-responsive\"  data-ultimate-target='.uvc-heading.ultimate-heading-449169e278d3340c9 h2'  data-responsive-json-new='{\"font-size\":\"desktop:40px;\",\"line-height\":\"desktop:46px;\"}' ><h2 style=\"font-weight:bold;margin-bottom:15px;\">Institucions col\u00b7laboradores<\/h2><\/div><div class=\"uvc-heading-spacer line_only\" style=\"topheight:5px;\"><span class=\"uvc-headings-line\" style=\"border-style:solid;border-bottom-width:5px;border-color:;width:200px;\"><\/span><\/div><div class=\"uvc-sub-heading ult-responsive\"  data-ultimate-target='.uvc-heading.ultimate-heading-449169e278d3340c9 .uvc-sub-heading '  data-responsive-json-new='{\"font-size\":\"\",\"line-height\":\"\"}'  style=\"font-weight:normal;\"><br \/>\n<\/div><\/div>[\/vc_column][\/vc_row][vc_row][vc_column][vc_column_text]<\/p>\n<p>[\/vc_column_text][\/vc_column][\/vc_row][vc_row equal_height=&#8221;yes&#8221; type=&#8221;vc_default&#8221; margin_top=&#8221;10&#8243; css=&#8221;.vc_custom_1571947876357{padding-top: 70px !important;padding-bottom: 20px !important;}&#8221;][vc_column width=&#8221;1\/2&#8243; offset=&#8221;vc_col-lg-4 vc_col-md-4 vc_col-xs-12&#8243; css=&#8221;.vc_custom_1498639491081{padding-bottom: 70px !important;}&#8221;][vc_row_inner][vc_column_inner]<style type=\"text\/css\" data-type=\"the7_shortcodes-inline-css\">.shortcode-single-image-wrap.shortcode-single-image-b34312456aaeef09175695519ebe7ac8.enable-bg-rollover .rollover i,\n.shortcode-single-image-wrap.shortcode-single-image-b34312456aaeef09175695519ebe7ac8.enable-bg-rollover .rollover-video i {\n  background: ;\n  background: -webkit-linear-gradient();\n  background: linear-gradient();\n}\n.shortcode-single-image-wrap.shortcode-single-image-b34312456aaeef09175695519ebe7ac8 .rollover-icon {\n  font-size: 32px;\n  color: #ffffff;\n  min-width: 44px;\n  min-height: 44px;\n  line-height: 44px;\n  border-radius: 100px;\n  border-style: solid;\n  border-width: 0px;\n}\n.dt-icon-bg-on.shortcode-single-image-wrap.shortcode-single-image-b34312456aaeef09175695519ebe7ac8 .rollover-icon {\n  background: rgba(255,255,255,0.3);\n  box-shadow: none;\n}\n<\/style><div class=\"shortcode-single-image-wrap shortcode-single-image-b34312456aaeef09175695519ebe7ac8 alignnone  vc_custom_1572305555241 enable-bg-rollover dt-icon-bg-off\" ><div class=\"shortcode-single-image\"><div class=\"fancy-media-wrap\" style=\"\"><a href=\"https:\/\/fundacionexe.org\/\" class=\" layzr-bg rollover\" style=\"\" target=\"_blank\" rel=\"noopener\" aria-label=\"Image\"><img decoding=\"async\" class=\"preload-me lazy-load aspect\" src=\"data:image\/svg+xml,%3Csvg%20xmlns%3D&#39;http%3A%2F%2Fwww.w3.org%2F2000%2Fsvg&#39;%20viewBox%3D&#39;0%200%20199%20200&#39;%2F%3E\" data-src=\"https:\/\/fundacionexe.org\/observatorivalencia\/wp-content\/uploads\/2019\/10\/FUNDACIO-NEXE-199x200.jpg\" data-srcset=\"https:\/\/fundacionexe.org\/observatorivalencia\/wp-content\/uploads\/2019\/10\/FUNDACIO-NEXE-199x200.jpg 199w, https:\/\/fundacionexe.org\/observatorivalencia\/wp-content\/uploads\/2019\/10\/FUNDACIO-NEXE.jpg 223w\" loading=\"eager\" style=\"--ratio: 199 \/ 200\" sizes=\"(max-width: 199px) 100vw, 199px\" width=\"199\" height=\"200\"  data-dt-location=\"https:\/\/fundacionexe.org\/observatorivalencia\/participants\/institucions\/fundacio-nexe\/\" alt=\"\" \/><\/a><\/div><\/div><\/div><span id=\"creative-link-wrap-5191\" class=\"ult_main_cl ult-adjust-bottom-margin  \" >\n\t \t\t\t<span class=\"ult_cl_link_1  ult_crlink\" >\n\t\t\t\t\t<a  data-ultimate-target='#creative-link-wrap-5191 .ult_colorlink'  data-responsive-json-new='{\"font-size\":\"desktop:16px;\",\"line-height\":\"desktop:16px;\"}'  href=\"https:\/\/fundacionexe.org\/\" title=\"Universitat de Val\u00e8ncia\" target=\"_blank\" rel=\"noopener\"  class=\"ult_colorlink ult-responsive \" style=\"font-family:Open Sans Condensed;font-weight:700;color:#1f365c; \"  data-textcolor=\"#1f365c\" data-texthover=\"#1f365c\"data-style=\"Style_1\">\n\t\t\t\t\t\t\n\t\t\t\t\t\t<span data-hover=\"FUNDACI\u00d3 NEXE\" style=\"color:#1f365c;;;\" class=\"ult_btn10_span   \">FUNDACI\u00d3 NEXE<\/span>\n\t\t\t\t\t\t\n\t\t\t\t\t<\/a>\n\t\t\t\t<\/span>\n\t\t\t<\/span>[\/vc_column_inner][\/vc_row_inner][\/vc_column][vc_column width=&#8221;1\/2&#8243; css=&#8221;.vc_custom_1498639512425{padding-bottom: 70px !important;}&#8221;][vc_row_inner][vc_column_inner]<style type=\"text\/css\" data-type=\"the7_shortcodes-inline-css\">.shortcode-single-image-wrap.shortcode-single-image-e5dd86e7a7e9117e1077cb4caac3ddc7.enable-bg-rollover .rollover i,\n.shortcode-single-image-wrap.shortcode-single-image-e5dd86e7a7e9117e1077cb4caac3ddc7.enable-bg-rollover .rollover-video i {\n  background: ;\n  background: -webkit-linear-gradient();\n  background: linear-gradient();\n}\n.shortcode-single-image-wrap.shortcode-single-image-e5dd86e7a7e9117e1077cb4caac3ddc7 .rollover-icon {\n  font-size: 32px;\n  color: #ffffff;\n  min-width: 44px;\n  min-height: 44px;\n  line-height: 44px;\n  border-radius: 100px;\n  border-style: solid;\n  border-width: 0px;\n}\n.dt-icon-bg-on.shortcode-single-image-wrap.shortcode-single-image-e5dd86e7a7e9117e1077cb4caac3ddc7 .rollover-icon {\n  background: rgba(255,255,255,0.3);\n  box-shadow: none;\n}\n<\/style><div class=\"shortcode-single-image-wrap shortcode-single-image-e5dd86e7a7e9117e1077cb4caac3ddc7 alignnone  vc_custom_1572305898223 enable-bg-rollover dt-icon-bg-off\" ><div class=\"shortcode-single-image\"><div class=\"fancy-media-wrap\" style=\"\"><a href=\"http:\/\/www.ceice.gva.es\/es\/web\/dgplgm\" class=\" layzr-bg rollover\" style=\"\" target=\"_blank\" rel=\"noopener\" aria-label=\"Image\"><img fetchpriority=\"high\" decoding=\"async\" class=\"preload-me lazy-load aspect\" src=\"data:image\/svg+xml,%3Csvg%20xmlns%3D&#39;http%3A%2F%2Fwww.w3.org%2F2000%2Fsvg&#39;%20viewBox%3D&#39;0%200%20765%20200&#39;%2F%3E\" data-src=\"https:\/\/fundacionexe.org\/observatorivalencia\/wp-content\/uploads\/2019\/10\/DGPLGM-765x200.jpg\" data-srcset=\"https:\/\/fundacionexe.org\/observatorivalencia\/wp-content\/uploads\/2019\/10\/DGPLGM-765x200.jpg 765w, https:\/\/fundacionexe.org\/observatorivalencia\/wp-content\/uploads\/2019\/10\/DGPLGM.jpg 1143w\" loading=\"eager\" style=\"--ratio: 765 \/ 200\" sizes=\"(max-width: 765px) 100vw, 765px\" width=\"765\" height=\"200\"  data-dt-location=\"https:\/\/fundacionexe.org\/observatorivalencia\/participants\/institucions\/dgplgm\/\" alt=\"\" \/><\/a><\/div><\/div><\/div><span id=\"creative-link-wrap-7008\" class=\"ult_main_cl ult-adjust-bottom-margin  \" >\n\t \t\t\t<span class=\"ult_cl_link_1  ult_crlink\" >\n\t\t\t\t\t<a  data-ultimate-target='#creative-link-wrap-7008 .ult_colorlink'  data-responsive-json-new='{\"font-size\":\"desktop:16px;\",\"line-height\":\"desktop:16px;\"}'  href=\"http:\/\/www.ceice.gva.es\/es\/web\/dgplgm\" title=\"Direcci\u00f3 General de Pol\u00edtica Ling\u00fc\u00edstica i Gesti\u00f3 del Multiling\u00fcisme\" target=\"_blank\" rel=\"noopener\"  class=\"ult_colorlink ult-responsive \" style=\"font-family:Open Sans Condensed;font-weight:700;color:#1f365c; \"  data-textcolor=\"#1f365c\" data-texthover=\"#1f365c\"data-style=\"Style_1\">\n\t\t\t\t\t\t\n\t\t\t\t\t\t<span data-hover=\"Direcci\u00f3 General de Pol\u00edtica Ling\u00fc\u00edstica i Gesti\u00f3 del Multiling\u00fcisme\" style=\"color:#1f365c;;;\" class=\"ult_btn10_span   \">Direcci\u00f3 General de Pol\u00edtica Ling\u00fc\u00edstica i Gesti\u00f3 del Multiling\u00fcisme<\/span>\n\t\t\t\t\t\t\n\t\t\t\t\t<\/a>\n\t\t\t\t<\/span>\n\t\t\t<\/span>[\/vc_column_inner][\/vc_row_inner][\/vc_column][vc_column width=&#8221;1\/2&#8243; css=&#8221;.vc_custom_1498639512425{padding-bottom: 70px !important;}&#8221;][vc_row_inner][vc_column_inner]<style type=\"text\/css\" data-type=\"the7_shortcodes-inline-css\">.shortcode-single-image-wrap.shortcode-single-image-25a3890613496d0bf5da95676946359a.enable-bg-rollover .rollover i,\n.shortcode-single-image-wrap.shortcode-single-image-25a3890613496d0bf5da95676946359a.enable-bg-rollover .rollover-video i {\n  background: ;\n  background: -webkit-linear-gradient();\n  background: linear-gradient();\n}\n.shortcode-single-image-wrap.shortcode-single-image-25a3890613496d0bf5da95676946359a .rollover-icon {\n  font-size: 32px;\n  color: #ffffff;\n  min-width: 44px;\n  min-height: 44px;\n  line-height: 44px;\n  border-radius: 100px;\n  border-style: solid;\n  border-width: 0px;\n}\n.dt-icon-bg-on.shortcode-single-image-wrap.shortcode-single-image-25a3890613496d0bf5da95676946359a .rollover-icon {\n  background: rgba(255,255,255,0.3);\n  box-shadow: none;\n}\n<\/style><div class=\"shortcode-single-image-wrap shortcode-single-image-25a3890613496d0bf5da95676946359a alignnone  vc_custom_1572804793544 enable-bg-rollover dt-icon-bg-off\" ><div class=\"shortcode-single-image\"><div class=\"fancy-media-wrap\" style=\"\"><a href=\"http:\/\/www.sempreteua.gva.es\/\" class=\" layzr-bg rollover\" style=\"\" target=\"_blank\" rel=\"noopener\" aria-label=\"Image\"><img decoding=\"async\" class=\"preload-me lazy-load aspect\" src=\"data:image\/svg+xml,%3Csvg%20xmlns%3D&#39;http%3A%2F%2Fwww.w3.org%2F2000%2Fsvg&#39;%20viewBox%3D&#39;0%200%20326%20200&#39;%2F%3E\" data-src=\"https:\/\/fundacionexe.org\/observatorivalencia\/wp-content\/uploads\/2019\/11\/logo-SEMPRETEUA-326x200.png\" data-srcset=\"https:\/\/fundacionexe.org\/observatorivalencia\/wp-content\/uploads\/2019\/11\/logo-SEMPRETEUA-326x200.png 326w, https:\/\/fundacionexe.org\/observatorivalencia\/wp-content\/uploads\/2019\/11\/logo-SEMPRETEUA-652x400.png 652w\" loading=\"eager\" style=\"--ratio: 326 \/ 200\" sizes=\"(max-width: 326px) 100vw, 326px\" width=\"326\" height=\"200\"  data-dt-location=\"https:\/\/fundacionexe.org\/observatorivalencia\/participants\/institucions\/logo-sempreteua\/\" alt=\"logo SEMPRE TEUA\" \/><\/a><\/div><\/div><\/div><span id=\"creative-link-wrap-4801\" class=\"ult_main_cl ult-adjust-bottom-margin  \" >\n\t \t\t\t<span class=\"ult_cl_link_1  ult_crlink\" >\n\t\t\t\t\t<a  data-ultimate-target='#creative-link-wrap-4801 .ult_colorlink'  data-responsive-json-new='{\"font-size\":\"desktop:16px;\",\"line-height\":\"desktop:16px;\"}'  href=\"http:\/\/www.sempreteua.gva.es\/\" title=\"Direcci\u00f3 General de Pol\u00edtica Ling\u00fc\u00edstica i Gesti\u00f3 del Multiling\u00fcisme\" target=\"_blank\" rel=\"noopener\"  class=\"ult_colorlink ult-responsive \" style=\"font-family:Open Sans Condensed;font-weight:700;color:#1f365c; \"  data-textcolor=\"#1f365c\" data-texthover=\"#1f365c\"data-style=\"Style_1\">\n\t\t\t\t\t\t\n\t\t\t\t\t\t<span data-hover=\"Sempre Teua - Generalitat Valenciana\" style=\"color:#1f365c;;;\" class=\"ult_btn10_span   \">Sempre Teua - Generalitat Valenciana<\/span>\n\t\t\t\t\t\t\n\t\t\t\t\t<\/a>\n\t\t\t\t<\/span>\n\t\t\t<\/span>[\/vc_column_inner][\/vc_row_inner][\/vc_column][\/vc_row]<\/p>\n<\/div>","protected":false},"excerpt":{"rendered":"<p>[vc_row][vc_column][\/vc_column][\/vc_row][vc_row][vc_column][vc_column_text] [\/vc_column_text][\/vc_column][\/vc_row][vc_row equal_height=&#8221;yes&#8221; type=&#8221;vc_default&#8221; margin_top=&#8221;10&#8243; css=&#8221;.vc_custom_1571947876357{padding-top: 70px !important;padding-bottom: 20px !important;}&#8221;][vc_column width=&#8221;1\/2&#8243; offset=&#8221;vc_col-lg-4 vc_col-md-4 vc_col-xs-12&#8243; css=&#8221;.vc_custom_1498639491081{padding-bottom: 70px !important;}&#8221;][vc_row_inner][vc_column_inner][\/vc_column_inner][\/vc_row_inner][\/vc_column][vc_column width=&#8221;1\/2&#8243; css=&#8221;.vc_custom_1498639512425{padding-bottom: 70px !important;}&#8221;][vc_row_inner][vc_column_inner][\/vc_column_inner][\/vc_row_inner][\/vc_column][vc_column width=&#8221;1\/2&#8243; css=&#8221;.vc_custom_1498639512425{padding-bottom: 70px !important;}&#8221;][vc_row_inner][vc_column_inner][\/vc_column_inner][\/vc_row_inner][\/vc_column][\/vc_row]<\/p>\n","protected":false},"author":2,"featured_media":0,"parent":2197,"menu_order":2,"comment_status":"closed","ping_status":"closed","template":"","meta":{"footnotes":""},"class_list":["post-2207","page","type-page","status-publish","hentry","description-off"],"_links":{"self":[{"href":"https:\/\/fundacionexe.org\/observatorivalencia\/wp-json\/wp\/v2\/pages\/2207","targetHints":{"allow":["GET"]}}],"collection":[{"href":"https:\/\/fundacionexe.org\/observatorivalencia\/wp-json\/wp\/v2\/pages"}],"about":[{"href":"https:\/\/fundacionexe.org\/observatorivalencia\/wp-json\/wp\/v2\/types\/page"}],"author":[{"embeddable":true,"href":"https:\/\/fundacionexe.org\/observatorivalencia\/wp-json\/wp\/v2\/users\/2"}],"replies":[{"embeddable":true,"href":"https:\/\/fundacionexe.org\/observatorivalencia\/wp-json\/wp\/v2\/comments?post=2207"}],"version-history":[{"count":7,"href":"https:\/\/fundacionexe.org\/observatorivalencia\/wp-json\/wp\/v2\/pages\/2207\/revisions"}],"predecessor-version":[{"id":3345,"href":"https:\/\/fundacionexe.org\/observatorivalencia\/wp-json\/wp\/v2\/pages\/2207\/revisions\/3345"}],"up":[{"embeddable":true,"href":"https:\/\/fundacionexe.org\/observatorivalencia\/wp-json\/wp\/v2\/pages\/2197"}],"wp:attachment":[{"href":"https:\/\/fundacionexe.org\/observatorivalencia\/wp-json\/wp\/v2\/media?parent=2207"}],"curies":[{"name":"wp","href":"https:\/\/api.w.org\/{rel}","templated":true}]}}