{"id":2219,"date":"2019-10-19T11:16:44","date_gmt":"2019-10-19T09:16:44","guid":{"rendered":"https:\/\/fundacionexe.org\/observatorivalencia\/?page_id=2219"},"modified":"2020-01-23T22:12:47","modified_gmt":"2020-01-23T21:12:47","slug":"generalitat-valenciana","status":"publish","type":"page","link":"https:\/\/fundacionexe.org\/observatorivalencia\/enllacos\/generalitat-valenciana\/","title":{"rendered":"Generalitat valenciana"},"content":{"rendered":"<div class=\"wpb-content-wrapper\"><p>[vc_row][vc_column][vc_column_text]<div id=\"footable_parent_2783\"\n         class=\" footable_parent ninja_table_wrapper loading_ninja_table wp_table_data_press_parent semantic_ui colored_table\">\n                    <h3 class=\"table_title footable_title\">Generalitat Valenciana<\/h3>\n                        <table data-ninja_table_instance=\"ninja_table_instance_0\" data-footable_id=\"2783\" data-filter-delay=\"1000\" aria-label=\"Generalitat Valenciana\"            id=\"footable_2783\"\n           data-unique_identifier=\"ninja_table_unique_id_1231588397_2783\"\n           class=\" foo-table ninja_footable foo_table_2783 ninja_table_unique_id_1231588397_2783 ui table  nt_type_legacy_table selectable striped compact vertical_centered ninja_custom_color inverted footable-paging-right ninja_table_pro\">\n                <colgroup>\n                            <col class=\"ninja_column_0 \">\n                            <col class=\"ninja_column_1 \">\n                    <\/colgroup>\n        <thead>\n<tr class=\"footable-header\">\n                                        <th scope=\"col\"  class=\"ninja_column_0 ninja_clmn_nm_nom \">Nom<\/th><th scope=\"col\"  class=\"ninja_column_1 ninja_clmn_nm_enlla \">Enlla\u00e7<\/th><\/tr>\n<\/thead>\n<tbody>\n\n        <tr data-row_id=\"122\" class=\"ninja_table_row_0 nt_row_id_122\">\n            <td>Conselleria d\u2019Educaci\u00f3, Cultura i Esport. Direcci\u00f3 General de Pol\u00edtica Ling\u00fc\u00edstica i Gesti\u00f3 del Multiling\u00fc\u00edsme<\/td><td><a href='http:\/\/www.ceice.gva.es\/va\/web\/dgplgm'>http:\/\/www.ceice.gva.es\/va\/web\/dgplgm<\/a><\/td>        <\/tr>\n            <tr data-row_id=\"123\" class=\"ninja_table_row_1 nt_row_id_123\">\n            <td>Consell Social de les Lleng\u00fces<\/td><td><a href='http:\/\/www.ceice.gva.es\/va\/web\/dgplgm\/consell-social-de-les-llengues'>http:\/\/www.ceice.gva.es\/va\/web\/dgplgm\/consell-social-de-les-llengues<\/a><\/td>        <\/tr>\n            <tr data-row_id=\"124\" class=\"ninja_table_row_2 nt_row_id_124\">\n            <td>Junta Qualificadora de Coneixements del Valenci\u00e0<\/td><td><a href='http:\/\/www.jqcv.gva.es\/va\/inici'>http:\/\/www.jqcv.gva.es\/va\/inici<\/a><\/td>        <\/tr>\n            <tr data-row_id=\"125\" class=\"ninja_table_row_3 nt_row_id_125\">\n            <td>Xarxa P\u00fablica de Serveis Ling\u00fc\u00edstics Valencians<\/td><td><a href='http:\/\/www.ceice.gva.es\/va\/web\/dgplgm\/laxarxa.val'>http:\/\/www.ceice.gva.es\/va\/web\/dgplgm\/laxarxa.val<\/a><\/td>        <\/tr>\n            <tr data-row_id=\"156\" class=\"ninja_table_row_4 nt_row_id_156\">\n            <td>Portal d\u2019Informaci\u00f3 Argos de la Generalitat Valenciana [enquestes d\u2019opini\u00f3]<\/td><td><a href=\"http:\/\/www.argos.gva.es\/va\/encuestas\/estudios-de-opinion-por-ano\/\">http:\/\/www.argos.gva.es\/va\/encuestas\/estudios-de-opinion-por-ano\/<\/a><\/td>        <\/tr>\n            <tr data-row_id=\"157\" class=\"ninja_table_row_5 nt_row_id_157\">\n            <td>Nomencl\u00e0tor Topon\u00edmic Valenci\u00e0 - Institut Cartogr\u00e0fic Valenci\u00e0 [mapa interactiu]<\/td><td><a href=\"http:\/\/www.icv.gva.es\/auto\/aplicaciones\/visors_tematics\/nomenclator\/nomenclator_visor\/?locale=ca\">http:\/\/www.icv.gva.es\/auto\/aplicaciones\/visors_tematics\/nomenclator\/nomenclator_visor\/?locale=ca<\/a><\/td>        <\/tr>\n            <tr data-row_id=\"159\" class=\"ninja_table_row_6 nt_row_id_159\">\n            <td>Enlla\u00e7os d\u2019inter\u00e9s de la Conselleria d\u2019Educaci\u00f3, Cultura i Esport de la Generalitat Valenciana<\/td><td><a href=\"http:\/\/www.ceice.gva.es\/va\/web\/dgplgm\/enllacos-d-interes\">http:\/\/www.ceice.gva.es\/va\/web\/dgplgm\/enllacos-d-interes<\/a><\/td>        <\/tr>\n            <tr data-row_id=\"160\" class=\"ninja_table_row_7 nt_row_id_160\">\n            <td>Oficina de Drets Ling\u00fc\u00edstics<\/td><td><a href=\"http:\/\/www.ceice.gva.es\/va\/web\/dgplgm\/odl\">http:\/\/www.ceice.gva.es\/va\/web\/dgplgm\/odl<\/a><\/td>        <\/tr>\n    <\/tbody><!--ninja_tobody_rendering_done-->\n    <\/table>\n    \n    \n    \n<\/div>\n[\/vc_column_text][\/vc_column][\/vc_row]<\/p>\n<\/div>","protected":false},"excerpt":{"rendered":"<p>[vc_row][vc_column][vc_column_text][\/vc_column_text][\/vc_column][\/vc_row]<\/p>\n","protected":false},"author":2,"featured_media":0,"parent":2215,"menu_order":2,"comment_status":"closed","ping_status":"closed","template":"","meta":{"footnotes":""},"class_list":["post-2219","page","type-page","status-publish","hentry","description-off"],"_links":{"self":[{"href":"https:\/\/fundacionexe.org\/observatorivalencia\/wp-json\/wp\/v2\/pages\/2219","targetHints":{"allow":["GET"]}}],"collection":[{"href":"https:\/\/fundacionexe.org\/observatorivalencia\/wp-json\/wp\/v2\/pages"}],"about":[{"href":"https:\/\/fundacionexe.org\/observatorivalencia\/wp-json\/wp\/v2\/types\/page"}],"author":[{"embeddable":true,"href":"https:\/\/fundacionexe.org\/observatorivalencia\/wp-json\/wp\/v2\/users\/2"}],"replies":[{"embeddable":true,"href":"https:\/\/fundacionexe.org\/observatorivalencia\/wp-json\/wp\/v2\/comments?post=2219"}],"version-history":[{"count":4,"href":"https:\/\/fundacionexe.org\/observatorivalencia\/wp-json\/wp\/v2\/pages\/2219\/revisions"}],"predecessor-version":[{"id":3421,"href":"https:\/\/fundacionexe.org\/observatorivalencia\/wp-json\/wp\/v2\/pages\/2219\/revisions\/3421"}],"up":[{"embeddable":true,"href":"https:\/\/fundacionexe.org\/observatorivalencia\/wp-json\/wp\/v2\/pages\/2215"}],"wp:attachment":[{"href":"https:\/\/fundacionexe.org\/observatorivalencia\/wp-json\/wp\/v2\/media?parent=2219"}],"curies":[{"name":"wp","href":"https:\/\/api.w.org\/{rel}","templated":true}]}}