{"id":2223,"date":"2019-10-19T11:20:39","date_gmt":"2019-10-19T09:20:39","guid":{"rendered":"https:\/\/fundacionexe.org\/observatorivalencia\/?page_id=2223"},"modified":"2019-11-04T21:09:31","modified_gmt":"2019-11-04T20:09:31","slug":"universitats","status":"publish","type":"page","link":"https:\/\/fundacionexe.org\/observatorivalencia\/enllacos\/universitats\/","title":{"rendered":"Universitats"},"content":{"rendered":"<div class=\"wpb-content-wrapper\"><p>[vc_row][vc_column][vc_column_text]<div id=\"footable_parent_2784\"\n         class=\" footable_parent ninja_table_wrapper loading_ninja_table wp_table_data_press_parent semantic_ui colored_table\">\n                    <h3 class=\"table_title footable_title\">Universitats valencianes<\/h3>\n                        <table data-ninja_table_instance=\"ninja_table_instance_0\" data-footable_id=\"2784\" data-filter-delay=\"1000\" aria-label=\"Universitats valencianes\"            id=\"footable_2784\"\n           data-unique_identifier=\"ninja_table_unique_id_317154950_2784\"\n           class=\" foo-table ninja_footable foo_table_2784 ninja_table_unique_id_317154950_2784 ui table  nt_type_legacy_table selectable striped compact vertical_centered ninja_custom_color inverted footable-paging-right ninja_table_pro\">\n                <colgroup>\n                            <col class=\"ninja_column_0 \">\n                            <col class=\"ninja_column_1 \">\n                    <\/colgroup>\n        <thead>\n<tr class=\"footable-header\">\n                                        <th scope=\"col\"  class=\"ninja_column_0 ninja_clmn_nm_nom \">Nom<\/th><th scope=\"col\"  class=\"ninja_column_1 ninja_clmn_nm_enlla \">Enlla\u00e7<\/th><\/tr>\n<\/thead>\n<tbody>\n\n        <tr data-row_id=\"127\" class=\"ninja_table_row_0 nt_row_id_127\">\n            <td>Institut Interuniversitari de Filologia Valenciana<\/td><td><a href='https:\/\/web.ua.es\/iifv\/index.html'>https:\/\/web.ua.es\/iifv\/index.html<\/a><\/td>        <\/tr>\n            <tr data-row_id=\"128\" class=\"ninja_table_row_1 nt_row_id_128\">\n            <td>Departament de Filologia Catalana de la Universitat d\u2019Alacant<\/td><td><a href='https:\/\/dfc.ua.es\/va\/departament-de-filologia-catalana.html'>https:\/\/dfc.ua.es\/va\/departament-de-filologia-catalana.html<\/a><\/td>        <\/tr>\n            <tr data-row_id=\"129\" class=\"ninja_table_row_2 nt_row_id_129\">\n            <td>Servei de Lleng\u00fces i Cultura de la Universitat d\u2019Alacant<\/td><td><a href=\"https:\/\/sl.ua.es\/va\/servei-de-llengues-i-cultura.html\">https:\/\/sl.ua.es\/va\/servei-de-llengues-i-cultura.html<\/a><\/td>        <\/tr>\n            <tr data-row_id=\"130\" class=\"ninja_table_row_3 nt_row_id_130\">\n            <td>Servei de Pol\u00edtica Ling\u00fc\u00edstica de la Universitat d\u2019Alacant<\/td><td><a href='https:\/\/sl.ua.es\/va\/dinamitzacio\/politica-linguistica.html'>https:\/\/sl.ua.es\/va\/dinamitzacio\/politica-linguistica.html<\/a><\/td>        <\/tr>\n            <tr data-row_id=\"131\" class=\"ninja_table_row_4 nt_row_id_131\">\n            <td>Departament de Filologia i Cultura Europees de la Universitat Jaume I de Castell\u00f3<\/td><td><a href='https:\/\/www.uji.es\/departaments\/fil\/'>https:\/\/www.uji.es\/departaments\/fil\/<\/a><\/td>        <\/tr>\n            <tr data-row_id=\"132\" class=\"ninja_table_row_5 nt_row_id_132\">\n            <td>Observatori Ling\u00fc\u00edstic de la Universitat Jaume I de Castell\u00f3<\/td><td><a href='https:\/\/www.uji.es\/serveis\/slt\/base\/apl\/observatori\/'>https:\/\/www.uji.es\/serveis\/slt\/base\/apl\/observatori\/<\/a><\/td>        <\/tr>\n            <tr data-row_id=\"133\" class=\"ninja_table_row_6 nt_row_id_133\">\n            <td>Servei de Pol\u00edtica Ling\u00fc\u00edstica de la Universitat Jaume I de Castell\u00f3<\/td><td><a href='https:\/\/www.uji.es\/institucional\/memories\/20152016\/memoria\/linguistica\/'>https:\/\/www.uji.es\/institucional\/memories\/20152016\/memoria\/linguistica\/<\/a><\/td>        <\/tr>\n            <tr data-row_id=\"134\" class=\"ninja_table_row_7 nt_row_id_134\">\n            <td>Departament de Filologia Catalana de la Universitat de Val\u00e8ncia Estudi General<\/td><td><a href='https:\/\/www.uv.es\/uvweb\/departament-filologia-catalana\/ca\/departament-filologia-catalana-1285858043986.html'>https:\/\/www.uv.es\/uvweb\/departament-filologia-catalana\/ca\/departament-filologia-catalana-1285858043986.html<\/a><\/td>        <\/tr>\n            <tr data-row_id=\"168\" class=\"ninja_table_row_8 nt_row_id_168\">\n            <td>Departament de Did\u00e0ctica de la Llengua i la Literatura de la Universitat de Val\u00e8ncia<\/td><td><a href=\"https:\/\/www.uv.es\/didllen\">https:\/\/www.uv.es\/didllen<\/a><\/td>        <\/tr>\n            <tr data-row_id=\"135\" class=\"ninja_table_row_9 nt_row_id_135\">\n            <td>C\u00e0tedra de Drets Ling\u00fc\u00edstics de la Universitat de Val\u00e8ncia Estudi General<\/td><td><a href=\"https:\/\/www.uv.es\/catedra-drets-linguistics\/ca\/catedra-drets-linguistics.html\">https:\/\/www.uv.es\/catedra-drets-linguistics\/ca\/catedra-drets-linguistics.html<\/a><\/td>        <\/tr>\n            <tr data-row_id=\"136\" class=\"ninja_table_row_10 nt_row_id_136\">\n            <td>Servei de Pol\u00edtica Ling\u00fc\u00edstica de la Universitat de Val\u00e8ncia Estudi General<\/td><td><a href='https:\/\/www.uv.es\/uvweb\/servei-politica-linguistica\/ca\/servei-politica-linguistica-spl-1285943724203.html'>https:\/\/www.uv.es\/uvweb\/servei-politica-linguistica\/ca\/servei-politica-linguistica-spl-1285943724203.html<\/a><\/td>        <\/tr>\n            <tr data-row_id=\"137\" class=\"ninja_table_row_11 nt_row_id_137\">\n            <td>Servei de Promoci\u00f3 i Normalitzaci\u00f3 Ling\u00fc\u00edstica de la Universitat Polit\u00e8cnica de Val\u00e8ncia<\/td><td><a href='http:\/\/www.upv.es\/entidades\/SPNL\/indexv.html'>http:\/\/www.upv.es\/entidades\/SPNL\/indexv.html<\/a><\/td>        <\/tr>\n            <tr data-row_id=\"161\" class=\"ninja_table_row_12 nt_row_id_161\">\n            <td>Manual de Documents i Llenguatge Administratius de les Universitats P\u00fabliques Valencianes<\/td><td><a href=\"https:\/\/www.uv.es\/splweb\/Documentos\/manual_documents_administratius.pdf\">https:\/\/www.uv.es\/splweb\/Documentos\/manual_documents_administratius.pdf<\/a><\/td>        <\/tr>\n            <tr data-row_id=\"162\" class=\"ninja_table_row_13 nt_row_id_162\">\n            <td>Gram\u00e0tica Zero del Servei de Pol\u00edtica Ling\u00fc\u00edstica de la Universitat de Val\u00e8ncia<\/td><td><a href=\"https:\/\/www.uv.es\/splweb\/Documentos\/gramatica_zero.pdf\">https:\/\/www.uv.es\/splweb\/Documentos\/gramatica_zero.pdf<\/a><\/td>        <\/tr>\n            <tr data-row_id=\"163\" class=\"ninja_table_row_14 nt_row_id_163\">\n            <td>Oficina de Lleng\u00fces de la Universitat Miguel Hern\u00e1ndez<\/td><td><a href=\"https:\/\/cultura.umh.es\/es\/valencia-2\/\">https:\/\/cultura.umh.es\/es\/valencia-2\/<\/a><\/td>        <\/tr>\n            <tr data-row_id=\"164\" class=\"ninja_table_row_15 nt_row_id_164\">\n            <td>Servei de Lleng\u00fces i Terminologia de la Universitat Jaume I<\/td><td><a href=\"https:\/\/www.uji.es\/serveis\/slt\/&amp;url=\/serveis\/slt\/\">https:\/\/www.uji.es\/serveis\/slt\/&amp;url=\/serveis\/slt\/<\/a><\/td>        <\/tr>\n    <\/tbody><!--ninja_tobody_rendering_done-->\n    <\/table>\n    \n    \n    \n<\/div>\n[\/vc_column_text][\/vc_column][\/vc_row]<\/p>\n<\/div>","protected":false},"excerpt":{"rendered":"<p>[vc_row][vc_column][vc_column_text][\/vc_column_text][\/vc_column][\/vc_row]<\/p>\n","protected":false},"author":2,"featured_media":0,"parent":2215,"menu_order":3,"comment_status":"closed","ping_status":"closed","template":"","meta":{"footnotes":""},"class_list":["post-2223","page","type-page","status-publish","hentry","description-off"],"_links":{"self":[{"href":"https:\/\/fundacionexe.org\/observatorivalencia\/wp-json\/wp\/v2\/pages\/2223","targetHints":{"allow":["GET"]}}],"collection":[{"href":"https:\/\/fundacionexe.org\/observatorivalencia\/wp-json\/wp\/v2\/pages"}],"about":[{"href":"https:\/\/fundacionexe.org\/observatorivalencia\/wp-json\/wp\/v2\/types\/page"}],"author":[{"embeddable":true,"href":"https:\/\/fundacionexe.org\/observatorivalencia\/wp-json\/wp\/v2\/users\/2"}],"replies":[{"embeddable":true,"href":"https:\/\/fundacionexe.org\/observatorivalencia\/wp-json\/wp\/v2\/comments?post=2223"}],"version-history":[{"count":2,"href":"https:\/\/fundacionexe.org\/observatorivalencia\/wp-json\/wp\/v2\/pages\/2223\/revisions"}],"predecessor-version":[{"id":3204,"href":"https:\/\/fundacionexe.org\/observatorivalencia\/wp-json\/wp\/v2\/pages\/2223\/revisions\/3204"}],"up":[{"embeddable":true,"href":"https:\/\/fundacionexe.org\/observatorivalencia\/wp-json\/wp\/v2\/pages\/2215"}],"wp:attachment":[{"href":"https:\/\/fundacionexe.org\/observatorivalencia\/wp-json\/wp\/v2\/media?parent=2223"}],"curies":[{"name":"wp","href":"https:\/\/api.w.org\/{rel}","templated":true}]}}