{"id":2225,"date":"2019-10-19T11:21:33","date_gmt":"2019-10-19T09:21:33","guid":{"rendered":"https:\/\/fundacionexe.org\/observatorivalencia\/?page_id=2225"},"modified":"2019-11-19T22:00:55","modified_gmt":"2019-11-19T21:00:55","slug":"pmf","status":"publish","type":"page","link":"https:\/\/fundacionexe.org\/observatorivalencia\/pmf\/","title":{"rendered":"PMF"},"content":{"rendered":"<div class=\"wpb-content-wrapper\"><p>[vc_row][vc_column][vc_tta_accordion color=&#8221;peacoc&#8221; active_section=&#8221;1&#8243; collapsible_all=&#8221;true&#8221; title=&#8221;Preguntes m\u00e9s freq\u00fcents&#8221;][vc_tta_section title=&#8221;Observatori&#8221; tab_id=&#8221;1572170394324-38416462-dcec&#8221;][vc_column_text]Entitat dedicada a analitzar un fenomen social determinat.<\/p>\n<p style=\"text-align: right; font-size: 10pt;\"><em>(Diccionari de l\u2019Acad\u00e8mia Valenciana de la Llengua)<\/em><\/p>\n<p>[\/vc_column_text][\/vc_tta_section][vc_tta_section title=&#8221;Valenci\u00e0&#8221; tab_id=&#8221;1572170394382-150be539-43e4&#8243;][vc_column_text]Llengua rom\u00e0nica parlada a la Comunitat Valenciana, aix\u00ed com a Catalunya, les Illes Balears, el departament franc\u00e9s dels Pirineus Orientals, el Principat d&#8217;Andorra, la franja oriental d&#8217;Arag\u00f3 i la ciutat sarda de l&#8217;Alguer, llocs on rep el nom de <i>catal\u00e0<\/i>.<\/p>\n<p>&nbsp;<\/p>\n<p style=\"text-align: right; font-size: 10pt;\"><em>(Diccionari de l\u2019Acad\u00e8mia Valenciana de la Llengua)<\/em><\/p>\n<p>[\/vc_column_text][\/vc_tta_section][vc_tta_section title=&#8221;Per a qu\u00e8 serveix l\u2019Observatori del Valenci\u00e0?&#8221; tab_id=&#8221;1572170472175-c0956ded-9526&#8243;][vc_column_text]L\u2019Observatori del Valenci\u00e0 proporciona dades sobre la situaci\u00f3 de la nostra llengua, la normativa legal i diverses fonts d\u2019informaci\u00f3.[\/vc_column_text][\/vc_tta_section][vc_tta_section title=&#8221;Qui finan\u00e7a l\u2019Observatori del Valenci\u00e0?&#8221; tab_id=&#8221;1572172503155-1b76f3a1-6342&#8243;][vc_column_text]L\u2019Observatori del Valenci\u00e0 \u00e9s un projecte de la Fundaci\u00f3 Nexe, amb el suport de la Direcci\u00f3 General de Pol\u00edtica Ling\u00fc\u00edstica i Gesti\u00f3 del Multiling\u00fcisme i de la Conselleria d&#8217;Educaci\u00f3, Cultura i Esport de la Generalitat Valenciana.[\/vc_column_text][\/vc_tta_section][vc_tta_section title=&#8221;Com puc col\u00b7laborar amb l\u2019Observatori del Valenci\u00e0?&#8221; tab_id=&#8221;1572172545099-e5f3f1ac-3569&#8243;][vc_column_text]Totes les persones poden col\u00b7laborar amb l\u2019Observatori del Valenci\u00e0 donant difusi\u00f3 a la iniciativa i remetent suggeriments o cr\u00edtiques a l\u2019email:<\/p>\n<p><a href=\"mailto:observatorivalencia@fundacionexe.com\">observatoridelvalencia@gmail.com<\/a>[\/vc_column_text][\/vc_tta_section][vc_tta_section title=&#8221;Estan actualitzades les dades de l\u2019Observatori del Valenci\u00e0?&#8221; tab_id=&#8221;1572172584028-fc6a34b5-328c&#8221;][vc_column_text]S\u00ed. L\u2019Observatori presenta les \u00faltimes dades disponibles i realitza estimacions de futur.[\/vc_column_text][\/vc_tta_section][vc_tta_section title=&#8221;Les dades de l\u2019Observatori del Valenci\u00e0, ja eren conegudes?&#8221; tab_id=&#8221;1572172613568-0b0bc48b-528d&#8221;][vc_column_text]Aproximadament una quarta part de les dades que proporciona l\u2019Observatori del Valenci\u00e0 s\u00f3n estimacions o agrupaments de dades que s\u2019han calculat espec\u00edficament, i per tant no eren conegudes. La resta de dades ja havien sigut publicades, per\u00f2 generalment en lloc dispersos i sense una perspectiva diacr\u00f2nica.[\/vc_column_text][\/vc_tta_section][vc_tta_section title=&#8221;Qu\u00e8 signifiquen les nocions compet\u00e8ncia oral passiva, compet\u00e8ncia oral activa, compet\u00e8ncia escrita passiva i compet\u00e8ncia escrita activa?&#8221; tab_id=&#8221;1572304342469-30521a4e-01bb&#8221;][vc_column_text]Les compet\u00e8ncies ling\u00fc\u00edstiques se solen classificar en compet\u00e8ncies orals i escrites, d\u2019una banda, i compet\u00e8ncies passives i actives, d\u2019altra. D\u2019aquesta doble classificaci\u00f3 sorgeixen quatre compet\u00e8ncies ling\u00fc\u00edstiques: <i>oral passiva<\/i>, val a dir, la capacitat d\u2019entendre la llengua; <i>oral activa<\/i>, \u00e9s a dir, la compet\u00e8ncia de parlar-la; <i>escrita passiva<\/i>, la capacitat de llegir, i <i>escrita activa<\/i>, la compet\u00e8ncia per a escriure en la llengua.[\/vc_column_text][\/vc_tta_section][vc_tta_section title=&#8221;Quina metodologia s\u2019usa per a les estimacions?&#8221; tab_id=&#8221;1572304380568-0abd36b0-f9a5&#8243;][vc_column_text]En el cas de dades d\u2019enquestes socioling\u00fc\u00edstiques dels anys 2005, 2010 i 2015, l\u2019estimaci\u00f3 per a l\u2019any 2020 s\u2019ha calculat com la mitjana dels resultats que proporcionen les funcions logar\u00edtmiques i polin\u00f2miques. Quan el resultat de la funci\u00f3 polin\u00f2mica est\u00e0 fora del rang es fa servir nom\u00e9s la tend\u00e8ncia logar\u00edtmica.[\/vc_column_text][\/vc_tta_section][vc_tta_section title=&#8221;La selecci\u00f3 de normativa sobre la llengua, \u00e9s completa?&#8221; tab_id=&#8221;1572304407103-b9315d25-e253&#8243;][vc_column_text]S\u00ed. Es tracta de la selecci\u00f3 de normativa sobre el valenci\u00e0 publicada per Les Corts Valencianes.[\/vc_column_text][\/vc_tta_section][\/vc_tta_accordion][\/vc_column][\/vc_row]<\/p>\n<\/div>","protected":false},"excerpt":{"rendered":"<p>[vc_row][vc_column][vc_tta_accordion color=&#8221;peacoc&#8221; active_section=&#8221;1&#8243; collapsible_all=&#8221;true&#8221; title=&#8221;Preguntes m\u00e9s freq\u00fcents&#8221;][vc_tta_section title=&#8221;Observatori&#8221; tab_id=&#8221;1572170394324-38416462-dcec&#8221;][vc_column_text]Entitat dedicada a analitzar un fenomen social determinat. (Diccionari de l\u2019Acad\u00e8mia Valenciana de la Llengua) [\/vc_column_text][\/vc_tta_section][vc_tta_section title=&#8221;Valenci\u00e0&#8221; tab_id=&#8221;1572170394382-150be539-43e4&#8243;][vc_column_text]Llengua rom\u00e0nica parlada a la Comunitat Valenciana, aix\u00ed com a Catalunya, les Illes Balears, el departament franc\u00e9s dels Pirineus Orientals, el Principat d&#8217;Andorra, la franja oriental d&#8217;Arag\u00f3 i la ciutat&hellip;<\/p>\n","protected":false},"author":2,"featured_media":0,"parent":0,"menu_order":6,"comment_status":"closed","ping_status":"closed","template":"","meta":{"footnotes":""},"class_list":["post-2225","page","type-page","status-publish","hentry","description-off"],"_links":{"self":[{"href":"https:\/\/fundacionexe.org\/observatorivalencia\/wp-json\/wp\/v2\/pages\/2225","targetHints":{"allow":["GET"]}}],"collection":[{"href":"https:\/\/fundacionexe.org\/observatorivalencia\/wp-json\/wp\/v2\/pages"}],"about":[{"href":"https:\/\/fundacionexe.org\/observatorivalencia\/wp-json\/wp\/v2\/types\/page"}],"author":[{"embeddable":true,"href":"https:\/\/fundacionexe.org\/observatorivalencia\/wp-json\/wp\/v2\/users\/2"}],"replies":[{"embeddable":true,"href":"https:\/\/fundacionexe.org\/observatorivalencia\/wp-json\/wp\/v2\/comments?post=2225"}],"version-history":[{"count":11,"href":"https:\/\/fundacionexe.org\/observatorivalencia\/wp-json\/wp\/v2\/pages\/2225\/revisions"}],"predecessor-version":[{"id":3437,"href":"https:\/\/fundacionexe.org\/observatorivalencia\/wp-json\/wp\/v2\/pages\/2225\/revisions\/3437"}],"wp:attachment":[{"href":"https:\/\/fundacionexe.org\/observatorivalencia\/wp-json\/wp\/v2\/media?parent=2225"}],"curies":[{"name":"wp","href":"https:\/\/api.w.org\/{rel}","templated":true}]}}