{"id":2233,"date":"2019-10-19T11:29:08","date_gmt":"2019-10-19T09:29:08","guid":{"rendered":"https:\/\/fundacionexe.org\/observatorivalencia\/?page_id=2233"},"modified":"2024-02-01T14:18:54","modified_gmt":"2024-02-01T13:18:54","slug":"1-4-competencia-en-valencia-segons-regions-sociolinguistiques-2005-2020","status":"publish","type":"page","link":"https:\/\/fundacionexe.org\/observatorivalencia\/arees\/competencies-linguistiques-en-valencia\/1-competencies-linguistiques-per-divisons-geografiques\/1-4-competencia-en-valencia-segons-regions-sociolinguistiques-2005-2020\/","title":{"rendered":"1.4.- Compet\u00e8ncia en valenci\u00e0 segons regions socioling\u00fc\u00edstiques (2005-2021)"},"content":{"rendered":"","protected":false},"excerpt":{"rendered":"","protected":false},"author":2,"featured_media":0,"parent":2175,"menu_order":14,"comment_status":"closed","ping_status":"closed","template":"","meta":{"footnotes":""},"class_list":["post-2233","page","type-page","status-publish","hentry","description-off"],"_links":{"self":[{"href":"https:\/\/fundacionexe.org\/observatorivalencia\/wp-json\/wp\/v2\/pages\/2233","targetHints":{"allow":["GET"]}}],"collection":[{"href":"https:\/\/fundacionexe.org\/observatorivalencia\/wp-json\/wp\/v2\/pages"}],"about":[{"href":"https:\/\/fundacionexe.org\/observatorivalencia\/wp-json\/wp\/v2\/types\/page"}],"author":[{"embeddable":true,"href":"https:\/\/fundacionexe.org\/observatorivalencia\/wp-json\/wp\/v2\/users\/2"}],"replies":[{"embeddable":true,"href":"https:\/\/fundacionexe.org\/observatorivalencia\/wp-json\/wp\/v2\/comments?post=2233"}],"version-history":[{"count":2,"href":"https:\/\/fundacionexe.org\/observatorivalencia\/wp-json\/wp\/v2\/pages\/2233\/revisions"}],"predecessor-version":[{"id":4152,"href":"https:\/\/fundacionexe.org\/observatorivalencia\/wp-json\/wp\/v2\/pages\/2233\/revisions\/4152"}],"up":[{"embeddable":true,"href":"https:\/\/fundacionexe.org\/observatorivalencia\/wp-json\/wp\/v2\/pages\/2175"}],"wp:attachment":[{"href":"https:\/\/fundacionexe.org\/observatorivalencia\/wp-json\/wp\/v2\/media?parent=2233"}],"curies":[{"name":"wp","href":"https:\/\/api.w.org\/{rel}","templated":true}]}}