{"id":2715,"date":"2019-10-26T20:51:45","date_gmt":"2019-10-26T18:51:45","guid":{"rendered":"https:\/\/fundacionexe.org\/observatorivalencia\/?page_id=2715"},"modified":"2021-11-04T08:44:00","modified_gmt":"2021-11-04T07:44:00","slug":"4-6-llengua-que-es-parla-es-parla-al-carrer-amb-gent-que-no-es-coneix-regio-de-castello","status":"publish","type":"page","link":"https:\/\/fundacionexe.org\/observatorivalencia\/arees\/us-social-del-valencia\/4-llengua-que-es-parla-al-carrer-amb-gent-que-no-es-coneix\/4-6-llengua-que-es-parla-es-parla-al-carrer-amb-gent-que-no-es-coneix-regio-de-castello\/","title":{"rendered":"4.6.- Llengua que es parla es parla al carrer amb gent que no es coneix. Regi\u00f3 de Castell\u00f3"},"content":{"rendered":"<div class=\"wpb-content-wrapper\"><p>[vc_row][vc_column]<div id=\"ultimate-heading-825369e264d4419f8\" class=\"uvc-heading ult-adjust-bottom-margin ultimate-heading-825369e264d4419f8 uvc-6765 \" data-hspacer=\"no_spacer\"  data-halign=\"left\" style=\"text-align:left\"><div class=\"uvc-heading-spacer no_spacer\" style=\"top\"><\/div><div class=\"uvc-main-heading ult-responsive\"  data-ultimate-target='.uvc-heading.ultimate-heading-825369e264d4419f8 h2'  data-responsive-json-new='{\"font-size\":\"desktop:26px;\",\"line-height\":\"desktop:32px;\"}' ><h2 style=\"font-weight:bold;margin-bottom:20px;\">Resultat de l'estudi<\/h2><\/div><\/div><div class=\"aio-icon-component  vc_custom_1636011838839  accent-icon-bg style_1\"><div id=\"Info-box-wrap-8358\" class=\"aio-icon-box left-icon\" style=\"\"  ><div class=\"aio-icon-left\"><div class=\"ult-just-icon-wrapper  \"><div class=\"align-icon\" style=\"text-align:center;\">\n<div class=\"aio-icon advanced \"  style=\"color:#ffffff;background:#ffffff;border-style:;border-color:#333333;border-width:1px;width:34px;height:34px;line-height:34px;border-radius:500px;font-size:16px;display:inline-block;\">\n\t<i class=\"icomoon-icomoonfree-16x16-pencil2\"><\/i>\n<\/div><\/div><\/div><\/div><div class=\"aio-ibd-block\"><div class=\"aio-icon-header\" ><h3 class=\"aio-icon-title ult-responsive\"  data-ultimate-target='#Info-box-wrap-8358 .aio-icon-title'  data-responsive-json-new='{\"font-size\":\"desktop:20px;\",\"line-height\":\"desktop:26px;\"}'  style=\"\">Comentari:<\/h3><\/div> <!-- header --><div class=\"aio-icon-description ult-responsive\"  data-ultimate-target='#Info-box-wrap-8358 .aio-icon-description'  data-responsive-json-new='{\"font-size\":\"\",\"line-height\":\"\"}'  style=\"\">A la regi\u00f3 de Catell\u00f3, l&#8217;\u00fas del valenci\u00e0 amb els desconeguts al carrer \u00e9s important, per\u00f2 el castell\u00e0 n&#8217;\u00e9s majoritari. Les xifres semblen estables.<\/div> <!-- description --><\/div> <!-- aio-ibd-block --><\/div> <!-- aio-icon-box --><\/div> <!-- aio-icon-component --><div class=\"aio-icon-component  vc_custom_1572115842217  accent-icon-bg style_1\"><div id=\"Info-box-wrap-6992\" class=\"aio-icon-box left-icon\" style=\"\"  ><div class=\"aio-icon-left\"><div class=\"ult-just-icon-wrapper  \"><div class=\"align-icon\" style=\"text-align:center;\">\n<div class=\"aio-icon advanced \"  style=\"color:#ffffff;background:#ffffff;border-style:;border-color:#333333;border-width:1px;width:34px;height:34px;line-height:34px;border-radius:500px;font-size:16px;display:inline-block;\">\n\t<i class=\"Defaults-newspaper-o\"><\/i>\n<\/div><\/div><\/div><\/div><div class=\"aio-ibd-block\"><div class=\"aio-icon-header\" ><h3 class=\"aio-icon-title ult-responsive\"  data-ultimate-target='#Info-box-wrap-6992 .aio-icon-title'  data-responsive-json-new='{\"font-size\":\"desktop:20px;\",\"line-height\":\"desktop:26px;\"}'  style=\"\">Font:<\/h3><\/div> <!-- header --><div class=\"aio-icon-description ult-responsive\"  data-ultimate-target='#Info-box-wrap-6992 .aio-icon-description'  data-responsive-json-new='{\"font-size\":\"\",\"line-height\":\"\"}'  style=\"\">DGPLM 2005, 2010, 2015 i elaboraci\u00f3 pr\u00f2pia.<\/div> <!-- description --><\/div> <!-- aio-ibd-block --><\/div> <!-- aio-icon-box --><\/div> <!-- aio-icon-component -->[\/vc_column][\/vc_row][vc_row][vc_column][vc_column_text][\/vc_column_text][\/vc_column][\/vc_row][vc_row css=&#8221;.vc_custom_1570867949145{margin-top: 30px !important;}&#8221;][vc_column]<div id=\"ultimate-heading-764969e264d441bc9\" class=\"uvc-heading ult-adjust-bottom-margin ultimate-heading-764969e264d441bc9 uvc-9316 \" data-hspacer=\"no_spacer\"  data-halign=\"left\" style=\"text-align:left\"><div class=\"uvc-heading-spacer no_spacer\" style=\"top\"><\/div><div class=\"uvc-main-heading ult-responsive\"  data-ultimate-target='.uvc-heading.ultimate-heading-764969e264d441bc9 h2'  data-responsive-json-new='{\"font-size\":\"desktop:26px;\",\"line-height\":\"desktop:32px;\"}' ><h2 style=\"font-weight:bold;margin-bottom:20px;\">Taula de dades<\/h2><\/div><\/div>[vc_raw_html]JTNDaWZyYW1lJTIwc2VhbWxlc3MlM0QlMjIlMjIlMjBzY3JvbGxpbmclM0QlMjJubyUyMiUyMHNyYyUzRCUyMmh0dHBzJTNBJTJGJTJGZG9jcy5nb29nbGUuY29tJTJGc3ByZWFkc2hlZXRzJTJGZCUyRmUlMkYyUEFDWC0xdlRfZGFwUU9TX25NaUc1Vl94ZzNoU3UtVzZXT1dHWllBVVZlTkx6RjgzN2RPZHd4OGU5WXl1SWc3dDBYWjE4b1AyTzhGV2QtNmJTNUhtUiUyRnB1Ymh0bWwlM0ZzaW5nbGUlM0R0cnVlJTI2d2lkZ2V0JTNEZmFsc2UlMjZnaWQlM0Q3MTY5ODA1OTUlMjZyYW5nZSUzRGExJTNBZDEzJTI2Y2hyb21lJTNEZmFsc2UlMjZhbXAlM0JoZWFkZXJzJTNEZmFsc2UlMjIlMjB3aWR0aCUzRCUyMjgwMCUyMiUyMGhlaWdodCUzRCUyMjI5MyUyMiUyMGZyYW1lYm9yZGVyJTNEJTIyMCUyMiUzRSUzQyUyRmlmcmFtZSUzRQ==[\/vc_raw_html]<div id=\"ultimate-heading-83569e264d441bee\" class=\"uvc-heading ult-adjust-bottom-margin ultimate-heading-83569e264d441bee uvc-2926 \" data-hspacer=\"no_spacer\"  data-halign=\"left\" style=\"text-align:left\"><div class=\"uvc-heading-spacer no_spacer\" style=\"top\"><\/div><div class=\"uvc-main-heading ult-responsive\"  data-ultimate-target='.uvc-heading.ultimate-heading-83569e264d441bee h2'  data-responsive-json-new='{\"font-size\":\"desktop:26px;\",\"line-height\":\"desktop:32px;\"}' ><h2 style=\"font-weight:bold;margin-bottom:20px;\">Gr\u00e0fica<\/h2><\/div><\/div>[vc_raw_html]JTNDaWZyYW1lJTIwd2lkdGglM0QlMjI2MDAlMjIlMjBoZWlnaHQlM0QlMjIzNzElMjIlMjBzZWFtbGVzcyUyMGZyYW1lYm9yZGVyJTNEJTIyMCUyMiUyMHNjcm9sbGluZyUzRCUyMm5vJTIyJTIwc3JjJTNEJTIyaHR0cHMlM0ElMkYlMkZkb2NzLmdvb2dsZS5jb20lMkZzcHJlYWRzaGVldHMlMkZkJTJGZSUyRjJQQUNYLTF2VF9kYXBRT1Nfbk1pRzVWX3hnM2hTdS1XNldPV0daWUFVVmVOTHpGODM3ZE9kd3g4ZTlZeXVJZzd0MFhaMThvUDJPOEZXZC02YlM1SG1SJTJGcHViY2hhcnQlM0ZvaWQlM0QxMDkxNTMxOTYyJTI2YW1wJTNCZm9ybWF0JTNEaW50ZXJhY3RpdmUlMjIlM0UlM0MlMkZpZnJhbWUlM0U=[\/vc_raw_html][\/vc_column][\/vc_row]<\/p>\n<\/div>","protected":false},"excerpt":{"rendered":"<p>[vc_row][vc_column][\/vc_column][\/vc_row][vc_row][vc_column][vc_column_text][\/vc_column_text][\/vc_column][\/vc_row][vc_row css=&#8221;.vc_custom_1570867949145{margin-top: 30px !important;}&#8221;][vc_column][vc_raw_html]JTNDaWZyYW1lJTIwc2VhbWxlc3MlM0QlMjIlMjIlMjBzY3JvbGxpbmclM0QlMjJubyUyMiUyMHNyYyUzRCUyMmh0dHBzJTNBJTJGJTJGZG9jcy5nb29nbGUuY29tJTJGc3ByZWFkc2hlZXRzJTJGZCUyRmUlMkYyUEFDWC0xdlRfZGFwUU9TX25NaUc1Vl94ZzNoU3UtVzZXT1dHWllBVVZlTkx6RjgzN2RPZHd4OGU5WXl1SWc3dDBYWjE4b1AyTzhGV2QtNmJTNUhtUiUyRnB1Ymh0bWwlM0ZzaW5nbGUlM0R0cnVlJTI2d2lkZ2V0JTNEZmFsc2UlMjZnaWQlM0Q3MTY5ODA1OTUlMjZyYW5nZSUzRGExJTNBZDEzJTI2Y2hyb21lJTNEZmFsc2UlMjZhbXAlM0JoZWFkZXJzJTNEZmFsc2UlMjIlMjB3aWR0aCUzRCUyMjgwMCUyMiUyMGhlaWdodCUzRCUyMjI5MyUyMiUyMGZyYW1lYm9yZGVyJTNEJTIyMCUyMiUzRSUzQyUyRmlmcmFtZSUzRQ==[\/vc_raw_html][vc_raw_html]JTNDaWZyYW1lJTIwd2lkdGglM0QlMjI2MDAlMjIlMjBoZWlnaHQlM0QlMjIzNzElMjIlMjBzZWFtbGVzcyUyMGZyYW1lYm9yZGVyJTNEJTIyMCUyMiUyMHNjcm9sbGluZyUzRCUyMm5vJTIyJTIwc3JjJTNEJTIyaHR0cHMlM0ElMkYlMkZkb2NzLmdvb2dsZS5jb20lMkZzcHJlYWRzaGVldHMlMkZkJTJGZSUyRjJQQUNYLTF2VF9kYXBRT1Nfbk1pRzVWX3hnM2hTdS1XNldPV0daWUFVVmVOTHpGODM3ZE9kd3g4ZTlZeXVJZzd0MFhaMThvUDJPOEZXZC02YlM1SG1SJTJGcHViY2hhcnQlM0ZvaWQlM0QxMDkxNTMxOTYyJTI2YW1wJTNCZm9ybWF0JTNEaW50ZXJhY3RpdmUlMjIlM0UlM0MlMkZpZnJhbWUlM0U=[\/vc_raw_html][\/vc_column][\/vc_row]<\/p>\n","protected":false},"author":2,"featured_media":0,"parent":2160,"menu_order":46,"comment_status":"closed","ping_status":"closed","template":"","meta":{"footnotes":""},"class_list":["post-2715","page","type-page","status-publish","hentry","description-off"],"_links":{"self":[{"href":"https:\/\/fundacionexe.org\/observatorivalencia\/wp-json\/wp\/v2\/pages\/2715","targetHints":{"allow":["GET"]}}],"collection":[{"href":"https:\/\/fundacionexe.org\/observatorivalencia\/wp-json\/wp\/v2\/pages"}],"about":[{"href":"https:\/\/fundacionexe.org\/observatorivalencia\/wp-json\/wp\/v2\/types\/page"}],"author":[{"embeddable":true,"href":"https:\/\/fundacionexe.org\/observatorivalencia\/wp-json\/wp\/v2\/users\/2"}],"replies":[{"embeddable":true,"href":"https:\/\/fundacionexe.org\/observatorivalencia\/wp-json\/wp\/v2\/comments?post=2715"}],"version-history":[{"count":4,"href":"https:\/\/fundacionexe.org\/observatorivalencia\/wp-json\/wp\/v2\/pages\/2715\/revisions"}],"predecessor-version":[{"id":4095,"href":"https:\/\/fundacionexe.org\/observatorivalencia\/wp-json\/wp\/v2\/pages\/2715\/revisions\/4095"}],"up":[{"embeddable":true,"href":"https:\/\/fundacionexe.org\/observatorivalencia\/wp-json\/wp\/v2\/pages\/2160"}],"wp:attachment":[{"href":"https:\/\/fundacionexe.org\/observatorivalencia\/wp-json\/wp\/v2\/media?parent=2715"}],"curies":[{"name":"wp","href":"https:\/\/api.w.org\/{rel}","templated":true}]}}