{"id":2765,"date":"2019-10-26T22:03:07","date_gmt":"2019-10-26T20:03:07","guid":{"rendered":"https:\/\/fundacionexe.org\/observatorivalencia\/?page_id=2765"},"modified":"2021-11-04T09:08:24","modified_gmt":"2021-11-04T08:08:24","slug":"6-1-6-llengua-utilitzada-en-la-pagina-inicial-del-navegador-regio-de-castello","status":"publish","type":"page","link":"https:\/\/fundacionexe.org\/observatorivalencia\/arees\/us-social-del-valencia\/6-llengua-utilitzada-en-internet-2005-2015\/6-1-llengua-utilitzada-en-la-pagina-inicial-del-navegador\/6-1-6-llengua-utilitzada-en-la-pagina-inicial-del-navegador-regio-de-castello\/","title":{"rendered":"6.1.6.- Llengua utilitzada en la p\u00e0gina inicial del navegador. Regi\u00f3 de Castell\u00f3"},"content":{"rendered":"<div class=\"wpb-content-wrapper\"><p>[vc_row][vc_column]<div id=\"ultimate-heading-711969e27c933e252\" class=\"uvc-heading ult-adjust-bottom-margin ultimate-heading-711969e27c933e252 uvc-8998 \" data-hspacer=\"no_spacer\"  data-halign=\"left\" style=\"text-align:left\"><div class=\"uvc-heading-spacer no_spacer\" style=\"top\"><\/div><div class=\"uvc-main-heading ult-responsive\"  data-ultimate-target='.uvc-heading.ultimate-heading-711969e27c933e252 h2'  data-responsive-json-new='{\"font-size\":\"desktop:26px;\",\"line-height\":\"desktop:32px;\"}' ><h2 style=\"font-weight:bold;margin-bottom:20px;\">Resultat de l'estudi<\/h2><\/div><\/div><div class=\"aio-icon-component  vc_custom_1636013300375  accent-icon-bg style_1\"><div id=\"Info-box-wrap-9016\" class=\"aio-icon-box left-icon\" style=\"\"  ><div class=\"aio-icon-left\"><div class=\"ult-just-icon-wrapper  \"><div class=\"align-icon\" style=\"text-align:center;\">\n<div class=\"aio-icon advanced \"  style=\"color:#ffffff;background:#ffffff;border-style:;border-color:#333333;border-width:1px;width:34px;height:34px;line-height:34px;border-radius:500px;font-size:16px;display:inline-block;\">\n\t<i class=\"icomoon-icomoonfree-16x16-pencil2\"><\/i>\n<\/div><\/div><\/div><\/div><div class=\"aio-ibd-block\"><div class=\"aio-icon-header\" ><h3 class=\"aio-icon-title ult-responsive\"  data-ultimate-target='#Info-box-wrap-9016 .aio-icon-title'  data-responsive-json-new='{\"font-size\":\"desktop:20px;\",\"line-height\":\"desktop:26px;\"}'  style=\"\">Comentari:<\/h3><\/div> <!-- header --><div class=\"aio-icon-description ult-responsive\"  data-ultimate-target='#Info-box-wrap-9016 .aio-icon-description'  data-responsive-json-new='{\"font-size\":\"\",\"line-height\":\"\"}'  style=\"\">La llengua utilitzada en la p\u00e0gina inicial del navegador a la regi\u00f3 de Castell\u00f3 \u00e9s el castell\u00e0, per\u00f2 decreix a favor dels usos m\u00e9s variables i multiling\u00fces en totes les seues expressions, tot i que el valenci\u00e0 no sembla beneficiar-se&#8217;n.<\/div> <!-- description --><\/div> <!-- aio-ibd-block --><\/div> <!-- aio-icon-box --><\/div> <!-- aio-icon-component --><div class=\"aio-icon-component  vc_custom_1572120110306  accent-icon-bg style_1\"><div id=\"Info-box-wrap-7332\" class=\"aio-icon-box left-icon\" style=\"\"  ><div class=\"aio-icon-left\"><div class=\"ult-just-icon-wrapper  \"><div class=\"align-icon\" style=\"text-align:center;\">\n<div class=\"aio-icon advanced \"  style=\"color:#ffffff;background:#ffffff;border-style:;border-color:#333333;border-width:1px;width:34px;height:34px;line-height:34px;border-radius:500px;font-size:16px;display:inline-block;\">\n\t<i class=\"Defaults-newspaper-o\"><\/i>\n<\/div><\/div><\/div><\/div><div class=\"aio-ibd-block\"><div class=\"aio-icon-header\" ><h3 class=\"aio-icon-title ult-responsive\"  data-ultimate-target='#Info-box-wrap-7332 .aio-icon-title'  data-responsive-json-new='{\"font-size\":\"desktop:20px;\",\"line-height\":\"desktop:26px;\"}'  style=\"\">Font:<\/h3><\/div> <!-- header --><div class=\"aio-icon-description ult-responsive\"  data-ultimate-target='#Info-box-wrap-7332 .aio-icon-description'  data-responsive-json-new='{\"font-size\":\"\",\"line-height\":\"\"}'  style=\"\">DGPLM 2005, 2010, 2015 i elaboraci\u00f3 pr\u00f2pia.<\/div> <!-- description --><\/div> <!-- aio-ibd-block --><\/div> <!-- aio-icon-box --><\/div> <!-- aio-icon-component -->[\/vc_column][\/vc_row][vc_row][vc_column][vc_column_text][\/vc_column_text][\/vc_column][\/vc_row][vc_row css=&#8221;.vc_custom_1570867949145{margin-top: 30px !important;}&#8221;][vc_column]<div id=\"ultimate-heading-962769e27c933e43e\" class=\"uvc-heading ult-adjust-bottom-margin ultimate-heading-962769e27c933e43e uvc-4169 \" data-hspacer=\"no_spacer\"  data-halign=\"left\" style=\"text-align:left\"><div class=\"uvc-heading-spacer no_spacer\" style=\"top\"><\/div><div class=\"uvc-main-heading ult-responsive\"  data-ultimate-target='.uvc-heading.ultimate-heading-962769e27c933e43e h2'  data-responsive-json-new='{\"font-size\":\"desktop:26px;\",\"line-height\":\"desktop:32px;\"}' ><h2 style=\"font-weight:bold;margin-bottom:20px;\">Taula de dades<\/h2><\/div><\/div>[vc_raw_html]JTNDaWZyYW1lJTIwc2VhbWxlc3MlM0QlMjIlMjIlMjBzY3JvbGxpbmclM0QlMjJubyUyMiUyMHNyYyUzRCUyMmh0dHBzJTNBJTJGJTJGZG9jcy5nb29nbGUuY29tJTJGc3ByZWFkc2hlZXRzJTJGZCUyRmUlMkYyUEFDWC0xdlRfZGFwUU9TX25NaUc1Vl94ZzNoU3UtVzZXT1dHWllBVVZlTkx6RjgzN2RPZHd4OGU5WXl1SWc3dDBYWjE4b1AyTzhGV2QtNmJTNUhtUiUyRnB1Ymh0bWwlM0ZzaW5nbGUlM0R0cnVlJTI2d2lkZ2V0JTNEZmFsc2UlMjZnaWQlM0QyMDQzNDQ5NjM3JTI2cmFuZ2UlM0RhMSUzQWQxNCUyNmNocm9tZSUzRGZhbHNlJTI2YW1wJTNCaGVhZGVycyUzRGZhbHNlJTIyJTIwd2lkdGglM0QlMjI4MDAlMjIlMjBoZWlnaHQlM0QlMjIzMTUlMjIlMjBmcmFtZWJvcmRlciUzRCUyMjAlMjIlM0UlM0MlMkZpZnJhbWUlM0U=[\/vc_raw_html]<div id=\"ultimate-heading-809069e27c933e462\" class=\"uvc-heading ult-adjust-bottom-margin ultimate-heading-809069e27c933e462 uvc-4687 \" data-hspacer=\"no_spacer\"  data-halign=\"left\" style=\"text-align:left\"><div class=\"uvc-heading-spacer no_spacer\" style=\"top\"><\/div><div class=\"uvc-main-heading ult-responsive\"  data-ultimate-target='.uvc-heading.ultimate-heading-809069e27c933e462 h2'  data-responsive-json-new='{\"font-size\":\"desktop:26px;\",\"line-height\":\"desktop:32px;\"}' ><h2 style=\"font-weight:bold;margin-bottom:20px;\">Gr\u00e0fica<\/h2><\/div><\/div>[vc_raw_html]JTNDaWZyYW1lJTIwd2lkdGglM0QlMjI2MDAlMjIlMjBoZWlnaHQlM0QlMjIzNzElMjIlMjBzZWFtbGVzcyUyMGZyYW1lYm9yZGVyJTNEJTIyMCUyMiUyMHNjcm9sbGluZyUzRCUyMm5vJTIyJTIwc3JjJTNEJTIyaHR0cHMlM0ElMkYlMkZkb2NzLmdvb2dsZS5jb20lMkZzcHJlYWRzaGVldHMlMkZkJTJGZSUyRjJQQUNYLTF2VF9kYXBRT1Nfbk1pRzVWX3hnM2hTdS1XNldPV0daWUFVVmVOTHpGODM3ZE9kd3g4ZTlZeXVJZzd0MFhaMThvUDJPOEZXZC02YlM1SG1SJTJGcHViY2hhcnQlM0ZvaWQlM0QxNTYwNjI0MTM4JTI2YW1wJTNCZm9ybWF0JTNEaW50ZXJhY3RpdmUlMjIlM0UlM0MlMkZpZnJhbWUlM0U=[\/vc_raw_html][\/vc_column][\/vc_row]<\/p>\n<\/div>","protected":false},"excerpt":{"rendered":"<p>[vc_row][vc_column][\/vc_column][\/vc_row][vc_row][vc_column][vc_column_text][\/vc_column_text][\/vc_column][\/vc_row][vc_row css=&#8221;.vc_custom_1570867949145{margin-top: 30px !important;}&#8221;][vc_column][vc_raw_html]JTNDaWZyYW1lJTIwc2VhbWxlc3MlM0QlMjIlMjIlMjBzY3JvbGxpbmclM0QlMjJubyUyMiUyMHNyYyUzRCUyMmh0dHBzJTNBJTJGJTJGZG9jcy5nb29nbGUuY29tJTJGc3ByZWFkc2hlZXRzJTJGZCUyRmUlMkYyUEFDWC0xdlRfZGFwUU9TX25NaUc1Vl94ZzNoU3UtVzZXT1dHWllBVVZlTkx6RjgzN2RPZHd4OGU5WXl1SWc3dDBYWjE4b1AyTzhGV2QtNmJTNUhtUiUyRnB1Ymh0bWwlM0ZzaW5nbGUlM0R0cnVlJTI2d2lkZ2V0JTNEZmFsc2UlMjZnaWQlM0QyMDQzNDQ5NjM3JTI2cmFuZ2UlM0RhMSUzQWQxNCUyNmNocm9tZSUzRGZhbHNlJTI2YW1wJTNCaGVhZGVycyUzRGZhbHNlJTIyJTIwd2lkdGglM0QlMjI4MDAlMjIlMjBoZWlnaHQlM0QlMjIzMTUlMjIlMjBmcmFtZWJvcmRlciUzRCUyMjAlMjIlM0UlM0MlMkZpZnJhbWUlM0U=[\/vc_raw_html][vc_raw_html]JTNDaWZyYW1lJTIwd2lkdGglM0QlMjI2MDAlMjIlMjBoZWlnaHQlM0QlMjIzNzElMjIlMjBzZWFtbGVzcyUyMGZyYW1lYm9yZGVyJTNEJTIyMCUyMiUyMHNjcm9sbGluZyUzRCUyMm5vJTIyJTIwc3JjJTNEJTIyaHR0cHMlM0ElMkYlMkZkb2NzLmdvb2dsZS5jb20lMkZzcHJlYWRzaGVldHMlMkZkJTJGZSUyRjJQQUNYLTF2VF9kYXBRT1Nfbk1pRzVWX3hnM2hTdS1XNldPV0daWUFVVmVOTHpGODM3ZE9kd3g4ZTlZeXVJZzd0MFhaMThvUDJPOEZXZC02YlM1SG1SJTJGcHViY2hhcnQlM0ZvaWQlM0QxNTYwNjI0MTM4JTI2YW1wJTNCZm9ybWF0JTNEaW50ZXJhY3RpdmUlMjIlM0UlM0MlMkZpZnJhbWUlM0U=[\/vc_raw_html][\/vc_column][\/vc_row]<\/p>\n","protected":false},"author":2,"featured_media":0,"parent":2753,"menu_order":616,"comment_status":"closed","ping_status":"closed","template":"","meta":{"footnotes":""},"class_list":["post-2765","page","type-page","status-publish","hentry","description-off"],"_links":{"self":[{"href":"https:\/\/fundacionexe.org\/observatorivalencia\/wp-json\/wp\/v2\/pages\/2765","targetHints":{"allow":["GET"]}}],"collection":[{"href":"https:\/\/fundacionexe.org\/observatorivalencia\/wp-json\/wp\/v2\/pages"}],"about":[{"href":"https:\/\/fundacionexe.org\/observatorivalencia\/wp-json\/wp\/v2\/types\/page"}],"author":[{"embeddable":true,"href":"https:\/\/fundacionexe.org\/observatorivalencia\/wp-json\/wp\/v2\/users\/2"}],"replies":[{"embeddable":true,"href":"https:\/\/fundacionexe.org\/observatorivalencia\/wp-json\/wp\/v2\/comments?post=2765"}],"version-history":[{"count":4,"href":"https:\/\/fundacionexe.org\/observatorivalencia\/wp-json\/wp\/v2\/pages\/2765\/revisions"}],"predecessor-version":[{"id":4115,"href":"https:\/\/fundacionexe.org\/observatorivalencia\/wp-json\/wp\/v2\/pages\/2765\/revisions\/4115"}],"up":[{"embeddable":true,"href":"https:\/\/fundacionexe.org\/observatorivalencia\/wp-json\/wp\/v2\/pages\/2753"}],"wp:attachment":[{"href":"https:\/\/fundacionexe.org\/observatorivalencia\/wp-json\/wp\/v2\/media?parent=2765"}],"curies":[{"name":"wp","href":"https:\/\/api.w.org\/{rel}","templated":true}]}}