{"id":3138,"date":"2019-10-28T12:05:35","date_gmt":"2019-10-28T11:05:35","guid":{"rendered":"https:\/\/fundacionexe.org\/observatorivalencia\/?page_id=3138"},"modified":"2019-11-04T21:09:31","modified_gmt":"2019-11-04T20:09:31","slug":"7-2-valoracio-de-lus-del-valencia-per-regions-sociolinguistiques-valencianoparlants","status":"publish","type":"page","link":"https:\/\/fundacionexe.org\/observatorivalencia\/arees\/us-social-del-valencia\/7-valoracio-de-lus-del-valencia-2005-2015\/7-2-valoracio-de-lus-del-valencia-per-regions-sociolinguistiques-valencianoparlants\/","title":{"rendered":"7.2.- Valoraci\u00f3 de l\u2019\u00fas del valenci\u00e0 per regions socioling\u00fc\u00edstiques (valencianoparlants)"},"content":{"rendered":"","protected":false},"excerpt":{"rendered":"","protected":false},"author":2,"featured_media":0,"parent":3117,"menu_order":72,"comment_status":"closed","ping_status":"closed","template":"","meta":{"footnotes":""},"class_list":["post-3138","page","type-page","status-publish","hentry","description-off"],"_links":{"self":[{"href":"https:\/\/fundacionexe.org\/observatorivalencia\/wp-json\/wp\/v2\/pages\/3138","targetHints":{"allow":["GET"]}}],"collection":[{"href":"https:\/\/fundacionexe.org\/observatorivalencia\/wp-json\/wp\/v2\/pages"}],"about":[{"href":"https:\/\/fundacionexe.org\/observatorivalencia\/wp-json\/wp\/v2\/types\/page"}],"author":[{"embeddable":true,"href":"https:\/\/fundacionexe.org\/observatorivalencia\/wp-json\/wp\/v2\/users\/2"}],"replies":[{"embeddable":true,"href":"https:\/\/fundacionexe.org\/observatorivalencia\/wp-json\/wp\/v2\/comments?post=3138"}],"version-history":[{"count":1,"href":"https:\/\/fundacionexe.org\/observatorivalencia\/wp-json\/wp\/v2\/pages\/3138\/revisions"}],"predecessor-version":[{"id":3139,"href":"https:\/\/fundacionexe.org\/observatorivalencia\/wp-json\/wp\/v2\/pages\/3138\/revisions\/3139"}],"up":[{"embeddable":true,"href":"https:\/\/fundacionexe.org\/observatorivalencia\/wp-json\/wp\/v2\/pages\/3117"}],"wp:attachment":[{"href":"https:\/\/fundacionexe.org\/observatorivalencia\/wp-json\/wp\/v2\/media?parent=3138"}],"curies":[{"name":"wp","href":"https:\/\/api.w.org\/{rel}","templated":true}]}}