{"id":3471,"date":"2020-01-23T11:45:32","date_gmt":"2020-01-23T10:45:32","guid":{"rendered":"https:\/\/fundacionexe.org\/observatorivalencia\/?page_id=3471"},"modified":"2021-11-03T19:42:50","modified_gmt":"2021-11-03T18:42:50","slug":"unio-europea","status":"publish","type":"page","link":"https:\/\/fundacionexe.org\/observatorivalencia\/arees\/drets-linguistics\/unio-europea\/","title":{"rendered":"Uni\u00f3 Europea"},"content":{"rendered":"<div class=\"wpb-content-wrapper\"><p>[vc_row][vc_column][vc_column_text]<\/p>\n<h4><strong>L&#8217;ESTAT DEL VALENCI\u00c0 SEGONS EL CINQU\u00c9 INFORME DEL COMIT\u00c9 D&#8217;EXPERTS A ESPANYA<\/strong><\/h4>\n<p>&nbsp;<\/p>\n<p>\u200b\u200bSegons informaci\u00f3 i documents rebuts de la Generalitat Valenciana i de l&#8217;Acad\u00e8mia Valenciana de la Llengua, el nom dual &#8220;valenci\u00e0 \/ catal\u00e0&#8221; \u00e9s la designaci\u00f3 que s&#8217;ha d&#8217;utilitzar quan es fa\u00e7a refer\u00e8ncia a &#8220;la llengua local i hist\u00f2rica dels valencians&#8221;. Tot i que el valenci\u00e0 \/ catal\u00e0 t\u00e9 cooficialitat a tot el territori valenci\u00e0 i la majoria de la poblaci\u00f3 t\u00e9 compet\u00e8ncia en la llengua, es troba en una situaci\u00f3 preocupant sobretot a l\u2019administraci\u00f3 de l\u2019Estat i al poder judicial.<\/p>\n<p>&nbsp;<\/p>\n<p>Les zones ling\u00fc\u00edstiques (valenci\u00e0 i castell\u00e0) regulen l\u2019administraci\u00f3 de l\u2019ensenyament. Tant en institucions p\u00fabliques com privades s\u2019ha introdu\u00eft un m\u00e8tode d\u2019immersi\u00f3 en l\u2019ensenyament d\u2019idiomes. El Decret 9\/2017 ha establert un Programa Educatiu Multiling\u00fce Din\u00e0mic; no obstant aix\u00f2, el Tribunal Suprem regional va suspendre la seva sol\u00b7licitud. El 2018 va entrar en vigor una nova llei d\u2019educaci\u00f3 pluriling\u00fce. Estableix que almenys el 25% de la doc\u00e8ncia ha de ser en valenci\u00e0 \/ catal\u00e0 amb un m\u00e0xim del 60%. Segons la informaci\u00f3 rebuda, la majoria d\u2019escoles no arriben al nivell m\u00e0xim. A m\u00e9s, aquesta nova llei tamb\u00e9 dificulta els programes d\u2019immersi\u00f3. Les universitats ofereixen cursos de valenci\u00e0 \/ catal\u00e0, tot i que la llengua d\u2019ensenyament \u00e9s predominantment el castell\u00e0. Com a resultat dels canvis pol\u00edtics des del 2015, s\u2019ha creat una nova Direcci\u00f3 General de Pol\u00edtica Ling\u00fc\u00edstica i Gesti\u00f3 del Multiling\u00fcisme sota el Departament d\u2019Ensenyament, Investigaci\u00f3 i Cultura. Pel que fa al poder judicial, les defici\u00e8ncies enumerades per a Catalunya i les Illes Balears s&#8217;apliquen igualment al valenci\u00e0.<\/p>\n<p>&nbsp;<\/p>\n<p>El segon semestre del 2016 es va establir la Cooperaci\u00f3 Valenciana, un servei p\u00fablic de radiodifusi\u00f3. R\u00e0dio \u00c0 Punt FM opera des del 2017; Televisi\u00f3 \u00c0 Punt des del 2018. Les emissores de r\u00e0dio i televisi\u00f3 privades tamb\u00e9 emeten en valenci\u00e0 \/ catal\u00e0 amb suport governamental. La televisi\u00f3 de la Comunitat Aut\u00f2noma de Catalunya i de les Illes Balears no es pot rebre a Val\u00e8ncia.<\/p>\n<p>&nbsp;<\/p>\n<p><strong>Canvis en l&#8217;avaluaci\u00f3 en comparaci\u00f3 amb el cicle de seguiment anterior<\/strong><\/p>\n<p>&nbsp;<\/p>\n<p>La Llei d\u2019educaci\u00f3 pluriling\u00fce del 2018 no \u00e9s conforme amb l\u2019instrument de ratificaci\u00f3, ja que, entre altres, models de programa d\u2019immersi\u00f3 impossibles. L&#8217;\u00fas del valenci\u00e0 \/ catal\u00e0 a l&#8217;administraci\u00f3 local i regional ha millorat significativament. Amb la creaci\u00f3 de la Cooperaci\u00f3 Valenciana, es va restablir un organisme p\u00fablic d\u2019emissi\u00f3 en valenci\u00e0 \/ catal\u00e0, per a r\u00e0dio el 2017 (\u00c0 Punt FM) i per a televisi\u00f3 el 2018 (\u00c0 Punt). Les estacions de r\u00e0dio i televisi\u00f3 privades tamb\u00e9 operen al territori amb suport governamental. Alguns diaris impresos castellans tenen suplements en valenci\u00e0 \/ catal\u00e0. Tot i aix\u00f2, la llengua \u00e9s molt m\u00e9s present a la premsa digital. La cooperaci\u00f3 de l\u2019Institut Valenci\u00e0 de Cultura amb altres institucions, ajuntaments i ONG garanteix la inclusi\u00f3 de ponents en la planificaci\u00f3 d\u2019activitats culturals. El 2015, les Illes Balears, Catalunya i Val\u00e8ncia van acordar coordinar esfor\u00e7os en tots els camps relacionats amb el catal\u00e0, inclosos els esdeveniments culturals. A m\u00e9s, hi ha una estreta col\u00b7laboraci\u00f3 amb parlants de valenci\u00e0 \/ catal\u00e0 a M\u00farcia.<\/p>\n<p>&nbsp;<\/p>\n<p><strong>Recomanacions del Comit\u00e9 d\u2019Experts sobre com millorar la protecci\u00f3 i la promoci\u00f3 del valenci\u00e0 \/ catal\u00e0 a la Comunitat Valenciana<\/strong><\/p>\n<p>&nbsp;<\/p>\n<p>El Comit\u00e9 d\u2019Experts encoratja les autoritats espanyoles a complir tots els compromisos de la Carta Europea de les Lleng\u00fces Regionals o Minorit\u00e0ries que no es consideren \u201ccomplertes\u201d , aix\u00ed com a seguir complint els que es compleixen . En fer-ho, les autoritats haurien de tenir especialment en compte les recomanacions que es detallen a continuaci\u00f3. Les recomanacions del Comit\u00e9 de Ministres del Consell d&#8217;Europa sobre l&#8217;aplicaci\u00f3 de la Carta a Espanya continuen sent v\u00e0lides per si mateixes. Les recomanacions formulades en el procediment de control de la Carta tenen com a objectiu donar suport a les autoritats en el proc\u00e9s d\u2019implementaci\u00f3.<\/p>\n<p>&nbsp;<\/p>\n<p><strong>Compliment d&#8217;Espanya amb els seus compromisos d&#8217;acord amb la Carta Europea de les Lleng\u00fces Regionals o Minorit\u00e0ries sobre protecci\u00f3 i promoci\u00f3 del valenci\u00e0 \/ catal\u00e0 a la Comunitat Valenciana<\/strong><\/p>\n<p style=\"text-align: left;\"><a href=\"https:\/\/search.coe.int\/cm\/Pages\/result_details.aspx?ObjectId=090000168096fa01#_Toc6923317\">Punxa ac\u00ed<\/a><\/p>\n<p>&nbsp;<\/p>\n<p><strong>Recomanacions segons aquest informe per a una acci\u00f3 immediata<\/strong><\/p>\n<ol>\n<li>Modificar la Llei org\u00e0nica del poder judicial per garantir l\u2019\u00fas del valenci\u00e0 \/ catal\u00e0 en els procediments judicials a petici\u00f3 d\u2019una de les parts.<\/li>\n<li>Utilitzeu el valenci\u00e0 \/ catal\u00e0 a l\u2019administraci\u00f3 estatal de la Comunitat Valenciana.<\/li>\n<li>Facilitar l\u2019educaci\u00f3 en valenci\u00e0 \/ catal\u00e0 a tots els nivells educatius<\/li>\n<\/ol>\n<p>&nbsp;<\/p>\n<p><strong>M\u00e9s recomanacions<\/strong><\/p>\n<ol>\n<li>Garantir l\u2019\u00fas del valenci\u00e0 \/ catal\u00e0 en economia, especialment en el sistema financer i bancari.<\/li>\n<li>Utilitzar el valenci\u00e0 \/ catal\u00e0 a les instal\u00b7lacions d\u2019atenci\u00f3 sociosanit\u00e0ria<\/li>\n<\/ol>\n<h4><\/h4>\n<p>&nbsp;[\/vc_column_text][\/vc_column][\/vc_row]<\/p>\n<\/div>","protected":false},"excerpt":{"rendered":"<p>[vc_row][vc_column][vc_column_text] L&#8217;ESTAT DEL VALENCI\u00c0 SEGONS EL CINQU\u00c9 INFORME DEL COMIT\u00c9 D&#8217;EXPERTS A ESPANYA &nbsp; \u200b\u200bSegons informaci\u00f3 i documents rebuts de la Generalitat Valenciana i de l&#8217;Acad\u00e8mia Valenciana de la Llengua, el nom dual &#8220;valenci\u00e0 \/ catal\u00e0&#8221; \u00e9s la designaci\u00f3 que s&#8217;ha d&#8217;utilitzar quan es fa\u00e7a refer\u00e8ncia a &#8220;la llengua local i hist\u00f2rica dels valencians&#8221;. Tot&hellip;<\/p>\n","protected":false},"author":1,"featured_media":0,"parent":3468,"menu_order":3,"comment_status":"closed","ping_status":"closed","template":"","meta":{"footnotes":""},"class_list":["post-3471","page","type-page","status-publish","hentry","description-off"],"_links":{"self":[{"href":"https:\/\/fundacionexe.org\/observatorivalencia\/wp-json\/wp\/v2\/pages\/3471","targetHints":{"allow":["GET"]}}],"collection":[{"href":"https:\/\/fundacionexe.org\/observatorivalencia\/wp-json\/wp\/v2\/pages"}],"about":[{"href":"https:\/\/fundacionexe.org\/observatorivalencia\/wp-json\/wp\/v2\/types\/page"}],"author":[{"embeddable":true,"href":"https:\/\/fundacionexe.org\/observatorivalencia\/wp-json\/wp\/v2\/users\/1"}],"replies":[{"embeddable":true,"href":"https:\/\/fundacionexe.org\/observatorivalencia\/wp-json\/wp\/v2\/comments?post=3471"}],"version-history":[{"count":7,"href":"https:\/\/fundacionexe.org\/observatorivalencia\/wp-json\/wp\/v2\/pages\/3471\/revisions"}],"predecessor-version":[{"id":4050,"href":"https:\/\/fundacionexe.org\/observatorivalencia\/wp-json\/wp\/v2\/pages\/3471\/revisions\/4050"}],"up":[{"embeddable":true,"href":"https:\/\/fundacionexe.org\/observatorivalencia\/wp-json\/wp\/v2\/pages\/3468"}],"wp:attachment":[{"href":"https:\/\/fundacionexe.org\/observatorivalencia\/wp-json\/wp\/v2\/media?parent=3471"}],"curies":[{"name":"wp","href":"https:\/\/api.w.org\/{rel}","templated":true}]}}