{"id":10,"date":"2017-05-19T10:40:46","date_gmt":"2017-05-19T09:40:46","guid":{"rendered":"http:\/\/fundacionexe.org\/workshops\/culturlab17\/?page_id=10"},"modified":"2017-06-27T11:13:02","modified_gmt":"2017-06-27T10:13:02","slug":"bases","status":"publish","type":"page","link":"https:\/\/fundacionexe.org\/workshops\/culturlab17\/bases\/","title":{"rendered":"Bases de presentaci\u00f3 de comunicacions"},"content":{"rendered":"<p><strong>1.<\/strong> El <strong>Workshop Internacional <em>Mitjans de comunicaci\u00f3 i identitats plurals a l\u2019Europa multicultural<\/em><\/strong> ofereix la possibilitat de presentar comunicacions sobre diverses l\u00ednies tem\u00e0tiques:<\/p>\n<ul>\n<li>\u00a0Els continguts audiovisuals de les radiotelevisions p\u00fabliques.<\/li>\n<li>La construcci\u00f3 d&#8217;imaginaris, mem\u00f2ria col\u00b7lectiva i identitats culturals i nacionals a trav\u00e9s del discurs medi\u00e0tic.<\/li>\n<li>Nous formats audiovisuals i noves estrat\u00e8gies narratives.<\/li>\n<li>Rigor, pluralisme i qualitat en els informatius dels mitjans de comunicaci\u00f3 p\u00fablics.<\/li>\n<li>La radiotelevisi\u00f3 p\u00fablica en l\u2019entorn de les xarxes socials.<\/li>\n<li>Pluralisme cultural i ling\u00fc\u00edstic en la radiotelevisi\u00f3 p\u00fablica.<\/li>\n<li>Pol\u00edtiques de comunicaci\u00f3 en entorns multiling\u00fces.<\/li>\n<\/ul>\n<p><strong>2.<\/strong> Els participants hauran d\u2019omplir el <a href=\"https:\/\/www.dropbox.com\/s\/kvcr8gtzzvecxfs\/FormulariInscipci%C3%B3%20_ApplicationForm.doc?dl=0\">seg\u00fcent\u00a0formulari<\/a> \u00a0i enviar-lo a l\u2019adre\u00e7a electr\u00f2nica <a href=\"mailto:nexe@fundacionexe.org\">nexe@fundacionexe.org<\/a>\u00a0indicant en l\u2019assumpte el text seg\u00fcent: COMUNICACI\u00d3 WORKSHOP MITJANS AUDIOVISUALS. En aquest formulari s\u2019haur\u00e0 d\u2019especificar el t\u00edtol de la comunicaci\u00f3, un resum amb un m\u00e0xim de <strong>500 paraules i 5 paraules clau<\/strong>, juntament amb les dades persones (noms i cognoms, universitat o empresa, adre\u00e7a, tel\u00e8fon i correu electr\u00f2nic) <strong>abans del <span style=\"text-decoration: line-through\"> 30 de juny <\/span> 10 de juliol de 2017 <\/strong><\/p>\n<p><strong>3.<\/strong> S\u2019acceptar\u00e0 una \u00fanica proposta per autor, o un m\u00e0xim de dues en el cas que es tracte d\u2019una coautoria.<\/p>\n<p><strong>4.<\/strong> Entre les propostes rebudes, el comit\u00e9 cient\u00edfic de la jornada seleccionar\u00e0 les m\u00e9s adients d\u2019acord amb l\u2019adequaci\u00f3 als temes centrals, aix\u00ed com la qualitat i inter\u00e9s. Als autors de les comunicacions seleccionades se\u2019ls informar\u00e0 que han sigut acceptats <strong>abans del <span style=\"text-decoration: line-through\"> 10 de juliol <\/span> 20 de juliol de 2017 <\/strong><\/p>\n<p><strong>5.<\/strong> Aquells que presenten les comunicacions seleccionades hauran d\u2019inscriure\u2019s electr\u00f2nicament i efectuar el pagament corresponent<strong> abans del 17 de setembre de 2017<\/strong>. Les indicacions per a fer el pagament es comunicaran una vegada s\u2019haja fet la selecci\u00f3 de les comunicacions.<\/p>\n<p><strong>6.<\/strong> Les persones seleccionades per a presentar comunicacions hauran d\u2019abonar\u00a0<strong>50 euros (25 euros si s\u00f3n estudiants universitaris)<\/strong>. En el cas de coautories, cada coautor haur\u00e0 d\u2019inscriure\u2019s individualment i fer el pagament corresponent.<\/p>\n<p><strong>7.<\/strong>\u00a0 Les comunicacions seleccionades hauran d\u2019enviar-se completes, en el format i extensi\u00f3 corresponent que podeu consultar a continuaci\u00f3, <strong>abans del 17 de setembre de 2017<\/strong> a l\u2019adre\u00e7a electr\u00f2nica <a href=\"mailto:nexe@fundacionexe.org\" target=\"_blank\" rel=\"noopener noreferrer\">nexe@fundacionexe.org<\/a>, indicant en l\u2019assumpte el text seg\u00fcent: COMUNICACI\u00d3 WORKSHOP MITJANS AUDIOVISUALS.<\/p>\n<p><strong>8.<\/strong> Les comunicacions seleccionades hauran de ser presentades per l\u2019autor (o per algun dels autors en el cas de coautories). La presentaci\u00f3 es dur\u00e0 a terme durant la jornada, en dues sessions que tindran lloc els dies 21 i 22 de setembre de 2017. L\u2019ordre de les intervencions s\u2019establir\u00e0 una vegada feta la selecci\u00f3 definitiva.<\/p>\n<p><strong>9.<\/strong> Les comunicacions de major inter\u00e9s entre les seleccionades i presentades durant la jornada formaran part d\u2019una futura publicaci\u00f3 d\u2019inter\u00e9s acad\u00e8mic. Als seus autors, se\u2019ls comunicar\u00e0 l\u2019acceptaci\u00f3 <strong>abans del 29 de setembre de 2017<\/strong>.<\/p>\n<p><strong>10.<\/strong> Per a formar part de la publicaci\u00f3, els autors hauran d\u2019enviar el <strong>text definitiu abans del 31 d\u2019octubre de 2017<\/strong>. Les <strong>normes d\u2019edici\u00f3<\/strong> s\u2019expliquen a continuaci\u00f3. Aquells textos que no complisquen les normes d\u2019edici\u00f3 seran tornats als seus autors.<\/p>\n<p><strong>11.<\/strong> S\u2019acceptaran comunicacions en catal\u00e0, castell\u00e0 i angl\u00e9s.<\/p>\n<p><strong>12.<\/strong> Les comunicacions hauran de ser in\u00e8dites i tindran una <strong>extensi\u00f3 m\u00ednima de 6.000 paraules i una m\u00e0xima de 8.000<\/strong>. Es presentaran en format word (Times New Roman 12, interlineat 1.5, marge justificat) i s\u2019enviaran a l\u2019adre\u00e7a electr\u00f2nica <a href=\"mailto:nexe@fundacionexe.org\">nexe@fundacionexe.org<\/a> indicant en l\u2019assumpte el text seg\u00fcent: PUBLICACI\u00d3 WORKSHOP COMUNICACI\u00d3 MEDI\u00c0TICA<\/p>\n<p><strong>13.<\/strong> Les notes es reduiran al m\u00e0xim i sempre que es puga s\u2019incorporar\u00e0 la informaci\u00f3 en el cos del text. Si s\u00f3n estrictament necess\u00e0ries, les notes aniran a peu de p\u00e0gina amb el seg\u00fcent format: Times New Roman 10, interlineat senzill, marge justificat.<\/p>\n<p><strong>14.<\/strong> Format de les cites: les cites textuals aniran entre cometes dins del text. Quan la cita tinga una extensi\u00f3 igual o superior a les 4 l\u00ednies, es traur\u00e0 fora del text en un sagnat.<\/p>\n<p><strong>15.<\/strong> Les refer\u00e8ncies bibliogr\u00e0fiques es realitzaran dins del text sempre i se citaran segons el format seg\u00fcent: (autor, any, p\u00e0gines). Per exemple: (Mart\u00ednez, 1997: 24-27). Al final del text es llistar\u00e0 la bibliografia citada d\u2019acord amb el format seg\u00fcent:<\/p>\n<ul>\n<li>Llibres: TURKLE, Sherry (1997). <em>Life on the screen. Identity in the age of the Internet<\/em>, New York: Touchstone.<\/li>\n<li>Cap\u00edtols de llibre: STRATTON, John (1997).\u00a0&#8220;Cyberspace and the Globalization of Culture&#8221;, en David PORTER (ed.). <em>Internet Culture<\/em>, New York &amp; London: Routledge, pp. 253-275.<\/li>\n<li>Articles de revista: STARRS, Paul F. (1997). &#8220;The sacred, the regional and the digital&#8221;, <em>The Geographical Review<\/em>, 87 (2), pp. 193-218.<\/li>\n<li>Articles sw premsa: TOURAINE, Alain. (2005, 12 de juny). \u201cLa impotencia de la socialdemocracia europea\u201d, El Pa\u00eds, pp. 16-17.<\/li>\n<li>Internet: Les cites enmig del text es realitzaran de la mateixa manera que qualsevol altra font bibliogr\u00e0fica. La refer\u00e8ncia llistada ser\u00e0 MARCOS-MAR\u00cdN, F. (2005). \u201cTecnolog\u00eda digital y cambio en el mundo isl\u00e1mico\u201d, <em>Telos<\/em>, 63. [Disponible en:\u00a0<a href=\"http:\/\/www.campusred.net\/telos\/editorial.asp\">http:\/\/www.campusred.net\/telos\/editorial.asp<\/a>, acc\u00e9s el 12-06-2005].<\/li>\n<\/ul>\n<p><strong>16.<\/strong> Si es fa refer\u00e8ncia a dues o m\u00e9s obres del mateix autor i any:<\/p>\n<ul>\n<li>(V\u00e1zquez, 1990a): primera obra citada.<\/li>\n<li>(V\u00e1zquez, 1990b): segona obra citada.<\/li>\n<li>&#8230;<\/li>\n<\/ul>\n<p><strong>17.<\/strong> El t\u00edtol de la comunicaci\u00f3 anir\u00e0 en maj\u00fascula i negreta. Amb una separaci\u00f3 s\u2019afegir\u00e0 la informaci\u00f3 relativa a l\u2019autor o autors, el centre de pertinen\u00e7a professional i el correu electr\u00f2nic. Els diferents apartats del text es marcaran en min\u00fascula i negreta.<\/p>\n<p><strong>18.<\/strong> \u00a0Si els textos compten amb algun tipus de finan\u00e7ament o formen part d\u2019algun projecte d\u2019investigaci\u00f3, aquesta informaci\u00f3 s\u2019afegir\u00e0 en format de nota a peu de p\u00e0gina des del mateix t\u00edtol, indicat amb un *.<\/p>\n","protected":false},"excerpt":{"rendered":"<p>1. El Workshop Internacional Mitjans de comunicaci\u00f3 i identitats plurals a l\u2019Europa multicultural ofereix la possibilitat de presentar comunicacions sobre diverses l\u00ednies tem\u00e0tiques: \u00a0Els continguts audiovisuals de les radiotelevisions p\u00fabliques. La construcci\u00f3 d&#8217;imaginaris, mem\u00f2ria col\u00b7lectiva i identitats culturals i nacionals a trav\u00e9s del discurs medi\u00e0tic. Nous formats audiovisuals i noves estrat\u00e8gies narratives. Rigor, pluralisme i &hellip; <a href=\"https:\/\/fundacionexe.org\/workshops\/culturlab17\/bases\/\" class=\"more-link\">Continua la lectura de <span class=\"screen-reader-text\">Bases de presentaci\u00f3 de comunicacions<\/span> <span class=\"meta-nav\">&rarr;<\/span><\/a><\/p>\n","protected":false},"author":3,"featured_media":0,"parent":0,"menu_order":0,"comment_status":"closed","ping_status":"closed","template":"","meta":{"footnotes":""},"class_list":["post-10","page","type-page","status-publish","hentry"],"_links":{"self":[{"href":"https:\/\/fundacionexe.org\/workshops\/culturlab17\/wp-json\/wp\/v2\/pages\/10","targetHints":{"allow":["GET"]}}],"collection":[{"href":"https:\/\/fundacionexe.org\/workshops\/culturlab17\/wp-json\/wp\/v2\/pages"}],"about":[{"href":"https:\/\/fundacionexe.org\/workshops\/culturlab17\/wp-json\/wp\/v2\/types\/page"}],"author":[{"embeddable":true,"href":"https:\/\/fundacionexe.org\/workshops\/culturlab17\/wp-json\/wp\/v2\/users\/3"}],"replies":[{"embeddable":true,"href":"https:\/\/fundacionexe.org\/workshops\/culturlab17\/wp-json\/wp\/v2\/comments?post=10"}],"version-history":[{"count":12,"href":"https:\/\/fundacionexe.org\/workshops\/culturlab17\/wp-json\/wp\/v2\/pages\/10\/revisions"}],"predecessor-version":[{"id":215,"href":"https:\/\/fundacionexe.org\/workshops\/culturlab17\/wp-json\/wp\/v2\/pages\/10\/revisions\/215"}],"wp:attachment":[{"href":"https:\/\/fundacionexe.org\/workshops\/culturlab17\/wp-json\/wp\/v2\/media?parent=10"}],"curies":[{"name":"wp","href":"https:\/\/api.w.org\/{rel}","templated":true}]}}