{"id":165,"date":"2017-06-06T22:24:17","date_gmt":"2017-06-06T21:24:17","guid":{"rendered":"http:\/\/fundacionexe.org\/workshops\/culturlab17\/?page_id=165"},"modified":"2017-09-15T11:04:22","modified_gmt":"2017-09-15T10:04:22","slug":"programa-2","status":"publish","type":"page","link":"https:\/\/fundacionexe.org\/workshops\/culturlab17\/programa-2\/","title":{"rendered":"Programa"},"content":{"rendered":"<p><strong>Jueves, 21 de septiembre<\/strong><\/p>\n<p><strong>9:00 h. Acreditaci\u00f3n de los participantes<\/strong><\/p>\n<p><strong>9:30 h. Apertura institucional<\/strong><\/p>\n<ul>\n<li><strong>Empar Marco,\u00a0<\/strong>directora general de la Corporaci\u00f3 Valenciana de Mitjans de Comunicaci\u00f3<\/li>\n<li><strong>Javier Marzal,\u00a0<\/strong>portavoz de la Comissi\u00f3 Interuniversit\u00e0ria a favor d&#8217;una R\u00e0diotelevisi\u00f3 P\u00fablica Valenciana<\/li>\n<li><strong>G\u00fcnther Dauwen,\u00a0<\/strong>secretario general del Centre Maurits Coppieters<\/li>\n<li><strong>Susanna Pardines<\/strong>, coordinadora del Lab d&#8217;Identitat i Cultura de la Fundaci\u00f3 Nexe<\/li>\n<\/ul>\n<p><strong>10:00 h. Conferencia inaugural:<\/strong> \u2018La construcci\u00f3n de la identidad colectiva a trav\u00e9s de los medios audiovisuales\u2019. Ruth McElroy, Communication, Cultural and Media Studies Research Unit, University of South Wales. Presenta: Enric Castell\u00f3 (URV)<\/p>\n<p><strong>11:30 h. Pausa caf\u00e9\u00a0<\/strong><\/p>\n<p><strong>12:00 h. Mesa redonda:<\/strong> \u2018La radiotelevisi\u00f3n p\u00fablica como herramienta de normalizaci\u00f3n ling\u00fc\u00edstica\u2019. Modera: Miquel Nicol\u00e0s (UV)<\/p>\n<ul>\n<li><strong>Lieuwe Jan Hettema,\u00a0<\/strong>periodista. Omrop Frysl\u00e2n (Frisia)<\/li>\n<li><strong>Vicent Sanchis,<\/strong> director de la Televisi\u00f3 de Catalunya. Corporaci\u00f3 Catalana de Mitjans Audiovisuals (Catalunya)<\/li>\n<li><strong>Michael Danson,<\/strong> especialista en aspectos econ\u00f3micos de la pol\u00edtica i la planificaci\u00f3n ling\u00fc\u00edstica. BBC Alba (Escocia)<\/li>\n<\/ul>\n<p><strong>14:00 h. Pausa<\/strong><\/p>\n<p><strong>16:00 h. Sesi\u00f3n de comunicaciones.\u00a0<\/strong>Modera: Susanna Pardines (Fundaci\u00f3 Nexe)<\/p>\n<p><strong>18:00 h. Segunda sesi\u00f3n:<\/strong> \u2018La producci\u00f3n de formatos de calidad y la selecci\u00f3n de contenidos para una radiotelevisi\u00f3n p\u00fablica\u2019. Francesc Escribano, director de Minoria Absoluta i coordinador en Espanya de Input Conference. Presenta: \u00c0lvar Peris (UV)<\/p>\n<p><strong>Viernes, 22 de septiembre<\/strong><\/p>\n<p><strong>9:00 h. Sesi\u00f3n de comunicaciones.\u00a0<\/strong>Modera: Dolor Palau (UV)<\/p>\n<p><strong>11:00 h. Pausa caf\u00e9<\/strong><\/p>\n<p><strong>11:30 h. Microcharlas:<\/strong> \u2018Los contenidos de la radiotelevisi\u00f3n p\u00fablica valenciana: propuestas de futuro\u2019. Presenten: Francesc Mart\u00ednez (UV) i Vicenta tasa (UV)<\/p>\n<p><strong>14:00 h. Clausura institucional<\/strong><\/p>\n<ul>\n<li><strong>Carles Padilla<\/strong>, decano de la Facultat de Filologia Traducci\u00f3 i Comunicaci\u00f3 de la Universitat de Val\u00e8ncia.<\/li>\n<li><strong>Gon\u00e7al Grau<\/strong>, presidente de la Fundaci\u00f3 Nexe<\/li>\n<li>Representante del Rectorado de la Universitat de Val\u00e8ncia<\/li>\n<\/ul>\n","protected":false},"excerpt":{"rendered":"<p>Jueves, 21 de septiembre 9:00 h. Acreditaci\u00f3n de los participantes 9:30 h. Apertura institucional Empar Marco,\u00a0directora general de la Corporaci\u00f3 Valenciana de Mitjans de Comunicaci\u00f3 Javier Marzal,\u00a0portavoz de la Comissi\u00f3 Interuniversit\u00e0ria a favor d&#8217;una R\u00e0diotelevisi\u00f3 P\u00fablica Valenciana G\u00fcnther Dauwen,\u00a0secretario general del Centre Maurits Coppieters Susanna Pardines, coordinadora del Lab d&#8217;Identitat i Cultura de la Fundaci\u00f3 &hellip; <a href=\"https:\/\/fundacionexe.org\/workshops\/culturlab17\/programa-2\/\" class=\"more-link\">Continua la lectura de <span class=\"screen-reader-text\">Programa<\/span> <span class=\"meta-nav\">&rarr;<\/span><\/a><\/p>\n","protected":false},"author":3,"featured_media":0,"parent":0,"menu_order":0,"comment_status":"closed","ping_status":"closed","template":"","meta":{"footnotes":""},"class_list":["post-165","page","type-page","status-publish","hentry"],"_links":{"self":[{"href":"https:\/\/fundacionexe.org\/workshops\/culturlab17\/wp-json\/wp\/v2\/pages\/165","targetHints":{"allow":["GET"]}}],"collection":[{"href":"https:\/\/fundacionexe.org\/workshops\/culturlab17\/wp-json\/wp\/v2\/pages"}],"about":[{"href":"https:\/\/fundacionexe.org\/workshops\/culturlab17\/wp-json\/wp\/v2\/types\/page"}],"author":[{"embeddable":true,"href":"https:\/\/fundacionexe.org\/workshops\/culturlab17\/wp-json\/wp\/v2\/users\/3"}],"replies":[{"embeddable":true,"href":"https:\/\/fundacionexe.org\/workshops\/culturlab17\/wp-json\/wp\/v2\/comments?post=165"}],"version-history":[{"count":3,"href":"https:\/\/fundacionexe.org\/workshops\/culturlab17\/wp-json\/wp\/v2\/pages\/165\/revisions"}],"predecessor-version":[{"id":263,"href":"https:\/\/fundacionexe.org\/workshops\/culturlab17\/wp-json\/wp\/v2\/pages\/165\/revisions\/263"}],"wp:attachment":[{"href":"https:\/\/fundacionexe.org\/workshops\/culturlab17\/wp-json\/wp\/v2\/media?parent=165"}],"curies":[{"name":"wp","href":"https:\/\/api.w.org\/{rel}","templated":true}]}}