{"id":170,"date":"2017-06-06T22:27:00","date_gmt":"2017-06-06T21:27:00","guid":{"rendered":"http:\/\/fundacionexe.org\/workshops\/culturlab17\/?page_id=170"},"modified":"2017-06-06T23:02:56","modified_gmt":"2017-06-06T22:02:56","slug":"sede","status":"publish","type":"page","link":"https:\/\/fundacionexe.org\/workshops\/culturlab17\/sede\/","title":{"rendered":"Sede"},"content":{"rendered":"<p>Facultat de Filologia, Traducci\u00f3 i Comunicaci\u00f3 de la Universitat de Val\u00e8ncia (<a href=\"https:\/\/www.google.es\/maps\/place\/Facultat+de+Filologia,+Traducci%C3%B3+i+Comunicaci%C3%B3+(UV)\/@39.4766543,-0.3594511,15z\/data=!4m5!3m4!1s0x0:0xb3b215b905d713f0!8m2!3d39.4766543!4d-0.3594511\">Av. de Blasco Ib\u00e1\u00f1ez, 32<\/a>)<\/p>\n","protected":false},"excerpt":{"rendered":"<p>Facultat de Filologia, Traducci\u00f3 i Comunicaci\u00f3 de la Universitat de Val\u00e8ncia (Av. de Blasco Ib\u00e1\u00f1ez, 32)<\/p>\n","protected":false},"author":3,"featured_media":0,"parent":0,"menu_order":0,"comment_status":"closed","ping_status":"closed","template":"","meta":{"footnotes":""},"class_list":["post-170","page","type-page","status-publish","hentry"],"_links":{"self":[{"href":"https:\/\/fundacionexe.org\/workshops\/culturlab17\/wp-json\/wp\/v2\/pages\/170","targetHints":{"allow":["GET"]}}],"collection":[{"href":"https:\/\/fundacionexe.org\/workshops\/culturlab17\/wp-json\/wp\/v2\/pages"}],"about":[{"href":"https:\/\/fundacionexe.org\/workshops\/culturlab17\/wp-json\/wp\/v2\/types\/page"}],"author":[{"embeddable":true,"href":"https:\/\/fundacionexe.org\/workshops\/culturlab17\/wp-json\/wp\/v2\/users\/3"}],"replies":[{"embeddable":true,"href":"https:\/\/fundacionexe.org\/workshops\/culturlab17\/wp-json\/wp\/v2\/comments?post=170"}],"version-history":[{"count":2,"href":"https:\/\/fundacionexe.org\/workshops\/culturlab17\/wp-json\/wp\/v2\/pages\/170\/revisions"}],"predecessor-version":[{"id":186,"href":"https:\/\/fundacionexe.org\/workshops\/culturlab17\/wp-json\/wp\/v2\/pages\/170\/revisions\/186"}],"wp:attachment":[{"href":"https:\/\/fundacionexe.org\/workshops\/culturlab17\/wp-json\/wp\/v2\/media?parent=170"}],"curies":[{"name":"wp","href":"https:\/\/api.w.org\/{rel}","templated":true}]}}