{"id":179,"date":"2017-06-06T22:33:11","date_gmt":"2017-06-06T21:33:11","guid":{"rendered":"http:\/\/fundacionexe.org\/workshops\/culturlab17\/?page_id=179"},"modified":"2017-06-27T11:26:03","modified_gmt":"2017-06-27T10:26:03","slug":"bases-para-presentar-comunicaciones","status":"publish","type":"page","link":"https:\/\/fundacionexe.org\/workshops\/culturlab17\/bases-para-presentar-comunicaciones\/","title":{"rendered":"Bases para presentar comunicaciones"},"content":{"rendered":"<p><strong>1. El<\/strong> <strong>Workshop Internacional <em>Medios de comunicaci\u00f3n e identidades plurales en la Europa multicultural<\/em><\/strong> ofrece la posibilidad de presentar comunicaciones sobre diversas l\u00edneas tem\u00e1ticas: Los contenidos audiovisuales de las radiotelevisiones p\u00fablicas.<\/p>\n<ul>\n<li>La construcci\u00f3n de imaginarios, memoria colectiva e identidades culturales y nacionales a trav\u00e9s del discurso medi\u00e1tico.<\/li>\n<li>Nuevos formatos audiovisuales y nuevas estrategias narrativas.<\/li>\n<li>Rigor, pluralismo y calidad en los informativos de los medios de comunicaci\u00f3n p\u00fablicos.<\/li>\n<li>La radiotelevisi\u00f3n p\u00fablica en el entorno de las redes sociales.<\/li>\n<li>Pluralismo cultural y ling\u00fc\u00edstico en la radiotelevisi\u00f3n p\u00fablica.<\/li>\n<li>Pol\u00edticas de comunicaci\u00f3n en entornos multiling\u00fces.<\/li>\n<\/ul>\n<p><strong>2.\u00a0<\/strong>Los participantes deber\u00e1n rellenar el siguiente <a href=\"https:\/\/www.dropbox.com\/s\/kvcr8gtzzvecxfs\/FormulariInscipci%C3%B3%20_ApplicationForm.doc?dl=0\">formulario<\/a> y enviarlo a la direcci\u00f3n electr\u00f3nica <a href=\"mailto:nexe@fundacionexe.org\">nexe@fundacionexe.org<\/a>. En este formulario se deber\u00e1 especificar el t\u00edtulo de la comunicaci\u00f3n, un resumen con un m\u00e1ximo de <strong>500 palabras y 5 palabras clave<\/strong>, junto con los datos personales (nombres y apellidos, universidad o empresa, direcci\u00f3n, tel\u00e9fono y correo electr\u00f3nico) antes del <strong><span style=\"text-decoration: line-through\"> 30 de junio <\/span> 10 de julio de 2017.<\/strong><\/p>\n<p><strong>3.<\/strong> Se aceptar\u00e1 una \u00fanica propuesta por autor, o un m\u00e1ximo de dos si se trata de una coautor\u00eda.<\/p>\n<p><strong>4.\u00a0<\/strong>Entre las propuestas recibidas, el comit\u00e9 cient\u00edfico de la jornada seleccionar\u00e1 las m\u00e1s oportunas de acuerdo con la adecuaci\u00f3n a los temas centrales, as\u00ed como la calidad y el inter\u00e9s. A los autores de las comunicaciones seleccionadas se les informar\u00e1 de que han sido aceptadas antes del <strong><span style=\"text-decoration: line-through\"> 10 de julio <\/span> 20 de julio de 2017.<\/strong><\/p>\n<p><strong>5.<\/strong> Aquellos que presenten las comunicaciones seleccionadas deber\u00e1n inscribirse electr\u00f3nicamente y efectuar el pago correspondiente antes del <strong>17 de septiembre de 2017<\/strong>. Las indicaciones para realizar el pago se comunicar\u00e1n despu\u00e9s de haberse hecho la selecci\u00f3n de las comunicaciones.<\/p>\n<p><strong>6.<\/strong> Las personas seleccionadas para presentar comunicaciones deber\u00e1n abonar\u00a0<strong>50 euros (25 euros si son estudiantes universitarios)<\/strong>. En el caso de coautor\u00edas, cada coautor deber\u00e1 inscribirse individualmente y efectuar el pago correspondiente.<\/p>\n<p><strong>7.<\/strong> Las comunicaciones seleccionadas deber\u00e1n enviarse completas, en el formato y extensi\u00f3n correspondiente que pod\u00e9is consultar a continuaci\u00f3n, <strong>antes del 17 de septiembre de 2017<\/strong> a la direcci\u00f3n electr\u00f3nica <a href=\"mailto:nexe@fundacionexe.org\">nexe@fundacionexe.org<\/a>, indicando en el asunto el siguiente texto: COMUNICACI\u00d3 WORKSHOP MITJANS AUDIOVISUALS<\/p>\n<p><strong>8.<\/strong> Las comunicaciones seleccionadas deber\u00e1n ser presentadas por el autor (o por alguno de los autores en el caso de coautor\u00edas). La presentaci\u00f3n se realizar\u00e1 durante la jornada, en dos sesiones que tendr\u00e1n lugar los d\u00edas<strong> 21 y 22 de septiembre de 2017<\/strong>. El orden de las intervenciones se establecer\u00e1 despu\u00e9s de hacerse la selecci\u00f3n definitiva.<\/p>\n<p><strong>9.<\/strong> Las comunicaciones de mayor inter\u00e9s entre las seleccionadas y presentadas durante la jornada formar\u00e1n parte de una futura publicaci\u00f3n de inter\u00e9s acad\u00e9mico. A los autores, se les comunicar\u00e1 la aceptaci\u00f3n antes del <strong>29 de septiembre de 2017<\/strong>.<\/p>\n<p><strong>10.<\/strong> Para formar parte de la publicaci\u00f3n, los autores deber\u00e1n enviar el texto definitivo antes del <strong>31 de octubre de 2017<\/strong>. Las normas de edici\u00f3n se explican a continuaci\u00f3n. Aquellos textos que no cumplan las normas de edici\u00f3n ser\u00e1n devueltos a sus autores.<\/p>\n<p><strong>11.<\/strong> Se aceptar\u00e1n comunicaciones en catal\u00e1n, castellano e ingl\u00e9s.<\/p>\n<p><strong>12.<\/strong> Las comunicaciones deber\u00e1n ser in\u00e9ditas y tendr\u00e1n una extensi\u00f3n <strong>m\u00ednima de 6.000 palabras y un m\u00e1ximo de 8.000<\/strong>. Se presentar\u00e1n en formato word (Times New Roman 12, interlineado 1.5, margen justificado) y se enviar\u00e1n a la direcci\u00f3n electr\u00f3nica <a href=\"mailto:nexe@fundacionexe.org\">nexe@fundacionexe.org<\/a> indicando en el asunto el siguiente texto: PUBLICACI\u00d3 WORKSHOP COMUNICACI\u00d3 MEDI\u00c0TICA<\/p>\n<p><strong>13.<\/strong> Las notas se reducir\u00e1n al m\u00e1ximo y siempre que se pueda se incorporar\u00e1 la informaci\u00f3n en el cuerpo del texto. Si son estrictamente necesarias, las notas ir\u00e1n a pie de p\u00e1gina con el siguiente formato: Times New Roman 10, interlineado sencillo, margen justificado.<\/p>\n<p><strong>14.<\/strong> Formato de las citas: las citas textuales ir\u00e1n entre comillas dentro del texto. Cuando la cita tenga una extensi\u00f3n igual o superior a las 4 l\u00edneas, se situar\u00e1 fuera del texto en un sangrado.<\/p>\n<p><strong>15.<\/strong> Las referencias bibliogr\u00e1ficas se realizar\u00e1n siempre dentro del texto y se citar\u00e1n seg\u00fan el formato siguiente: (autor, a\u00f1o, p\u00e1ginas). Por ejemplo: (Mart\u00ednez, 1997: 24-27). Al final del texto se listar\u00e1 la bibliograf\u00eda citada de acuerdo con el formato siguiente:<\/p>\n<ul>\n<li>Libros: TURKLE, Sherry (1997). <em>Life on the screen. Identity in the age of the Internet<\/em>, New York: Touchstone.<\/li>\n<li>Cap\u00edtulos de libro: STRATTON, John (1997).\u00a0&#8220;Cyberspace and the Globalization of Culture&#8221;, en David PORTER (ed.). <em>Internet Culture<\/em>, New York &amp; London: Routledge, pp. 253-275.<\/li>\n<li>Art\u00edculos de revista: STARRS, Paul F. (1997). &#8220;The sacred, the regional and the digital&#8221;, <em>The Geographical Review<\/em>, 87 (2), pp. 193-218.<\/li>\n<li>Art\u00edculos sw prensa: TOURAINE, Alain. (2005, 12 de juny). \u201cLa impotencia de la socialdemocracia europea\u201d, El Pa\u00eds, pp. 16-17.<\/li>\n<li>Internet: las citas en medio del texto se realizar\u00e1n de la misma manera que cualquier otra fuente bibliogr\u00e1fica. La referencia listada ser\u00e1 MARCOS-MAR\u00cdN, F. (2005). \u201cTecnolog\u00eda digital y cambio en el mundo isl\u00e1mico\u201d, <em>Telos<\/em>, 63. [Disponible en:\u00a0<a href=\"http:\/\/www.campusred.net\/telos\/editorial.asp\">http:\/\/www.campusred.net\/telos\/editorial.asp<\/a>, acceso el 12-06-2005].<\/li>\n<\/ul>\n<p><strong>16.<\/strong> Si se hace referencia a dos o m\u00e1s obras del mismo autor y a\u00f1o:<\/p>\n<ul>\n<li>(V\u00e1zquez, 1990a): primera obra citada.<\/li>\n<li>(V\u00e1zquez, 1990b): segunda obra citada.<\/li>\n<li>&#8230;<\/li>\n<\/ul>\n<p><strong>17.<\/strong> El t\u00edtulo de la comunicaci\u00f3n ir\u00e1 en may\u00fascula y negrilla. Con una separaci\u00f3n se a\u00f1adir\u00e1 la informaci\u00f3n relativa al autor o autores, al centro al que pertenece profesionalmente y al correo electr\u00f3nico. Los diferentes apartados del texto se marcar\u00e1n en min\u00fascula y negrilla.<\/p>\n<p><strong>18.<\/strong> Si los textos tienen alg\u00fan tipo de financiaci\u00f3n o forman parte de alg\u00fan proyecto de investigaci\u00f3n, esta informaci\u00f3n se a\u00f1adir\u00e1 en formato de nota a pie de p\u00e1gina desde el mismo t\u00edtulo, indicado con un *.<\/p>\n<p>&nbsp;<\/p>\n<p>&nbsp;<\/p>\n","protected":false},"excerpt":{"rendered":"<p>1. El Workshop Internacional Medios de comunicaci\u00f3n e identidades plurales en la Europa multicultural ofrece la posibilidad de presentar comunicaciones sobre diversas l\u00edneas tem\u00e1ticas: Los contenidos audiovisuales de las radiotelevisiones p\u00fablicas. La construcci\u00f3n de imaginarios, memoria colectiva e identidades culturales y nacionales a trav\u00e9s del discurso medi\u00e1tico. Nuevos formatos audiovisuales y nuevas estrategias narrativas. Rigor, &hellip; <a href=\"https:\/\/fundacionexe.org\/workshops\/culturlab17\/bases-para-presentar-comunicaciones\/\" class=\"more-link\">Continua la lectura de <span class=\"screen-reader-text\">Bases para presentar comunicaciones<\/span> <span class=\"meta-nav\">&rarr;<\/span><\/a><\/p>\n","protected":false},"author":3,"featured_media":0,"parent":0,"menu_order":0,"comment_status":"closed","ping_status":"closed","template":"","meta":{"footnotes":""},"class_list":["post-179","page","type-page","status-publish","hentry"],"_links":{"self":[{"href":"https:\/\/fundacionexe.org\/workshops\/culturlab17\/wp-json\/wp\/v2\/pages\/179","targetHints":{"allow":["GET"]}}],"collection":[{"href":"https:\/\/fundacionexe.org\/workshops\/culturlab17\/wp-json\/wp\/v2\/pages"}],"about":[{"href":"https:\/\/fundacionexe.org\/workshops\/culturlab17\/wp-json\/wp\/v2\/types\/page"}],"author":[{"embeddable":true,"href":"https:\/\/fundacionexe.org\/workshops\/culturlab17\/wp-json\/wp\/v2\/users\/3"}],"replies":[{"embeddable":true,"href":"https:\/\/fundacionexe.org\/workshops\/culturlab17\/wp-json\/wp\/v2\/comments?post=179"}],"version-history":[{"count":5,"href":"https:\/\/fundacionexe.org\/workshops\/culturlab17\/wp-json\/wp\/v2\/pages\/179\/revisions"}],"predecessor-version":[{"id":219,"href":"https:\/\/fundacionexe.org\/workshops\/culturlab17\/wp-json\/wp\/v2\/pages\/179\/revisions\/219"}],"wp:attachment":[{"href":"https:\/\/fundacionexe.org\/workshops\/culturlab17\/wp-json\/wp\/v2\/media?parent=179"}],"curies":[{"name":"wp","href":"https:\/\/api.w.org\/{rel}","templated":true}]}}