{"id":26,"date":"2017-05-19T11:10:25","date_gmt":"2017-05-19T10:10:25","guid":{"rendered":"http:\/\/fundacionexe.org\/workshops\/culturlab17\/?page_id=26"},"modified":"2017-09-20T14:11:28","modified_gmt":"2017-09-20T13:11:28","slug":"programa","status":"publish","type":"page","link":"https:\/\/fundacionexe.org\/workshops\/culturlab17\/programa\/","title":{"rendered":"Programa"},"content":{"rendered":"<p style=\"text-align: center\"><strong>Dijous, 21 de setembre<\/strong><\/p>\n<p><strong>9:00 h. Acreditaci\u00f3 dels participants<\/strong><\/p>\n<p><strong>9:30 h. Obertura institucional<\/strong><\/p>\n<ul>\n<li><strong>Empar Marco<\/strong>, directora general de la Corporaci\u00f3 Valenciana de Mitjans de Comunicaci\u00f3<\/li>\n<li><strong>Javier Marzal<\/strong>, portaveu de la Comissi\u00f3 Interuniversit\u00e0ria a favor d\u2019una Radiotelevisi\u00f3 P\u00fablica Valenciana<\/li>\n<li><strong><span class=\"il\">G\u00fcnther<\/span>\u00a0Dauwen<\/strong>, secretari general del Centre Maurits Coppieters<\/li>\n<li><strong>Susanna Pardines<\/strong>, coordinadora del Lab d\u2019Identitat i Cultura de la Fundaci\u00f3 Nexe<\/li>\n<\/ul>\n<p><strong>10:00 h. Confer\u00e8ncia inaugural:<\/strong> <em>\u2018La construcci\u00f3 de la identitat col\u00b7lectiva a trav\u00e9s dels mitjans audiovisuals\u2019<\/em>. Ruth McElroy, Communication, Cultural and Media Studies Research Unit, University of South Wales. Prenseta: Enric Castell\u00f3 (URV)<\/p>\n<p><strong>11:30 h. Pausa &#8211; caf\u00e9 de comer\u00e7 just<\/strong><\/p>\n<p><strong>12:00 h. Taula redona:<\/strong> <em>\u2018La radiotelevisi\u00f3 p\u00fablica com a ferramenta de normalitzaci\u00f3 ling\u00fc\u00edstica\u2019<\/em>. Modera: Miquel Nicol\u00e0s (UV)<\/p>\n<ul>\n<li><strong>Lieuwe Jan Hettema,\u00a0<\/strong>periodista. Omrop Frysl\u00e2n (Fr\u00edsia)<\/li>\n<li><strong>Michael Danson,\u00a0<\/strong>especialista en aspectes econ\u00f2mics de la pol\u00edtica i la planificaci\u00f3 ling\u00fc\u00edstica. BBC Alba (Esc\u00f2cia)<\/li>\n<li><strong>Ernest Rusin\u00e9s <\/strong>(cap del Departament d\u2019Assessorament Ling\u00fc\u00edstic de la CCMA): Corporaci\u00f3 Catalana de Mitjans Audiovisuals (Catalunya)<\/li>\n<\/ul>\n<p><strong>14:00 h. Pausa<\/strong><\/p>\n<p><strong>16:00 h. Sessi\u00f3 de comunicacions.\u00a0<\/strong>Modera: Susanna Pardines (Fundaci\u00f3 Nexe)<\/p>\n<p><strong>18:00 h. Confer\u00e8ncia:<\/strong> <em>\u2018La producci\u00f3 de formats de qualitat i la selecci\u00f3 de continguts per a una radiotelevisi\u00f3 p\u00fablica\u2019<\/em>. <strong>Francesc Escribano<\/strong>, director de Minoria Absoluta i coordinador a Espanya d\u2019Input Conference. Presenta: \u00c0lvar Peris (UV)<\/p>\n<p>&nbsp;<\/p>\n<p style=\"text-align: center\"><strong>Divendres, 22 de setembre<\/strong><\/p>\n<p style=\"text-align: left\"><strong>9:00 h. Sessi\u00f3 de comunicacions. <\/strong>Modera: Susanna Pardines (Fundaci\u00f3 Nexe)<\/p>\n<p><strong>11:00 h. Pausa &#8211; caf\u00e9 de comer\u00e7 just<\/strong><\/p>\n<p><strong>\u00a0<\/strong><strong>11:30 h. Microxarrades:<\/strong><em> \u2018Els continguts de la radiotelevisi\u00f3 p\u00fablica valenciana: propostes de futur\u2019<\/em>. Presenten: Francesc Mart\u00ednez (UV) i Vicenta Tasa (UV)<\/p>\n<p>El paper de la cultura en els espais radiotelevisius:<\/p>\n<ul>\n<li><strong>Josep Vicent Frechina<\/strong> (cr\u00edtic musical i literari)<\/li>\n<li><strong>Marga Landete<\/strong> (directora adjunta de M\u00fasica i Cultura Popular Valenciana de l&#8217;Institut Valenci\u00e0 de Cultura)<\/li>\n<li><strong> Xavier Aliaga<\/strong> (periodista i escriptor)<\/li>\n<\/ul>\n<p>El territori, la hist\u00f2ria i les tradicions:<\/p>\n<ul>\n<li><strong>Josepa Cuc\u00f3<\/strong> (Catedr\u00e0tica en antropologia social)<\/li>\n<li><strong> Vicent Baydal<\/strong> (historiador)<\/li>\n<li><strong>Paco Tortosa<\/strong> (Doctor en geografia)<\/li>\n<\/ul>\n<p>La producci\u00f3 de ficci\u00f3 pr\u00f2pia:<\/p>\n<ul>\n<li><b>Vicent Montson\u00eds\u00a0<\/b>(director de cinema)<\/li>\n<li><strong>Ada Hern\u00e1ndez<\/strong> (guionista)<\/li>\n<\/ul>\n<p>Informatius qualificats i de proximitat:<\/p>\n<ul>\n<li><strong>Salvador Almenar<\/strong> (periodista)<\/li>\n<li><strong>Violeta Tena<\/strong> (periodista)<\/li>\n<li><strong>Laura Ballester<\/strong> (periodista)<\/li>\n<\/ul>\n<p>Esport i oci:<\/p>\n<ul>\n<li><strong>Cayetano Ros<\/strong> (periodista)<\/li>\n<li><strong> Alfred Hernando \u2018Fredi\u2019<\/strong> (ex pilotari i empresari)<\/li>\n<li><strong>Josep Gisbert <\/strong>(director d&#8217;Estrat\u00e8gia Territorial Tur\u00edstica de l&#8217;Ag\u00e8ncia Valenciana de Turisme)<\/li>\n<\/ul>\n<p><strong>14:00 h. Cloenda institucional: <\/strong><\/p>\n<ul>\n<li><b>Carles Padilla,\u00a0<\/b>deg\u00e0 de la Facultat de Filologia, Traducci\u00f3 i Comunicaci\u00f3 de la UV<\/li>\n<li><strong>Gon\u00e7al Grau<\/strong>, president de la Fundaci\u00f3 Nexe<\/li>\n<\/ul>\n","protected":false},"excerpt":{"rendered":"<p>Dijous, 21 de setembre 9:00 h. Acreditaci\u00f3 dels participants 9:30 h. Obertura institucional Empar Marco, directora general de la Corporaci\u00f3 Valenciana de Mitjans de Comunicaci\u00f3 Javier Marzal, portaveu de la Comissi\u00f3 Interuniversit\u00e0ria a favor d\u2019una Radiotelevisi\u00f3 P\u00fablica Valenciana G\u00fcnther\u00a0Dauwen, secretari general del Centre Maurits Coppieters Susanna Pardines, coordinadora del Lab d\u2019Identitat i Cultura de la &hellip; <a href=\"https:\/\/fundacionexe.org\/workshops\/culturlab17\/programa\/\" class=\"more-link\">Continua la lectura de <span class=\"screen-reader-text\">Programa<\/span> <span class=\"meta-nav\">&rarr;<\/span><\/a><\/p>\n","protected":false},"author":3,"featured_media":0,"parent":0,"menu_order":0,"comment_status":"closed","ping_status":"closed","template":"","meta":{"footnotes":""},"class_list":["post-26","page","type-page","status-publish","hentry"],"_links":{"self":[{"href":"https:\/\/fundacionexe.org\/workshops\/culturlab17\/wp-json\/wp\/v2\/pages\/26","targetHints":{"allow":["GET"]}}],"collection":[{"href":"https:\/\/fundacionexe.org\/workshops\/culturlab17\/wp-json\/wp\/v2\/pages"}],"about":[{"href":"https:\/\/fundacionexe.org\/workshops\/culturlab17\/wp-json\/wp\/v2\/types\/page"}],"author":[{"embeddable":true,"href":"https:\/\/fundacionexe.org\/workshops\/culturlab17\/wp-json\/wp\/v2\/users\/3"}],"replies":[{"embeddable":true,"href":"https:\/\/fundacionexe.org\/workshops\/culturlab17\/wp-json\/wp\/v2\/comments?post=26"}],"version-history":[{"count":13,"href":"https:\/\/fundacionexe.org\/workshops\/culturlab17\/wp-json\/wp\/v2\/pages\/26\/revisions"}],"predecessor-version":[{"id":266,"href":"https:\/\/fundacionexe.org\/workshops\/culturlab17\/wp-json\/wp\/v2\/pages\/26\/revisions\/266"}],"wp:attachment":[{"href":"https:\/\/fundacionexe.org\/workshops\/culturlab17\/wp-json\/wp\/v2\/media?parent=26"}],"curies":[{"name":"wp","href":"https:\/\/api.w.org\/{rel}","templated":true}]}}