{"id":28,"date":"2017-05-19T11:11:24","date_gmt":"2017-05-19T10:11:24","guid":{"rendered":"http:\/\/fundacionexe.org\/workshops\/culturlab17\/?page_id=28"},"modified":"2017-10-04T12:33:25","modified_gmt":"2017-10-04T11:33:25","slug":"comite-cientific","status":"publish","type":"page","link":"https:\/\/fundacionexe.org\/workshops\/culturlab17\/comite-cientific\/","title":{"rendered":"Comit\u00e9 organitzador i cient\u00edfic"},"content":{"rendered":"<h2>Comit\u00e9 Organitzador<\/h2>\n<ul>\n<li><strong>Anselm Bodoque<\/strong>, professor associat del Departament de Dret Constitucional, Ci\u00e8ncia Pol\u00edtica i de l\u2019Administraci\u00f3 (UV)<\/li>\n<li><strong>Neus Bonnin<\/strong>, t\u00e8cnica de projectes de la Fundaci\u00f3 Nexe<\/li>\n<li><strong>Andreu Casero-Ripoll\u00e9s<\/strong>, professor titular del Departament de Ci\u00e8ncies de la Comunicaci\u00f3 (UJI).<\/li>\n<li><strong>Enric Castell\u00f3<\/strong>, professor titular del Departament d\u2019Estudis de la Comunicaci\u00f3 (URV).<\/li>\n<li><strong>Rafael Castell\u00f3<\/strong>, professor titular del Departament de Sociologia i Antropologia Social (UV)<\/li>\n<li><strong>Francesc J. Hern\u00e0ndez<\/strong>, professor del Departament de Sociologia i Antropologia Social (UV)<\/li>\n<li><strong>Antoni Mart\u00ednez<\/strong>, t\u00e8cnic ling\u00fc\u00edstic del Servei de Promoci\u00f3 i Normalitzaci\u00f3 Ling\u00fc\u00edstica (UPV)<\/li>\n<li><strong>Laia Mas<\/strong>, directora de projectes de l\u2019ACV Tirant lo Blanc i la Fundaci\u00f3 Nexe.<\/li>\n<li><strong>Francesc T. Mart\u00ednez<\/strong>, professor associat del Departament de Teoria dels Llenguatges i Ci\u00e8ncies de la Comunicaci\u00f3, \u00c0rea de Periodisme (UV)<\/li>\n<li><strong>Miquel Nicol\u00e0s<\/strong>, professor titular del Departament de Filologia Catalana (UV)<\/li>\n<li><strong>Dolors Palau<\/strong>, professora contractada doctora del Departament de Teoria dels Llenguatges i Ci\u00e8ncies de la Comunicaci\u00f3, \u00c0rea de Periodisme (UV)<\/li>\n<li><strong>Susanna Pardines<\/strong>, t\u00e8cnica ling\u00fc\u00edstica de l\u2019AVL i coordinadora del Lab d\u2019Identitat i cultura de la Fundaci\u00f3 Nexe<\/li>\n<li><strong>\u00c0lvar Peris<\/strong>, professor associat del Departament de Teoria dels Llenguatges i Ci\u00e8ncies de la Comunicaci\u00f3, \u00c0rea de Comunicaci\u00f3 Audiovisual i Publicitat (UV)<\/li>\n<li><strong>Elies Segu\u00ed<\/strong>, professor contractat doctor del Departament d\u2019Economia i Ci\u00e8ncies Socials (UPV) i director acad\u00e8mic de la Fundaci\u00f3 Nexe<\/li>\n<li><strong>Andreu Signes<\/strong>, realitzador audiovisual<\/li>\n<li><strong>Vicenta Tasa<\/strong>, professora associada del Departament de Dret Constitucional, Ci\u00e8ncia Pol\u00edtica i de l\u2019Administraci\u00f3 (UV)<\/li>\n<\/ul>\n<h2>Comit\u00e9 Cient\u00edfic<\/h2>\n<ul>\n<li><strong>Anselm Bodoque<\/strong>, professor associat del Departament de Dret Constitucional, Ci\u00e8ncia Pol\u00edtica i de l\u2019Administraci\u00f3 (UV)<\/li>\n<li><strong>Andreu Casero-Ripoll\u00e9s<\/strong>, professor titular del Departament de Ci\u00e8ncies de la Comunicaci\u00f3 (UJI).<\/li>\n<li><strong>Raquel Casesnoves<\/strong>, col\u00b7laboradora externa de la UPF<\/li>\n<li><strong>Enric Castell\u00f3<\/strong>, professor titular del Departament d\u2019Estudis de la Comunicaci\u00f3 (URV).<\/li>\n<li><strong>Rafael Castell\u00f3<\/strong>, professor titular del Departament de Sociologia i Antropologia Social (UV)<\/li>\n<li><strong>Matilde Delgado<\/strong>, professora titular del Departament de Comunicaci\u00f3 Audiovisual i Publicitat (UAB)<\/li>\n<li><strong>Josep \u00c0ngel Guimer\u00e0<\/strong>, professor agregat inter\u00ed del Departament de Comunicaci\u00f3 Audiovisual i de Publicitat (UAB)<\/li>\n<li><strong>Jaume Guillament<\/strong>, catedr\u00e0tic del Departament de Comunicaci\u00f3 (UPF)<\/li>\n<li><strong>Francesc J. Hern\u00e0ndez<\/strong>, professor del Departament de Sociologia i Antropologia Social (UV)<\/li>\n<li><strong>Miquel Nicol\u00e0s<\/strong>, professor titular del Departament de Filologia Catalana (UV)<\/li>\n<li><strong>Francesc T. Mart\u00ednez<\/strong>, professor associat del Departament de Teoria dels Llenguatges i Ci\u00e8ncies de la Comunicaci\u00f3, \u00c0rea de Periodisme (UV)<\/li>\n<li><strong>Miquel de Moragas Sp\u00e0, <\/strong>catedr\u00e0tic em\u00e8rit de Teoria de la Comunicaci\u00f3 (UAB)<\/li>\n<li><strong>Dolors Palau<\/strong>, professora contractada doctora del Departament de Teoria dels Llenguatges i Ci\u00e8ncies de la Comunicaci\u00f3, \u00c0rea de Periodisme (UV)<\/li>\n<li><strong>Cristina Perales<\/strong>, professora visitant del Departament de Comunicaci\u00f3 (UPF)<\/li>\n<li><strong>Sebasti\u00e0 Serra Busquets<\/strong>, catedr\u00e0tic d&#8217;Hist\u00f2ria Contempor\u00e0nia\u00a0(UIB)<\/li>\n<li><strong>Vicenta Tasa<\/strong>, professora associada del Departament de Dret Constitucional, Ci\u00e8ncia Pol\u00edtica i de l\u2019Administraci\u00f3 (UV)<\/li>\n<\/ul>\n","protected":false},"excerpt":{"rendered":"<p>Comit\u00e9 Organitzador Anselm Bodoque, professor associat del Departament de Dret Constitucional, Ci\u00e8ncia Pol\u00edtica i de l\u2019Administraci\u00f3 (UV) Neus Bonnin, t\u00e8cnica de projectes de la Fundaci\u00f3 Nexe Andreu Casero-Ripoll\u00e9s, professor titular del Departament de Ci\u00e8ncies de la Comunicaci\u00f3 (UJI). Enric Castell\u00f3, professor titular del Departament d\u2019Estudis de la Comunicaci\u00f3 (URV). Rafael Castell\u00f3, professor titular del Departament &hellip; <a href=\"https:\/\/fundacionexe.org\/workshops\/culturlab17\/comite-cientific\/\" class=\"more-link\">Continua la lectura de <span class=\"screen-reader-text\">Comit\u00e9 organitzador i cient\u00edfic<\/span> <span class=\"meta-nav\">&rarr;<\/span><\/a><\/p>\n","protected":false},"author":3,"featured_media":0,"parent":0,"menu_order":0,"comment_status":"closed","ping_status":"closed","template":"","meta":{"footnotes":""},"class_list":["post-28","page","type-page","status-publish","hentry"],"_links":{"self":[{"href":"https:\/\/fundacionexe.org\/workshops\/culturlab17\/wp-json\/wp\/v2\/pages\/28","targetHints":{"allow":["GET"]}}],"collection":[{"href":"https:\/\/fundacionexe.org\/workshops\/culturlab17\/wp-json\/wp\/v2\/pages"}],"about":[{"href":"https:\/\/fundacionexe.org\/workshops\/culturlab17\/wp-json\/wp\/v2\/types\/page"}],"author":[{"embeddable":true,"href":"https:\/\/fundacionexe.org\/workshops\/culturlab17\/wp-json\/wp\/v2\/users\/3"}],"replies":[{"embeddable":true,"href":"https:\/\/fundacionexe.org\/workshops\/culturlab17\/wp-json\/wp\/v2\/comments?post=28"}],"version-history":[{"count":13,"href":"https:\/\/fundacionexe.org\/workshops\/culturlab17\/wp-json\/wp\/v2\/pages\/28\/revisions"}],"predecessor-version":[{"id":370,"href":"https:\/\/fundacionexe.org\/workshops\/culturlab17\/wp-json\/wp\/v2\/pages\/28\/revisions\/370"}],"wp:attachment":[{"href":"https:\/\/fundacionexe.org\/workshops\/culturlab17\/wp-json\/wp\/v2\/media?parent=28"}],"curies":[{"name":"wp","href":"https:\/\/api.w.org\/{rel}","templated":true}]}}