{"id":19,"date":"2018-09-12T17:29:23","date_gmt":"2018-09-12T15:29:23","guid":{"rendered":"http:\/\/fundacionexe.org\/workshops\/culturlab18\/?page_id=19"},"modified":"2018-09-26T10:00:09","modified_gmt":"2018-09-26T08:00:09","slug":"presentacio","status":"publish","type":"page","link":"https:\/\/fundacionexe.org\/workshops\/culturlab18\/presentacio\/","title":{"rendered":"Presentaci\u00f3"},"content":{"rendered":"<p>Vistos separadament, els conceptes de llengua, cultura i economia s\u00f3n excessivament amplis. Cadascun tendeix a designar el conjunt de la realitat social. Perqu\u00e8 tot \u00e9s cultura, tot t\u00e9 un cost i tot s\u2019expressa amb paraules. Per\u00f2 si ajuntem aquestes nocions, cadascuna cobra un sentit m\u00e9s prec\u00eds i la suma de les tres suscita un munt d\u2019interrogants. Aix\u00ed com hi ha una cultura econ\u00f2mica, hi ha una economia de la cultura? \u00c9s la cultura un valor afegit? Llavors, com mesurar-lo? Qu\u00e8 val una llengua avui, en l\u2019era del ciberespai? La difusi\u00f3 del patrimoni cultural i ling\u00fc\u00edstic \u00e9s un simple negoci emergent o t\u00e9 un abast \u201cintangible\u201d? Pot articular-se una estrat\u00e8gia de creixement sostenible a partir de certes pr\u00e0ctiques culturals?\u2026 Aquest III workshop del Lab Identitat i Cultura de la Fundaci\u00f3 Nexe pret\u00e9n donar resposta a aquests i altres interrogants associats. <\/p><p>A m\u00e9s d\u2019aportar una reflexi\u00f3 general sobre el tema, i de plantejar els l\u00edmits conceptuals de la discussi\u00f3, s\u2019hi exposaran alguns exemples reeixits de dinamitzaci\u00f3 del territori, a partir de la revaloraci\u00f3 del llegat cultural. I es debatr\u00e0 sobre les m\u00faltiples derivades que comporta avui, en les nostres societats, obertes, complexes, multiculturals i hipertecnificades, el desenvolupament d\u2019activitats lucratives que concilien tradici\u00f3 i modernitat, entorn local i economia d\u2019escala. <\/p>","protected":false},"excerpt":{"rendered":"<p>Vistos separadament, els conceptes de llengua, cultura i economia s\u00f3n excessivament amplis. Cadascun tendeix a designar el conjunt de la realitat social. Perqu\u00e8 tot \u00e9s cultura, tot t\u00e9 un cost i tot s\u2019expressa amb paraules. Per\u00f2 si ajuntem aquestes nocions, cadascuna cobra un sentit m\u00e9s prec\u00eds i la suma de les tres suscita un munt &hellip; <a href=\"https:\/\/fundacionexe.org\/workshops\/culturlab18\/presentacio\/\" class=\"more-link\">Continua la lectura de <span class=\"screen-reader-text\">Presentaci\u00f3<\/span> <span class=\"meta-nav\">&rarr;<\/span><\/a><\/p>\n","protected":false},"author":3,"featured_media":0,"parent":0,"menu_order":0,"comment_status":"closed","ping_status":"closed","template":"","meta":{"footnotes":""},"class_list":["post-19","page","type-page","status-publish","hentry"],"_links":{"self":[{"href":"https:\/\/fundacionexe.org\/workshops\/culturlab18\/wp-json\/wp\/v2\/pages\/19","targetHints":{"allow":["GET"]}}],"collection":[{"href":"https:\/\/fundacionexe.org\/workshops\/culturlab18\/wp-json\/wp\/v2\/pages"}],"about":[{"href":"https:\/\/fundacionexe.org\/workshops\/culturlab18\/wp-json\/wp\/v2\/types\/page"}],"author":[{"embeddable":true,"href":"https:\/\/fundacionexe.org\/workshops\/culturlab18\/wp-json\/wp\/v2\/users\/3"}],"replies":[{"embeddable":true,"href":"https:\/\/fundacionexe.org\/workshops\/culturlab18\/wp-json\/wp\/v2\/comments?post=19"}],"version-history":[{"count":3,"href":"https:\/\/fundacionexe.org\/workshops\/culturlab18\/wp-json\/wp\/v2\/pages\/19\/revisions"}],"predecessor-version":[{"id":98,"href":"https:\/\/fundacionexe.org\/workshops\/culturlab18\/wp-json\/wp\/v2\/pages\/19\/revisions\/98"}],"wp:attachment":[{"href":"https:\/\/fundacionexe.org\/workshops\/culturlab18\/wp-json\/wp\/v2\/media?parent=19"}],"curies":[{"name":"wp","href":"https:\/\/api.w.org\/{rel}","templated":true}]}}