{"id":26,"date":"2018-09-12T17:50:52","date_gmt":"2018-09-12T15:50:52","guid":{"rendered":"http:\/\/fundacionexe.org\/workshops\/culturlab18\/?page_id=26"},"modified":"2018-10-01T13:28:29","modified_gmt":"2018-10-01T11:28:29","slug":"programa","status":"publish","type":"page","link":"https:\/\/fundacionexe.org\/workshops\/culturlab18\/programa\/","title":{"rendered":"Programa"},"content":{"rendered":"<p>Col\u00b7legi Major Rector Peset de la Universitat de Val\u00e8ncia (c\/ Forn de Sant Nicolau, 4)<\/p><p><strong>Dimecres, 3 d\u2019octubre de 2018<\/strong><\/p><p><strong>15:30 \u2013 16:00 h. Acreditaci\u00f3\ufeff<\/strong><br \/><\/p><p><strong>16:00 \u2013 17:00 h. El rol de la llengua i la cultura per a la dinamitzaci\u00f3 econ\u00f2mica dels territoris\ufeff<\/strong><\/p><p>Amb la participaci\u00f3 de:<\/p><ul class=\"wp-block-list\">\n\t<li>Modera: Susanna Pardines, coordinadora del Lab d&#8217;Identitat i Cultura de la Fundaci\u00f3 Nexe.<\/li>\n\t<li>Pau Rausell, professor del Departament de Economia Aplicada de la Universitat de Val\u00e8ncia.<br \/><\/li>\n<\/ul><p><strong>17:00 \u2013 17:30 h. Inauguraci\u00f3 del <em>Workshop\ufeff<\/em><\/strong><br \/><\/p><p>Amb la participaci\u00f3 de:<\/p><ul class=\"wp-block-list\">\n\t<li>Vicent Soler, conseller d\u2019Hisenda i Model Econ\u00f2mic.<\/li>\n\t<li>Susanna Pardines, coordinadora del Lab d&#8217;Identitat i Cultura de la Fundaci\u00f3 Nexe.\u00a0<\/li>\n<\/ul><p><strong>17:30 \u2013 18:00 h. Pausa-Caf\u00e9.\ufeff<\/strong><\/p><p><strong>18:00 \u2013 19:30 h.\u00a0Els equipaments culturals com a motor de transformaci\u00f3 social i econ\u00f2mica.\u00a0\ufeff<\/strong><\/p><p>Amb la participaci\u00f3 de:<\/p><ul class=\"wp-block-list\">\n\t<li>Modera: Miquel Nicol\u00e0s, professor titular del Departament de Filologia Catalana de la Universitat de Val\u00e8ncia.\u00a0<\/li>\n\t<li>Lorea Bilbao, diputada de euskera i cultura a la Diputaci\u00f3 Foral de Biscaia. Museu Guggenheim de Bilbao<\/li>\n\t<li>Jordi Ribas Bold\u00fa, responsable d&#8217;Acci\u00f3 Cultural de VINSEUM-Museu de les Cultures del Vi.\u00a0<\/li>\n\t<li>Ramon Marrades,\u00a0director estrat\u00e8gic de la Marina de Val\u00e8ncia<\/li>\n<\/ul><p><strong>Dijous, 4 d\u2019octubre de 2018\ufeff<\/strong><\/p><p><strong>16:00 \u2013 17:30 h. Taula d&#8217;Experi\u00e8ncies<\/strong><\/p><p>Amb la participaci\u00f3 de:<\/p><ul class=\"wp-block-list\">\n\t<li>Modera: Francesc Hern\u00e0ndez, professor del Departament de Sociologia i Antropologia de la Universitat de Val\u00e8ncia<\/li>\n\t<li>Joan Olivares, Rural Otos &#8211; Rellotges de la Vila.<\/li>\n\t<li>Assumpta Dom\u00ednguez, alcaldessa de Potries, Capital Cultural Valenciana 2018<\/li>\n\t<li>Carlos Fuster, t\u00e8cnic de patrimoni cultural. L&#8217;escald\u00e0 de la pansa a la Marina Alta.<br \/><\/li>\n\t<li>Andreu Costa, Associaci\u00f3 Sociocultural del Riurau, Mercat del Riurau de Jes\u00fas Pobre.<\/li>\n<\/ul><p><strong>17:30 \u2013 18:00 h. Pausa-Caf\u00e9\ufeff<\/strong><br \/><\/p><p><strong>18:00 \u2013 19:30 h. Taula Redona: Llengua i Economia<\/strong><\/p><p>Amb la participaci\u00f3 de:<\/p><ul class=\"wp-block-list\">\n\t<li>Modera: Vicent Climent &#8211; Ferrando, professor de la Universitat Pompeu Fabra.<\/li>\n\t<li>Nathalie Torres, subdirectora de\u00a0Pol\u00edtica Ling\u00fc\u00edstica i Gesti\u00f3 del Multiling\u00fcisme.<\/li>\n\t<li>Antonio Di Paolo, professor de la Universitat de Barcelona.<\/li>\n\t<li>Amado Alarcon, professor de la Universitat Rovira i Virgili.<br \/><\/li>\n<\/ul><p><strong>19:30 \u2013 20:00 h. Cloenda Workshop Identitat i Cultura<\/strong><\/p><p>Amb la participaci\u00f3 de:<\/p><ul class=\"wp-block-list\">\n\t<li>Rub\u00e9n Trenzano, director general de Pol\u00edtica Ling\u00fc\u00edstica i Gesti\u00f3 del Multiling\u00fcisme.\u00a0<\/li>\n\t<li>Gon\u00e7al Grau, president de la Fundaci\u00f3 Nexe.<\/li>\n<\/ul><p><\/p>","protected":false},"excerpt":{"rendered":"<p>Col\u00b7legi Major Rector Peset de la Universitat de Val\u00e8ncia (c\/ Forn de Sant Nicolau, 4) Dimecres, 3 d\u2019octubre de 2018 15:30 \u2013 16:00 h. Acreditaci\u00f3\ufeff 16:00 \u2013 17:00 h. El rol de la llengua i la cultura per a la dinamitzaci\u00f3 econ\u00f2mica dels territoris\ufeff Amb la participaci\u00f3 de: Modera: Susanna Pardines, coordinadora del Lab d&#8217;Identitat &hellip; <a href=\"https:\/\/fundacionexe.org\/workshops\/culturlab18\/programa\/\" class=\"more-link\">Continua la lectura de <span class=\"screen-reader-text\">Programa<\/span> <span class=\"meta-nav\">&rarr;<\/span><\/a><\/p>\n","protected":false},"author":3,"featured_media":0,"parent":0,"menu_order":0,"comment_status":"closed","ping_status":"closed","template":"","meta":{"footnotes":""},"class_list":["post-26","page","type-page","status-publish","hentry"],"_links":{"self":[{"href":"https:\/\/fundacionexe.org\/workshops\/culturlab18\/wp-json\/wp\/v2\/pages\/26","targetHints":{"allow":["GET"]}}],"collection":[{"href":"https:\/\/fundacionexe.org\/workshops\/culturlab18\/wp-json\/wp\/v2\/pages"}],"about":[{"href":"https:\/\/fundacionexe.org\/workshops\/culturlab18\/wp-json\/wp\/v2\/types\/page"}],"author":[{"embeddable":true,"href":"https:\/\/fundacionexe.org\/workshops\/culturlab18\/wp-json\/wp\/v2\/users\/3"}],"replies":[{"embeddable":true,"href":"https:\/\/fundacionexe.org\/workshops\/culturlab18\/wp-json\/wp\/v2\/comments?post=26"}],"version-history":[{"count":27,"href":"https:\/\/fundacionexe.org\/workshops\/culturlab18\/wp-json\/wp\/v2\/pages\/26\/revisions"}],"predecessor-version":[{"id":104,"href":"https:\/\/fundacionexe.org\/workshops\/culturlab18\/wp-json\/wp\/v2\/pages\/26\/revisions\/104"}],"wp:attachment":[{"href":"https:\/\/fundacionexe.org\/workshops\/culturlab18\/wp-json\/wp\/v2\/media?parent=26"}],"curies":[{"name":"wp","href":"https:\/\/api.w.org\/{rel}","templated":true}]}}