{"id":24,"date":"2017-04-26T14:47:45","date_gmt":"2017-04-26T14:47:45","guid":{"rendered":"http:\/\/fundacionexe.org\/workshops\/demolab17\/?page_id=24"},"modified":"2017-05-19T11:37:18","modified_gmt":"2017-05-19T11:37:18","slug":"crida-a-comunicacions-i-microxarrades","status":"publish","type":"page","link":"https:\/\/fundacionexe.org\/workshops\/demolab17\/crida-a-comunicacions-i-microxarrades\/","title":{"rendered":"Crida a comunicacions i microxarrades"},"content":{"rendered":"<p>La Fundaci\u00f3 Nexe, amb la voluntat d\u2019implicar a totes aquelles persones interessades en la tem\u00e0tica del workshop, realitza una crida a presentar microxarrades i comunicacions.<\/p>\n<p>Les propostes de microxarrades seleccionades pel comit\u00e9 cient\u00edfic es presentaran el primer dia del workshop, el dia 16 de juny, mentre que les comunicacions escrites escollides seran incloses en una publicaci\u00f3 posterior.<\/p>\n<p>A continuaci\u00f3 trobareu tota la informaci\u00f3.<\/p>\n<p><strong>Quin \u00e9s el tema del Workshop? <\/strong><\/p>\n<p>La cooperaci\u00f3 i\/o competici\u00f3 entre les esquerres estatals i perif\u00e8riques a l\u2019\u00e0mbit local o a l\u2019auton\u00f2mic.<\/p>\n<p><strong>A qui va dirigida la crida? <\/strong><\/p>\n<ul>\n<li>Investigadors\/es en l\u2019\u00e0mbit de les Ci\u00e8ncies Pol\u00edtiques i Socials<\/li>\n<li>Estudiants\/es universitaris\/es<\/li>\n<li>C\u00e0rrecs electes o representants locals dels partits<\/li>\n<li>Qualsevol persona interessada en la tem\u00e0tica o que treballe en aquest \u00e0mbit<\/li>\n<\/ul>\n<p><strong>Quan acaba el termini per a presentar propostes?<\/strong><\/p>\n<p>Totes aquelles persones interessades a participar en aquest Workshop podran proposar comunicacions i\/o microxarrades fins al dia <strong>28 de maig de 2017.\u00a0 <\/strong><\/p>\n<p><strong>Com s\u2019han de presentar les propostes?<\/strong><\/p>\n<p>Cal descarregar-se i emplenar el seg\u00fcent <a href=\"https:\/\/www.dropbox.com\/s\/5hmj1qwteromn7a\/Fitxa%20comunicacions%20i%20microxarrades.doc?dl=0\">formulari<\/a> i enviar-lo a <a href=\"mailto:nexe@fundacionexe.org\">nexe@fundacionexe.org<\/a> amb l\u2019assumpte \u201cII Workshop de democr\u00e0cia i participaci\u00f3\u201d. En aquest s\u2019ha d\u2019especificar:<\/p>\n<ul>\n<li>Nom i cognoms<\/li>\n<li>Professi\u00f3<\/li>\n<li>E-mail<\/li>\n<li>El motiu de la participaci\u00f3 en el Workshop<\/li>\n<li>Un breu resum de la proposta (500 paraules)<\/li>\n<li>Caldr\u00e0 indicar si la proposta de participaci\u00f3 va adre\u00e7ada a comunicaci\u00f3, microxarrada o a totes dues.<\/li>\n<\/ul>\n<p><strong>Quan es far\u00e0 p\u00fablica l\u2019acceptaci\u00f3 de les propostes? <\/strong><\/p>\n<p>El Comit\u00e9 cient\u00edfic valorar\u00e0 les propostes presentades atenent a l\u2019adequaci\u00f3 i l\u2019inter\u00e9s d\u2019aquestes en relaci\u00f3 a la tem\u00e0tica del workshop. Un dels criteris de selecci\u00f3 dels participants, a banda del contingut, ser\u00e0 que hi haja equilibri de g\u00e8nere.<\/p>\n<p>Els organitzadors notificaran quines s\u00f3n les microxarrades seleccionades l\u2019<strong>1 de juny <\/strong>i les comunicacions el dia <strong>8 de juny de 2017<\/strong>.<\/p>\n<p><strong>Quan es presentaran les microxarrades seleccionades? <\/strong><\/p>\n<p>La presentaci\u00f3 ser\u00e0 el dia <strong>16 de juny<\/strong> a partir de les 16 hores a la Sal\u00f3 de Graus de la Facultat de Dret de la Universitat de Val\u00e8ncia (Campus de Tarongers).<\/p>\n<p>Les microxarrades tindran una <strong>durada m\u00e0xima de 15 minuts<\/strong>. La pon\u00e8ncia pot anar acompanyada de la projecci\u00f3 d\u2019una presentaci\u00f3. En aquest cas, recomanem que aquesta no tinga m\u00e9s de 6 diapositives.<\/p>\n<p><strong>Quina extensi\u00f3 i fins quan es podran presentar les comunicacions escrites? <\/strong><\/p>\n<p>Les comunicacions escrites no podran tenir m\u00e9s de <strong>3.000 paraules<\/strong> i s\u2019han de redactar seguint les pautes que es facilitaran als autors\/es.<\/p>\n<p>El termini per a presentar les comunicacions escrites ser\u00e0 el dia <strong>15 de juliol\u00a0<\/strong>i s\u2019hauran d\u2019enviar a <a href=\"mailto:nexe@fundacionexe.org\">nexe@fundacionexe.org<\/a>.<\/p>\n<p>El Comit\u00e9 cient\u00edfic seleccionar\u00e0 les millors comunicacions i <strong>s\u2019editar\u00e0 una publicaci\u00f3 amb ISBN<\/strong> en format digital.<\/p>\n<p><strong>Puc presentar la mateixa proposta per a microxerrada i comunicaci\u00f3? <\/strong><\/p>\n<p>S\u00ed. En aquest cas ho has d\u2019indicar en el formulari d\u2019inscripci\u00f3 i haur\u00e0s de tindre en compte que es tracta de dos formats diferents, un \u00e9s una presentaci\u00f3 curta de no m\u00e9s de 15 minuts i l\u2019altra \u00e9s una presentaci\u00f3 escrita d\u2019aproximadament 3.000 paraules.<\/p>\n<p><strong>Quin \u00e9s el cost de la presentaci\u00f3 de comunicacions?<\/strong><\/p>\n<p>Les persones seleccionades per a presentar comunicacions escrites hauran d\u2019abonar <strong>40 euros<\/strong>. En el cas d\u2019estudiants universitaris la quota ser\u00e0 de <strong>20 euros<\/strong>. Les indicacions per a fer el pagament es comunicaran una vegada s\u2019haja fet la selecci\u00f3 de les comunicacions.<\/p>\n<p><strong>Cal pagar per a assistir?<\/strong><\/p>\n<p>L\u2019assist\u00e8ncia \u00e9s gratu\u00efta per\u00f2 per assegurar disponibilitat de places es prega inscriure\u2019s <a href=\"https:\/\/docs.google.com\/forms\/d\/e\/1FAIpQLSfw1C5QQ4mmxSLVMf9iw0V43Jq5At-jE0uH6BkNGAJgSVAkWA\/viewform?usp=sf_link\">ac\u00ed<\/a>.<\/p>\n<p><strong>I si vull un certificat?<\/strong><\/p>\n<p>Totes aquelles persones que assistisquen a les sessions del dia 16 i 17 de juny i vulguen un certificat d\u2019assist\u00e8ncia al Workshop <strong>ho hauran de fer constar en la inscripci\u00f3 pr\u00e8via<\/strong>.<\/p>\n<p>A banda, aquelles persones seleccionades per a presentar microxarrades i comunicacions escrites podran sol\u00b7licitar tamb\u00e9 un certificat de xerrada\/comunicaci\u00f3 presentada.<\/p>\n","protected":false},"excerpt":{"rendered":"<p>La Fundaci\u00f3 Nexe, amb la voluntat d\u2019implicar a totes aquelles persones interessades en la tem\u00e0tica del workshop, realitza una crida a presentar microxarrades i comunicacions. Les propostes de microxarrades seleccionades pel comit\u00e9 cient\u00edfic es presentaran el primer dia del workshop, el dia 16 de juny, mentre que les comunicacions escrites escollides seran incloses en una &hellip; <a href=\"https:\/\/fundacionexe.org\/workshops\/demolab17\/crida-a-comunicacions-i-microxarrades\/\" class=\"more-link\">Continua la lectura de <span class=\"screen-reader-text\">Crida a comunicacions i microxarrades<\/span> <span class=\"meta-nav\">&rarr;<\/span><\/a><\/p>\n","protected":false},"author":1,"featured_media":0,"parent":0,"menu_order":0,"comment_status":"closed","ping_status":"closed","template":"","meta":{"footnotes":""},"class_list":["post-24","page","type-page","status-publish","hentry"],"_links":{"self":[{"href":"https:\/\/fundacionexe.org\/workshops\/demolab17\/wp-json\/wp\/v2\/pages\/24","targetHints":{"allow":["GET"]}}],"collection":[{"href":"https:\/\/fundacionexe.org\/workshops\/demolab17\/wp-json\/wp\/v2\/pages"}],"about":[{"href":"https:\/\/fundacionexe.org\/workshops\/demolab17\/wp-json\/wp\/v2\/types\/page"}],"author":[{"embeddable":true,"href":"https:\/\/fundacionexe.org\/workshops\/demolab17\/wp-json\/wp\/v2\/users\/1"}],"replies":[{"embeddable":true,"href":"https:\/\/fundacionexe.org\/workshops\/demolab17\/wp-json\/wp\/v2\/comments?post=24"}],"version-history":[{"count":6,"href":"https:\/\/fundacionexe.org\/workshops\/demolab17\/wp-json\/wp\/v2\/pages\/24\/revisions"}],"predecessor-version":[{"id":77,"href":"https:\/\/fundacionexe.org\/workshops\/demolab17\/wp-json\/wp\/v2\/pages\/24\/revisions\/77"}],"wp:attachment":[{"href":"https:\/\/fundacionexe.org\/workshops\/demolab17\/wp-json\/wp\/v2\/media?parent=24"}],"curies":[{"name":"wp","href":"https:\/\/api.w.org\/{rel}","templated":true}]}}