{"id":14,"date":"2019-03-22T15:19:33","date_gmt":"2019-03-22T13:19:33","guid":{"rendered":"http:\/\/fundacionexe.org\/workshops\/demolab19\/?page_id=14"},"modified":"2019-05-23T15:25:02","modified_gmt":"2019-05-23T13:25:02","slug":"programa","status":"publish","type":"page","link":"https:\/\/fundacionexe.org\/workshops\/demolab19\/programa\/","title":{"rendered":"Programa"},"content":{"rendered":"<p>Divendres 31 de maig, Octubre Centre de Cultura Contempor\u00e0nia de Val\u00e8ncia.<\/p><p><strong>Inauguraci\u00f3 10:00 h\ufeff<\/strong><\/p><ul class=\"wp-block-list\">\n\t<li>Josep Vall, vicepresident de Coppieters Foundation<\/li>\n\t<li>Reis Gallego, secret\u00e0ria de la Fundaci\u00f3 Nexe<\/li>\n<\/ul><p><strong>Sessi\u00f3 1: 10:30-13:30 h<\/strong><\/p><p>Modera: Pablo O\u00f1ate<\/p><p><strong>La sort desigual de la dreta radical al sud Europa\ufeff<\/strong><\/p><ul class=\"wp-block-list\">\n\t<li>\u00c9s el Front Nacional el gran guanyador del re-alineament del sistema de partits franc\u00e8s? &#8211;\u00a0Camille Kelbel- post-doc at ESPOL &#8211; Lille Catholic University in France.<br \/><\/li>\n\t<li>Cap al predomini de la Lega en la nova It\u00e0lia post-Berlusconi? &#8211; Manuela Caiani,\u00a0Scuola Normale Superiore (SNS) of Florence.<\/li>\n\t<li>Perspectives de l&#8217;extrema dreta grega despr\u00e9s de les eleccions europees &#8211;\u00a0Susannah Verney, National and Kapodistrian University of Athens.<\/li>\n\t<li>El frac\u00e0s de la dreta radical a Portugal: la gran excepci\u00f3? &#8211; Marco Lisi, New University Of Lisbon.<\/li>\n<\/ul><p><strong>Sessi\u00f3 2: 16:00-17:30 h<\/strong><\/p><p>Modera: Marina Pla<\/p><p><strong>La nova dreta radical a l&#8217;Estat espanyol\ufeff<\/strong><br \/><\/p><ul class=\"wp-block-list\">\n\t<li>El discurs pol\u00edtic de la ultradreta en les xarxes socials &#8211; Beatriz Gallardo, Universitat de Val\u00e8ncia.<\/li>\n\t<li>L\u2019electorat de l&#8217;extrema dreta a les eleccions generals, auton\u00f2miques i Europees &#8211; Juan Rodr\u00edguez Teruel i Pablo O\u00f1ate, Universitat de Val\u00e8ncia.<\/li>\n<\/ul><p><strong>Sessi\u00f3 3: 18:00-19:30 h<\/strong><\/p><p>Modera: Andrea Kruithof<\/p><p><strong>La dreta radical al Pa\u00eds Valenci\u00e0: no tant nova, per\u00f2 m\u00e9s radical?\ufeff<\/strong><\/p><ul class=\"wp-block-list\">\n\t<li>La re-configuraci\u00f3 de l\u2019extrema dreta valenciana &#8211; Anna L\u00f3pez, Universitat de Val\u00e8ncia<br \/><\/li>\n\t<li>Blaverisme i extrema dreta valenciana &#8211; Joan Cantarero, periodista.<br \/><\/li>\n<\/ul><p><strong>Sessi\u00f3 4: 19:30-20:30 h<\/strong><\/p><p><strong>Presentacions dels finalistes del <a href=\"https:\/\/fundacionexe.org\/workshops\/demolab19\/concurs-dassaigs\/\">concurs d&#8217;assaigs<\/a><\/strong><\/p><p><strong>Cloenda 20:30 h<\/strong><\/p><ul class=\"wp-block-list\">\n\t<li>Gon\u00e7al Grau, president de la Fundaci\u00f3 Nexe<\/li>\n\t<li>\u00d2scar Barber\u00e0, coordinador del Lab de Democr\u00e0cia i Participaci\u00f3 de la Fundaci\u00f3 Nexe<\/li>\n<\/ul><p><strong><\/strong><\/p>","protected":false},"excerpt":{"rendered":"<p>Divendres 31 de maig, Octubre Centre de Cultura Contempor\u00e0nia de Val\u00e8ncia. Inauguraci\u00f3 10:00 h\ufeff Josep Vall, vicepresident de Coppieters Foundation Reis Gallego, secret\u00e0ria de la Fundaci\u00f3 Nexe Sessi\u00f3 1: 10:30-13:30 h Modera: Pablo O\u00f1ate La sort desigual de la dreta radical al sud Europa\ufeff \u00c9s el Front Nacional el gran guanyador del re-alineament del sistema &hellip; <a href=\"https:\/\/fundacionexe.org\/workshops\/demolab19\/programa\/\" class=\"more-link\">Continua la lectura de <span class=\"screen-reader-text\">Programa<\/span> <span class=\"meta-nav\">&rarr;<\/span><\/a><\/p>\n","protected":false},"author":2,"featured_media":0,"parent":0,"menu_order":0,"comment_status":"closed","ping_status":"closed","template":"","meta":{"footnotes":""},"class_list":["post-14","page","type-page","status-publish","hentry"],"_links":{"self":[{"href":"https:\/\/fundacionexe.org\/workshops\/demolab19\/wp-json\/wp\/v2\/pages\/14","targetHints":{"allow":["GET"]}}],"collection":[{"href":"https:\/\/fundacionexe.org\/workshops\/demolab19\/wp-json\/wp\/v2\/pages"}],"about":[{"href":"https:\/\/fundacionexe.org\/workshops\/demolab19\/wp-json\/wp\/v2\/types\/page"}],"author":[{"embeddable":true,"href":"https:\/\/fundacionexe.org\/workshops\/demolab19\/wp-json\/wp\/v2\/users\/2"}],"replies":[{"embeddable":true,"href":"https:\/\/fundacionexe.org\/workshops\/demolab19\/wp-json\/wp\/v2\/comments?post=14"}],"version-history":[{"count":14,"href":"https:\/\/fundacionexe.org\/workshops\/demolab19\/wp-json\/wp\/v2\/pages\/14\/revisions"}],"predecessor-version":[{"id":72,"href":"https:\/\/fundacionexe.org\/workshops\/demolab19\/wp-json\/wp\/v2\/pages\/14\/revisions\/72"}],"wp:attachment":[{"href":"https:\/\/fundacionexe.org\/workshops\/demolab19\/wp-json\/wp\/v2\/media?parent=14"}],"curies":[{"name":"wp","href":"https:\/\/api.w.org\/{rel}","templated":true}]}}