{"id":29,"date":"2019-03-22T15:42:40","date_gmt":"2019-03-22T13:42:40","guid":{"rendered":"http:\/\/fundacionexe.org\/workshops\/demolab19\/?page_id=29"},"modified":"2019-03-25T12:04:20","modified_gmt":"2019-03-25T10:04:20","slug":"inscripcio","status":"publish","type":"page","link":"https:\/\/fundacionexe.org\/workshops\/demolab19\/inscripcio\/","title":{"rendered":"Inscripci\u00f3"},"content":{"rendered":"<p>Podeu inscriure-vos gratu\u00eftament al IV Workshop de Democr\u00e0cia i Participaci\u00f3 de la Fundaci\u00f3 Nexe al formulari d&#8217;<a href=\"https:\/\/goo.gl\/forms\/xs2HMqCUqJD9pH1V2\">este enlla\u00e7.<\/a>\u00a0<\/p>","protected":false},"excerpt":{"rendered":"<p>Podeu inscriure-vos gratu\u00eftament al IV Workshop de Democr\u00e0cia i Participaci\u00f3 de la Fundaci\u00f3 Nexe al formulari d&#8217;este enlla\u00e7.\u00a0<\/p>\n","protected":false},"author":2,"featured_media":0,"parent":0,"menu_order":0,"comment_status":"closed","ping_status":"closed","template":"","meta":{"footnotes":""},"class_list":["post-29","page","type-page","status-publish","hentry"],"_links":{"self":[{"href":"https:\/\/fundacionexe.org\/workshops\/demolab19\/wp-json\/wp\/v2\/pages\/29","targetHints":{"allow":["GET"]}}],"collection":[{"href":"https:\/\/fundacionexe.org\/workshops\/demolab19\/wp-json\/wp\/v2\/pages"}],"about":[{"href":"https:\/\/fundacionexe.org\/workshops\/demolab19\/wp-json\/wp\/v2\/types\/page"}],"author":[{"embeddable":true,"href":"https:\/\/fundacionexe.org\/workshops\/demolab19\/wp-json\/wp\/v2\/users\/2"}],"replies":[{"embeddable":true,"href":"https:\/\/fundacionexe.org\/workshops\/demolab19\/wp-json\/wp\/v2\/comments?post=29"}],"version-history":[{"count":6,"href":"https:\/\/fundacionexe.org\/workshops\/demolab19\/wp-json\/wp\/v2\/pages\/29\/revisions"}],"predecessor-version":[{"id":50,"href":"https:\/\/fundacionexe.org\/workshops\/demolab19\/wp-json\/wp\/v2\/pages\/29\/revisions\/50"}],"wp:attachment":[{"href":"https:\/\/fundacionexe.org\/workshops\/demolab19\/wp-json\/wp\/v2\/media?parent=29"}],"curies":[{"name":"wp","href":"https:\/\/api.w.org\/{rel}","templated":true}]}}