{"id":38,"date":"2019-03-22T15:46:52","date_gmt":"2019-03-22T13:46:52","guid":{"rendered":"http:\/\/fundacionexe.org\/workshops\/demolab19\/?page_id=38"},"modified":"2019-03-22T15:50:36","modified_gmt":"2019-03-22T13:50:36","slug":"seu","status":"publish","type":"page","link":"https:\/\/fundacionexe.org\/workshops\/demolab19\/seu\/","title":{"rendered":"Seu"},"content":{"rendered":"<p>El IV Workshop de Democr\u00e0cia i Participaci\u00f3 tindr\u00e0 lloc a l&#8217;<strong>Octubre Centre de Cultura Contempor\u00e0nia<\/strong><br \/>Carrer Sant Ferran, 12, 46001 Val\u00e8ncia<\/p><figure class=\"wp-block-image\"><img loading=\"lazy\" decoding=\"async\" width=\"602\" height=\"438\" src=\"https:\/\/fundacionexe.org\/workshops\/demolab19\/wp-content\/uploads\/sites\/12\/2019\/03\/Captura-de-pantalla-2019-03-22-a-les-14.49.06.png\" alt=\"\" class=\"wp-image-43\" srcset=\"https:\/\/fundacionexe.org\/workshops\/demolab19\/wp-content\/uploads\/sites\/12\/2019\/03\/Captura-de-pantalla-2019-03-22-a-les-14.49.06.png 602w, https:\/\/fundacionexe.org\/workshops\/demolab19\/wp-content\/uploads\/sites\/12\/2019\/03\/Captura-de-pantalla-2019-03-22-a-les-14.49.06-300x218.png 300w, https:\/\/fundacionexe.org\/workshops\/demolab19\/wp-content\/uploads\/sites\/12\/2019\/03\/Captura-de-pantalla-2019-03-22-a-les-14.49.06-600x438.png 600w\" sizes=\"auto, (max-width: 602px) 100vw, 602px\" \/><\/figure>","protected":false},"excerpt":{"rendered":"<p>El IV Workshop de Democr\u00e0cia i Participaci\u00f3 tindr\u00e0 lloc a l&#8217;Octubre Centre de Cultura Contempor\u00e0niaCarrer Sant Ferran, 12, 46001 Val\u00e8ncia<\/p>\n","protected":false},"author":2,"featured_media":0,"parent":0,"menu_order":0,"comment_status":"closed","ping_status":"closed","template":"","meta":{"footnotes":""},"class_list":["post-38","page","type-page","status-publish","hentry"],"_links":{"self":[{"href":"https:\/\/fundacionexe.org\/workshops\/demolab19\/wp-json\/wp\/v2\/pages\/38","targetHints":{"allow":["GET"]}}],"collection":[{"href":"https:\/\/fundacionexe.org\/workshops\/demolab19\/wp-json\/wp\/v2\/pages"}],"about":[{"href":"https:\/\/fundacionexe.org\/workshops\/demolab19\/wp-json\/wp\/v2\/types\/page"}],"author":[{"embeddable":true,"href":"https:\/\/fundacionexe.org\/workshops\/demolab19\/wp-json\/wp\/v2\/users\/2"}],"replies":[{"embeddable":true,"href":"https:\/\/fundacionexe.org\/workshops\/demolab19\/wp-json\/wp\/v2\/comments?post=38"}],"version-history":[{"count":4,"href":"https:\/\/fundacionexe.org\/workshops\/demolab19\/wp-json\/wp\/v2\/pages\/38\/revisions"}],"predecessor-version":[{"id":44,"href":"https:\/\/fundacionexe.org\/workshops\/demolab19\/wp-json\/wp\/v2\/pages\/38\/revisions\/44"}],"wp:attachment":[{"href":"https:\/\/fundacionexe.org\/workshops\/demolab19\/wp-json\/wp\/v2\/media?parent=38"}],"curies":[{"name":"wp","href":"https:\/\/api.w.org\/{rel}","templated":true}]}}