{"id":40,"date":"2017-07-12T08:50:46","date_gmt":"2017-07-12T07:50:46","guid":{"rendered":"http:\/\/fundacionexe.org\/workshops\/econval17\/?page_id=40"},"modified":"2017-07-18T12:58:38","modified_gmt":"2017-07-18T11:58:38","slug":"comites","status":"publish","type":"page","link":"https:\/\/fundacionexe.org\/workshops\/econval17\/comites\/","title":{"rendered":"Comit\u00e9s"},"content":{"rendered":"<h2 class=\"western\" align=\"justify\">WORKSHOP CHAIRS<\/h2>\n<p class=\"western\" lang=\"es-ES\" align=\"justify\"><span lang=\"ca-ES\"><strong>Elies Segu\u00ed<\/strong>, Professor Contractat Doctor del Departament d\u2019Economia i Ci\u00e8ncies Socials. Universitat Polit\u00e8cnica de Val\u00e8ncia (UPV). Director Acad\u00e8mic de la Fundaci\u00f3 Nexe.<\/span><\/p>\n<p class=\"western\" lang=\"es-ES\" align=\"justify\"><span lang=\"ca-ES\"><strong>Miguel Gin\u00e9s<\/strong>, Professor Titular del Departament d\u2019Economia. Universitat Jaume I (UJI).\u00a0Coordinador del\u00a0<em>Lab<\/em>\u00a0Economia i Territori\u00a0de la Fundaci\u00f3 Nexe.<\/span><\/p>\n<h2 class=\"western\" align=\"justify\"><span lang=\"ca-ES\">COMIT\u00c9 CIENT\u00cdFIC<\/span><\/h2>\n<p class=\"western\" lang=\"es-ES\" align=\"justify\"><span lang=\"ca-ES\"><strong>Joaqu\u00edn Alegre,<\/strong>\u00a0Catedr\u00e0tic d\u2019Organitzaci\u00f3 d\u2019Empreses. Universitat de Val\u00e8ncia (UVEG).<\/span><\/p>\n<p class=\"western\" lang=\"es-ES\" align=\"justify\"><span lang=\"ca-ES\"><strong>Andreu Arnau<\/strong>, Professor Titular del Departament de Comptabilitat i Finances. Departament de Comptabilitat i Finances. Universitat Jaume I (UJI).<\/span><\/p>\n<p class=\"western\" lang=\"es-ES\" align=\"justify\"><span lang=\"ca-ES\"><strong>Rafael Beneyto<\/strong>, Cap de Gesti\u00f3 Global de Riscos. Caixa Ontinyent.<\/span><\/p>\n<p class=\"western\" lang=\"es-ES\" align=\"justify\"><span lang=\"ca-ES\"><strong>Carles Boronat<\/strong>, Investigador del Departament d\u2019Organitzaci\u00f3 d\u2019Empreses. Universitat Polit\u00e8cnica de Val\u00e8ncia (UPV).<\/span><\/p>\n<p lang=\"es-ES\" align=\"justify\"><strong>Vicente Bud\u00ed Ordu\u00f1a<\/strong>, Professor Titular d&#8217;Universitat de l&#8217;\u00e0rea de Fonaments de l&#8217;An\u00e0lisi Econ\u00f2mica (UJI) i Director de l&#8217;Institut Interuniversitari de Desenvolupament Local (IIDL).<\/p>\n<p class=\"western\" lang=\"es-ES\" align=\"justify\"><span lang=\"ca-ES\"><strong>Ra\u00fcl Burriel<\/strong>, T\u00e8cnic de l\u2019Observatori Ocupacional. Universitat Jaume I (UJI).<\/span><\/p>\n<p class=\"western\" lang=\"es-ES\" align=\"justify\"><span lang=\"ca-ES\"><strong>Joan Carles Cambrils<\/strong>, Professor Titular del Departament d\u2019Economia i Ci\u00e8ncies Socials Universitat Polit\u00e8cnica de Val\u00e8ncia (UPV).<\/span><\/p>\n<p class=\"western\" lang=\"es-ES\" align=\"justify\"><span lang=\"ca-ES\"><strong>Vicent Casany<\/strong>, Professor Associat del Departament d\u2019Urbanisme. Universitat Polit\u00e8cnica de Val\u00e8ncia (UPV).<\/span><\/p>\n<p class=\"western\" lang=\"es-ES\" align=\"justify\"><span lang=\"ca-ES\"><strong>Vicent Cucarella<\/strong>, S\u00edndic de Comptes de la Generalitat Valenciana, i T\u00e8cnic del Institut Valenci\u00e0 d\u2019Investigacions Econ\u00f2miques (IVIE).<\/span><\/p>\n<p class=\"western\" lang=\"es-ES\" align=\"justify\"><span lang=\"ca-ES\"><strong>Valentina De Marchi<\/strong>, professora Assistent del Departament d\u2019Economia i Organitzaci\u00f3 \u201cMarco Fanno\u201d. Universitat de P\u00e0dova, It\u00e0lia.<\/span><\/p>\n<p class=\"western\" lang=\"es-ES\" align=\"justify\"><span lang=\"ca-ES\"><strong>Asensi Descals<\/strong>, Professor Titular del Departament d\u2019Economia Aplicada. Universitat de Val\u00e8ncia (UVEG).<\/span><\/p>\n<p class=\"western\" lang=\"es-ES\" align=\"justify\"><span lang=\"ca-ES\"><strong>Josep Dom\u00e8nech<\/strong>, Professor Contactat Doctor del Departament d\u2019Economia i Ci\u00e8ncies Socials Universitat Polit\u00e8cnica de Val\u00e8ncia (UPV).<\/span><\/p>\n<p class=\"western\" lang=\"es-ES\" align=\"justify\"><span lang=\"ca-ES\"><strong>Ana Isabel Fern\u00e1ndez<\/strong>, Professora Ajudant Doctor del Departament de Direcci\u00f3 d\u2019Empreses. Universitat de Val\u00e8ncia (UV).<\/span><\/p>\n<p class=\"western\" lang=\"es-ES\" align=\"justify\"><span lang=\"ca-ES\"><strong>Ana Garc\u00eda Granero<\/strong>, Professora Ajudant Doctor del Departament de Direcci\u00f3 d\u2019Empreses. Universitat de Val\u00e8ncia (UV).<\/span><\/p>\n<p class=\"western\" lang=\"es-ES\" align=\"justify\"><span lang=\"ca-ES\"><strong>Joan Antoni Gin\u00e9s<\/strong>, Consultor inform\u00e0tic.<\/span><\/p>\n<p class=\"western\" lang=\"es-ES\" align=\"justify\"><span lang=\"ca-ES\"><strong>Miguel Gin\u00e9s,<\/strong>\u00a0Professor Titular del Departament d\u2019Economia. Universitat Jaume I (UJI).<\/span><\/p>\n<p class=\"western\" lang=\"es-ES\" align=\"justify\"><span lang=\"ca-ES\"><strong>Fidel Le\u00f3n Darder<\/strong>, Professor Titular del Departament de Direcci\u00f3 d\u2019Empreses. Universitat de Val\u00e8ncia (UVEG)<\/span><\/p>\n<p class=\"western\" lang=\"es-ES\" align=\"justify\"><span lang=\"ca-ES\"><strong>Isidre March Chord\u00e0,<\/strong>\u00a0Catedr\u00e0tic d\u2019Organitzaci\u00f3 d\u2019Empreses. Universitat de Val\u00e8ncia (UVEG).<\/span><\/p>\n<p class=\"western\" lang=\"es-ES\" align=\"justify\"><span lang=\"ca-ES\"><strong>Joan Mart\u00edn<\/strong>, Professor Titular del Departament d\u2019Economia. Universitat Jaume\u00a0I (UJI)<\/span><\/p>\n<p class=\"western\" lang=\"es-ES\" align=\"justify\"><span lang=\"ca-ES\"><strong>Joan Carles Membrado<\/strong>, Professor Ajudant Doctor del Departament de Geografia Humana. Universitat de Val\u00e8ncia (UVEG)<\/span><\/p>\n<p class=\"western\" lang=\"es-ES\" align=\"justify\"><span lang=\"ca-ES\"><strong>Josep Llu\u00eds Miralles<\/strong>, Professor Titular del Departament d\u2019Urbanisme. Universitat Polit\u00e8cnica de Val\u00e8ncia (UPV)<\/span><\/p>\n<p class=\"western\" lang=\"es-ES\" align=\"justify\"><span lang=\"ca-ES\"><strong>Xavier Molina<\/strong>, Catedr\u00e0tic d\u2019Universitat del Departament d\u2019Organitzaci\u00f3 d\u2019Empreses. Universitat Jaume I (UJI)<\/span><\/p>\n<p class=\"western\" lang=\"es-ES\" align=\"justify\"><span lang=\"ca-ES\"><strong>V\u00edctor Oltra<\/strong>, Professor Titular del Departament de Direcci\u00f3 d\u2019Empreses. Universitat de Val\u00e8ncia (UVEG)<\/span><\/p>\n<p class=\"western\" lang=\"es-ES\" align=\"justify\"><span lang=\"ca-ES\"><strong>Franscisco Puig<\/strong>, Professor Titular del Departament de Direcci\u00f3 d\u2019Empreses. Universitat de Val\u00e8ncia (UVEG)<\/span><\/p>\n<p class=\"western\" lang=\"es-ES\" align=\"justify\"><span lang=\"ca-ES\"><strong>Ramon Ruiz<\/strong>, Professor Titular del Departament d\u2019An\u00e0lisi Econ\u00f2mica. Universitat de Val\u00e8ncia (UVEG)<\/span><\/p>\n<p class=\"western\" lang=\"es-ES\" align=\"justify\"><span lang=\"ca-ES\"><strong>Elies Segu\u00ed<\/strong>, Professor Contractat Doctor del Departament d\u2019Economia i Ci\u00e8ncies Socials. Universitat Polit\u00e8cnica de Val\u00e8ncia (UPV)<\/span><\/p>\n<p class=\"western\" lang=\"es-ES\" align=\"justify\"><span lang=\"ca-ES\"><strong>Elisa Signes<\/strong>, Cap de gestors d\u2019innovaci\u00f3 de l\u2019Institut de Biomec\u00e0nica de Val\u00e8ncia (IBV)<\/span><\/p>\n<p class=\"western\" lang=\"es-ES\" align=\"justify\"><span lang=\"ca-ES\"><strong>Rosa Yag\u00fce<\/strong>, Professora Titular del Departament d\u2019Economia Aplicada. Universitat de Val\u00e8ncia (UVEG)<\/span><\/p>\n<h2 class=\"western\" align=\"justify\"><span lang=\"ca-ES\"><b>COMIT\u00c9 ORGANITZADOR<\/b><\/span><\/h2>\n<p lang=\"es-ES\" align=\"justify\"><span lang=\"ca-ES\"><strong>Andreu Arnau<\/strong>, Professor Titular del Departament de Comptabilitat i Finances. Departament de Comptabilitat i Finances. Universitat Jaume I (UJI).<\/span><\/p>\n<p lang=\"es-ES\" align=\"justify\"><span lang=\"ca-ES\"><strong>Ra\u00fcl Burriel<\/strong>, T\u00e8cnic de l\u2019Observatori Ocupacional. Universitat Jaume I (UJI).<\/span><\/p>\n<p class=\"western\" lang=\"es-ES\" align=\"justify\"><span lang=\"ca-ES\"><strong>Miguel Gin\u00e9s<\/strong>, Professor Titular del Departament d\u2019Economia. Universitat Jaume I (UJI)<\/span><\/p>\n<p lang=\"es-ES\" align=\"justify\"><span lang=\"ca-ES\"><strong>Joan Mart\u00edn<\/strong>, Professor Titular del Departament d\u2019Economia. Universitat Jaume\u00a0I (UJI)<\/span><\/p>\n<p lang=\"es-ES\" align=\"justify\"><span lang=\"ca-ES\"><strong>Xavier Molina<\/strong>, Catedr\u00e0tic d\u2019Universitat del Departament d\u2019Organitzaci\u00f3 d\u2019Empreses. Universitat Jaume I (UJI)<\/span><\/p>\n<p class=\"western\" lang=\"es-ES\" align=\"justify\"><span lang=\"ca-ES\"><strong>Elies Segu\u00ed<\/strong>, Professor Contractat Doctor del Departament d\u2019Economia i Ci\u00e8ncies Socials. Universitat Polit\u00e8cnica de Val\u00e8ncia (UPV).<\/span><\/p>\n","protected":false},"excerpt":{"rendered":"<p>WORKSHOP CHAIRS Elies Segu\u00ed, Professor Contractat Doctor del Departament d\u2019Economia i Ci\u00e8ncies Socials. Universitat Polit\u00e8cnica de Val\u00e8ncia (UPV). Director Acad\u00e8mic de la Fundaci\u00f3 Nexe. Miguel Gin\u00e9s, Professor Titular del Departament d\u2019Economia. Universitat Jaume I (UJI).\u00a0Coordinador del\u00a0Lab\u00a0Economia i Territori\u00a0de la Fundaci\u00f3 Nexe. COMIT\u00c9 CIENT\u00cdFIC Joaqu\u00edn Alegre,\u00a0Catedr\u00e0tic d\u2019Organitzaci\u00f3 d\u2019Empreses. Universitat de Val\u00e8ncia (UVEG). Andreu Arnau, Professor Titular &hellip; <a href=\"https:\/\/fundacionexe.org\/workshops\/econval17\/comites\/\" class=\"more-link\">Continua la lectura de <span class=\"screen-reader-text\">Comit\u00e9s<\/span> <span class=\"meta-nav\">&rarr;<\/span><\/a><\/p>\n","protected":false},"author":3,"featured_media":0,"parent":0,"menu_order":0,"comment_status":"closed","ping_status":"closed","template":"","meta":{"footnotes":""},"class_list":["post-40","page","type-page","status-publish","hentry"],"_links":{"self":[{"href":"https:\/\/fundacionexe.org\/workshops\/econval17\/wp-json\/wp\/v2\/pages\/40","targetHints":{"allow":["GET"]}}],"collection":[{"href":"https:\/\/fundacionexe.org\/workshops\/econval17\/wp-json\/wp\/v2\/pages"}],"about":[{"href":"https:\/\/fundacionexe.org\/workshops\/econval17\/wp-json\/wp\/v2\/types\/page"}],"author":[{"embeddable":true,"href":"https:\/\/fundacionexe.org\/workshops\/econval17\/wp-json\/wp\/v2\/users\/3"}],"replies":[{"embeddable":true,"href":"https:\/\/fundacionexe.org\/workshops\/econval17\/wp-json\/wp\/v2\/comments?post=40"}],"version-history":[{"count":7,"href":"https:\/\/fundacionexe.org\/workshops\/econval17\/wp-json\/wp\/v2\/pages\/40\/revisions"}],"predecessor-version":[{"id":58,"href":"https:\/\/fundacionexe.org\/workshops\/econval17\/wp-json\/wp\/v2\/pages\/40\/revisions\/58"}],"wp:attachment":[{"href":"https:\/\/fundacionexe.org\/workshops\/econval17\/wp-json\/wp\/v2\/media?parent=40"}],"curies":[{"name":"wp","href":"https:\/\/api.w.org\/{rel}","templated":true}]}}