{"id":43,"date":"2017-07-12T08:51:09","date_gmt":"2017-07-12T07:51:09","guid":{"rendered":"http:\/\/fundacionexe.org\/workshops\/econval17\/?page_id=43"},"modified":"2017-07-20T12:24:54","modified_gmt":"2017-07-20T11:24:54","slug":"organitzadors","status":"publish","type":"page","link":"https:\/\/fundacionexe.org\/workshops\/econval17\/organitzadors\/","title":{"rendered":"Organitzadors"},"content":{"rendered":"<p><img loading=\"lazy\" decoding=\"async\" class=\"wp-image-66 aligncenter\" src=\"http:\/\/fundacionexe.org\/workshops\/econval17\/wp-content\/uploads\/sites\/7\/2017\/07\/Fundaci\u00f3.jpg\" alt=\"\" width=\"156\" height=\"157\" \/><\/p>\n<p style=\"text-align: center\">La Fundaci\u00f3 Nexe \u00e9s una entitat valenciana sense \u00e0nim de lucre creada en 2011. De car\u00e0cter c\u00edvic i cultural, t\u00e9 com a objectiu fonamental potenciar els valors culturals, socials, econ\u00f2mics, etc. de la societat valenciana. Per a aconseguir-ho \u2013sense \u00e0nim restrictiu- duu a terme actuacions com reunions sectorials, f\u00f2rums de debat, confer\u00e8ncies, seminaris, jornades, cursos, congressos, estudis, publicacions, beques i premis, convenis amb entitats p\u00fabliques i privades, etc. Est\u00e0 formada per homes i dones provinents dels \u00e0mbits acad\u00e8mic, professional i social.<\/p>\n<p><img loading=\"lazy\" decoding=\"async\" class=\"wp-image-68 aligncenter\" src=\"http:\/\/fundacionexe.org\/workshops\/econval17\/wp-content\/uploads\/sites\/7\/2017\/07\/marca-uji-color.jpg\" alt=\"\" width=\"358\" height=\"68\" \/><\/p>\n<p style=\"text-align: center\">La Universitat Jaume I de Castell\u00f3 (UJI) \u00e9s la universitat p\u00fablica del nord de la Comunitat Valenciana. Creada l\u2019any 1991, l\u2019UJI s\u2019ha posicionat com una universitat de proximitat, caracteritzada pel tracte personalitzat, l\u2019agilitat dels procediments administratius i un significatiu nivell de participaci\u00f3 dels seus membres en la vida universit\u00e0ria, gr\u00e0cies entre altres factors a una poblaci\u00f3 de c\u00f2modes dimensions \u2013al voltant dels 15.000 estudiants\u2013 i un campus integrat, d\u2019instal\u00b7lacions modernes, funcionals i sostenibles.<\/p>\n","protected":false},"excerpt":{"rendered":"<p>La Fundaci\u00f3 Nexe \u00e9s una entitat valenciana sense \u00e0nim de lucre creada en 2011. De car\u00e0cter c\u00edvic i cultural, t\u00e9 com a objectiu fonamental potenciar els valors culturals, socials, econ\u00f2mics, etc. de la societat valenciana. Per a aconseguir-ho \u2013sense \u00e0nim restrictiu- duu a terme actuacions com reunions sectorials, f\u00f2rums de debat, confer\u00e8ncies, seminaris, jornades, cursos, &hellip; <a href=\"https:\/\/fundacionexe.org\/workshops\/econval17\/organitzadors\/\" class=\"more-link\">Continua la lectura de <span class=\"screen-reader-text\">Organitzadors<\/span> <span class=\"meta-nav\">&rarr;<\/span><\/a><\/p>\n","protected":false},"author":3,"featured_media":0,"parent":0,"menu_order":0,"comment_status":"closed","ping_status":"closed","template":"","meta":{"footnotes":""},"class_list":["post-43","page","type-page","status-publish","hentry"],"_links":{"self":[{"href":"https:\/\/fundacionexe.org\/workshops\/econval17\/wp-json\/wp\/v2\/pages\/43","targetHints":{"allow":["GET"]}}],"collection":[{"href":"https:\/\/fundacionexe.org\/workshops\/econval17\/wp-json\/wp\/v2\/pages"}],"about":[{"href":"https:\/\/fundacionexe.org\/workshops\/econval17\/wp-json\/wp\/v2\/types\/page"}],"author":[{"embeddable":true,"href":"https:\/\/fundacionexe.org\/workshops\/econval17\/wp-json\/wp\/v2\/users\/3"}],"replies":[{"embeddable":true,"href":"https:\/\/fundacionexe.org\/workshops\/econval17\/wp-json\/wp\/v2\/comments?post=43"}],"version-history":[{"count":5,"href":"https:\/\/fundacionexe.org\/workshops\/econval17\/wp-json\/wp\/v2\/pages\/43\/revisions"}],"predecessor-version":[{"id":69,"href":"https:\/\/fundacionexe.org\/workshops\/econval17\/wp-json\/wp\/v2\/pages\/43\/revisions\/69"}],"wp:attachment":[{"href":"https:\/\/fundacionexe.org\/workshops\/econval17\/wp-json\/wp\/v2\/media?parent=43"}],"curies":[{"name":"wp","href":"https:\/\/api.w.org\/{rel}","templated":true}]}}