{"id":87,"date":"2017-07-24T10:20:42","date_gmt":"2017-07-24T09:20:42","guid":{"rendered":"http:\/\/fundacionexe.org\/workshops\/econval17\/?page_id=87"},"modified":"2017-07-24T10:21:54","modified_gmt":"2017-07-24T09:21:54","slug":"presentacio","status":"publish","type":"page","link":"https:\/\/fundacionexe.org\/workshops\/econval17\/presentacio\/","title":{"rendered":"Presentaci\u00f3"},"content":{"rendered":"<h2>II Workshop d&#8217;Economia Valeciana<\/h2>\n<h4>20 i 21 Octubre 2017, Castell\u00f3<\/h4>\n<p>L\u2019economia valenciana funciona b\u00e0sicament gr\u00e0cies a una tradicionalment extensa xarxa de mitjanes i xicotetes empreses. Durant d\u00e8cades, els nostres sectors tradicionals s\u2019han mostrat din\u00e0mics i oberts als mercats exteriors, el que ha comportat riquesa, benestar i oportunitats per als nostres ciutadans. Aquest model singular de fer empresa ha sigut una fortalesa que ens ha caracteritzat durant segles, i que segurament ser\u00e0 decisiva en l\u2019actual cru\u00eflla en la que estem.<\/p>\n<p>Actualment, i no \u00fanicament degut a la crisi econ\u00f2mica, molts dels motors que impulsaven a l\u2019empresa valenciana han desaparegut o s\u2019han tornat molt febles, situant en una profunda crisi al nostre model productiu com a societat. La pr\u00e0ctica destrucci\u00f3 de diversos sectors industrials, la desaparici\u00f3 de la majoria de les institucions financeres pr\u00f2pies o la p\u00e8rdua de competitivitat en els mercats internacionals han posat de manifest les greus dificultats que pateix el nostre model empresarial.<\/p>\n<p>Seguint la l\u00ednia encetada en 2016 amb el I Workshop d\u2019Economia Valenciana celebrat a la ciutat de Val\u00e8ncia, aquest segon workshop persegueix \u2013d\u2019una banda- identificar els reptes i les oportunitats que t\u00e9 l\u2019empresa valenciana al seu davant, i \u2013d\u2019una altra- proposar actuacions amples i variades amb l\u2019objectiu de reinventar un nou model productiu per a la nostra societat. Sense eixe nou model econ\u00f2mic, responsable i competitiu, els valencians no aconseguirem reeixir de l\u2019actual crisi econ\u00f2mica i social. Un nou model que ha de tornar a ser innovador, obert al m\u00f3n i socialment responsable.<\/p>\n","protected":false},"excerpt":{"rendered":"<p>II Workshop d&#8217;Economia Valeciana 20 i 21 Octubre 2017, Castell\u00f3 L\u2019economia valenciana funciona b\u00e0sicament gr\u00e0cies a una tradicionalment extensa xarxa de mitjanes i xicotetes empreses. Durant d\u00e8cades, els nostres sectors tradicionals s\u2019han mostrat din\u00e0mics i oberts als mercats exteriors, el que ha comportat riquesa, benestar i oportunitats per als nostres ciutadans. Aquest model singular de &hellip; <a href=\"https:\/\/fundacionexe.org\/workshops\/econval17\/presentacio\/\" class=\"more-link\">Continua la lectura de <span class=\"screen-reader-text\">Presentaci\u00f3<\/span> <span class=\"meta-nav\">&rarr;<\/span><\/a><\/p>\n","protected":false},"author":3,"featured_media":0,"parent":0,"menu_order":0,"comment_status":"closed","ping_status":"closed","template":"","meta":{"footnotes":""},"class_list":["post-87","page","type-page","status-publish","hentry"],"_links":{"self":[{"href":"https:\/\/fundacionexe.org\/workshops\/econval17\/wp-json\/wp\/v2\/pages\/87","targetHints":{"allow":["GET"]}}],"collection":[{"href":"https:\/\/fundacionexe.org\/workshops\/econval17\/wp-json\/wp\/v2\/pages"}],"about":[{"href":"https:\/\/fundacionexe.org\/workshops\/econval17\/wp-json\/wp\/v2\/types\/page"}],"author":[{"embeddable":true,"href":"https:\/\/fundacionexe.org\/workshops\/econval17\/wp-json\/wp\/v2\/users\/3"}],"replies":[{"embeddable":true,"href":"https:\/\/fundacionexe.org\/workshops\/econval17\/wp-json\/wp\/v2\/comments?post=87"}],"version-history":[{"count":2,"href":"https:\/\/fundacionexe.org\/workshops\/econval17\/wp-json\/wp\/v2\/pages\/87\/revisions"}],"predecessor-version":[{"id":90,"href":"https:\/\/fundacionexe.org\/workshops\/econval17\/wp-json\/wp\/v2\/pages\/87\/revisions\/90"}],"wp:attachment":[{"href":"https:\/\/fundacionexe.org\/workshops\/econval17\/wp-json\/wp\/v2\/media?parent=87"}],"curies":[{"name":"wp","href":"https:\/\/api.w.org\/{rel}","templated":true}]}}