{"id":11,"date":"2018-07-23T13:35:26","date_gmt":"2018-07-23T11:35:26","guid":{"rendered":"http:\/\/fundacionexe.org\/workshops\/econval18\/?page_id=11"},"modified":"2018-10-03T13:55:24","modified_gmt":"2018-10-03T11:55:24","slug":"convocatoria-de-comunicacions","status":"publish","type":"page","link":"https:\/\/fundacionexe.org\/workshops\/econval18\/convocatoria-de-comunicacions\/","title":{"rendered":"Convocat\u00f2ria de comunicacions"},"content":{"rendered":"<p class=\"is-large-text\">\ufeff<strong>Temes d\u2019inter\u00e8s<\/strong><\/p><p>El comit\u00e8 cient\u00edfic anima a presentar comunicacions que posen en valor estudis emp\u00edrics de rellev\u00e0ncia per als professionals de l\u2019economia i l\u2019empresa valencianes. Els temes d\u2019inter\u00e8s inclouen les seg\u00fcents \u00e0rees de coneixement:<\/p><ul class=\"wp-block-list\">\n\t<li>PIMEs i empresa familiar.<\/li>\n\t<li>Finan\u00e7ament auton\u00f2mic i local.<\/li>\n\t<li>Tributaci\u00f3 auton\u00f2mica i local.<\/li>\n\t<li>Mobilitat, transport i infraestructures<\/li>\n\t<li>Ordenaci\u00f3 del territori, urbanisme i habitatge.<\/li>\n\t<li>Log\u00edstica i gesti\u00f3 de la cadena de subministrament.<\/li>\n\t<li>Industrialitzaci\u00f3.<\/li>\n\t<li>Sectors productius valencians i districtes industrials.<\/li>\n\t<li>Nova economia.<\/li>\n\t<li>Tecnologies de la informaci\u00f3 i la comunicaci\u00f3.<\/li>\n\t<li>R+D+i i gesti\u00f3 de la innovaci\u00f3.<\/li>\n\t<li>Emprenedoria i <em>start-ups<\/em>.<\/li>\n\t<li>Entorn empresarial i estrat\u00e8gia competitiva<\/li>\n\t<li>Aliances estrat\u00e8giques<\/li>\n\t<li>Estrat\u00e8gies i pol\u00edtiques de recursos humans<\/li>\n\t<li>Internacionalitzaci\u00f3 de l\u2019empresa.<\/li>\n\t<li>An\u00e0lisi de mercats i consumidors<\/li>\n\t<li>M\u00e0rqueting operatiu.<\/li>\n\t<li>\u00c8tica empresarial, responsabilitat social corporativa i govern de l\u2019empresa.<\/li>\n\t<li>Mercat financer valenci\u00e0, entitats financeres i finan\u00e7ament per a PIMEs.<\/li>\n\t<li>Economia social i cooperativa.<\/li>\n\t<li>Desenvolupament, creixement econ\u00f2mic i competitivitat de l\u2019economia valenciana.<\/li>\n\t<li>Capital hum\u00e0.<\/li>\n\t<li>Economia del turisme.<\/li>\n\t<li>Economia de la cultura i ind\u00fastries creatives.<\/li>\n\t<li>Economia regional, pol\u00edtiques urbanes i governan\u00e7a.<\/li>\n\t<li>Economia dels recursos naturals, l\u2019 energia i el medi ambient<\/li>\n\t<li>Economia de la salut, l\u2019educaci\u00f3 i el benestar.<\/li>\n\t<li>Economia p\u00fablica.<\/li>\n\t<li>Economia laboral i demogr\u00e0fica.<\/li>\n\t<li>Hist\u00f2ria econ\u00f2mica valenciana.<\/li>\n\t<li>Poblaci\u00f3 i moviments migratoris.<\/li>\n<\/ul><p class=\"is-large-text\"><strong>Dates importants<\/strong><\/p><ul class=\"wp-block-list\">\n\t<li><strong>AMPLIACI\u00d3 TERMINI Data l\u00edmit d&#8217;enviament de comunicacions:<\/strong> 4 d&#8217;octubre de 2018<\/li>\n\t<li><strong>Notificaci\u00f3 d&#8217;acceptaci\u00f3 als autors:<\/strong> 27 de setembre de 2018<\/li>\n\t<li><strong>Inscripci\u00f3n al workshop:<\/strong> 3 d&#8217;octubre de 2018<\/li>\n\t<li><strong>Dates del workshop:<\/strong> 18 &#8211; 19 d&#8217;octubre de 2018<br \/><\/li>\n<\/ul><p class=\"is-large-text\">\ufeff<strong>Publicaci\u00f3<\/strong><\/p><p>Tots els resums dels treballs acceptats apareixeran en les actes del <em>Workshop<\/em> amb ISBN. Aix\u00ed mateix, es proposar\u00e0 als autors la publicaci\u00f3 dels seus treballs en una publicaci\u00f3 de la Universitat de Val\u00e8ncia.<\/p><p class=\"is-large-text\"><strong>Instruccions per als autors\ufeff<\/strong><\/p><p>Els autors estan convidats a presentar treballs originals i in\u00e8dits. Tots els treballs seran revisats pel comit\u00e8 cient\u00edfic tenint en compte la seua originalitat, rellev\u00e0ncia, solidesa metodol\u00f2gica i claredat expositiva.<\/p><ol class=\"wp-block-list\">\n\t<li>Els treballs que es presenten han d\u2019estar escrits en valenci\u00e0, castell\u00e0 o angl\u00e8s, i han d&#8217;estar en format Word.\u00a0<\/li>\n\t<li>En qualsevol cas, el t\u00edtol i el resum s\u2019hauran de presentar tant en valenci\u00e0, com en castell\u00e0 i en angl\u00e8s.<br \/><\/li>\n\t<li>Cada comunicaci\u00f3 tindr\u00e0 un m\u00e0xim de 25 p\u00e0gines (mida A4), incloent el text, les refer\u00e8ncies bibliogr\u00e0fiques, les figures i les taules. <br \/><\/li>\n\t<li>El resum tindr\u00e0 una extensi\u00f3 m\u00ednima de 100 paraules i m\u00e0xima de 400 paraules.<br \/><\/li>\n\t<li>Aquestes directrius s\u00f3n d\u2019estricte compliment, i totes aquelles comunicacions que no les satisfacen seran excloses en el moment de la revisi\u00f3 pel comit\u00e8 cient\u00edfic.<\/li>\n\t<li>L&#8217;enviament d&#8217;una comunicaci\u00f3 implica la disposici\u00f3n d&#8217;almenys un dels seus autor per a inscriure&#8217;s, asistir a la confer\u00e8ncia i presentar el paper.\u00a0<\/li>\n\t<li>Cal enviar les comunicaciones d&#8217;acord a aquests instrucciones a trav\u00e9s de la seg\u00fcent plataforma <a href=\"https:\/\/easychair.org\/conferences\/?conf=econval18\">https:\/\/easychair.org\/conferences\/?conf=econval18\ufeff<\/a>\u00a0abans del 22 de setembre de 2018 (incl\u00f2s). La plataforma us demanar\u00e0 que creeu un usuari a partir del qual poder gestionar els vostres enviaments.\u00a0<\/li>\n<\/ol><p class=\"is-large-text\"><strong>\ufeffCondicions de participaci\u00f3<\/strong><\/p><ol class=\"wp-block-list\">\n\t<li>Tots els treballs seran sotmesos a un proc\u00e9s d\u2019avaluaci\u00f3 an\u00f2nima.<\/li>\n\t<li>Els autors rebran per correu electr\u00f2nic la informaci\u00f3 relativa a l\u2019avaluaci\u00f3 del seu treball, aix\u00ed com la decisi\u00f3 del comit\u00e8 cient\u00edfic respecte a l\u2019acceptaci\u00f3 o no per a la seua presentaci\u00f3 en el marc de les sessions paral\u00b7leles del <em>Workshop<\/em>.<\/li>\n\t<li>L\u2019acceptaci\u00f3 d\u2019una comunicaci\u00f3 suposa que almenys un dels autors ha d\u2019inscriure\u2019s al <em>Workshop<\/em> i presentar el treball. Els treballs finalment acceptats seran objecte d\u2019un comentari cr\u00edtic per part d\u2019un relator, per tal de fomentar el debat.<\/li>\n\t<li>El nombre m\u00e0xim de treballs d&#8217;un mateix autor que seran admesos \u00e9s de tres.<\/li>\n\t<li>La inscripci\u00f3\u00a0en el\u00a0Worshop\u00a0\u00e9s gratu\u00efta, no obstant \u00e9s necessari emplenar el formulari de participaci\u00f3.<\/li>\n<\/ol>","protected":false},"excerpt":{"rendered":"<p>\ufeffTemes d\u2019inter\u00e8s El comit\u00e8 cient\u00edfic anima a presentar comunicacions que posen en valor estudis emp\u00edrics de rellev\u00e0ncia per als professionals de l\u2019economia i l\u2019empresa valencianes. Els temes d\u2019inter\u00e8s inclouen les seg\u00fcents \u00e0rees de coneixement: PIMEs i empresa familiar. Finan\u00e7ament auton\u00f2mic i local. Tributaci\u00f3 auton\u00f2mica i local. Mobilitat, transport i infraestructures Ordenaci\u00f3 del territori, urbanisme i &hellip; <a href=\"https:\/\/fundacionexe.org\/workshops\/econval18\/convocatoria-de-comunicacions\/\" class=\"more-link\">Continua la lectura de <span class=\"screen-reader-text\">Convocat\u00f2ria de comunicacions<\/span> <span class=\"meta-nav\">&rarr;<\/span><\/a><\/p>\n","protected":false},"author":3,"featured_media":0,"parent":0,"menu_order":0,"comment_status":"closed","ping_status":"closed","template":"","meta":{"footnotes":""},"class_list":["post-11","page","type-page","status-publish","hentry"],"_links":{"self":[{"href":"https:\/\/fundacionexe.org\/workshops\/econval18\/wp-json\/wp\/v2\/pages\/11","targetHints":{"allow":["GET"]}}],"collection":[{"href":"https:\/\/fundacionexe.org\/workshops\/econval18\/wp-json\/wp\/v2\/pages"}],"about":[{"href":"https:\/\/fundacionexe.org\/workshops\/econval18\/wp-json\/wp\/v2\/types\/page"}],"author":[{"embeddable":true,"href":"https:\/\/fundacionexe.org\/workshops\/econval18\/wp-json\/wp\/v2\/users\/3"}],"replies":[{"embeddable":true,"href":"https:\/\/fundacionexe.org\/workshops\/econval18\/wp-json\/wp\/v2\/comments?post=11"}],"version-history":[{"count":14,"href":"https:\/\/fundacionexe.org\/workshops\/econval18\/wp-json\/wp\/v2\/pages\/11\/revisions"}],"predecessor-version":[{"id":181,"href":"https:\/\/fundacionexe.org\/workshops\/econval18\/wp-json\/wp\/v2\/pages\/11\/revisions\/181"}],"wp:attachment":[{"href":"https:\/\/fundacionexe.org\/workshops\/econval18\/wp-json\/wp\/v2\/media?parent=11"}],"curies":[{"name":"wp","href":"https:\/\/api.w.org\/{rel}","templated":true}]}}