{"id":229,"date":"2018-10-16T20:32:38","date_gmt":"2018-10-16T18:32:38","guid":{"rendered":"http:\/\/fundacionexe.org\/workshops\/econval18\/?page_id=229"},"modified":"2018-10-16T21:33:49","modified_gmt":"2018-10-16T19:33:49","slug":"comunicacions","status":"publish","type":"page","link":"https:\/\/fundacionexe.org\/workshops\/econval18\/comunicacions\/","title":{"rendered":"Comunicacions"},"content":{"rendered":"<p>A continuaci\u00f3 podeu llegir les comunicacions presentades i aprovades del III Workshop d&#8217;Economia Valenciana. Feu click damunt del t\u00edtol per llegir l&#8217;abstract i, si us interessa, consulteu la comunicaci\u00f3 completa.<\/p><ul class=\"wp-block-list\">\n\t<li><a href=\"http:\/\/fundacionexe.org\/workshops\/econval18\/wp-content\/uploads\/sites\/10\/2018\/10\/Econval18_paper_1.pdf\">Influ\u00e8ncia de la naturalesa de les dades en els estudis regionals. Una mirada al passat a la\u00a0Comunitat Valenciana<\/a><br \/><em>M\u00aa Isabel L\u00f3pez Rodr\u00edguez, Daniel Gonzalo Palac\u00ed-L\u00f3pez i Jes\u00fas Palac\u00ed<\/em><\/li>\n<\/ul><ul class=\"wp-block-list\">\n\t<li><a href=\"http:\/\/fundacionexe.org\/workshops\/econval18\/wp-content\/uploads\/sites\/10\/2018\/10\/Econval18_paper_6.pdf\">La desigualdad regional en Espa\u00f1a (1860-2015): la Comunitat Valenciana en la encrucijada<\/a><br \/><em>Daniel A. Tirado-Fabregat, Julio Martinez-Galarraga i Alfonso Diez-Minguela<\/em><\/li>\n<\/ul><ul class=\"wp-block-list\">\n\t<li><a href=\"http:\/\/fundacionexe.org\/workshops\/econval18\/wp-content\/uploads\/sites\/10\/2018\/10\/Econval18_paper_15.pdf\">L\u2019endarreriment econ\u00f2mic valenci\u00e0<\/a><br \/><em>Antonio Cubel Montesinos, Maria Jos\u00e9 Murgui-Garcia i Ram\u00f3n Ruiz-Tamarit<\/em><\/li>\n<\/ul><ul class=\"wp-block-list\">\n\t<li>Resili\u00e8ncia econ\u00f2mica: el cas valenci\u00e0<br \/><em>Javier Escrib\u00e1-P\u00e9rez, Mar\u00eda Jos\u00e9 Murgui-Garc\u00eda i Ram\u00f3n Ruiz-Tamarit<\/em><\/li>\n<\/ul><ul class=\"wp-block-list\">\n\t<li>Proposal for development and enhancement of the branch of the Via Augusta in the towns of\u00a0Oliva, Piles, Miramar, Guardamar and Daim\u00fas in the region of La Safor<br \/><em>Pau Perez-Ledo i Rom\u00e0 Torres Bataller<\/em><\/li>\n<\/ul><ul class=\"wp-block-list\">\n\t<li><a href=\"http:\/\/fundacionexe.org\/workshops\/econval18\/wp-content\/uploads\/sites\/10\/2018\/10\/Econval18_paper_11.pdf\">La integraci\u00f3n del turismo en el parque natural del Turia: una evaluaci\u00f3n de la ISO 18065:2016\u00a0desde la mirada de los actores locale\ufeff<\/a><br \/><em>\u00c1ngel Mart\u00ednez Garc\u00eda<\/em><\/li>\n<\/ul><ul class=\"wp-block-list\">\n\t<li><a href=\"http:\/\/fundacionexe.org\/workshops\/econval18\/wp-content\/uploads\/sites\/10\/2018\/10\/Econval18_paper_8.pdf\">Pa\u00eds Valenci\u00e0: an\u00e1lisis y alternativas<\/a><br \/><em>Daniel Peidro<\/em><\/li>\n<\/ul><ul class=\"wp-block-list\">\n\t<li>Changes in entrepreneurial intentions over time: a longitudinal case study in the Spanish\u00a0construction industry<br \/><em>Colin Donaldson, Joaquin Alegre i Francisco Linan<\/em><\/li>\n<\/ul><ul class=\"wp-block-list\">\n\t<li><a href=\"http:\/\/fundacionexe.org\/workshops\/econval18\/wp-content\/uploads\/sites\/10\/2018\/10\/Econval18_paper_18.pdf\">Caracteritzaci\u00f3 de l\u2019emprenedor agrari a Espanya amb dades del GEM<\/a><br \/><em>Julia Ferrandiz, Andrea Conchado i Gabriel Garc\u00eda<\/em><\/li>\n<\/ul><ul class=\"wp-block-list\">\n\t<li><a href=\"http:\/\/fundacionexe.org\/workshops\/econval18\/wp-content\/uploads\/sites\/10\/2018\/10\/Econval18_paper_13.pdf\">El possible impost valenci\u00e0 a les begudes<\/a><br \/><em>Pau Fayos Montagud<\/em><\/li>\n<\/ul><ul class=\"wp-block-list\">\n\t<li><a href=\"http:\/\/fundacionexe.org\/workshops\/econval18\/wp-content\/uploads\/sites\/10\/2018\/10\/Econval18_paper_14.pdf\">An\u00e1lisis de la financiaci\u00f3n auton\u00f3mica y la atenci\u00f3n a la dependencia 2009 a 2015<\/a><br \/><em>Guillem Rodrigo Callej\u00f3n i Rafael Granell P\u00e9rez<\/em><\/li>\n<\/ul><ul class=\"wp-block-list\">\n\t<li><a href=\"http:\/\/fundacionexe.org\/workshops\/econval18\/wp-content\/uploads\/sites\/10\/2018\/10\/Econval18_paper_3.pdf\">La renta valenciana de inclusi\u00f3n: efecto sobre la pobreza, la desigualdad y la econom\u00eda\u00a0valenciana<\/a><br \/><em>Rafael Granell, Amadeo Fuenmayor i Teresa Savall<\/em><br \/><\/li>\n<\/ul><ul class=\"wp-block-list\">\n\t<li><a href=\"http:\/\/fundacionexe.org\/workshops\/econval18\/wp-content\/uploads\/sites\/10\/2018\/10\/Econval18_paper_7.pdf\">Spatial effect of debt: evidence from Valencian municipalities<\/a><br \/><em>Maria Teresa Balaguer Coll i Mariya Ivanova Toneva<\/em><\/li>\n<\/ul><ul class=\"wp-block-list\">\n\t<li><a href=\"http:\/\/fundacionexe.org\/workshops\/econval18\/wp-content\/uploads\/sites\/10\/2018\/10\/Econval18_paper_16.pdf\">What is Zara doing in my cluster? Unfolding multinationals access to local tacit knowledge\u00a0through recruiting strategies<\/a><br \/><em>Jose Luis Hervas Oliver i Jose Antonio Belso Martinez<\/em><br \/><\/li>\n<\/ul><ul class=\"wp-block-list\">\n\t<li>The entry of MNEs in leading clusters: the case of Castellon and Sassuolo<br \/><em>Fiorenza Belussi, Luis Martinez-Chafer, F. Xavier Molina-Morales i David Valiente-Bordanova<\/em><\/li>\n<\/ul><ul class=\"wp-block-list\">\n\t<li><a href=\"http:\/\/fundacionexe.org\/workshops\/econval18\/wp-content\/uploads\/sites\/10\/2018\/10\/Econval18_paper_19.pdf\">El problema de la aplicaci\u00f3n sistem\u00e1tica del reglamento general de protecci\u00f3n de datos\u00a0(RGPD) en la \u00e9tica de la PYME<\/a><br \/><em>Jose Rodolfo Hernandez-Carrion i David Benjamin Ruiz-Hall<\/em><\/li>\n<\/ul><ul class=\"wp-block-list\">\n\t<li><a href=\"http:\/\/fundacionexe.org\/workshops\/econval18\/wp-content\/uploads\/sites\/10\/2018\/10\/Econval18_paper_17.pdf\">Redefining (ex-ante) evaluation processes<\/a><br \/><em>Marta R. Casanova<\/em><br \/><\/li>\n<\/ul><ul class=\"wp-block-list\">\n\t<li><a href=\"http:\/\/fundacionexe.org\/workshops\/econval18\/wp-content\/uploads\/sites\/10\/2018\/10\/Econval18_paper_4.pdf\">Modelitzaci\u00f3 i evoluci\u00f3 de la despesa familiar a nivell regional en el per\u00edode 2006-2016: el cas\u00a0de la Comunitat Valenciana<\/a><br \/><em>M\u00aa Isabel L\u00f3pez Rodr\u00edguez i Maja Barac\ufeff<\/em><\/li>\n<\/ul>","protected":false},"excerpt":{"rendered":"<p>A continuaci\u00f3 podeu llegir les comunicacions presentades i aprovades del III Workshop d&#8217;Economia Valenciana. Feu click damunt del t\u00edtol per llegir l&#8217;abstract i, si us interessa, consulteu la comunicaci\u00f3 completa. Influ\u00e8ncia de la naturalesa de les dades en els estudis regionals. Una mirada al passat a la\u00a0Comunitat ValencianaM\u00aa Isabel L\u00f3pez Rodr\u00edguez, Daniel Gonzalo Palac\u00ed-L\u00f3pez i &hellip; <a href=\"https:\/\/fundacionexe.org\/workshops\/econval18\/comunicacions\/\" class=\"more-link\">Continua la lectura de <span class=\"screen-reader-text\">Comunicacions<\/span> <span class=\"meta-nav\">&rarr;<\/span><\/a><\/p>\n","protected":false},"author":2,"featured_media":0,"parent":0,"menu_order":0,"comment_status":"closed","ping_status":"closed","template":"","meta":{"footnotes":""},"class_list":["post-229","page","type-page","status-publish","hentry"],"_links":{"self":[{"href":"https:\/\/fundacionexe.org\/workshops\/econval18\/wp-json\/wp\/v2\/pages\/229","targetHints":{"allow":["GET"]}}],"collection":[{"href":"https:\/\/fundacionexe.org\/workshops\/econval18\/wp-json\/wp\/v2\/pages"}],"about":[{"href":"https:\/\/fundacionexe.org\/workshops\/econval18\/wp-json\/wp\/v2\/types\/page"}],"author":[{"embeddable":true,"href":"https:\/\/fundacionexe.org\/workshops\/econval18\/wp-json\/wp\/v2\/users\/2"}],"replies":[{"embeddable":true,"href":"https:\/\/fundacionexe.org\/workshops\/econval18\/wp-json\/wp\/v2\/comments?post=229"}],"version-history":[{"count":4,"href":"https:\/\/fundacionexe.org\/workshops\/econval18\/wp-json\/wp\/v2\/pages\/229\/revisions"}],"predecessor-version":[{"id":250,"href":"https:\/\/fundacionexe.org\/workshops\/econval18\/wp-json\/wp\/v2\/pages\/229\/revisions\/250"}],"wp:attachment":[{"href":"https:\/\/fundacionexe.org\/workshops\/econval18\/wp-json\/wp\/v2\/media?parent=229"}],"curies":[{"name":"wp","href":"https:\/\/api.w.org\/{rel}","templated":true}]}}