{"id":421,"date":"2018-10-31T12:59:32","date_gmt":"2018-10-31T10:59:32","guid":{"rendered":"http:\/\/fundacionexe.org\/workshops\/econval18\/?page_id=421"},"modified":"2018-12-04T13:36:15","modified_gmt":"2018-12-04T11:36:15","slug":"recull-de-premsa","status":"publish","type":"page","link":"https:\/\/fundacionexe.org\/workshops\/econval18\/recull-de-premsa\/","title":{"rendered":"Reculls de premsa"},"content":{"rendered":"<h4 class=\"wp-block-heading\">Novembre 2018<\/h4><ul class=\"wp-block-list\">\n\t<li>24.11.2018 &#8211;<a href=\"https:\/\/economia3.com\/2018\/11\/24\/166194-innovacion-en-la-empresa-valenciana\/\"> Innovaci\u00f3 en l&#8217;empresa valenciana<\/a>, Econom\u00eda 3<\/li>\n<\/ul><p style=\"font-size:18px\"><strong>Octubre 2018<\/strong><\/p><ul class=\"wp-block-list\">\n\t<li>29.10.2018 &#8211; <a href=\"http:\/\/fundacionexe.org\/workshops\/econval18\/2018\/10\/31\/gestionar-el-turisme-per-guanyar-tots\/\">Gestionar el turisme per guanyar tots<\/a>, Expansi\u00f3n<\/li>\n\t<li>29.10.2018 &#8211;\u00a0<a href=\"https:\/\/www.eleconomista.es\/valenciana\/noticias\/9484733\/10\/18\/La-Comunitat-Valenciana-necesita-aumentar-el-numero-de-empresas-innovadoras-segun-los-expertos.html\">La Comunitat Valenciana necessita augmentar el nombre d&#8217;empreses innovadores<\/a>, El Economista 09.10.2018 &#8211;<a href=\"https:\/\/www.levante-emv.com\/opinion\/2018\/10\/09\/posant-via-valenciana-fer-empresa\/1778742.html\"> Posant en valor la &#8216;via valenciana&#8217; de fer empresa<\/a>, Levante EMV\ufeff<\/li>\n\t<li>27.10.2018 &#8211; <a href=\"http:\/\/fundacionexe.org\/workshops\/econval18\/2018\/11\/16\/els-experts-alerten-de-la-necessitat-daugmentar-el-nombre-dempreses-investigadores\/\">Els experts alerten de la necessitat d&#8217;augmentar les empreses innovadores.<\/a> La Raz\u00f3n<\/li>\n\t<li>27.10.2018 &#8211;\u00a0<a href=\"https:\/\/capitalradiocv.es\/los-expertos-alertan-sobre-la-necesidad-de-incrementar-el-numero-de-empresas-innovadoras-en-la-comunidad-valenciana\/\">Els experts alerten sobre la necessitat d&#8217;incrementar el nombre d&#8217;empreses innovadores a la Comunitat Valenciana<\/a>, Capital Radio CV<\/li>\n\t<li>26.10.2018 &#8211; <a href=\"https:\/\/valenciaplaza.com\/los-expertos-alertan-sobre-la-necesidad-de-incrementar-las-empresas-innovadoras-en-la-comunitat\">Els experts alerten sobre la necessitat d&#8217;incrementar les empreses innovadores a la Comunitat<\/a>, Valencia Plaza<\/li>\n\t<li>26.10.2018 &#8211; <a href=\"http:\/\/www.ris3cv.gva.es\/es\/eventos\/-\/asset_publisher\/U9JObqg1C2wD\/content\/iii-workshop-d-economia-valenciana;jsessionid=84C3F48CAFDD9F1FE932A1561F24A92E\">III Workshop d&#8217;Economia Valenciana<\/a>, RIS3CV\u00a0<\/li>\n\t<li>19.10.2018 &#8211; <a href=\"https:\/\/www.eleconomista.es\/valenciana\/noticias\/9464692\/10\/18\/-El-III-Workshop-dEconomia-Valenciana-entrega-los-Premios-Caixa-Popular-a-las-mejores-investigaciones.html\">El III Workshop d\u2019Economia Valenciana entrega els \u2018Premis Caixa Popular\u2019 a les millors investigacions<\/a>, El Economista<\/li>\n\t<li>19.10.2018 &#8211; <a href=\"http:\/\/fundacionexe.org\/workshops\/econval18\/2018\/10\/23\/els-clusters-i-el-turisme-a-examen\/\">Els clusters i el turisme, a examen,<\/a> Expansi\u00f3n<\/li>\n\t<li>18.10.2018 &#8211;\u00a0<a href=\"https:\/\/www.uv.es\/uvweb\/uv-noticias\/ca\/noticies\/facultat-economia-acull-dema-iii-taller-sobre-economia-valenciana-1285973304159\/Novetat.html?id=1286053681580&amp;plantilla=UV_Noticies\/Page\/TPGDetaillNews\">La Facultat d\u2019Economia acull des de dem\u00e0 el III Taller sobre l\u2019Economia Valenciana<\/a>, UV<\/li>\n\t<li>18.10.2018 &#8211;\u00a0<a href=\"http:\/\/www.gacetadelturismo.com\/el-iii-workshop-deconomia-valenciana-presenta-veinte-recetas-para-mejorar-la-economia-regional\/\">El III Workshop d&#8217;Economia Valenciana presenta vint receptes per a millorar l&#8217;economia regional<\/a>, Gaceta del Turismo<\/li>\n\t<li>17.10.2018 &#8211; <a href=\"http:\/\/fundacionexe.org\/workshops\/econval18\/2018\/10\/17\/la-upv-y-la-uv-acogen-el-iii-workshop-de-economia-valenciana-el-jueves-18-y-el-viernes-19-de-octubre\/\">La UPV i la UV acullen el III Workshop d&#8217;Economia Valenciana dijous 18 i el divendres 19 d&#8217;octubre<\/a>, UPV<\/li>\n\t<li>17.10.2018 &#8211;\u00a0<a href=\"http:\/\/locampusdiari.com\/arxius\/42686\">La Facultat d\u2019Economia de la Universitat de Val\u00e8ncia acull aquest dijous el \u201cIII Workshop d\u2019Economia Valenciana\u201d<\/a>, Lo Campus Diari<\/li>\n\t<li>17.10.2018 &#8211; <a href=\"https:\/\/www.noticiasde.es\/comunidad-valenciana\/rafa-climent-inaugura-el-iii-workshop-deconomia-valenciana\/\">Rafa Climent inaugura el III Workshop d&#8217;Economia Valenciana<\/a>, Noticiasde<\/li>\n\t<li>16.10.2018 &#8211;<a href=\"http:\/\/fundacionexe.org\/workshops\/econval18\/2018\/10\/17\/la-hora-de-los-clusters\/\"> L&#8217;hora dels cl\u00fasters<\/a>, El Mundo<\/li>\n\t<li>16.10.2018 &#8211;\u00a0<a href=\"http:\/\/fundacionexe.org\/workshops\/econval18\/2018\/11\/08\/investigadors-i-empresaris-analitzen-leconomia\/\">Investigadors i empresaris analitzen l\u2019economia<\/a>, El Mundo<\/li>\n\t<li>12.10.2018 &#8211;\u00a0<a href=\"http:\/\/cadenaser.com\/emisora\/2018\/10\/12\/radio_valencia\/1539344373_210992.html\">Tot preparat per al Workshop d&#8217;Economia Valenciana, la major trobada d&#8217;an\u00e0lisi entre acad\u00e8mics i empresaris a nivell auton\u00f2mic<\/a>, Cadena SER<br \/><\/li>\n<\/ul>","protected":false},"excerpt":{"rendered":"<p>Novembre 2018 24.11.2018 &#8211; Innovaci\u00f3 en l&#8217;empresa valenciana, Econom\u00eda 3 Octubre 2018 29.10.2018 &#8211; Gestionar el turisme per guanyar tots, Expansi\u00f3n 29.10.2018 &#8211;\u00a0La Comunitat Valenciana necessita augmentar el nombre d&#8217;empreses innovadores, El Economista 09.10.2018 &#8211; Posant en valor la &#8216;via valenciana&#8217; de fer empresa, Levante EMV\ufeff 27.10.2018 &#8211; Els experts alerten de la necessitat d&#8217;augmentar &hellip; <a href=\"https:\/\/fundacionexe.org\/workshops\/econval18\/recull-de-premsa\/\" class=\"more-link\">Continua la lectura de <span class=\"screen-reader-text\">Reculls de premsa<\/span> <span class=\"meta-nav\">&rarr;<\/span><\/a><\/p>\n","protected":false},"author":3,"featured_media":0,"parent":0,"menu_order":0,"comment_status":"closed","ping_status":"closed","template":"","meta":{"footnotes":""},"class_list":["post-421","page","type-page","status-publish","hentry"],"_links":{"self":[{"href":"https:\/\/fundacionexe.org\/workshops\/econval18\/wp-json\/wp\/v2\/pages\/421","targetHints":{"allow":["GET"]}}],"collection":[{"href":"https:\/\/fundacionexe.org\/workshops\/econval18\/wp-json\/wp\/v2\/pages"}],"about":[{"href":"https:\/\/fundacionexe.org\/workshops\/econval18\/wp-json\/wp\/v2\/types\/page"}],"author":[{"embeddable":true,"href":"https:\/\/fundacionexe.org\/workshops\/econval18\/wp-json\/wp\/v2\/users\/3"}],"replies":[{"embeddable":true,"href":"https:\/\/fundacionexe.org\/workshops\/econval18\/wp-json\/wp\/v2\/comments?post=421"}],"version-history":[{"count":11,"href":"https:\/\/fundacionexe.org\/workshops\/econval18\/wp-json\/wp\/v2\/pages\/421\/revisions"}],"predecessor-version":[{"id":1548,"href":"https:\/\/fundacionexe.org\/workshops\/econval18\/wp-json\/wp\/v2\/pages\/421\/revisions\/1548"}],"wp:attachment":[{"href":"https:\/\/fundacionexe.org\/workshops\/econval18\/wp-json\/wp\/v2\/media?parent=421"}],"curies":[{"name":"wp","href":"https:\/\/api.w.org\/{rel}","templated":true}]}}