{"id":472,"date":"2018-11-27T13:16:10","date_gmt":"2018-11-27T11:16:10","guid":{"rendered":"http:\/\/fundacionexe.org\/workshops\/econval18\/?page_id=472"},"modified":"2018-12-04T13:50:31","modified_gmt":"2018-12-04T11:50:31","slug":"media","status":"publish","type":"page","link":"https:\/\/fundacionexe.org\/workshops\/econval18\/media\/","title":{"rendered":"M\u00e8dia"},"content":{"rendered":"<p>V\u00eddeos<\/p><figure class=\"wp-block-embed-youtube wp-block-embed aligncenter is-type-video is-provider-youtube\">\n\t<iframe loading=\"lazy\" title=\"V\u00eddeo resum III Workshop d&#039;Economia Valenciana\" width=\"604\" height=\"340\" src=\"https:\/\/www.youtube.com\/embed\/b5l5zUx9w-Q?start=7&#038;feature=oembed\" frameborder=\"0\" allow=\"accelerometer; autoplay; clipboard-write; encrypted-media; gyroscope; picture-in-picture; web-share\" referrerpolicy=\"strict-origin-when-cross-origin\" allowfullscreen><\/iframe>\n<\/figure><figure class=\"wp-block-embed-youtube wp-block-embed aligncenter is-type-video is-provider-youtube\">\n\t<iframe loading=\"lazy\" title=\"Inauguraci\u00f3 III Workshop d&#039;Economia Valenciana\" width=\"604\" height=\"340\" src=\"https:\/\/www.youtube.com\/embed\/TMWnPMH06CQ?start=363&#038;feature=oembed\" frameborder=\"0\" allow=\"accelerometer; autoplay; clipboard-write; encrypted-media; gyroscope; picture-in-picture; web-share\" referrerpolicy=\"strict-origin-when-cross-origin\" allowfullscreen><\/iframe>\n<\/figure><figure class=\"wp-block-embed-youtube wp-block-embed is-type-video is-provider-youtube\">\n\t<iframe loading=\"lazy\" title=\"Sessi\u00f3 Monogr\u00e0fica : Repensant els  Cl\u00fasters. Teoria i Pr\u00e0ctica - III Workshop d&#039;Economia Valenciana\" width=\"604\" height=\"340\" src=\"https:\/\/www.youtube.com\/embed\/763YpXyBoxQ?start=9&#038;feature=oembed\" frameborder=\"0\" allow=\"accelerometer; autoplay; clipboard-write; encrypted-media; gyroscope; picture-in-picture; web-share\" referrerpolicy=\"strict-origin-when-cross-origin\" allowfullscreen><\/iframe>\n<\/figure><figure class=\"wp-block-embed-youtube wp-block-embed is-type-video is-provider-youtube\">\n\t<iframe loading=\"lazy\" title=\"Sesssi\u00f3 Monogr\u00e0fica: Gesti\u00f3 i Regulaci\u00f3 del Turisme al Pa\u00eds Valenci\u00e0 - III Workshop d&#039;Economia\" width=\"604\" height=\"340\" src=\"https:\/\/www.youtube.com\/embed\/qf-8aV-RzTY?start=1&#038;feature=oembed\" frameborder=\"0\" allow=\"accelerometer; autoplay; clipboard-write; encrypted-media; gyroscope; picture-in-picture; web-share\" referrerpolicy=\"strict-origin-when-cross-origin\" allowfullscreen><\/iframe>\n<\/figure><figure class=\"wp-block-embed-youtube wp-block-embed is-type-video is-provider-youtube\">\n\t<iframe loading=\"lazy\" title=\"Sessi\u00f3: Estrat\u00e8gies empresarials per a l\u2019\u00e8xit - III Workshop d&#039;Economia Valenciana\" width=\"604\" height=\"340\" src=\"https:\/\/www.youtube.com\/embed\/gOstHdu9DbQ?start=11&#038;feature=oembed\" frameborder=\"0\" allow=\"accelerometer; autoplay; clipboard-write; encrypted-media; gyroscope; picture-in-picture; web-share\" referrerpolicy=\"strict-origin-when-cross-origin\" allowfullscreen><\/iframe>\n<\/figure><figure class=\"wp-block-embed-youtube wp-block-embed is-type-video is-provider-youtube\">\n\t<iframe loading=\"lazy\" title=\"Entrega dels &#039;Premis Caixa Popular&#039; a les millors investigacions\" width=\"604\" height=\"340\" src=\"https:\/\/www.youtube.com\/embed\/MXXP1VEnHQc?start=1&#038;feature=oembed\" frameborder=\"0\" allow=\"accelerometer; autoplay; clipboard-write; encrypted-media; gyroscope; picture-in-picture; web-share\" referrerpolicy=\"strict-origin-when-cross-origin\" allowfullscreen><\/iframe>\n<\/figure><figure class=\"wp-block-embed-youtube wp-block-embed is-type-video is-provider-youtube\">\n\t<iframe loading=\"lazy\" title=\"Cloenda del III Workshop d&#039;Economia Valenciana\" width=\"604\" height=\"340\" src=\"https:\/\/www.youtube.com\/embed\/L9DTDuIbjzk?feature=oembed\" frameborder=\"0\" allow=\"accelerometer; autoplay; clipboard-write; encrypted-media; gyroscope; picture-in-picture; web-share\" referrerpolicy=\"strict-origin-when-cross-origin\" allowfullscreen><\/iframe>\n<\/figure><p>\u00a0<\/p><p>Fotos<\/p><ul class=\"wp-block-gallery alignnone columns-3 is-cropped wp-block-gallery-1 is-layout-flex wp-block-gallery-is-layout-flex\">\n\t<li class=\"blocks-gallery-item\">\n\t\t<figure><img decoding=\"async\" src=\"https:\/\/fundacionexe.org\/workshops\/econval18\/wp-content\/uploads\/sites\/10\/2018\/12\/img_7367-3.jpg\" \/><\/figure>\n\t<\/li>\n\t<li class=\"blocks-gallery-item\">\n\t\t<figure><img decoding=\"async\" src=\"https:\/\/fundacionexe.org\/workshops\/econval18\/wp-content\/uploads\/sites\/10\/2018\/12\/img_7375-4.jpg\" \/><\/figure>\n\t<\/li>\n\t<li class=\"blocks-gallery-item\">\n\t\t<figure><img decoding=\"async\" src=\"https:\/\/fundacionexe.org\/workshops\/econval18\/wp-content\/uploads\/sites\/10\/2018\/12\/img_7376-3.jpg\" \/><\/figure>\n\t<\/li>\n\t<li class=\"blocks-gallery-item\">\n\t\t<figure><img decoding=\"async\" src=\"https:\/\/fundacionexe.org\/workshops\/econval18\/wp-content\/uploads\/sites\/10\/2018\/12\/img_7419-4.jpg\" \/><\/figure>\n\t<\/li>\n\t<li class=\"blocks-gallery-item\">\n\t\t<figure><img decoding=\"async\" src=\"https:\/\/fundacionexe.org\/workshops\/econval18\/wp-content\/uploads\/sites\/10\/2018\/12\/img_7422-3.jpg\" \/><\/figure>\n\t<\/li>\n\t<li class=\"blocks-gallery-item\">\n\t\t<figure><img decoding=\"async\" src=\"https:\/\/fundacionexe.org\/workshops\/econval18\/wp-content\/uploads\/sites\/10\/2018\/12\/img_7439-5.jpg\" \/><\/figure>\n\t<\/li>\n\t<li class=\"blocks-gallery-item\">\n\t\t<figure><img decoding=\"async\" src=\"https:\/\/fundacionexe.org\/workshops\/econval18\/wp-content\/uploads\/sites\/10\/2018\/12\/img_7447-5.jpg\" \/><\/figure>\n\t<\/li>\n\t<li class=\"blocks-gallery-item\">\n\t\t<figure><img decoding=\"async\" src=\"https:\/\/fundacionexe.org\/workshops\/econval18\/wp-content\/uploads\/sites\/10\/2018\/12\/img_7468-3.jpg\" \/><\/figure>\n\t<\/li>\n\t<li class=\"blocks-gallery-item\">\n\t\t<figure><img decoding=\"async\" src=\"https:\/\/fundacionexe.org\/workshops\/econval18\/wp-content\/uploads\/sites\/10\/2018\/12\/img_7482-3.jpg\" \/><\/figure>\n\t<\/li>\n\t<li class=\"blocks-gallery-item\">\n\t\t<figure><img decoding=\"async\" src=\"https:\/\/fundacionexe.org\/workshops\/econval18\/wp-content\/uploads\/sites\/10\/2018\/12\/img_7495-2.jpg\" \/><\/figure>\n\t<\/li>\n\t<li class=\"blocks-gallery-item\">\n\t\t<figure><img decoding=\"async\" src=\"https:\/\/fundacionexe.org\/workshops\/econval18\/wp-content\/uploads\/sites\/10\/2018\/12\/img_7532-3.jpg\" \/><\/figure>\n\t<\/li>\n\t<li class=\"blocks-gallery-item\">\n\t\t<figure><img decoding=\"async\" src=\"https:\/\/fundacionexe.org\/workshops\/econval18\/wp-content\/uploads\/sites\/10\/2018\/12\/img_7537-2.jpg\" \/><\/figure>\n\t<\/li>\n\t<li class=\"blocks-gallery-item\">\n\t\t<figure><img decoding=\"async\" src=\"https:\/\/fundacionexe.org\/workshops\/econval18\/wp-content\/uploads\/sites\/10\/2018\/12\/img_7544-4.jpg\" \/><\/figure>\n\t<\/li>\n\t<li class=\"blocks-gallery-item\">\n\t\t<figure><img decoding=\"async\" src=\"https:\/\/fundacionexe.org\/workshops\/econval18\/wp-content\/uploads\/sites\/10\/2018\/12\/img_7548-3.jpg\" \/><\/figure>\n\t<\/li>\n\t<li class=\"blocks-gallery-item\">\n\t\t<figure><img decoding=\"async\" src=\"https:\/\/fundacionexe.org\/workshops\/econval18\/wp-content\/uploads\/sites\/10\/2018\/12\/img_7554-3.jpg\" \/><\/figure>\n\t<\/li>\n\t<li class=\"blocks-gallery-item\">\n\t\t<figure><img decoding=\"async\" src=\"https:\/\/fundacionexe.org\/workshops\/econval18\/wp-content\/uploads\/sites\/10\/2018\/12\/img_7566-4.jpg\" \/><\/figure>\n\t<\/li>\n\t<li class=\"blocks-gallery-item\">\n\t\t<figure><img decoding=\"async\" src=\"https:\/\/fundacionexe.org\/workshops\/econval18\/wp-content\/uploads\/sites\/10\/2018\/12\/img_7572-4.jpg\" \/><\/figure>\n\t<\/li>\n\t<li class=\"blocks-gallery-item\">\n\t\t<figure><img decoding=\"async\" src=\"https:\/\/fundacionexe.org\/workshops\/econval18\/wp-content\/uploads\/sites\/10\/2018\/12\/img_7586-3.jpg\" \/><\/figure>\n\t<\/li>\n\t<li class=\"blocks-gallery-item\">\n\t\t<figure><img decoding=\"async\" src=\"https:\/\/fundacionexe.org\/workshops\/econval18\/wp-content\/uploads\/sites\/10\/2018\/12\/img_7590-2.jpg\" \/><\/figure>\n\t<\/li>\n\t<li class=\"blocks-gallery-item\">\n\t\t<figure><img decoding=\"async\" src=\"https:\/\/fundacionexe.org\/workshops\/econval18\/wp-content\/uploads\/sites\/10\/2018\/12\/img_7599-3.jpg\" \/><\/figure>\n\t<\/li>\n\t<li class=\"blocks-gallery-item\">\n\t\t<figure><img decoding=\"async\" src=\"https:\/\/fundacionexe.org\/workshops\/econval18\/wp-content\/uploads\/sites\/10\/2018\/12\/img_7625-4.jpg\" \/><\/figure>\n\t<\/li>\n\t<li class=\"blocks-gallery-item\">\n\t\t<figure><img decoding=\"async\" src=\"https:\/\/fundacionexe.org\/workshops\/econval18\/wp-content\/uploads\/sites\/10\/2018\/12\/img_7631-4.jpg\" \/><\/figure>\n\t<\/li>\n\t<li class=\"blocks-gallery-item\">\n\t\t<figure><img decoding=\"async\" src=\"https:\/\/fundacionexe.org\/workshops\/econval18\/wp-content\/uploads\/sites\/10\/2018\/12\/img_7681-5.jpg\" \/><\/figure>\n\t<\/li>\n\t<li class=\"blocks-gallery-item\">\n\t\t<figure><img decoding=\"async\" src=\"https:\/\/fundacionexe.org\/workshops\/econval18\/wp-content\/uploads\/sites\/10\/2018\/12\/img_7719-4.jpg\" \/><\/figure>\n\t<\/li>\n\t<li class=\"blocks-gallery-item\">\n\t\t<figure><img decoding=\"async\" src=\"https:\/\/fundacionexe.org\/workshops\/econval18\/wp-content\/uploads\/sites\/10\/2018\/12\/img_7723-2.jpg\" \/><\/figure>\n\t<\/li>\n\t<li class=\"blocks-gallery-item\">\n\t\t<figure><img decoding=\"async\" src=\"https:\/\/fundacionexe.org\/workshops\/econval18\/wp-content\/uploads\/sites\/10\/2018\/12\/img_7737-4.jpg\" \/><\/figure>\n\t<\/li>\n\t<li class=\"blocks-gallery-item\">\n\t\t<figure><img decoding=\"async\" src=\"https:\/\/fundacionexe.org\/workshops\/econval18\/wp-content\/uploads\/sites\/10\/2018\/12\/img_7749-3.jpg\" \/><\/figure>\n\t<\/li>\n\t<li class=\"blocks-gallery-item\">\n\t\t<figure><img decoding=\"async\" src=\"https:\/\/fundacionexe.org\/workshops\/econval18\/wp-content\/uploads\/sites\/10\/2018\/12\/img_7819-5.jpg\" \/><\/figure>\n\t<\/li>\n\t<li class=\"blocks-gallery-item\">\n\t\t<figure><img decoding=\"async\" src=\"https:\/\/fundacionexe.org\/workshops\/econval18\/wp-content\/uploads\/sites\/10\/2018\/12\/img_7834-4.jpg\" \/><\/figure>\n\t<\/li>\n\t<li class=\"blocks-gallery-item\">\n\t\t<figure><img decoding=\"async\" src=\"https:\/\/fundacionexe.org\/workshops\/econval18\/wp-content\/uploads\/sites\/10\/2018\/12\/img_7846-4.jpg\" \/><\/figure>\n\t<\/li>\n\t<li class=\"blocks-gallery-item\">\n\t\t<figure><img decoding=\"async\" src=\"https:\/\/fundacionexe.org\/workshops\/econval18\/wp-content\/uploads\/sites\/10\/2018\/12\/img_7857-5.jpg\" \/><\/figure>\n\t<\/li>\n\t<li class=\"blocks-gallery-item\">\n\t\t<figure><img decoding=\"async\" src=\"https:\/\/fundacionexe.org\/workshops\/econval18\/wp-content\/uploads\/sites\/10\/2018\/12\/img_7868-5.jpg\" \/><\/figure>\n\t<\/li>\n\t<li class=\"blocks-gallery-item\">\n\t\t<figure><img decoding=\"async\" src=\"https:\/\/fundacionexe.org\/workshops\/econval18\/wp-content\/uploads\/sites\/10\/2018\/12\/img_7873-5.jpg\" \/><\/figure>\n\t<\/li>\n\t<li class=\"blocks-gallery-item\">\n\t\t<figure><img decoding=\"async\" src=\"https:\/\/fundacionexe.org\/workshops\/econval18\/wp-content\/uploads\/sites\/10\/2018\/12\/img_7875-3.jpg\" \/><\/figure>\n\t<\/li>\n\t<li class=\"blocks-gallery-item\">\n\t\t<figure><img decoding=\"async\" src=\"https:\/\/fundacionexe.org\/workshops\/econval18\/wp-content\/uploads\/sites\/10\/2018\/12\/img_7876-5.jpg\" \/><\/figure>\n\t<\/li>\n\t<li class=\"blocks-gallery-item\">\n\t\t<figure><img decoding=\"async\" src=\"https:\/\/fundacionexe.org\/workshops\/econval18\/wp-content\/uploads\/sites\/10\/2018\/12\/img_7896-5.jpg\" \/><\/figure>\n\t<\/li>\n\t<li class=\"blocks-gallery-item\">\n\t\t<figure><img decoding=\"async\" src=\"https:\/\/fundacionexe.org\/workshops\/econval18\/wp-content\/uploads\/sites\/10\/2018\/12\/img_7899-5.jpg\" \/><\/figure>\n\t<\/li>\n\t<li class=\"blocks-gallery-item\">\n\t\t<figure><img decoding=\"async\" src=\"https:\/\/fundacionexe.org\/workshops\/econval18\/wp-content\/uploads\/sites\/10\/2018\/12\/img_7944-4.jpg\" \/><\/figure>\n\t<\/li>\n\t<li class=\"blocks-gallery-item\">\n\t\t<figure><img decoding=\"async\" src=\"https:\/\/fundacionexe.org\/workshops\/econval18\/wp-content\/uploads\/sites\/10\/2018\/12\/img_7967-5.jpg\" \/><\/figure>\n\t<\/li>\n\t<li class=\"blocks-gallery-item\">\n\t\t<figure><img decoding=\"async\" src=\"https:\/\/fundacionexe.org\/workshops\/econval18\/wp-content\/uploads\/sites\/10\/2018\/12\/img_8024-4.jpg\" \/><\/figure>\n\t<\/li>\n<\/ul>","protected":false},"excerpt":{"rendered":"<p>V\u00eddeos \u00a0 Fotos<\/p>\n","protected":false},"author":3,"featured_media":0,"parent":0,"menu_order":0,"comment_status":"closed","ping_status":"closed","template":"","meta":{"footnotes":""},"class_list":["post-472","page","type-page","status-publish","hentry"],"_links":{"self":[{"href":"https:\/\/fundacionexe.org\/workshops\/econval18\/wp-json\/wp\/v2\/pages\/472","targetHints":{"allow":["GET"]}}],"collection":[{"href":"https:\/\/fundacionexe.org\/workshops\/econval18\/wp-json\/wp\/v2\/pages"}],"about":[{"href":"https:\/\/fundacionexe.org\/workshops\/econval18\/wp-json\/wp\/v2\/types\/page"}],"author":[{"embeddable":true,"href":"https:\/\/fundacionexe.org\/workshops\/econval18\/wp-json\/wp\/v2\/users\/3"}],"replies":[{"embeddable":true,"href":"https:\/\/fundacionexe.org\/workshops\/econval18\/wp-json\/wp\/v2\/comments?post=472"}],"version-history":[{"count":27,"href":"https:\/\/fundacionexe.org\/workshops\/econval18\/wp-json\/wp\/v2\/pages\/472\/revisions"}],"predecessor-version":[{"id":1549,"href":"https:\/\/fundacionexe.org\/workshops\/econval18\/wp-json\/wp\/v2\/pages\/472\/revisions\/1549"}],"wp:attachment":[{"href":"https:\/\/fundacionexe.org\/workshops\/econval18\/wp-json\/wp\/v2\/media?parent=472"}],"curies":[{"name":"wp","href":"https:\/\/api.w.org\/{rel}","templated":true}]}}