{"id":58,"date":"2018-07-23T15:42:01","date_gmt":"2018-07-23T13:42:01","guid":{"rendered":"http:\/\/fundacionexe.org\/workshops\/econval18\/?page_id=58"},"modified":"2018-07-23T16:27:41","modified_gmt":"2018-07-23T14:27:41","slug":"presentacio","status":"publish","type":"page","link":"https:\/\/fundacionexe.org\/workshops\/econval18\/presentacio\/","title":{"rendered":"Presentaci\u00f3"},"content":{"rendered":"<p>Tenim el plaer d\u2019anunciar el tercer <em>Workshop<\/em> d\u2019Economia Valenciana\u00a0 dedicat a l\u2019estudi de la realitat i les oportunitats de l\u2019economia valenciana. Aquest <em>Workshop<\/em> pret\u00e9n aportar un enfocament territorial a l\u2019estudi dels problemes econ\u00f2mics i empresarials contemporanis, \u00e9s a dir, el seu objectiu \u00e9s arrelar els debats econ\u00f2mics globals als agents que operen en el nostre territori. En conseq\u00fc\u00e8ncia, aquest <em>Workshop<\/em> \u00e9s un excel\u00b7lent f\u00f2rum per a investigadors i professionals que busquen intercanviar idees, experi\u00e8ncies, opinions i resultats d\u2019investigaci\u00f3 relatius a qualsevol aspecte de l\u2019economia valenciana en general i de les empreses del nostre territori en particular.<\/p><p>El comit\u00e8 organitzador vol donar la benvinguda a tots els participants a un <em>Workshop<\/em> fruct\u00edfer, amb discussions obertes i que promou el coneixement\u00a0 de l\u2019economia valenciana<\/p><div class=\"wp-block-image\"><figure class=\"alignright\"><img loading=\"lazy\" decoding=\"async\" src=\"http:\/\/fundacionexe.org\/workshops\/econval18\/wp-content\/uploads\/sites\/10\/2018\/07\/FNexe.png\" alt=\"\" class=\"wp-image-89\" width=\"102\" height=\"48\" \/><\/figure><\/div>","protected":false},"excerpt":{"rendered":"<p>Tenim el plaer d\u2019anunciar el tercer Workshop d\u2019Economia Valenciana\u00a0 dedicat a l\u2019estudi de la realitat i les oportunitats de l\u2019economia valenciana. Aquest Workshop pret\u00e9n aportar un enfocament territorial a l\u2019estudi dels problemes econ\u00f2mics i empresarials contemporanis, \u00e9s a dir, el seu objectiu \u00e9s arrelar els debats econ\u00f2mics globals als agents que operen en el nostre &hellip; <a href=\"https:\/\/fundacionexe.org\/workshops\/econval18\/presentacio\/\" class=\"more-link\">Continua la lectura de <span class=\"screen-reader-text\">Presentaci\u00f3<\/span> <span class=\"meta-nav\">&rarr;<\/span><\/a><\/p>\n","protected":false},"author":3,"featured_media":0,"parent":0,"menu_order":0,"comment_status":"closed","ping_status":"closed","template":"","meta":{"footnotes":""},"class_list":["post-58","page","type-page","status-publish","hentry"],"_links":{"self":[{"href":"https:\/\/fundacionexe.org\/workshops\/econval18\/wp-json\/wp\/v2\/pages\/58","targetHints":{"allow":["GET"]}}],"collection":[{"href":"https:\/\/fundacionexe.org\/workshops\/econval18\/wp-json\/wp\/v2\/pages"}],"about":[{"href":"https:\/\/fundacionexe.org\/workshops\/econval18\/wp-json\/wp\/v2\/types\/page"}],"author":[{"embeddable":true,"href":"https:\/\/fundacionexe.org\/workshops\/econval18\/wp-json\/wp\/v2\/users\/3"}],"replies":[{"embeddable":true,"href":"https:\/\/fundacionexe.org\/workshops\/econval18\/wp-json\/wp\/v2\/comments?post=58"}],"version-history":[{"count":4,"href":"https:\/\/fundacionexe.org\/workshops\/econval18\/wp-json\/wp\/v2\/pages\/58\/revisions"}],"predecessor-version":[{"id":90,"href":"https:\/\/fundacionexe.org\/workshops\/econval18\/wp-json\/wp\/v2\/pages\/58\/revisions\/90"}],"wp:attachment":[{"href":"https:\/\/fundacionexe.org\/workshops\/econval18\/wp-json\/wp\/v2\/media?parent=58"}],"curies":[{"name":"wp","href":"https:\/\/api.w.org\/{rel}","templated":true}]}}