{"id":78,"date":"2018-07-23T16:21:33","date_gmt":"2018-07-23T14:21:33","guid":{"rendered":"http:\/\/fundacionexe.org\/workshops\/econval18\/?page_id=78"},"modified":"2018-09-25T12:50:14","modified_gmt":"2018-09-25T10:50:14","slug":"entitats-patrocinaders-i-collaboradores","status":"publish","type":"page","link":"https:\/\/fundacionexe.org\/workshops\/econval18\/entitats-patrocinaders-i-collaboradores\/","title":{"rendered":"Entitats patrocinadores i col\u00b7laboradores"},"content":{"rendered":"<h2 class=\"wp-block-heading\">Patrocinadors<\/h2><ul class=\"wp-block-list\">\n\t<li>Conselleria d&#8217;Economia Sostenible, Sectors Productius, Comer\u00e7 i Treball<\/li>\n<\/ul><div class=\"wp-block-image\"><figure class=\"aligncenter\"><img loading=\"lazy\" decoding=\"async\" src=\"http:\/\/fundacionexe.org\/workshops\/econval18\/wp-content\/uploads\/sites\/10\/2018\/07\/gv_conselleria_economia_rgb.jpg\" alt=\"\" class=\"wp-image-82\" width=\"304\" height=\"194\" srcset=\"https:\/\/fundacionexe.org\/workshops\/econval18\/wp-content\/uploads\/sites\/10\/2018\/07\/gv_conselleria_economia_rgb.jpg 2781w, https:\/\/fundacionexe.org\/workshops\/econval18\/wp-content\/uploads\/sites\/10\/2018\/07\/gv_conselleria_economia_rgb-300x192.jpg 300w, https:\/\/fundacionexe.org\/workshops\/econval18\/wp-content\/uploads\/sites\/10\/2018\/07\/gv_conselleria_economia_rgb-768x492.jpg 768w, https:\/\/fundacionexe.org\/workshops\/econval18\/wp-content\/uploads\/sites\/10\/2018\/07\/gv_conselleria_economia_rgb-1024x657.jpg 1024w\" sizes=\"auto, (max-width: 304px) 100vw, 304px\" \/><\/figure><\/div><ul class=\"wp-block-list\">\n\t<li>C\u00e0tedra d&#8217;Economia Valenciana &#8211; Universitat Polit\u00e8cnica de Val\u00e8ncia<\/li>\n<\/ul><div class=\"wp-block-image\"><figure class=\"aligncenter\"><img loading=\"lazy\" decoding=\"async\" src=\"http:\/\/fundacionexe.org\/workshops\/econval18\/wp-content\/uploads\/sites\/10\/2018\/07\/marca_UPV_principal_color300-2.jpg\" alt=\"\" class=\"wp-image-100\" width=\"278\" height=\"98\" srcset=\"https:\/\/fundacionexe.org\/workshops\/econval18\/wp-content\/uploads\/sites\/10\/2018\/07\/marca_UPV_principal_color300-2.jpg 1607w, https:\/\/fundacionexe.org\/workshops\/econval18\/wp-content\/uploads\/sites\/10\/2018\/07\/marca_UPV_principal_color300-2-300x106.jpg 300w, https:\/\/fundacionexe.org\/workshops\/econval18\/wp-content\/uploads\/sites\/10\/2018\/07\/marca_UPV_principal_color300-2-768x271.jpg 768w, https:\/\/fundacionexe.org\/workshops\/econval18\/wp-content\/uploads\/sites\/10\/2018\/07\/marca_UPV_principal_color300-2-1024x362.jpg 1024w\" sizes=\"auto, (max-width: 278px) 100vw, 278px\" \/><\/figure><\/div><h2 class=\"wp-block-heading\">Col\u00b7laboradors<\/h2><ul class=\"wp-block-list\">\n\t<li>Facultat d&#8217;Economia &#8211; Universitat de Val\u00e8ncia<\/li>\n<\/ul><div class=\"wp-block-image\"><figure class=\"aligncenter\"><img loading=\"lazy\" decoding=\"async\" src=\"http:\/\/fundacionexe.org\/workshops\/econval18\/wp-content\/uploads\/sites\/10\/2018\/07\/image.png\" alt=\"\" class=\"wp-image-84\" width=\"344\" height=\"47\" srcset=\"https:\/\/fundacionexe.org\/workshops\/econval18\/wp-content\/uploads\/sites\/10\/2018\/07\/image.png 795w, https:\/\/fundacionexe.org\/workshops\/econval18\/wp-content\/uploads\/sites\/10\/2018\/07\/image-300x42.png 300w, https:\/\/fundacionexe.org\/workshops\/econval18\/wp-content\/uploads\/sites\/10\/2018\/07\/image-768x107.png 768w\" sizes=\"auto, (max-width: 344px) 100vw, 344px\" \/><\/figure><\/div><ul class=\"wp-block-list\">\n\t<li>Departament d&#8217;Economia Aplicada &#8211; Facultat d&#8217;Economia<\/li>\n<\/ul><div class=\"wp-block-image\"><figure class=\"aligncenter\"><img loading=\"lazy\" decoding=\"async\" src=\"http:\/\/fundacionexe.org\/workshops\/econval18\/wp-content\/uploads\/sites\/10\/2018\/08\/unnamed.jpg\" alt=\"\" class=\"wp-image-128\" width=\"217\" height=\"117\" \/><\/figure><\/div><ul class=\"wp-block-list\">\n\t<li>Caixa Popular<\/li>\n<\/ul><div class=\"wp-block-image\"><figure class=\"aligncenter\"><img loading=\"lazy\" decoding=\"async\" src=\"http:\/\/fundacionexe.org\/workshops\/econval18\/wp-content\/uploads\/sites\/10\/2018\/09\/Caixa-Popular.jpg\" alt=\"\" class=\"wp-image-152\" width=\"229\" height=\"59\" srcset=\"https:\/\/fundacionexe.org\/workshops\/econval18\/wp-content\/uploads\/sites\/10\/2018\/09\/Caixa-Popular.jpg 442w, https:\/\/fundacionexe.org\/workshops\/econval18\/wp-content\/uploads\/sites\/10\/2018\/09\/Caixa-Popular-300x77.jpg 300w\" sizes=\"auto, (max-width: 229px) 100vw, 229px\" \/><\/figure><\/div><ul class=\"wp-block-list\">\n\t<li>Servei de Promoci\u00f3 i Normalitzaci\u00f3 Ling\u00fc\u00edstica &#8211; Universitat Polit\u00e8cnica de Val\u00e8ncia<\/li>\n<\/ul><div class=\"wp-block-image\"><figure class=\"aligncenter\"><img loading=\"lazy\" decoding=\"async\" src=\"https:\/\/pbs.twimg.com\/profile_images\/484609366025191424\/ov1aAVqP_400x400.png\" alt=\"Resultado de imagen de servei de promocio i normalitzacio linguistica upv\" width=\"202\" height=\"202\" \/><\/figure><\/div>","protected":false},"excerpt":{"rendered":"<p>Patrocinadors Conselleria d&#8217;Economia Sostenible, Sectors Productius, Comer\u00e7 i Treball C\u00e0tedra d&#8217;Economia Valenciana &#8211; Universitat Polit\u00e8cnica de Val\u00e8ncia Col\u00b7laboradors Facultat d&#8217;Economia &#8211; Universitat de Val\u00e8ncia Departament d&#8217;Economia Aplicada &#8211; Facultat d&#8217;Economia Caixa Popular Servei de Promoci\u00f3 i Normalitzaci\u00f3 Ling\u00fc\u00edstica &#8211; Universitat Polit\u00e8cnica de Val\u00e8ncia<\/p>\n","protected":false},"author":3,"featured_media":0,"parent":0,"menu_order":0,"comment_status":"closed","ping_status":"closed","template":"","meta":{"footnotes":""},"class_list":["post-78","page","type-page","status-publish","hentry"],"_links":{"self":[{"href":"https:\/\/fundacionexe.org\/workshops\/econval18\/wp-json\/wp\/v2\/pages\/78","targetHints":{"allow":["GET"]}}],"collection":[{"href":"https:\/\/fundacionexe.org\/workshops\/econval18\/wp-json\/wp\/v2\/pages"}],"about":[{"href":"https:\/\/fundacionexe.org\/workshops\/econval18\/wp-json\/wp\/v2\/types\/page"}],"author":[{"embeddable":true,"href":"https:\/\/fundacionexe.org\/workshops\/econval18\/wp-json\/wp\/v2\/users\/3"}],"replies":[{"embeddable":true,"href":"https:\/\/fundacionexe.org\/workshops\/econval18\/wp-json\/wp\/v2\/comments?post=78"}],"version-history":[{"count":10,"href":"https:\/\/fundacionexe.org\/workshops\/econval18\/wp-json\/wp\/v2\/pages\/78\/revisions"}],"predecessor-version":[{"id":156,"href":"https:\/\/fundacionexe.org\/workshops\/econval18\/wp-json\/wp\/v2\/pages\/78\/revisions\/156"}],"wp:attachment":[{"href":"https:\/\/fundacionexe.org\/workshops\/econval18\/wp-json\/wp\/v2\/media?parent=78"}],"curies":[{"name":"wp","href":"https:\/\/api.w.org\/{rel}","templated":true}]}}