{"id":91,"date":"2018-07-23T16:36:10","date_gmt":"2018-07-23T14:36:10","guid":{"rendered":"http:\/\/fundacionexe.org\/workshops\/econval18\/?page_id=91"},"modified":"2018-11-14T19:52:48","modified_gmt":"2018-11-14T17:52:48","slug":"comite-organitzador","status":"publish","type":"page","link":"https:\/\/fundacionexe.org\/workshops\/econval18\/comite-organitzador\/","title":{"rendered":"Comit\u00e9s"},"content":{"rendered":"<p class=\"is-regular-text\"><strong>Comit\u00e9 Cient\u00edfic<\/strong><\/p><ul class=\"wp-block-list\">\n\t<li><strong>Amadeo Fuenmayor,<\/strong>\u00a0Professor titular i Director del Departament d&#8217;Economia Aplicada.\u00a0Universitat de Val\u00e8ncia (UVEG).<\/li>\n\t<li><strong>Andreu Arnau Parad\u00eds,<\/strong> Professor titular del Departament de Finances i Comptabilitat. Univeresitat Jaume I (UJI).\u00a0<\/li>\n\t<li><strong>Antonio Cubel Motesinos,<\/strong>\u00a0Professor Titular del Departament d\u2019An\u00e0lisi Econ\u00f2mic. Universitat de Val\u00e8ncia (UVEG).<\/li>\n\t<li><strong>Asensi Descal\u00e7 i Tormo<\/strong>,\u00a0Professor Titular del Departament d\u2019Economia Aplicada. Universitat de Val\u00e8ncia (UVEG).<\/li>\n\t<li><strong>Daniel Tirado,<\/strong>\u00a0Catedr\u00e0tic del Departament d&#8217;An\u00e1lisi Econ\u00f2mic de la Universitat de Val\u00e8ncia (UVEG).<\/li>\n\t<li><strong>Elies Segu\u00ed<\/strong>,\u00a0Professor Contractat Doctor del Departament d\u2019Economia i Ci\u00e8ncies Socials. Universitat Polit\u00e8cnica de Val\u00e8ncia (UPV).<\/li>\n\t<li><strong>Fidel Le\u00f3n Darder, <\/strong>Professor Titular del Departament de Direcci\u00f3 d&#8217;Empreses. Universidad de Val\u00e8nica (UVEG).<\/li>\n\t<li><strong>Isidre March,<\/strong> Catedr\u00e0tic de Direcci\u00f3 d&#8217;Empreses. Universitat de Val\u00e8ncia (UVEG).<\/li>\n\t<li><strong>Joan Ra\u00fcl Burriel Calvet,<\/strong> Professor Associat, Departament de Psicologia Evolutiva, Educativa, Social i Metodologia. Universitat Jaume I (UJI)\ufeff<strong><\/strong><br \/><\/li>\n\t<li><strong>Helena \u00c0vila,\u00a0<\/strong>Analista d&#8217;Admissi\u00f3 Empreses Levante-Baleares .<\/li>\n\t<li><strong>Maria Isabel L\u00f3pez,<\/strong>\u00a0Professora Titular del Departament d\u2019Economia Aplicada. Universitat de Val\u00e8ncia (UVEG).<\/li>\n\t<li><strong>Maria Jose Murgui,<\/strong>\u00a0Professora Titular del Departament d\u2019An\u00e0lisi Econ\u00f2mic. Universitat de Val\u00e8ncia (UVEG).<\/li>\n\t<li><strong>Miguel Gin\u00e9s,<\/strong>\u00a0Professor Titular de la Universitat Jaume I (UJI) del Departament d&#8217;Economia &#8211; Fonaments de l&#8217;An\u00e0lisi Econ\u00f2mica.<\/li>\n\t<li><strong>Pau P\u00e9rez Ledo,<\/strong>Professor Associat al Departament Economia i Ci\u00e8ncies Socials. Universitat Polt\u00e8cnica de Val\u00e8ncia (UPV)<br \/><\/li>\n\t<li><strong>Rafael Granell,<\/strong>\u00a0Professor Titular del Departament d\u2019Economia Aplicada. Universitat de Val\u00e8ncia (UVEG).<\/li>\n\t<li><strong>Rosa Yag\u00fce<\/strong>, Professora Titular del Departament d\u2019Economia Aplicada. Universitat de Val\u00e8ncia (UVEG).\u00a0<\/li>\n\t<li><strong>Xavier Molina<\/strong>, Catedr\u00e0tic d\u2019Universitat del Departament d\u2019Organitzaci\u00f3 d\u2019Empreses. Universitat Jaume I (UJI).<br \/><\/li>\n<\/ul><p class=\"is-regular-text\"><strong>Comit\u00e9 Organitzador<\/strong><\/p><ul class=\"wp-block-list\">\n\t<li><strong>Rosa Yag\u00fce<\/strong>, Professora Titular del Departament d\u2019Economia Aplicada. Universitat de Val\u00e8ncia (UVEG). Presid\u00e8ncia del Workshop d&#8217;Economia Valenciana.\u00a0<br \/><\/li>\n\t<li><strong>Elies Segu\u00ed<\/strong>,\u00a0Professor Contractat Doctor del Departament d\u2019Economia i Ci\u00e8ncies Socials. Universitat Polit\u00e8cnica de Val\u00e8ncia (UPV). Director Acad\u00e8mic de la Fundaci\u00f3 Nexe.<\/li>\n\t<li><strong>Asensi Descal\u00e7 i Tormo<\/strong>,\u00a0Professor Titular del Departament d\u2019Economia Aplicada. Universitat de Val\u00e8ncia (UVEG).<br \/><\/li>\n\t<li><strong>Isidre March<\/strong>, Catedr\u00e0tic de Direcci\u00f3 d&#8217;Empreses. Universitat de Val\u00e8ncia (UVEG).<\/li>\n\t<li><strong>Xavier Molina<\/strong>, Catedr\u00e0tic d\u2019Universitat del Departament d\u2019Organitzaci\u00f3 d\u2019Empreses. Universitat Jaume I (UJI).<br \/><\/li>\n\t<li><strong>Fidel Le\u00f3n Darder<\/strong>, Professor Titular del Departament de Direcci\u00f3 d&#8217;Empreses . Universidad de Val\u00e8nica (UVEG)<\/li>\n\t<li><strong>Laia Mas,<\/strong>\u00a0Coordinadora de Projectes de la Fundaci\u00f3 Nexe<\/li>\n\t<li><strong>Virg\u00ednia Santamaria, <\/strong>T\u00e8cnica de la Fundaci\u00f3 Nexe\u00a0<\/li>\n\t<li><strong>Maria Eugenia de Corral<\/strong>, Periodista de Comunicaci\u00f3 Estrat\u00e8gica<\/li>\n\t<li><strong>Eduardo Blasco,<\/strong> Estudiant de la Universitat de Val\u00e8ncia (UV)<\/li>\n\t<li><strong>Paula Jim\u00e9nez,<\/strong> Estudiant de la Universitat Polit\u00e8cnica de Val\u00e8ncia (UPV)<\/li>\n<\/ul>","protected":false},"excerpt":{"rendered":"<p>Comit\u00e9 Cient\u00edfic Amadeo Fuenmayor,\u00a0Professor titular i Director del Departament d&#8217;Economia Aplicada.\u00a0Universitat de Val\u00e8ncia (UVEG). Andreu Arnau Parad\u00eds, Professor titular del Departament de Finances i Comptabilitat. Univeresitat Jaume I (UJI).\u00a0 Antonio Cubel Motesinos,\u00a0Professor Titular del Departament d\u2019An\u00e0lisi Econ\u00f2mic. Universitat de Val\u00e8ncia (UVEG). Asensi Descal\u00e7 i Tormo,\u00a0Professor Titular del Departament d\u2019Economia Aplicada. Universitat de Val\u00e8ncia (UVEG). Daniel &hellip; <a href=\"https:\/\/fundacionexe.org\/workshops\/econval18\/comite-organitzador\/\" class=\"more-link\">Continua la lectura de <span class=\"screen-reader-text\">Comit\u00e9s<\/span> <span class=\"meta-nav\">&rarr;<\/span><\/a><\/p>\n","protected":false},"author":3,"featured_media":0,"parent":0,"menu_order":0,"comment_status":"closed","ping_status":"closed","template":"","meta":{"footnotes":""},"class_list":["post-91","page","type-page","status-publish","hentry"],"_links":{"self":[{"href":"https:\/\/fundacionexe.org\/workshops\/econval18\/wp-json\/wp\/v2\/pages\/91","targetHints":{"allow":["GET"]}}],"collection":[{"href":"https:\/\/fundacionexe.org\/workshops\/econval18\/wp-json\/wp\/v2\/pages"}],"about":[{"href":"https:\/\/fundacionexe.org\/workshops\/econval18\/wp-json\/wp\/v2\/types\/page"}],"author":[{"embeddable":true,"href":"https:\/\/fundacionexe.org\/workshops\/econval18\/wp-json\/wp\/v2\/users\/3"}],"replies":[{"embeddable":true,"href":"https:\/\/fundacionexe.org\/workshops\/econval18\/wp-json\/wp\/v2\/comments?post=91"}],"version-history":[{"count":19,"href":"https:\/\/fundacionexe.org\/workshops\/econval18\/wp-json\/wp\/v2\/pages\/91\/revisions"}],"predecessor-version":[{"id":453,"href":"https:\/\/fundacionexe.org\/workshops\/econval18\/wp-json\/wp\/v2\/pages\/91\/revisions\/453"}],"wp:attachment":[{"href":"https:\/\/fundacionexe.org\/workshops\/econval18\/wp-json\/wp\/v2\/media?parent=91"}],"curies":[{"name":"wp","href":"https:\/\/api.w.org\/{rel}","templated":true}]}}