{"id":2,"date":"2019-05-22T11:28:03","date_gmt":"2019-05-22T09:28:03","guid":{"rendered":"http:\/\/fundacionexe.org\/workshops\/econval19\/?page_id=2"},"modified":"2020-10-16T11:41:30","modified_gmt":"2020-10-16T09:41:30","slug":"pagina-exemple","status":"publish","type":"page","link":"https:\/\/fundacionexe.org\/workshops\/econval20\/pagina-exemple\/","title":{"rendered":"Programa V Workshop econom\u00eda valenciana"},"content":{"rendered":"<p><strong>Enguany el Workshop d&#8217;Economia Valenciana es far\u00e0 en format virtual<\/strong><\/p>\n<p><strong>10:00-10:30h<\/strong><strong>. Inauguraci\u00f3 del Workshop amb:<\/strong><\/p>\n<ul>\n<li><strong>Virg\u00ednia Vega Carrero, <\/strong>vicerectora de Recursos Digitals i Documentaci\u00f3 de la UPV.<\/li>\n<li><strong>Jos\u00e9 Vicente Soler, <\/strong>director general d\u2019Economia Sostenible.<\/li>\n<li><strong>Mar\u00eda del Mar Mar\u00edn, <\/strong>degana de la Facultat d\u2019ADE de la UPV.<\/li>\n<li><strong>Josep Dom\u00e9nech, <\/strong>president del Comit\u00e9 Organitzador del Workshop d\u2019Economia Valenciana<\/li>\n<\/ul>\n<p><strong>10:30-12.15h.<\/strong><strong> Comunicacions (sessions paral\u00b7leles)\u00a0<\/strong><a href=\"http:\/\/fundacionexe.org\/workshops\/econval20\/wp-content\/uploads\/sites\/14\/2020\/10\/Distribuci\u00f3-sales-comunicacions.xlsx\" target=\"_blank\" rel=\"noopener\">accedeix als horaris i distribuci\u00f3 de sales<\/a><\/p>\n<p><strong>12:15-12:30h.<\/strong><strong> Pausa- caf\u00e9<\/strong><\/p>\n<p><strong>12:30-14:00h.<\/strong><strong> Taula rodona. \u201cEl despoblament valenci\u00e0: acci\u00f3 pol\u00edtica i desenvolupament territorial\u201d . Modera Maria Luisa Alam\u00e1, professora de la Universitat Jaume I.<\/strong><\/p>\n<ul>\n<li><strong>Jannette Segarra,<\/strong> directora general d\u2019AVANT: l\u2019acci\u00f3 pol\u00edtica del despoblament a la CV<\/li>\n<li><strong>Jorge Hermosilla,<\/strong> UV: aspectes d\u2019innovaci\u00f3 al territori rural<\/li>\n<li><strong>Vicente Bud\u00ed, <\/strong>UJI: recursos davant el despoblament<\/li>\n<li><strong>Margarita Brugarolas, <\/strong>UMH: ferramentes per a dinamitzar el territori. Denominacions d\u2019origen i agricultura ecol\u00f2gica<\/li>\n<\/ul>\n<p><strong>14:00-16:00h.<\/strong><strong> Dinar<\/strong><\/p>\n<p><strong>16:00-17:30h.<\/strong> <strong>Taula rodona. \u201cUn model econ\u00f2mic sostenible en temps de pand\u00e8mia\u201d. Moderada per Juan Salvador P\u00e9rez, Director General de Model Econ\u00f2mic. <\/strong><\/p>\n<ul>\n<li><strong>David Hammerstein<\/strong>, soci\u00f2leg i pol\u00edtic ecologista<\/li>\n<li><strong>Pablo S\u00e1nchez<\/strong>, co-fundador i director de BCorp Spain<\/li>\n<li><strong>H\u00e8ctor Beltr\u00e1n<\/strong>, professor titular en la Universitat Jaume I<\/li>\n<li><strong>Mar\u00eda Jos\u00e9 Mill\u00e1n<\/strong>, directora d\u2019estrat\u00e8gia i marketing de Visualfy<\/li>\n<\/ul>\n","protected":false},"excerpt":{"rendered":"<p>Enguany el Workshop d&#8217;Economia Valenciana es far\u00e0 en format virtual 10:00-10:30h. Inauguraci\u00f3 del Workshop amb: Virg\u00ednia Vega Carrero, vicerectora de Recursos Digitals i Documentaci\u00f3 de la UPV. Jos\u00e9 Vicente Soler, director general d\u2019Economia Sostenible. Mar\u00eda del Mar Mar\u00edn, degana de la Facultat d\u2019ADE de la UPV. Josep Dom\u00e9nech, president del Comit\u00e9 Organitzador del Workshop d\u2019Economia &hellip; <a href=\"https:\/\/fundacionexe.org\/workshops\/econval20\/pagina-exemple\/\" class=\"more-link\">Continua la lectura de <span class=\"screen-reader-text\">Programa V Workshop econom\u00eda valenciana<\/span> <span class=\"meta-nav\">&rarr;<\/span><\/a><\/p>\n","protected":false},"author":1,"featured_media":0,"parent":0,"menu_order":0,"comment_status":"closed","ping_status":"open","template":"","meta":{"footnotes":""},"class_list":["post-2","page","type-page","status-publish","hentry"],"_links":{"self":[{"href":"https:\/\/fundacionexe.org\/workshops\/econval20\/wp-json\/wp\/v2\/pages\/2","targetHints":{"allow":["GET"]}}],"collection":[{"href":"https:\/\/fundacionexe.org\/workshops\/econval20\/wp-json\/wp\/v2\/pages"}],"about":[{"href":"https:\/\/fundacionexe.org\/workshops\/econval20\/wp-json\/wp\/v2\/types\/page"}],"author":[{"embeddable":true,"href":"https:\/\/fundacionexe.org\/workshops\/econval20\/wp-json\/wp\/v2\/users\/1"}],"replies":[{"embeddable":true,"href":"https:\/\/fundacionexe.org\/workshops\/econval20\/wp-json\/wp\/v2\/comments?post=2"}],"version-history":[{"count":11,"href":"https:\/\/fundacionexe.org\/workshops\/econval20\/wp-json\/wp\/v2\/pages\/2\/revisions"}],"predecessor-version":[{"id":312,"href":"https:\/\/fundacionexe.org\/workshops\/econval20\/wp-json\/wp\/v2\/pages\/2\/revisions\/312"}],"wp:attachment":[{"href":"https:\/\/fundacionexe.org\/workshops\/econval20\/wp-json\/wp\/v2\/media?parent=2"}],"curies":[{"name":"wp","href":"https:\/\/api.w.org\/{rel}","templated":true}]}}