{"id":223,"date":"2020-09-17T20:25:29","date_gmt":"2020-09-17T18:25:29","guid":{"rendered":"http:\/\/fundacionexe.org\/workshops\/econval19\/?page_id=223"},"modified":"2020-09-25T10:52:46","modified_gmt":"2020-09-25T08:52:46","slug":"inici","status":"publish","type":"page","link":"https:\/\/fundacionexe.org\/workshops\/econval20\/","title":{"rendered":"Workshop Economia valenciana"},"content":{"rendered":"<p>L&#8217;economia valenciana, dins d&#8217;un context competitiu global, requereix fer front en el present a reptes que posen en valor els recursos territorials a trav\u00e9s del teixit empresarial, institucional i acad\u00e8mic. D&#8217;aquesta forma, les accions dutes a terme en el present suposaran la creaci\u00f3 tant de rendiments econ\u00f2mics, com del desenvolupament d&#8217;un espai sostenible, que seran her\u00e8ncia per a futures generacions. En concret, dos nous paradigmes s\u00f3n destacats en l&#8217;actualitat. D&#8217;una banda, el canvi de \u201cproduir, usar i tirar\u201d a \u201creduir, reutilitzar i reciclar\u201d, tal com estableixen les bases de l&#8217;economia circular, la qual cosa suposa tot un repte present i implica una simbiosi amb un entorn que exigeix ser m\u00e9s sostenible. Aix\u00ed, enfront dels models empresarials que fan prevaldre els aspectes econ\u00f2mics per damunt dels mediambientals o els socials, aquest paradigma, des d&#8217;un vessant m\u00e9s ampli, suposa una substancial millora comuna tant per a les empreses, gr\u00e0cies a la disminuci\u00f3 de costos de producci\u00f3, com per a per als consumidors que veuen redu\u00efts els preus de venda, aix\u00ed com l&#8217;impacte ambiental i social dels productes.D&#8217;altra banda, l&#8217;agenda digital de les empreses i organismes suposa la implantaci\u00f3 efectiva d&#8217;un proc\u00e9s de digitalitzaci\u00f3 progressiu que integre l&#8217;evoluci\u00f3 constant de les tecnologies de la informaci\u00f3 i permeta a les empreses valencianes cotes d&#8217;efici\u00e8ncia i innovaci\u00f3 majors. Al mateix temps, la conceptualitzaci\u00f3 de la ind\u00fastria 4.0 suposa un corrent de l&#8217;economia industrial molt present en l\u2019actualitat basat en el repte de combinar t\u00e8cniques avan\u00e7ades de producci\u00f3 i operacions amb tecnologies intel\u00b7ligents com la rob\u00f2tica, la intel\u00b7lig\u00e8ncia artificial, les tecnologies cognitives, la nanotecnologia o la Internet of Things (IoT), entre altres, per a ser integrades en les organitzacions, persones i actius.Les taules proposades en el V Workshop d\u2019Economia Valenciana pretenen abordar aquestes tem\u00e0tiques com a eixos principals per a articular un debat entre el m\u00f3n empresarial, l&#8217;institucional i l&#8217;acad\u00e8mic. Professionals de les tres \u00e0rees posaran en com\u00fa idees, opinions, actuacions, etc. que conviden als assistents a la reflexi\u00f3.<br\/>A banda de convidar a especialistes, acad\u00e8mics i persones del m\u00f3n empresarial que puguen contribuir al debat de la mat\u00e8ria, tamb\u00e9 es far\u00e0 una crida de comunicacions per a que aquelles persones interessades puguen participar en el congr\u00e9s exposant-les, aix\u00ed com publicant-les en la publicaci\u00f3 que s\u2019editar\u00e0 posteriorment.<\/p>","protected":false},"excerpt":{"rendered":"<p>L&#8217;economia valenciana, dins d&#8217;un context competitiu global, requereix fer front en el present a reptes que posen en valor els recursos territorials a trav\u00e9s del teixit empresarial, institucional i acad\u00e8mic. D&#8217;aquesta forma, les accions dutes a terme en el present suposaran la creaci\u00f3 tant de rendiments econ\u00f2mics, com del desenvolupament d&#8217;un espai sostenible, que seran &hellip; <a href=\"https:\/\/fundacionexe.org\/workshops\/econval20\/\" class=\"more-link\">Continua la lectura de <span class=\"screen-reader-text\">Workshop Economia valenciana<\/span> <span class=\"meta-nav\">&rarr;<\/span><\/a><\/p>\n","protected":false},"author":4,"featured_media":0,"parent":0,"menu_order":0,"comment_status":"closed","ping_status":"closed","template":"","meta":{"footnotes":""},"class_list":["post-223","page","type-page","status-publish","hentry"],"_links":{"self":[{"href":"https:\/\/fundacionexe.org\/workshops\/econval20\/wp-json\/wp\/v2\/pages\/223","targetHints":{"allow":["GET"]}}],"collection":[{"href":"https:\/\/fundacionexe.org\/workshops\/econval20\/wp-json\/wp\/v2\/pages"}],"about":[{"href":"https:\/\/fundacionexe.org\/workshops\/econval20\/wp-json\/wp\/v2\/types\/page"}],"author":[{"embeddable":true,"href":"https:\/\/fundacionexe.org\/workshops\/econval20\/wp-json\/wp\/v2\/users\/4"}],"replies":[{"embeddable":true,"href":"https:\/\/fundacionexe.org\/workshops\/econval20\/wp-json\/wp\/v2\/comments?post=223"}],"version-history":[{"count":10,"href":"https:\/\/fundacionexe.org\/workshops\/econval20\/wp-json\/wp\/v2\/pages\/223\/revisions"}],"predecessor-version":[{"id":288,"href":"https:\/\/fundacionexe.org\/workshops\/econval20\/wp-json\/wp\/v2\/pages\/223\/revisions\/288"}],"wp:attachment":[{"href":"https:\/\/fundacionexe.org\/workshops\/econval20\/wp-json\/wp\/v2\/media?parent=223"}],"curies":[{"name":"wp","href":"https:\/\/api.w.org\/{rel}","templated":true}]}}