{"id":244,"date":"2020-09-17T21:04:34","date_gmt":"2020-09-17T19:04:34","guid":{"rendered":"http:\/\/fundacionexe.org\/workshops\/econval19\/?page_id=244"},"modified":"2020-10-08T21:43:16","modified_gmt":"2020-10-08T19:43:16","slug":"concurs-universitari-als-millors-informes-tecnics-en-valencia","status":"publish","type":"page","link":"https:\/\/fundacionexe.org\/workshops\/econval20\/concurs-universitari-als-millors-informes-tecnics-en-valencia\/","title":{"rendered":"Concurs universitari als millors informes t\u00e8cnics en valenci\u00e0"},"content":{"rendered":"<p>S\u2019adre\u00e7a als estudiants de la UPV que assistisquen al Workshop d\u2019Economia Valenciana del 16 d\u2019octubre.<\/p>\n<p>La UPV, a trav\u00e9s del Servei de Promoci\u00f3 i Normalitzaci\u00f3 Ling\u00fc\u00edstica, convoca el<strong>IV Concurs universitari als millors informes t\u00e8cnics en valenci\u00e0\u00a0fets per estudiants<\/strong> sobre el\u00a0 <span style=\"color: #993300;\"><strong>Workshop d\u2019Economia Valenciana<\/strong><\/span>\u00a0del dia 16 d\u2019octubre de 2020, amb l\u2019objecte de promoure l\u2019\u00fas del valenci\u00e0 en l\u2019activitat acad\u00e8mica i disposar de relats en valenci\u00e0 d\u2019esdeveniments d\u2019inter\u00e8s cient\u00edfic, acad\u00e8mic i social.<\/p>\n<p><strong>Destinataris<\/strong>: estudiants matriculats en el curs 2020-2021 a la UPV, en qualsevol dels graus o m\u00e0sters.<\/p>\n<p><strong>Requisits<\/strong>: per a participar en el concurs, cal fer la inscripci\u00f3 al\u00a0 <span style=\"color: #993300;\"><strong>Workshop d\u2019Economia Valenciana<\/strong>\u00a0<\/span>i assistir-hi el dia 16 d\u2019octubre. Les sessions tindran lloc a la Facultat d\u2019ADE de la UPV. La inscripci\u00f3 \u00e9s gratu\u00efta. No es pot participar en el concurs sense assistir al Workshop i sense identificar-se abans d\u2019entrar a la sala on es fa cada cada sessi\u00f3.<\/p>\n<p><strong>Inscripci\u00f3\u00a0<\/strong>al Workshop d\u2019Economia Valenciana:<\/p>\n<p><span style=\"color: #993300;\"><strong>Workshop d\u2019Economia Valenciana:<\/strong> <\/span><a href=\"https:\/\/docs.google.com\/forms\/d\/e\/1FAIpQLSd9nnxqvVtytueOtIXJbqWl7hWWR3WLbKGrxyaXPZu4M-fSEg\/viewform\">https:\/\/docs.google.com\/forms\/d\/e\/1FAIpQLSd9nnxqvVtytueOtIXJbqWl7hWWR3WLbKGrxyaXPZu4M-fSEg\/viewform<\/a><\/p>\n<p><strong>Premis<\/strong>: el primer premi est\u00e0 dotat amb 600 euros i el segon amb 300 euros.<\/p>\n<p><strong>Presentaci\u00f3 de les sol\u00b7licituds i dels treballs<\/strong>:\u00a0del 17 d\u2019octubre fins al 4 de novembre.<\/p>\n<p><strong>Bases completes<\/strong>: <a href=\"http:\/\/fundacionexe.org\/workshops\/econval20\/wp-content\/uploads\/sites\/14\/2020\/10\/2_resolucio_i_bases_del_concurs_signat_val.pdf\" target=\"_blank\" rel=\"noopener\">a\u00e7\u00ed<\/a><\/p>\n<p><strong>M\u00e9s informaci\u00f3:<\/strong><\/p>\n<p>Servei de Promoci\u00f3 i Normalitzaci\u00f3 Ling\u00fc\u00edstica<\/p>\n<p><a href=\"http:\/\/www.upv.es\/entidades\/SPNL\/indexv.html\" target=\"_blank\" rel=\"noopener\">www.upv.es\/bondia<\/a><\/p>\n<p><a href=\"mailto:spnlinfo@upv.es\">spnlinfo@upv.es<\/a><\/p>\n","protected":false},"excerpt":{"rendered":"<p>S\u2019adre\u00e7a als estudiants de la UPV que assistisquen al Workshop d\u2019Economia Valenciana del 16 d\u2019octubre. La UPV, a trav\u00e9s del Servei de Promoci\u00f3 i Normalitzaci\u00f3 Ling\u00fc\u00edstica, convoca elIV Concurs universitari als millors informes t\u00e8cnics en valenci\u00e0\u00a0fets per estudiants sobre el\u00a0 Workshop d\u2019Economia Valenciana\u00a0del dia 16 d\u2019octubre de 2020, amb l\u2019objecte de promoure l\u2019\u00fas del valenci\u00e0 &hellip; <a href=\"https:\/\/fundacionexe.org\/workshops\/econval20\/concurs-universitari-als-millors-informes-tecnics-en-valencia\/\" class=\"more-link\">Continua la lectura de <span class=\"screen-reader-text\">Concurs universitari als millors informes t\u00e8cnics en valenci\u00e0<\/span> <span class=\"meta-nav\">&rarr;<\/span><\/a><\/p>\n","protected":false},"author":4,"featured_media":0,"parent":0,"menu_order":0,"comment_status":"closed","ping_status":"closed","template":"","meta":{"footnotes":""},"class_list":["post-244","page","type-page","status-publish","hentry"],"_links":{"self":[{"href":"https:\/\/fundacionexe.org\/workshops\/econval20\/wp-json\/wp\/v2\/pages\/244","targetHints":{"allow":["GET"]}}],"collection":[{"href":"https:\/\/fundacionexe.org\/workshops\/econval20\/wp-json\/wp\/v2\/pages"}],"about":[{"href":"https:\/\/fundacionexe.org\/workshops\/econval20\/wp-json\/wp\/v2\/types\/page"}],"author":[{"embeddable":true,"href":"https:\/\/fundacionexe.org\/workshops\/econval20\/wp-json\/wp\/v2\/users\/4"}],"replies":[{"embeddable":true,"href":"https:\/\/fundacionexe.org\/workshops\/econval20\/wp-json\/wp\/v2\/comments?post=244"}],"version-history":[{"count":4,"href":"https:\/\/fundacionexe.org\/workshops\/econval20\/wp-json\/wp\/v2\/pages\/244\/revisions"}],"predecessor-version":[{"id":300,"href":"https:\/\/fundacionexe.org\/workshops\/econval20\/wp-json\/wp\/v2\/pages\/244\/revisions\/300"}],"wp:attachment":[{"href":"https:\/\/fundacionexe.org\/workshops\/econval20\/wp-json\/wp\/v2\/media?parent=244"}],"curies":[{"name":"wp","href":"https:\/\/api.w.org\/{rel}","templated":true}]}}