{"id":26,"date":"2019-05-24T13:22:21","date_gmt":"2019-05-24T11:22:21","guid":{"rendered":"http:\/\/fundacionexe.org\/workshops\/econval19\/?page_id=26"},"modified":"2020-10-08T07:39:33","modified_gmt":"2020-10-08T05:39:33","slug":"crida-a-comunicacions","status":"publish","type":"page","link":"https:\/\/fundacionexe.org\/workshops\/econval20\/crida-a-comunicacions\/","title":{"rendered":"Crida a comunicacions"},"content":{"rendered":"<h2>TEMES D\u2019INTER\u00c9S<\/h2>\n<p>El comit\u00e8 cient\u00edfic anima a presentar comunicacions que posen en valor estudis emp\u00edriques de rellev\u00e0ncia per als professionals de l\u2019economia i l\u2019empresa valencianes. Els temes d\u2019inter\u00e8s inclouen les seg\u00fcents \u00e0rees de coneixement:<\/p>\n<ul>\n<li>Pimes i empresa familiar.<\/li>\n<li>Finan\u00e7ament auton\u00f2mic i local.<\/li>\n<li>Tributaci\u00f3 auton\u00f2mica i local.<\/li>\n<li>Mobilitat, transport i infraestructures<\/li>\n<li>Ordenaci\u00f3 del territori, urbanisme i habitatge.<\/li>\n<li>Log\u00edstica i gesti\u00f3 de la cadena de subministrament.<\/li>\n<li>Industrialitzaci\u00f3.<\/li>\n<li>Sectors productius valencians i districtes industrials.<\/li>\n<li>Nova economia.<\/li>\n<li>Tecnologies de la informaci\u00f3 i la comunicaci\u00f3.<\/li>\n<li>R+D+i i gesti\u00f3 de la innovaci\u00f3.<\/li>\n<li>Emprenedoria i start-ups.<\/li>\n<li>Entorn empresarial i estrat\u00e8gia competitiva<\/li>\n<li>Aliances estrat\u00e8giques<\/li>\n<li>Estrat\u00e8gies i pol\u00edtiques de recursos humans<\/li>\n<li>Internacionalitzaci\u00f3 de l\u2019empresa.<\/li>\n<li>An\u00e0lisi de mercats i consumidors<\/li>\n<li>M\u00e0rqueting operatiu.<\/li>\n<li>\u00c8tica empresarial, responsabilitat social corporativa i govern de l\u2019empresa.<\/li>\n<li>Mercat financer valenci\u00e0, entitats financeres i finan\u00e7ament per a Pimes.<\/li>\n<li>Economia social y cooperativa.<\/li>\n<li>Desenvolupament, creixement econ\u00f2mic i competitivitat de l\u2019economia valenciana.<\/li>\n<li>Capital hum\u00e0.<\/li>\n<li>Economia del turisme.<\/li>\n<li>Economia de la cultura i ind\u00fastries creatives.<\/li>\n<li>Economia regional, pol\u00edtiques urbanes igovernan\u00e7a.<\/li>\n<li>Economia dels recursos naturals, l\u2019 energia i el medi ambient<\/li>\n<li>Economia de la salut, l\u2019educaci\u00f3 i el benestar.<\/li>\n<li>Economia p\u00fablica.<\/li>\n<li>Economia laboral i demogr\u00e0fica.<\/li>\n<li>Hist\u00f2ria econ\u00f2mica valenciana.<\/li>\n<li>Poblaci\u00f3 i moviments migratoris.<\/li>\n<\/ul>\n<h2>DATES IMPORTANTS:<\/h2>\n<ul>\n<li>Data l\u00edmit d\u2019enviament de comunicacions: fins al 4 d\u2019octubre (ampliaci\u00f3 de termini)<\/li>\n<li>Notificaci\u00f3 d\u2019acceptaci\u00f3 als autors: fins al 8 d\u2019octubre<\/li>\n<li>Inscripci\u00f3 al workshop: fins al 15 d\u2019octubre<\/li>\n<li>Data del workshop: 16 d\u2019octubre<\/li>\n<\/ul>\n<h2>PUBLICACI\u00d3<\/h2>\n<p>Tots els resums dels treballs acceptats apareixeran en llibre de resums del Workshop amb ISBN<\/p>\n<h2>INSTRUCCIONS PER ALS AUTORS<\/h2>\n<p>Els autors estan convidats a presentar treballs originals i in\u00e8dits. Tots els treballs seran revisats pel comit\u00e8 cient\u00edfic tenint en compte la seua originalitat, rellev\u00e0ncia, solidesa metodol\u00f2gica i claredat expositiva.<\/p>\n<ol>\n<li>Els treballs que es presenten han d&#8217;estar escrits en valenci\u00e0, castell\u00e0 o angl\u00e8s, i han d&#8217;estar en format Word, seguint <a href=\"http:\/\/fundacionexe.org\/workshops\/econval20\/wp-content\/uploads\/sites\/14\/2020\/09\/plantilla-workshop-economia-fnexe.docx\" target=\"_blank\" rel=\"noopener\">aquesta plantilla<\/a>.<\/li>\n<li>En qualsevol cas, el t\u00edtol s\u2019haur\u00e0 de presentar tant en valenci\u00e0, com en castell\u00e0 i en angl\u00e8s.<\/li>\n<li>Cada comunicaci\u00f3 tindr\u00e0 una extensi\u00f3 entre les 1000 i les 2500 paraules, incloent el text, les refer\u00e8ncies bibliogr\u00e0fiques, les figures i les taules.<\/li>\n<li>Aquestes directrius s\u00f3n d\u2019estricte compliment, i totes aquelles comunicacions que no les satisfacen seran excloses en el moment de la revisi\u00f3 pel comit\u00e8 cient\u00edfic.<\/li>\n<li>L\u2019enviament d\u2019una comunicaci\u00f3 implica la disposici\u00f3 d\u2019almenys un dels seus autor per a inscriure\u2019s, assistir a la confer\u00e8ncia i presentar el paper.<\/li>\n<li>Cal enviar les comunicacions d\u2019acord a aquests instruccions al correu <a href=\"mailto:nexe@fundacionexe.org\">nexe@fundacionexe.org<\/a>. El termini \u00e9s fins el 4 d&#8217;octubre (incl\u00f3s).<\/li>\n<\/ol>\n<h2>CONDICIONS DE PARTICIPACI\u00d3<\/h2>\n<ol>\n<li>Tots els treballs seran sotmesos a un proc\u00e9s d\u2019avaluaci\u00f3 an\u00f2nima.<\/li>\n<li>Els autors rebran per correu electr\u00f2nic la informaci\u00f3 relativa a l\u2019avaluaci\u00f3 del seu treball, aix\u00ed com la decisi\u00f3 del comit\u00e8 cient\u00edfic respecte a l\u2019acceptaci\u00f3 o no per a la seua presentaci\u00f3 en el marc de les sessions paral\u00b7leles del\u00a0Workshop.<\/li>\n<li>L\u2019acceptaci\u00f3 d\u2019una comunicaci\u00f3 suposa que almenys un dels autors ha d\u2019inscriure\u2019s al\u00a0Workshop\u00a0i presentar el treball. Els treballs finalment acceptats seran objecte d\u2019un comentari cr\u00edtic per part d\u2019un relator, per tal de fomentar el debat.<\/li>\n<li>El nombre m\u00e0xim de treballs d\u2019un mateix autor que seran admesos \u00e9s de tres.<\/li>\n<li>La inscripci\u00f3 al\u00a0Workshop\u00a0\u00e9s gratu\u00efta, no obstant \u00e9s necessari emplenar el formulari de participaci\u00f3.<\/li>\n<\/ol>\n","protected":false},"excerpt":{"rendered":"<p>TEMES D\u2019INTER\u00c9S El comit\u00e8 cient\u00edfic anima a presentar comunicacions que posen en valor estudis emp\u00edriques de rellev\u00e0ncia per als professionals de l\u2019economia i l\u2019empresa valencianes. Els temes d\u2019inter\u00e8s inclouen les seg\u00fcents \u00e0rees de coneixement: Pimes i empresa familiar. Finan\u00e7ament auton\u00f2mic i local. Tributaci\u00f3 auton\u00f2mica i local. Mobilitat, transport i infraestructures Ordenaci\u00f3 del territori, urbanisme i &hellip; <a href=\"https:\/\/fundacionexe.org\/workshops\/econval20\/crida-a-comunicacions\/\" class=\"more-link\">Continua la lectura de <span class=\"screen-reader-text\">Crida a comunicacions<\/span> <span class=\"meta-nav\">&rarr;<\/span><\/a><\/p>\n","protected":false},"author":2,"featured_media":0,"parent":0,"menu_order":0,"comment_status":"closed","ping_status":"closed","template":"","meta":{"footnotes":""},"class_list":["post-26","page","type-page","status-publish","hentry"],"_links":{"self":[{"href":"https:\/\/fundacionexe.org\/workshops\/econval20\/wp-json\/wp\/v2\/pages\/26","targetHints":{"allow":["GET"]}}],"collection":[{"href":"https:\/\/fundacionexe.org\/workshops\/econval20\/wp-json\/wp\/v2\/pages"}],"about":[{"href":"https:\/\/fundacionexe.org\/workshops\/econval20\/wp-json\/wp\/v2\/types\/page"}],"author":[{"embeddable":true,"href":"https:\/\/fundacionexe.org\/workshops\/econval20\/wp-json\/wp\/v2\/users\/2"}],"replies":[{"embeddable":true,"href":"https:\/\/fundacionexe.org\/workshops\/econval20\/wp-json\/wp\/v2\/comments?post=26"}],"version-history":[{"count":19,"href":"https:\/\/fundacionexe.org\/workshops\/econval20\/wp-json\/wp\/v2\/pages\/26\/revisions"}],"predecessor-version":[{"id":291,"href":"https:\/\/fundacionexe.org\/workshops\/econval20\/wp-json\/wp\/v2\/pages\/26\/revisions\/291"}],"wp:attachment":[{"href":"https:\/\/fundacionexe.org\/workshops\/econval20\/wp-json\/wp\/v2\/media?parent=26"}],"curies":[{"name":"wp","href":"https:\/\/api.w.org\/{rel}","templated":true}]}}