{"id":260,"date":"2020-09-22T17:43:33","date_gmt":"2020-09-22T15:43:33","guid":{"rendered":"http:\/\/fundacionexe.org\/workshops\/econval20\/?page_id=260"},"modified":"2020-10-14T16:29:13","modified_gmt":"2020-10-14T14:29:13","slug":"programa-ii-workshop-economia-valenciana","status":"publish","type":"page","link":"https:\/\/fundacionexe.org\/workshops\/econval20\/programa-ii-workshop-economia-valenciana\/","title":{"rendered":"Programa Workshop Economia del Tirant"},"content":{"rendered":"<p><strong>Enguany el Workshop d&#8217;Economia del Tirant es far\u00e0 en format virtual<\/strong><\/p>\n<p><strong>17:00-18:30h.<\/strong> <strong>Taula rodona. \u201cEl rol de les infraestructures en el territori com a projecte de futur: el cas del port de Val\u00e8ncia\u201d. Modera Josep Llu\u00eds Miralles, professor de la Universitat Polit\u00e8cnica de Val\u00e8ncia.<\/strong><\/p>\n<ul>\n<li><strong>Jos\u00e9 Sergio Palencia Jim\u00e9nez<\/strong>, Dr ICCP, professional lliure. Professor UPV, especialista en ordenaci\u00f3 del territori i infraestructures<\/li>\n<li><strong>Josep Llin Belda<\/strong> (ICCP). Subdirector General de Mobilitat, GVA. Professor UPV, ordenaci\u00f3 del territori i infraestructures.<\/li>\n<li><strong>Vicente Cerd\u00e0 Garc\u00eda de Leonardo<\/strong> (Dr ICCP), especialista en transports, President Comissi\u00f3 de Transport i Log\u00edstica de Col\u00b7legi d\u2019ICCP de la Comunitat Valenciana.<\/li>\n<\/ul>\n<p><strong>18:30-20:00h.<\/strong> <strong>Taula rodona. \u201cFinan\u00e7ament i tributaci\u00f3 al Pa\u00eds Valenci\u00e0\u201d. Modera Asensi Descal\u00e7 i Tormo, professor de la Facultat d\u2019Economia de la Universitat de Val\u00e8ncia.<\/strong><\/p>\n<ul>\n<li><strong>Rafael Granell<\/strong>, professor titular en la Universitat de Val\u00e8ncia.<\/li>\n<li><strong>\u00c1ngeles Pla<\/strong>, professora titular de la Universitat de Val\u00e8ncia.<\/li>\n<li><strong>Sonia D\u00edaz<\/strong>, Directora General de l\u2019Ag\u00e8ncia Tribut\u00e0ria Valenciana.<\/li>\n<\/ul>\n<p><strong>20:00h.<\/strong><strong> Lliurament de premis amb Paco Al\u00f3s, Director de RS i Relacions Institucionals de Caixa Popular.<\/strong><\/p>\n<p><strong>20:15h.<\/strong><strong>Cloenda Workshop. Pendent de concretar.<\/strong><\/p>\n","protected":false},"excerpt":{"rendered":"<p>Enguany el Workshop d&#8217;Economia del Tirant es far\u00e0 en format virtual 17:00-18:30h. Taula rodona. \u201cEl rol de les infraestructures en el territori com a projecte de futur: el cas del port de Val\u00e8ncia\u201d. Modera Josep Llu\u00eds Miralles, professor de la Universitat Polit\u00e8cnica de Val\u00e8ncia. Jos\u00e9 Sergio Palencia Jim\u00e9nez, Dr ICCP, professional lliure. Professor UPV, especialista &hellip; <a href=\"https:\/\/fundacionexe.org\/workshops\/econval20\/programa-ii-workshop-economia-valenciana\/\" class=\"more-link\">Continua la lectura de <span class=\"screen-reader-text\">Programa Workshop Economia del Tirant<\/span> <span class=\"meta-nav\">&rarr;<\/span><\/a><\/p>\n","protected":false},"author":4,"featured_media":0,"parent":0,"menu_order":0,"comment_status":"closed","ping_status":"closed","template":"","meta":{"footnotes":""},"class_list":["post-260","page","type-page","status-publish","hentry"],"_links":{"self":[{"href":"https:\/\/fundacionexe.org\/workshops\/econval20\/wp-json\/wp\/v2\/pages\/260","targetHints":{"allow":["GET"]}}],"collection":[{"href":"https:\/\/fundacionexe.org\/workshops\/econval20\/wp-json\/wp\/v2\/pages"}],"about":[{"href":"https:\/\/fundacionexe.org\/workshops\/econval20\/wp-json\/wp\/v2\/types\/page"}],"author":[{"embeddable":true,"href":"https:\/\/fundacionexe.org\/workshops\/econval20\/wp-json\/wp\/v2\/users\/4"}],"replies":[{"embeddable":true,"href":"https:\/\/fundacionexe.org\/workshops\/econval20\/wp-json\/wp\/v2\/comments?post=260"}],"version-history":[{"count":7,"href":"https:\/\/fundacionexe.org\/workshops\/econval20\/wp-json\/wp\/v2\/pages\/260\/revisions"}],"predecessor-version":[{"id":307,"href":"https:\/\/fundacionexe.org\/workshops\/econval20\/wp-json\/wp\/v2\/pages\/260\/revisions\/307"}],"wp:attachment":[{"href":"https:\/\/fundacionexe.org\/workshops\/econval20\/wp-json\/wp\/v2\/media?parent=260"}],"curies":[{"name":"wp","href":"https:\/\/api.w.org\/{rel}","templated":true}]}}