{"id":34,"date":"2019-05-24T13:24:15","date_gmt":"2019-05-24T11:24:15","guid":{"rendered":"http:\/\/fundacionexe.org\/workshops\/econval19\/?page_id=34"},"modified":"2020-10-21T19:12:00","modified_gmt":"2020-10-21T17:12:00","slug":"premi-caixa-popular","status":"publish","type":"page","link":"https:\/\/fundacionexe.org\/workshops\/econval20\/premi-caixa-popular\/","title":{"rendered":"Premi Caixa Popular"},"content":{"rendered":"<p>El V Workshop d\u2019Economia Valenciana va entregar els premis Caixa Popular a les millors investigacions, tal i com ja s\u2019ha fet en les edicions anteriors. Caixa Popular entrega els premis a la millor investigaci\u00f3 en Economia Valenciana i el Premi a la millor investigaci\u00f3 en Economia Valenciana jove.<\/p>\r\n<p><strong>Enguany les persones guardonades amb aquests premis han estat:<\/strong><\/p>\r\n<p><strong>Premi a la millor investigaci\u00f3 en Economia Valenciana<\/strong><br \/>A la comunicaci\u00f3 presentada sota el t\u00edtol \u201cEnvironmental in cl\u00fasters: more than inevitable costs to be incurred?\u201d. Elaborada per F. Xavier Molina Morales, Luis Mart\u00ednez Ch\u00e1fer i David Valiente Bordanova<\/p>\r\n<p>A la comunicaci\u00f3 presentada sota el t\u00edtol \u201cIdentificaci\u00f3n de zones donde la ganader\u00eda intensiva sostenible es una oportunidad de mercado para la repoblaci\u00f3n en zonas rurales\u201d. Elaborada por \u00c1urea Gallego Salguero i Consuelo Calafat Mazal.<\/p>\r\n<p>&nbsp;<\/p>\r\n<p><strong>Premi a la millor investigaci\u00f3 en Economia Valenciana jove<\/strong><\/p>\r\n<p>A la comunicaci\u00f3 presentada sota el t\u00edtol \u201cEl impuesto sobre las estancias tur\u00edsticas en la Comunitat Valenciana\u201d. Elaborada per Guillem Bacete Armengot.<\/p>\r\n<p>&nbsp;<\/p>\r\n<p>El V Workshop d\u2019Economia Valenciana es porta a terme gr\u00e0cies a la col\u00b7laboraci\u00f3 de Caixa Popular<\/p><div class=\"wp-block-image\"><figure class=\"aligncenter\"><img loading=\"lazy\" decoding=\"async\" width=\"300\" height=\"77\" class=\"wp-image-59\" src=\"https:\/\/fundacionexe.org\/workshops\/econval19\/wp-content\/uploads\/sites\/14\/2019\/05\/Caixa-Popular-300x77.jpg\" alt=\"\" \/><\/figure><\/div>","protected":false},"excerpt":{"rendered":"<p>El V Workshop d\u2019Economia Valenciana va entregar els premis Caixa Popular a les millors investigacions, tal i com ja s\u2019ha fet en les edicions anteriors. Caixa Popular entrega els premis a la millor investigaci\u00f3 en Economia Valenciana i el Premi a la millor investigaci\u00f3 en Economia Valenciana jove. Enguany les persones guardonades amb aquests premis &hellip; <a href=\"https:\/\/fundacionexe.org\/workshops\/econval20\/premi-caixa-popular\/\" class=\"more-link\">Continua la lectura de <span class=\"screen-reader-text\">Premi Caixa Popular<\/span> <span class=\"meta-nav\">&rarr;<\/span><\/a><\/p>\n","protected":false},"author":2,"featured_media":0,"parent":0,"menu_order":0,"comment_status":"closed","ping_status":"closed","template":"","meta":{"footnotes":""},"class_list":["post-34","page","type-page","status-publish","hentry"],"_links":{"self":[{"href":"https:\/\/fundacionexe.org\/workshops\/econval20\/wp-json\/wp\/v2\/pages\/34","targetHints":{"allow":["GET"]}}],"collection":[{"href":"https:\/\/fundacionexe.org\/workshops\/econval20\/wp-json\/wp\/v2\/pages"}],"about":[{"href":"https:\/\/fundacionexe.org\/workshops\/econval20\/wp-json\/wp\/v2\/types\/page"}],"author":[{"embeddable":true,"href":"https:\/\/fundacionexe.org\/workshops\/econval20\/wp-json\/wp\/v2\/users\/2"}],"replies":[{"embeddable":true,"href":"https:\/\/fundacionexe.org\/workshops\/econval20\/wp-json\/wp\/v2\/comments?post=34"}],"version-history":[{"count":7,"href":"https:\/\/fundacionexe.org\/workshops\/econval20\/wp-json\/wp\/v2\/pages\/34\/revisions"}],"predecessor-version":[{"id":314,"href":"https:\/\/fundacionexe.org\/workshops\/econval20\/wp-json\/wp\/v2\/pages\/34\/revisions\/314"}],"wp:attachment":[{"href":"https:\/\/fundacionexe.org\/workshops\/econval20\/wp-json\/wp\/v2\/media?parent=34"}],"curies":[{"name":"wp","href":"https:\/\/api.w.org\/{rel}","templated":true}]}}