{"id":6,"date":"2021-03-24T17:16:52","date_gmt":"2021-03-24T15:16:52","guid":{"rendered":"http:\/\/fundacionexe.org\/workshops\/econval21\/?page_id=6"},"modified":"2021-09-24T16:24:52","modified_gmt":"2021-09-24T14:24:52","slug":"inici","status":"publish","type":"page","link":"https:\/\/fundacionexe.org\/workshops\/econval21\/","title":{"rendered":"Presentaci\u00f3"},"content":{"rendered":"<figure class=\"wp-block-embed-youtube wp-block-embed is-type-video is-provider-youtube\">\n\t<iframe loading=\"lazy\" title=\"VI Workshop Economia valenciana - Sessions de la vesprada\" width=\"604\" height=\"340\" src=\"https:\/\/www.youtube.com\/embed\/lhxq8rgJUHQ?feature=oembed\" frameborder=\"0\" allow=\"accelerometer; autoplay; clipboard-write; encrypted-media; gyroscope; picture-in-picture; web-share\" referrerpolicy=\"strict-origin-when-cross-origin\" allowfullscreen><\/iframe>\n<\/figure><figure class=\"wp-block-image\"><img loading=\"lazy\" decoding=\"async\" width=\"800\" height=\"135\" src=\"https:\/\/fundacionexe.org\/workshops\/econval21\/wp-content\/uploads\/sites\/15\/2021\/03\/brujulaOK.jpg\" alt=\"\" class=\"wp-image-36\" srcset=\"https:\/\/fundacionexe.org\/workshops\/econval21\/wp-content\/uploads\/sites\/15\/2021\/03\/brujulaOK.jpg 800w, https:\/\/fundacionexe.org\/workshops\/econval21\/wp-content\/uploads\/sites\/15\/2021\/03\/brujulaOK-300x51.jpg 300w, https:\/\/fundacionexe.org\/workshops\/econval21\/wp-content\/uploads\/sites\/15\/2021\/03\/brujulaOK-768x130.jpg 768w\" sizes=\"auto, (max-width: 800px) 100vw, 800px\" \/><\/figure><p><br \/>En el marc d\u2019un context competitiu global, l&#8217;economia valenciana afronta <strong>reptes<\/strong> que impliquen posar en valor els seus <strong>recursos territorials<\/strong> a trav\u00e9s del teixit empresarial, institucional i acad\u00e8mic. La futura creaci\u00f3 de rendiments econ\u00f2mics en un espai sostenible exigeix d\u2019accions en el present. De com s\u2019afronten els nous paradigmes dependr\u00e0 l\u2019her\u00e8ncia de les pr\u00f2ximes generacions.<\/p><p>En aquest sentit, la implantaci\u00f3 dels principis de l\u2019<strong>economia circular<\/strong> i l\u2019agenda del <strong>proc\u00e9s de digitalitzaci\u00f3<\/strong> d\u2019empreses i organismes s\u00f3n dos processos que es desenvolupen en paral\u00b7lel i que demanden una aproximaci\u00f3 hol\u00edstica. Sense la transici\u00f3 del model \u2018produir, usar i tirar\u2019 a un altre de \u2018reduir, reutilitzar i reciclar\u2019, no ser\u00e0 possible fer compatibles les expectatives de la societat en el seu conjunt, que exigeix un entorn m\u00e9s sostenible, amb\u00a0les aspiracions de tots els actors de l\u2019escenari econ\u00f2mic, de les empreses als\u00a0consumidors, passant per les institucions. I d\u2019altra banda, l\u2019agenda digital ha d\u2019integrar de\u00a0forma eficient i competitiva les TIC en les empreses valencianes aprofitant al m\u00e0xim tot el potencial que ofereix el pas a la Ind\u00fastria 4.0.<\/p><figure class=\"wp-block-image\"><img loading=\"lazy\" decoding=\"async\" width=\"800\" height=\"100\" src=\"https:\/\/fundacionexe.org\/workshops\/econval21\/wp-content\/uploads\/sites\/15\/2021\/03\/energiaOK.jpg\" alt=\"\" class=\"wp-image-37\" srcset=\"https:\/\/fundacionexe.org\/workshops\/econval21\/wp-content\/uploads\/sites\/15\/2021\/03\/energiaOK.jpg 800w, https:\/\/fundacionexe.org\/workshops\/econval21\/wp-content\/uploads\/sites\/15\/2021\/03\/energiaOK-300x38.jpg 300w, https:\/\/fundacionexe.org\/workshops\/econval21\/wp-content\/uploads\/sites\/15\/2021\/03\/energiaOK-768x96.jpg 768w\" sizes=\"auto, (max-width: 800px) 100vw, 800px\" \/><\/figure><p><br \/>El <strong>VI Workshop d\u2019Economia Valenciana<\/strong> analitzar\u00e0 de forma priorit\u00e0ria aquestes tem\u00e0tiques, i aix\u00ed mateix abordar\u00e0 un debat global sobre el programa d\u2019ajudes europees \u2018Next Generation UE\u2019, amb la <strong>participaci\u00f3 dels \u00e0mbits empresarial, institucional i acad\u00e8mic<\/strong>. Professionals de les tres \u00e0rees posaran en com\u00fa idees, opinions, actuacions, etc. que conviden als assistents a la reflexi\u00f3.<\/p><p>El Workshop est\u00e0 obert a la participaci\u00f3 d\u2019especialistes, acad\u00e8mics i persones del m\u00f3n empresarial que puguen contribuir al debat de la mat\u00e8ria, i en aquest sentit tamb\u00e9 es fa\u00a0una crida de comunicacions per a que aquelles persones interessades puguen participar en el congr\u00e9s exposant-les, aix\u00ed com publicant les en el llibre d&#8217;actes que s\u2019editar\u00e0\u00a0posteriorment.<\/p><figure class=\"wp-block-image\"><img loading=\"lazy\" decoding=\"async\" width=\"800\" height=\"100\" src=\"https:\/\/fundacionexe.org\/workshops\/econval21\/wp-content\/uploads\/sites\/15\/2021\/03\/digitalizacionOK.jpg\" alt=\"\" class=\"wp-image-39\" srcset=\"https:\/\/fundacionexe.org\/workshops\/econval21\/wp-content\/uploads\/sites\/15\/2021\/03\/digitalizacionOK.jpg 800w, https:\/\/fundacionexe.org\/workshops\/econval21\/wp-content\/uploads\/sites\/15\/2021\/03\/digitalizacionOK-300x38.jpg 300w, https:\/\/fundacionexe.org\/workshops\/econval21\/wp-content\/uploads\/sites\/15\/2021\/03\/digitalizacionOK-768x96.jpg 768w\" sizes=\"auto, (max-width: 800px) 100vw, 800px\" \/><\/figure>","protected":false},"excerpt":{"rendered":"<p>En el marc d\u2019un context competitiu global, l&#8217;economia valenciana afronta reptes que impliquen posar en valor els seus recursos territorials a trav\u00e9s del teixit empresarial, institucional i acad\u00e8mic. La futura creaci\u00f3 de rendiments econ\u00f2mics en un espai sostenible exigeix d\u2019accions en el present. De com s\u2019afronten els nous paradigmes dependr\u00e0 l\u2019her\u00e8ncia de les pr\u00f2ximes generacions. &hellip; <a href=\"https:\/\/fundacionexe.org\/workshops\/econval21\/\" class=\"more-link\">Continua la lectura de <span class=\"screen-reader-text\">Presentaci\u00f3<\/span> <span class=\"meta-nav\">&rarr;<\/span><\/a><\/p>\n","protected":false},"author":5,"featured_media":0,"parent":0,"menu_order":0,"comment_status":"closed","ping_status":"closed","template":"","meta":{"footnotes":""},"class_list":["post-6","page","type-page","status-publish","hentry"],"_links":{"self":[{"href":"https:\/\/fundacionexe.org\/workshops\/econval21\/wp-json\/wp\/v2\/pages\/6","targetHints":{"allow":["GET"]}}],"collection":[{"href":"https:\/\/fundacionexe.org\/workshops\/econval21\/wp-json\/wp\/v2\/pages"}],"about":[{"href":"https:\/\/fundacionexe.org\/workshops\/econval21\/wp-json\/wp\/v2\/types\/page"}],"author":[{"embeddable":true,"href":"https:\/\/fundacionexe.org\/workshops\/econval21\/wp-json\/wp\/v2\/users\/5"}],"replies":[{"embeddable":true,"href":"https:\/\/fundacionexe.org\/workshops\/econval21\/wp-json\/wp\/v2\/comments?post=6"}],"version-history":[{"count":13,"href":"https:\/\/fundacionexe.org\/workshops\/econval21\/wp-json\/wp\/v2\/pages\/6\/revisions"}],"predecessor-version":[{"id":110,"href":"https:\/\/fundacionexe.org\/workshops\/econval21\/wp-json\/wp\/v2\/pages\/6\/revisions\/110"}],"wp:attachment":[{"href":"https:\/\/fundacionexe.org\/workshops\/econval21\/wp-json\/wp\/v2\/media?parent=6"}],"curies":[{"name":"wp","href":"https:\/\/api.w.org\/{rel}","templated":true}]}}