{"id":6,"date":"2021-03-24T17:16:52","date_gmt":"2021-03-24T15:16:52","guid":{"rendered":"http:\/\/fundacionexe.org\/workshops\/econval22\/?page_id=6"},"modified":"2022-07-08T13:24:34","modified_gmt":"2022-07-08T11:24:34","slug":"inici","status":"publish","type":"page","link":"https:\/\/fundacionexe.org\/workshops\/econval22\/","title":{"rendered":"Presentaci\u00f3"},"content":{"rendered":"<h4>CAP AL CANVI DE MODEL ECON\u00d2MIC AL PA\u00cdS VALENCI\u00c0: LA SOSTENIBILITAT NECESS\u00c0RIA<\/h4>\n<p>L&#8217;economia valenciana, dins d&#8217;un context competitiu global, requereix fer front els reptes del moment hist\u00f2ric que vivim tot fent valdre els recursos territorials a trav\u00e9s del teixit empresarial, institucional i acad\u00e8mic. D&#8217;aquesta forma, les accions dutes a terme en el present suposaran la creaci\u00f3 tant de rendiments econ\u00f2mics, com del desenvolupament d&#8217;un espai sostenible, que seran her\u00e8ncia per a futures generacions.<\/p>\n<p>Ja l\u2019any passat varem focalitzar l\u2019activitat en dos paradigmes destacats. D&#8217;una banda, el canvi de \u201cproduir, usar i tirar\u201d a \u201creduir, reutilitzar i reciclar\u201d, per tal d\u2019establir les bases per una economia circular: un repte present cap a un entorn m\u00e9s sostenible.<\/p>\n<p>D&#8217;altra banda, la necess\u00e0ria &#8216;agenda digital de les empreses i organismes p\u00fablics. Aix\u00f2 suposa la implantaci\u00f3 efectiva d&#8217;un proc\u00e9s de digitalitzaci\u00f3 progressiu que integre l&#8217;evoluci\u00f3 constant de les tecnologies de la informaci\u00f3 i permeta a les empreses valencianes cotes d&#8217;efici\u00e8ncia i innovaci\u00f3 majors. En aquest marc, la Ind\u00fastria 4.0 tracta de combinar t\u00e8cniques avan\u00e7ades de producci\u00f3 i operacions amb tecnologies intel\u00b7ligents com la rob\u00f2tica, la intel\u00b7lig\u00e8ncia artificial, les tecnologies cognitives, la nanotecnologia o la Internet of Things (IoT.).<\/p>\n<p>La nova pol\u00edtica econ\u00f2mica europea per la transici\u00f3 ecol\u00f2gica i la digitalitzaci\u00f3, instrumentalitzada per mitj\u00e0 del fons Next Generation UE marca una nova etapa en la implementaci\u00f3 dels nous paradigmes. Per\u00f2 a m\u00e9s a m\u00e9s, l\u2019inici de la guerra en Ukra\u00efna el passat 24 de febrer de 2022, ha generat de fet un nou marc de les relacions econ\u00f2miques internacionals i, paradoxalment, ha posat en evid\u00e8ncia de forma dr\u00e0stica i real els perills i les conseq\u00fc\u00e8ncies de models econ\u00f2mics no sostenibles. La depend\u00e8ncia Europea de recursos energ\u00e8tics cada dia m\u00e9s escassos i procedents en una part significativa de Rusia aix\u00ed com la depend\u00e8ncia d\u2019altres productes diversos originaris d\u2019Ukra\u00efna i Rusia ara tancats a l\u2019intercanvi comercial ha quedat en evid\u00e8ncia. La globalitzaci\u00f3 econ\u00f3mica ha passat en molt poc de temps a una economia de blocs. Al mateix temps, el canvi ha deixat en evid\u00e8ncia les conseq\u00fc\u00e8ncies econ\u00f3miques en una situaci\u00f3 d\u2019escassesa de recursos naturals. La transici\u00f3 cap a la sostenibilitat \u00e9s cada dia m\u00e9s urgent.<\/p>\n<p>Aquesta VII edici\u00f3 del Workshop d\u2019Economia Valenciana es centra en aquesta nova realitat que reclama de manera urgent una reflexi\u00f3 i un marc explicatiu i justificatiu de les l\u00ednies d\u2019actuaci\u00f3 a encetar, aprofundir o consolidar. Pretenem obrir un debat entre el m\u00f3n empresarial, l&#8217;institucional i l&#8217;acad\u00e8mic. Professionals de les tres \u00e0rees posaran en com\u00fa idees, opinions, actuacions, etc. que conviden als assistents a la reflexi\u00f3 i la prospectiva. Al mateix temps, volem aprofitar aquesta nova edici\u00f3 per fer una crida especialment a especialistes, acad\u00e8mics i investigadors joves, els que hauran d\u2019afrontar amb m\u00e9s decissi\u00f3 i participar m\u00e9s directament en els canvis que venen, a presentar comunicacions participant aix\u00ed en el congr\u00e9s, exposant-les i publicant en les actes que s\u2019editar\u00e0 posteriorment.<\/p>\n","protected":false},"excerpt":{"rendered":"<p>CAP AL CANVI DE MODEL ECON\u00d2MIC AL PA\u00cdS VALENCI\u00c0: LA SOSTENIBILITAT NECESS\u00c0RIA L&#8217;economia valenciana, dins d&#8217;un context competitiu global, requereix fer front els reptes del moment hist\u00f2ric que vivim tot fent valdre els recursos territorials a trav\u00e9s del teixit empresarial, institucional i acad\u00e8mic. D&#8217;aquesta forma, les accions dutes a terme en el present suposaran la &hellip; <a href=\"https:\/\/fundacionexe.org\/workshops\/econval22\/\" class=\"more-link\">Continua la lectura de <span class=\"screen-reader-text\">Presentaci\u00f3<\/span> <span class=\"meta-nav\">&rarr;<\/span><\/a><\/p>\n","protected":false},"author":5,"featured_media":0,"parent":0,"menu_order":0,"comment_status":"closed","ping_status":"closed","template":"","meta":{"footnotes":""},"class_list":["post-6","page","type-page","status-publish","hentry"],"_links":{"self":[{"href":"https:\/\/fundacionexe.org\/workshops\/econval22\/wp-json\/wp\/v2\/pages\/6","targetHints":{"allow":["GET"]}}],"collection":[{"href":"https:\/\/fundacionexe.org\/workshops\/econval22\/wp-json\/wp\/v2\/pages"}],"about":[{"href":"https:\/\/fundacionexe.org\/workshops\/econval22\/wp-json\/wp\/v2\/types\/page"}],"author":[{"embeddable":true,"href":"https:\/\/fundacionexe.org\/workshops\/econval22\/wp-json\/wp\/v2\/users\/5"}],"replies":[{"embeddable":true,"href":"https:\/\/fundacionexe.org\/workshops\/econval22\/wp-json\/wp\/v2\/comments?post=6"}],"version-history":[{"count":17,"href":"https:\/\/fundacionexe.org\/workshops\/econval22\/wp-json\/wp\/v2\/pages\/6\/revisions"}],"predecessor-version":[{"id":125,"href":"https:\/\/fundacionexe.org\/workshops\/econval22\/wp-json\/wp\/v2\/pages\/6\/revisions\/125"}],"wp:attachment":[{"href":"https:\/\/fundacionexe.org\/workshops\/econval22\/wp-json\/wp\/v2\/media?parent=6"}],"curies":[{"name":"wp","href":"https:\/\/api.w.org\/{rel}","templated":true}]}}