{"id":6,"date":"2021-03-24T17:16:52","date_gmt":"2021-03-24T15:16:52","guid":{"rendered":"http:\/\/fundacionexe.org\/workshops\/econval23\/?page_id=6"},"modified":"2023-09-20T12:55:54","modified_gmt":"2023-09-20T10:55:54","slug":"inici","status":"publish","type":"page","link":"https:\/\/fundacionexe.org\/workshops\/econval23\/","title":{"rendered":"Presentaci\u00f3"},"content":{"rendered":"<h4><b>EMERG\u00c8NCIA CLIM\u00c0TICA I DESCARBONITZACI\u00d3 AL PA\u00cdS VALENCI\u00c0: SOCIETAT, EMPRESA I TERRITORI.<\/b><\/h4>\n<p><span style=\"font-weight: 400\">El darrer VII Workshop d\u2019Economia Valenciana de l\u2019any 2022 el dedic\u00e0rem al canvi de\u00a0 model econ\u00f2mic al Pa\u00eds Valenci\u00e0 i la sostenibilitat necess\u00e0ria. Si b\u00e9 \u00e9s cert que el paradigma de la sostenibilitat est\u00e0 molt consolidat i assumit com a objectiu final, tamb\u00e9 \u00e9s cert que la seua concreci\u00f3 pr\u00e0ctica quotidiana en el dia a dia no est\u00e0 definida, \u00e9s un cam\u00ed a esbrinar. La pol\u00edtica europea cap a la transici\u00f3 ecol\u00f2gica expressa un desig clar per\u00f2 al mateix temps sorgeixen els dubtes sobre la millor forma de dur a terme aquesta transici\u00f3. El debat sobre el desenvolupament de la energia fotovoltaica i on localitzar les grans extensions que necessita aquesta instal\u00b7laci\u00f3 industrial aix\u00ed com definir la o les millors formes de gesti\u00f3, el debat sobre les possibilitats o efici\u00e8ncia potencial de l\u2019hidr\u00f2gen verd, el debat sobre la mobilitat en la societat post-industrial, com reconvertir un territori consolidat en base a un tipus de mobilitat hui rebutjada i com reconvertir energ\u00e8ticament l\u2019habitatge que forma part d\u2019aquest territori &#8230; s\u00f3n alguns dels temes urgents per abordar i per definir accions a desenvolupar. La q\u00fcesti\u00f3 de l\u2019habitatge esdev\u00e9 essencial perqu\u00e8 a les disfuncions hist\u00f2riques del mercat de l\u2019habitatge, s\u2019afegeix la necessitat de la seua reconversi\u00f3.<\/span><\/p>\n<p><span style=\"font-weight: 400\">Es per aix\u00f2 que aquest nou Workshop volem centrar-ho en abordar una an\u00e0lisis al voltant de la descarbonitzaci\u00f3 de la economia i la societat, l\u2019an\u00e0lisi sobre la gesti\u00f3 eficient de la emerg\u00e8ncia clim\u00e0tica i el debat sobre les accions concretes a desenvolupar i la seua gesti\u00f3 tot considerant els elements essencials que participen d\u2019aquests processos: la societat i les seues activitats, les empreses i les seues activitats, el territori on s\u2019han de redistribuir els usos actuals i nous i l\u2019habitatge com a part essencial d\u2019aquest territori amb un mercat que torna a mostrar les seues disfuncions.<\/span><\/p>\n<p><span style=\"font-weight: 400\">Aix\u00ed, per una part, les activitats socials i econ\u00f2miques s\u2019han de mantenir tot i que d\u2019altra manera, amb altres fonts energ\u00e8tiques o amb altra gesti\u00f3 de l\u2019energia. D\u2019altra part, les transformacions territorials, de manera general, s\u00f3n irreversibles i, per conseq\u00fcent, les decisions sobre la seua transformaci\u00f3 poden hipotecar un futur en el mitj\u00e0 i llarg termini. El debat sobre l&#8217;energia sostenible necess\u00e0ria amb viabilitat real, com implementar-la tot reconvertint el model actual social i econ\u00f2mic i el re-disseny del paisatge per incorporar les noves fonts de producci\u00f3 energ\u00e8tica \u00e9s urgent. El Pa\u00eds Valenci\u00e0, la Uni\u00f3 Europea i, en general, la societat humana es juga molt amb les decisions i accions a emprendre al moment actual.<\/span><\/p>\n<p><span style=\"font-weight: 400\">Com sempre, en el marc d\u2019aquest Workshop, pretenem obrir un debat al voltant d\u2019aquests temes entre el m\u00f3n empresarial, l\u2019institucional i l\u2019acad\u00e8mic. Professionals de les tres \u00e0rees posaran en com\u00fa idees, opinions, actuacions, etc. que conviden als assistents a la reflexi\u00f3 i la prospectiva. Al mateix temps, novament cridem i animem particularment a especialistes, acad\u00e8mics i investigadors joves, que s\u00f3n els que hauran d\u2019afrontar amb m\u00e9s decisi\u00f3 i participar m\u00e9s directament en els canvis que venen, a presentar comunicacions participant aix\u00ed en el congr\u00e9s, exposant-les i publicant en les actes que s\u2019editar\u00e0 posteriorment.<\/span><\/p>\n<p><span style=\"font-weight: 400\">La edici\u00f3 huitena del Workshop d\u2019Economia Valenciana es realitza gr\u00e0cies a l\u2019organitzaci\u00f3 de la Universitat Polit\u00e8cnica de Val\u00e8ncia, a la C\u00e0tedra d\u2019Economia Valenciana i a la C\u00e0tedra de Transformaci\u00f3 del Model Econ\u00f2mic i al patrocini de la Conselleria d\u2019Economia Sostenible, Sectors Productius, Comer\u00e7 i Treball, i a Caixa Popular.<\/span><\/p>\n<p>&nbsp;<\/p>\n","protected":false},"excerpt":{"rendered":"<p>EMERG\u00c8NCIA CLIM\u00c0TICA I DESCARBONITZACI\u00d3 AL PA\u00cdS VALENCI\u00c0: SOCIETAT, EMPRESA I TERRITORI. El darrer VII Workshop d\u2019Economia Valenciana de l\u2019any 2022 el dedic\u00e0rem al canvi de\u00a0 model econ\u00f2mic al Pa\u00eds Valenci\u00e0 i la sostenibilitat necess\u00e0ria. Si b\u00e9 \u00e9s cert que el paradigma de la sostenibilitat est\u00e0 molt consolidat i assumit com a objectiu final, tamb\u00e9 \u00e9s &hellip; <a href=\"https:\/\/fundacionexe.org\/workshops\/econval23\/\" class=\"more-link\">Continua la lectura de <span class=\"screen-reader-text\">Presentaci\u00f3<\/span> <span class=\"meta-nav\">&rarr;<\/span><\/a><\/p>\n","protected":false},"author":5,"featured_media":0,"parent":0,"menu_order":0,"comment_status":"closed","ping_status":"closed","template":"","meta":{"footnotes":""},"class_list":["post-6","page","type-page","status-publish","hentry"],"_links":{"self":[{"href":"https:\/\/fundacionexe.org\/workshops\/econval23\/wp-json\/wp\/v2\/pages\/6","targetHints":{"allow":["GET"]}}],"collection":[{"href":"https:\/\/fundacionexe.org\/workshops\/econval23\/wp-json\/wp\/v2\/pages"}],"about":[{"href":"https:\/\/fundacionexe.org\/workshops\/econval23\/wp-json\/wp\/v2\/types\/page"}],"author":[{"embeddable":true,"href":"https:\/\/fundacionexe.org\/workshops\/econval23\/wp-json\/wp\/v2\/users\/5"}],"replies":[{"embeddable":true,"href":"https:\/\/fundacionexe.org\/workshops\/econval23\/wp-json\/wp\/v2\/comments?post=6"}],"version-history":[{"count":22,"href":"https:\/\/fundacionexe.org\/workshops\/econval23\/wp-json\/wp\/v2\/pages\/6\/revisions"}],"predecessor-version":[{"id":171,"href":"https:\/\/fundacionexe.org\/workshops\/econval23\/wp-json\/wp\/v2\/pages\/6\/revisions\/171"}],"wp:attachment":[{"href":"https:\/\/fundacionexe.org\/workshops\/econval23\/wp-json\/wp\/v2\/media?parent=6"}],"curies":[{"name":"wp","href":"https:\/\/api.w.org\/{rel}","templated":true}]}}