{"id":6,"date":"2021-03-24T17:16:52","date_gmt":"2021-03-24T15:16:52","guid":{"rendered":"http:\/\/fundacionexe.org\/workshops\/econval24\/?page_id=6"},"modified":"2024-07-29T13:45:34","modified_gmt":"2024-07-29T11:45:34","slug":"inici","status":"publish","type":"page","link":"https:\/\/fundacionexe.org\/workshops\/econval24\/","title":{"rendered":"Presentaci\u00f3"},"content":{"rendered":"<h4>NOVES POL\u00cdTIQUES EUROPEES PER A LA SOSTENIBILITAT<\/h4>\n<p>La sostenibilitat s\u2019ha convertit en un objectiu social i econ\u00f2mic sist\u00e8mic. No podem imaginar, ni pot existir, el nostre mon ni el Pa\u00eds Valenci\u00e0 en un escenari insostenible. Certament la paraula ha perdut concreci\u00f3 i, de vegades, s\u2019utilitza de forma banal i equ\u00edvoca per\u00f2, encara aix\u00ed, mant\u00e9 el seu significat com a meta irrenunciable, com l\u2019\u00fanic cam\u00ed per crear un planeta, i la nostra naci\u00f3, vivible per la poblaci\u00f3 humana. En aquest cam\u00ed, la Uni\u00f3 Europea ja fa temps que ha optat per una progressiva pol\u00edtica cap a la sostenibilitat, tot i qu\u00e8 de vegades part de la poblaci\u00f3 i dels agents econ\u00f2mics no la comprenen o no la volen des de posicions ideol\u00f2giques negacionistes, que neguen la realitat de les condicions ambientals necess\u00e0ries per la vida humana.<\/p>\n<p>Aix\u00ed, afortunadament per la poblaci\u00f3 valenciana i el seu futur, la UE continua desenvolupant i promovent pol\u00edtiques cap a la sostenibilitat que, no pot ser d\u2019alta manera, afecten l\u2019activitat econ\u00f2mica i la gesti\u00f3 empresarial. Aquest IX Workshop d\u2019Economia Valenciana es centra la seua atenci\u00f3 en les noves pol\u00edtiques, concretades en directives de nova implantaci\u00f3, previstes per la seua implementaci\u00f3. Moltes directives i normatives sobre sostenibilitat previstes per la seua implementaci\u00f3 en 2024 van a afectar directament al mon empresarial.<\/p>\n<p>En mat\u00e8ria d\u2019informaci\u00f3 sobre la sostenibilitat est\u00e0 programada la transposici\u00f3 de la<br \/>\nDirectiva CSRD (Corporate Sustainability Reporting Directive) que regula la informaci\u00f3<br \/>\nempresarial sobre sostenibilitat, la Directiva ESRS (Environmental, Social and Governance<br \/>\nReporting Standards) que estableix est\u00e0ndards sobre transpar\u00e8ncia empresarial en els<br \/>\n\u00e0mbits ambiental, social i de governan\u00e7a i la Directiva CSDD sobre dilig\u00e8ncia deguda de<br \/>\nsostenibilitat corporativa, recentment aprovada, que aborda l\u2019acci\u00f3 activa empresarial sobre riscos ambientals i compliment de drets humans per incorporar-los a la cadena de valor.<\/p>\n<p>I al mateix temps, es preveu aprofundir en \u00e0mbits com la lluita contra el canvi clim\u00e0tic i el<br \/>\nc\u00e0lcul de l\u2019empremta de carb\u00f3, tamb\u00e9 de les empreses, el control de pr\u00e0ctiques ambientals<br \/>\nenganyoses (com l\u2019anomenat \u201cgreenwashing\u201d) o que blanquegen pr\u00e0ctiques no sostenibles, aix\u00ed com tamb\u00e9 el control ambiental de productes importats per evitar pr\u00e0ctiques ambientals no acceptables en origen de les importacions (deforestaci\u00f3, \u00fas de productes qu\u00edmics contaminants &#8230;).<\/p>\n<p>Totes aquestes noves pol\u00edtiques s\u2019afegeixen a moltes altres ja en proc\u00e9s d\u2019implementaci\u00f3<br \/>\ncom la transici\u00f3 energ\u00e8tica amb conseq\u00fc\u00e8ncies directes en el sistema de transports i<br \/>\nparticularment en el disseny del Corredor Mediterrani.<\/p>\n<p>Finalment recordar que, com sempre, els Workshop d\u2019Economia Valenciana, pretenen<br \/>\nmantenir el debat al voltant d\u2019aquests temes entre el m\u00f3n empresarial, l\u2019institucional i<br \/>\nl\u2019acad\u00e8mic. Professionals de les tres \u00e0rees posaran en com\u00fa idees, opinions i actuacions<br \/>\nque conviden als assistents a la reflexi\u00f3 i la prospectiva. Al mateix temps, novament cridem i animem particularment a especialistes, acad\u00e8mics i investigadors joves, que son els que hauran d\u2019afrontar amb m\u00e9s decisi\u00f3 i participar m\u00e9s directament en els canvis que venen, a<br \/>\npresentar comunicacions participant aix\u00ed en el congr\u00e9s, exposant-les i publicant en les actes que s\u2019editar\u00e0 posteriorment.<\/p>\n<p>&nbsp;<\/p>\n","protected":false},"excerpt":{"rendered":"<p>NOVES POL\u00cdTIQUES EUROPEES PER A LA SOSTENIBILITAT La sostenibilitat s\u2019ha convertit en un objectiu social i econ\u00f2mic sist\u00e8mic. No podem imaginar, ni pot existir, el nostre mon ni el Pa\u00eds Valenci\u00e0 en un escenari insostenible. Certament la paraula ha perdut concreci\u00f3 i, de vegades, s\u2019utilitza de forma banal i equ\u00edvoca per\u00f2, encara aix\u00ed, mant\u00e9 el &hellip; <a href=\"https:\/\/fundacionexe.org\/workshops\/econval24\/\" class=\"more-link\">Continua la lectura de <span class=\"screen-reader-text\">Presentaci\u00f3<\/span> <span class=\"meta-nav\">&rarr;<\/span><\/a><\/p>\n","protected":false},"author":5,"featured_media":0,"parent":0,"menu_order":0,"comment_status":"closed","ping_status":"closed","template":"","meta":{"footnotes":""},"class_list":["post-6","page","type-page","status-publish","hentry"],"_links":{"self":[{"href":"https:\/\/fundacionexe.org\/workshops\/econval24\/wp-json\/wp\/v2\/pages\/6","targetHints":{"allow":["GET"]}}],"collection":[{"href":"https:\/\/fundacionexe.org\/workshops\/econval24\/wp-json\/wp\/v2\/pages"}],"about":[{"href":"https:\/\/fundacionexe.org\/workshops\/econval24\/wp-json\/wp\/v2\/types\/page"}],"author":[{"embeddable":true,"href":"https:\/\/fundacionexe.org\/workshops\/econval24\/wp-json\/wp\/v2\/users\/5"}],"replies":[{"embeddable":true,"href":"https:\/\/fundacionexe.org\/workshops\/econval24\/wp-json\/wp\/v2\/comments?post=6"}],"version-history":[{"count":25,"href":"https:\/\/fundacionexe.org\/workshops\/econval24\/wp-json\/wp\/v2\/pages\/6\/revisions"}],"predecessor-version":[{"id":217,"href":"https:\/\/fundacionexe.org\/workshops\/econval24\/wp-json\/wp\/v2\/pages\/6\/revisions\/217"}],"wp:attachment":[{"href":"https:\/\/fundacionexe.org\/workshops\/econval24\/wp-json\/wp\/v2\/media?parent=6"}],"curies":[{"name":"wp","href":"https:\/\/api.w.org\/{rel}","templated":true}]}}