{"id":19,"date":"2019-04-10T09:46:53","date_gmt":"2019-04-10T07:46:53","guid":{"rendered":"http:\/\/fundacionexe.org\/workshops\/femlab19\/?page_id=19"},"modified":"2019-10-22T10:45:37","modified_gmt":"2019-10-22T08:45:37","slug":"crida-a-comunicacions","status":"publish","type":"page","link":"https:\/\/fundacionexe.org\/workshops\/femlab19\/crida-a-comunicacions\/","title":{"rendered":"Crida a comunicacions"},"content":{"rendered":"<p>El Workshop est\u00e0 adre\u00e7at a persones que investiguen en\u00a0els \u00e0mbits dels feminismes i les sobiranies, que estiguen treballant en institucions i organitzacions vinculades amb aquestes tem\u00e0tiques i, en general, a persones interessades. Es poden presentar treballs te\u00f2rics i de reflexi\u00f3, estudis emp\u00edrics i propostes i pr\u00e0ctiques d\u2019intervenci\u00f3 social sobre la tem\u00e0tica del congr\u00e9s.<\/p><p>De manera m\u00e9s concreta, el present congr\u00e9s vol aprofundir en les interseccionalitats dels <strong>feminismes<\/strong> amb les <strong>sobiranies, <\/strong>enteses com aquelles\u00a0que ens permeten prendre les decisions de les nostres pr\u00f2pies vides. Aix\u00ed, els treballs que d\u2019alguna manera vinculen la perspectiva de g\u00e8nere amb el fet de viure, conviure, decidir, actuar, sentir, pensar, etc., formen part d\u2019aquest Workshop.<\/p><p>El comit\u00e9 cient\u00edfic establir\u00e0 la pertinen\u00e7a de les comunicacions acadascundels tres eixos tem\u00e0tics en qu\u00e8 es divideix el congr\u00e9s: <strong>espais p\u00fablics, els privats i els \u00edntims<\/strong>, sempre des d\u2019una perspectiva feminista i de les sobiranies que es donen en cadascun d\u2019ells com ara, l&#8217;apropiaci\u00f3 de l\u2019espai p\u00fablic o pol\u00edtic,\u00a0la sobirania aliment\u00e0ria, la mirada sobre els cossos, l\u2019afectivitat, les cures, o la desmitificaci\u00f3 dels sexes i la deconstrucci\u00f3 dels g\u00e8neres&#8230; abundant en l\u2019apropiaci\u00f3 social des del feminisme.<\/p><p>En definitiva, s\u2019acceptaran treballs relacionats amb aquests conceptes o amb algun d\u2019ells, entesos de manera \u00e0mplia.<\/p><p>Hi ha dues modalitats de presentaci\u00f3:<\/p><ul class=\"wp-block-list\">\n\t<li><a href=\"https:\/\/fundacionexe.org\/workshops\/femlab19\/comunicacions\/\"><strong>COMUNICACIONS<\/strong><\/a>\ufeff<br \/><\/li>\n<\/ul><ul class=\"wp-block-list\">\n\t<li><a href=\"https:\/\/fundacionexe.org\/workshops\/femlab19\/hub-posters\/\"><strong>\ufeffHUB-P\u00d2STERS\ufeff<\/strong><\/a>\u00a0<\/li>\n<\/ul><p>Cliqueu sobre el nom de cadascuna d&#8217;elles per a con\u00e9ixer m\u00e9s detalls.<\/p><p>Ac\u00ed podeu informar-vos sobre les <a href=\"https:\/\/fundacionexe.org\/workshops\/femlab19\/normes-de-presentacio\/\"><strong>normes de la presentaci\u00f3\ufeff<\/strong><\/a>.<\/p><p><strong>CALENDARI\ufeff<\/strong><\/p><ul class=\"wp-block-list\">\n\t<li>15 d&#8217;abril &#8211; S&#8217;obri el per\u00edode per a la rebuda de resums de comunicaci\u00f3 i els hub-posters complets.<\/li>\n\t<li>15 de juliol- Es tanca el per\u00edode per a la rebuda de resums de comunicacions i dels hub-p\u00f2sters [AMPLIAT]<br \/><\/li>\n\t<li>30 de juliol &#8211;\u00a0Es comunica a les autores i els autors els treballs acceptats i es recorda data per presentar treball complet.<\/li>\n\t<li>20 de setembre &#8211; Es tanca la recepci\u00f3 de comunicacions curtes.<\/li>\n\t<li>16 d&#8217;octubre &#8211; Es confirma als autors i autores la recepci\u00f3 de la comunicaci\u00f3 i el hub-p\u00f2ster i s&#8217;envia la pregunta per al debat. [AMPLIAT]<\/li>\n<\/ul><p><\/p>","protected":false},"excerpt":{"rendered":"<p>El Workshop est\u00e0 adre\u00e7at a persones que investiguen en\u00a0els \u00e0mbits dels feminismes i les sobiranies, que estiguen treballant en institucions i organitzacions vinculades amb aquestes tem\u00e0tiques i, en general, a persones interessades. Es poden presentar treballs te\u00f2rics i de reflexi\u00f3, estudis emp\u00edrics i propostes i pr\u00e0ctiques d\u2019intervenci\u00f3 social sobre la tem\u00e0tica del congr\u00e9s. De manera &hellip; <a href=\"https:\/\/fundacionexe.org\/workshops\/femlab19\/crida-a-comunicacions\/\" class=\"more-link\">Continua la lectura de <span class=\"screen-reader-text\">Crida a comunicacions<\/span> <span class=\"meta-nav\">&rarr;<\/span><\/a><\/p>\n","protected":false},"author":2,"featured_media":0,"parent":0,"menu_order":0,"comment_status":"closed","ping_status":"closed","template":"","meta":{"footnotes":""},"class_list":["post-19","page","type-page","status-publish","hentry"],"_links":{"self":[{"href":"https:\/\/fundacionexe.org\/workshops\/femlab19\/wp-json\/wp\/v2\/pages\/19","targetHints":{"allow":["GET"]}}],"collection":[{"href":"https:\/\/fundacionexe.org\/workshops\/femlab19\/wp-json\/wp\/v2\/pages"}],"about":[{"href":"https:\/\/fundacionexe.org\/workshops\/femlab19\/wp-json\/wp\/v2\/types\/page"}],"author":[{"embeddable":true,"href":"https:\/\/fundacionexe.org\/workshops\/femlab19\/wp-json\/wp\/v2\/users\/2"}],"replies":[{"embeddable":true,"href":"https:\/\/fundacionexe.org\/workshops\/femlab19\/wp-json\/wp\/v2\/comments?post=19"}],"version-history":[{"count":11,"href":"https:\/\/fundacionexe.org\/workshops\/femlab19\/wp-json\/wp\/v2\/pages\/19\/revisions"}],"predecessor-version":[{"id":136,"href":"https:\/\/fundacionexe.org\/workshops\/femlab19\/wp-json\/wp\/v2\/pages\/19\/revisions\/136"}],"wp:attachment":[{"href":"https:\/\/fundacionexe.org\/workshops\/femlab19\/wp-json\/wp\/v2\/media?parent=19"}],"curies":[{"name":"wp","href":"https:\/\/api.w.org\/{rel}","templated":true}]}}