{"id":2,"date":"2019-03-22T13:08:14","date_gmt":"2019-03-22T11:08:14","guid":{"rendered":"http:\/\/fundacionexe.org\/workshops\/femlab19\/?page_id=2"},"modified":"2019-11-07T17:25:16","modified_gmt":"2019-11-07T15:25:16","slug":"inici","status":"publish","type":"page","link":"https:\/\/fundacionexe.org\/workshops\/femlab19\/inici\/","title":{"rendered":"Programa"},"content":{"rendered":"<figure class=\"wp-block-image\"><img loading=\"lazy\" decoding=\"async\" width=\"840\" height=\"280\" src=\"http:\/\/fundacionexe.org\/workshops\/femlab19\/wp-content\/uploads\/sites\/13\/2019\/10\/Cap\u00e7alera_Twitter_femsobiranies.jpg\" alt=\"\" class=\"wp-image-128\" \/><\/figure><figure class=\"wp-block-image\"><img loading=\"lazy\" decoding=\"async\" width=\"1129\" height=\"783\" src=\"https:\/\/fundacionexe.org\/workshops\/femlab19\/wp-content\/uploads\/sites\/13\/2019\/11\/progama-dia-8.png\" alt=\"\" class=\"wp-image-174\" srcset=\"https:\/\/fundacionexe.org\/workshops\/femlab19\/wp-content\/uploads\/sites\/13\/2019\/11\/progama-dia-8.png 1129w, https:\/\/fundacionexe.org\/workshops\/femlab19\/wp-content\/uploads\/sites\/13\/2019\/11\/progama-dia-8-300x208.png 300w, https:\/\/fundacionexe.org\/workshops\/femlab19\/wp-content\/uploads\/sites\/13\/2019\/11\/progama-dia-8-768x533.png 768w, https:\/\/fundacionexe.org\/workshops\/femlab19\/wp-content\/uploads\/sites\/13\/2019\/11\/progama-dia-8-1024x710.png 1024w\" sizes=\"auto, (max-width: 1129px) 100vw, 1129px\" \/><\/figure><figure class=\"wp-block-image\"><img loading=\"lazy\" decoding=\"async\" width=\"1119\" height=\"797\" src=\"https:\/\/fundacionexe.org\/workshops\/femlab19\/wp-content\/uploads\/sites\/13\/2019\/11\/programa-dia-9.jpg\" alt=\"\" class=\"wp-image-176\" srcset=\"https:\/\/fundacionexe.org\/workshops\/femlab19\/wp-content\/uploads\/sites\/13\/2019\/11\/programa-dia-9.jpg 1119w, https:\/\/fundacionexe.org\/workshops\/femlab19\/wp-content\/uploads\/sites\/13\/2019\/11\/programa-dia-9-300x214.jpg 300w, https:\/\/fundacionexe.org\/workshops\/femlab19\/wp-content\/uploads\/sites\/13\/2019\/11\/programa-dia-9-768x547.jpg 768w, https:\/\/fundacionexe.org\/workshops\/femlab19\/wp-content\/uploads\/sites\/13\/2019\/11\/programa-dia-9-1024x729.jpg 1024w\" sizes=\"auto, (max-width: 1119px) 100vw, 1119px\" \/><\/figure><p>El I Workshop de Feminisme i Sobiranies tindr\u00e0 lloc els dies<strong> 8 i 9 de novembre<\/strong> de 2019 a l&#8217;edifici de l&#8217;ADEIT (C\/Verge de la Pau, n\u00ba3 Val\u00e8ncia)<\/p>\n<p><strong>Divendres 8 de novembre<\/strong><\/p>\n<p>15.00h Recepci\u00f3 i acreditacions.<\/p>\n<p>15.30h Inauguraci\u00f3 del congr\u00e9s.<\/p>\n<p>Lloc: Sal\u00f3 d&#8217;actes de l&#8217;ADEIT.<\/p>\n<ul>\n<li>Reis Gallego, Coordinadora del Lab de Feminisme.<\/li>\n<li>Lucia Beamud,\u00a0Regidora Delegada d\u2019Igualtat i Pol\u00edtiques de G\u00e8nere i LGTBI.<\/li>\n<\/ul>\n<p>16.00h<span class=\"Apple-converted-space\">\u00a0Taula redona. <strong>\u00c0mbit p\u00fablic:<\/strong><\/span><span class=\"Apple-converted-space\">\u00a0<\/span><strong>Feminisme des dels marges de la pol\u00edtica.<\/strong><span class=\"Apple-converted-space\">\u00a0<\/span><\/p>\n<p>Modera: Anna Perpiny\u00e0.<\/p>\n<ul>\n<li><strong><a href=\"https:\/\/www.elcritic.cat\/opinio\/iolanda-fresnillo\/i-si-la-resposta-fossin-les-sobiranies-13408\">Iolanda Fresnillo<\/a>,<\/strong> soci\u00f2loga i activista per les diverses sobiranies.<\/li>\n<li><a href=\"https:\/\/directa.cat\/el-consum-es-una-de-les-vies-per-les-quals-sens-cola-el-neoliberalisme-en-la-vida-quotidiana\/\"><b>Carmen Castro<\/b><\/a>, economista feminista.<\/li>\n<\/ul>\n<p>17.30h Pausa Caf\u00e9.<\/p>\n<p>18.00h<strong> Exposici\u00f3 de comunicacions<\/strong> simult\u00e0nies.\u00a0<\/p>\n<ul>\n<li><strong>\u00c0mbit p\u00fablic (Aula 1.4)<\/strong><\/li>\n<\/ul>\n<p>Coordina: Al\u00edcia Villar<\/p>\n<p>-\u201cLa sobirania feminista en \u00e9poca de neoliberalisme\u201d de Encarna Canet Benavent i Gloria Maria Caravantes.<\/p>\n<p>-\u201cArt i feminisme: del cos de la dona com a objecte a paradigma de llibertat en l\u2019espai p\u00fablic.\u201d de Cristina Tro Pacheco.\u00a0<\/p>\n<p>&#8211; \u201cReivindicar nuestra vulnerabilidad e interpendencia: Hacia una organizaci\u00f3n social de los cuidados corresponsable y feminista\u201d de Pilar Dom\u00ednguez Castillo.<br \/>\u00a0\u201cPol\u00edtiques p\u00fabliques cap a la democratitzaci\u00f3 de les cures. Algunes respostes des de l\u2019esfera comunit\u00e0ria i l\u2019Economia Social i Solid\u00e0ria.\u201d de\u00a0Neus Bonnin.<\/p>\n<p>-\u201cLes invisibles o com fer-les visibles des de la did\u00e0ctica de les Ci\u00e8ncies socials\u201d de Laia Pitarch.<\/p>\n<p>\u201cInterseccionalitat de la desigualtat i la inseguretat entre la joventut catalana: una mirada metodol\u00f2gica\u201dde\u00a0M\u00edriam Acebillo-Baqu\u00e9,\u00a0Lara Maestripieri i Alejandra Pe\u00f1a L\u00f3pez.<\/p>\n<p>\u201cDisseny d\u2019eines per a la incorporaci\u00f3 de grups femenins en les programacions musicals p\u00fabliques al Pa\u00eds Valenci\u00e0\u201d de\u00a0Reis Gallego.<\/p>\n<p>\u201cLa persist\u00e8ncia de la segregaci\u00f3 de g\u00e8nere en els itineraris formatius. El cas de la Formaci\u00f3 Professi\u00f3 B\u00e0sica en centres educatius valencians\u201d de\u00a0Sandra Obiol-Franc\u00e9s i Al\u00edcia Villar-Aguil\u00e9s.\u00a0<\/p>\n<ul>\n<li><strong>\u00c0mbit privat-\u00edntim (Aula 3.3)<\/strong><\/li>\n<\/ul>\n<p>Coordina: Vicenta Tasa<\/p>\n<p>-\u201cEl cuerpo en la Ciudad\u201d de\u00a0M\u00f3nica D\u00edaz.<\/p>\n<p>-\u201cDel cos a la comunitat: les ciutats saludables com a eines d\u2019empoderament col\u00b7lectiu\u201d\u00a0de J\u00falia Gomar Pascual, Julia Pineda Soler, Lidia Escuder Calle, Pepe Lerma Chaqu\u00e9s, Jaume Puchalt Lacal i Adri\u00e0 Solbes L\u00f3pez.\u00a0<\/p>\n<p>-\u201cSuelo p\u00e9lvico y feminismo\u201d de\u00a0Amanda P\u00e9rez Torrent.\u00a0<\/p>\n<p>-\u201cEl hogar poliamoroso\u201d deDavid Vegara Rodr\u00edguez i Jaume Puchalt Lacal.<\/p>\n<p>\u201cCooperatives d\u2019habitatge en cessi\u00f3 d\u2019\u00fas. Respostes alternatives pel dret a l\u2019habitatge\u201d de J\u00falia Gomar Pascual, Julia Pineda Soler, Lidia Escuder Calle, Pepe Lerma Chaqu\u00e9s i Adri\u00e0 Solbes L\u00f3pez.\u00a0<\/p>\n<p>-\u201cLo primero es no hacer da\u00f1o: un estudio cualitativo sobre experiencias de mujeres gordas en la sanidad espanyola\u201d de\u00a0Nina Navajas-Perteg\u00e1s.<\/p>\n<p>-\u201cSobirania corporal front als problemes alimentaris\u201dde\u00a0Maje Girona Magraner.<\/p>\n<p>19.30h Taula redona. <strong>\u00c0mbit privat.\u00a0Feminisme des de les interseccionalitats.<\/strong><\/p>\n<p>Modera: Irene Ballester.<\/p>\n<ul>\n<li><a href=\"https:\/\/www.elcritic.cat\/entrevistes\/bel-olid-sense-la-collaboracio-dels-homes-que-no-son-assetjadors-no-anem-enlloc-11864\"><b>Bel Olid<\/b><\/a>, escriptora, traductora i activista feminista.<\/li>\n<li><strong><a href=\"https:\/\/agendadexpertes.es\/resume\/montserrat-hormigos-vaquero\/\">Montserrat Hormigos<\/a>,<\/strong>\u00a0gestora cultural i cr\u00edtica de cinema, art i literatura, especialitzada en an\u00e0lisis de g\u00e8nere.<span class=\"Apple-converted-space\">\u00a0<\/span>\n<ul>\n<li style=\"list-style-type: none\">\u00a0<\/li>\n<\/ul>\n<\/li>\n<\/ul>\n<p><strong>Dissabte 9 de novembre<\/strong><\/p>\n<p>Lloc: Terrassa de l&#8217;ADEIT.\u00a0<\/p>\n<p>10.00h\u00a0Recepci\u00f3 i acreditacions.<\/p>\n<p>10.30h Participaci\u00f3 de <b>Jule Goikoetxea,<\/b> fil\u00f2sofa pol\u00edtica, escriptora i activista feminista (v\u00eddeo confer\u00e8ncia).<\/p>\n<p>11.00h Taula redona. <strong>\u00c0mbit \u00edntim<\/strong>:\u00a0<strong>Feminisme des del cos cap endins.<\/strong>\u00a0<\/p>\n<p>Modera: D\u00e8lia Amor\u00f3s.<\/p>\n<ul>\n<li><strong><a href=\"https:\/\/www.elperiodico.com\/es\/mas-periodico\/20181006\/mercedes-fernandez-martorell-capitalismo-mujer-propiedad-hombre-7072285\">Mercedes Fern\u00e0ndez -Martorell<\/a>,<\/strong> antrop\u00f2loga i autora del llibre\u00a0<em>Capitalismo y cuerpo: cr\u00edtica de la raz\u00f3n masculina.\u00a0<\/em><\/li>\n<li><strong><a href=\"https:\/\/www.mariallopis.com\/\">Maria Llopis<\/a>,<\/strong>escriptora, artista, activista i feminista.<span class=\"Apple-converted-space\">\u00a0<\/span><\/li>\n<\/ul>\n<p>12.30h Cloenda<\/p>\n<p>\u00a0<\/p>\n<p>\u00a0<\/p>\n<ul>\n<li style=\"list-style-type: none\">\n<ul>\n<li style=\"list-style-type: none\">\n<ul>\n<li style=\"list-style-type: none\">\u00a0<\/li>\n<\/ul>\n<\/li>\n<\/ul>\n<\/li>\n<\/ul>\n<p>\u00a0<\/p>\n<p>\u00a0<\/p>","protected":false},"excerpt":{"rendered":"<p>El I Workshop de Feminisme i Sobiranies tindr\u00e0 lloc els dies 8 i 9 de novembre de 2019 a l&#8217;edifici de l&#8217;ADEIT (C\/Verge de la Pau, n\u00ba3 Val\u00e8ncia) Divendres 8 de novembre 15.00h Recepci\u00f3 i acreditacions. 15.30h Inauguraci\u00f3 del congr\u00e9s. Lloc: Sal\u00f3 d&#8217;actes de l&#8217;ADEIT. Reis Gallego, Coordinadora del Lab de Feminisme. Lucia Beamud,\u00a0Regidora Delegada &hellip; <a href=\"https:\/\/fundacionexe.org\/workshops\/femlab19\/inici\/\" class=\"more-link\">Continua la lectura de <span class=\"screen-reader-text\">Programa<\/span> <span class=\"meta-nav\">&rarr;<\/span><\/a><\/p>\n","protected":false},"author":1,"featured_media":0,"parent":0,"menu_order":0,"comment_status":"closed","ping_status":"closed","template":"","meta":{"footnotes":""},"class_list":["post-2","page","type-page","status-publish","hentry"],"_links":{"self":[{"href":"https:\/\/fundacionexe.org\/workshops\/femlab19\/wp-json\/wp\/v2\/pages\/2","targetHints":{"allow":["GET"]}}],"collection":[{"href":"https:\/\/fundacionexe.org\/workshops\/femlab19\/wp-json\/wp\/v2\/pages"}],"about":[{"href":"https:\/\/fundacionexe.org\/workshops\/femlab19\/wp-json\/wp\/v2\/types\/page"}],"author":[{"embeddable":true,"href":"https:\/\/fundacionexe.org\/workshops\/femlab19\/wp-json\/wp\/v2\/users\/1"}],"replies":[{"embeddable":true,"href":"https:\/\/fundacionexe.org\/workshops\/femlab19\/wp-json\/wp\/v2\/comments?post=2"}],"version-history":[{"count":40,"href":"https:\/\/fundacionexe.org\/workshops\/femlab19\/wp-json\/wp\/v2\/pages\/2\/revisions"}],"predecessor-version":[{"id":177,"href":"https:\/\/fundacionexe.org\/workshops\/femlab19\/wp-json\/wp\/v2\/pages\/2\/revisions\/177"}],"wp:attachment":[{"href":"https:\/\/fundacionexe.org\/workshops\/femlab19\/wp-json\/wp\/v2\/media?parent=2"}],"curies":[{"name":"wp","href":"https:\/\/api.w.org\/{rel}","templated":true}]}}