{"id":26,"date":"2019-04-10T12:24:10","date_gmt":"2019-04-10T10:24:10","guid":{"rendered":"http:\/\/fundacionexe.org\/workshops\/femlab19\/?page_id=26"},"modified":"2019-11-04T13:14:02","modified_gmt":"2019-11-04T11:14:02","slug":"comunicacions","status":"publish","type":"page","link":"https:\/\/fundacionexe.org\/workshops\/femlab19\/comunicacions\/","title":{"rendered":"Comunicacions"},"content":{"rendered":"<p>Per a la presentaci\u00f3 de comunicacions cal enviar una proposta resumida vinculada amb algun dels eixos tem\u00e0tics. La proposta de comunicaci\u00f3 ha de contindre els seg\u00fcents apartats:<\/p><ul class=\"wp-block-list\">\n\t<li>T\u00edtol<\/li>\n\t<li>Nom de les persones autores\u00a0<\/li>\n\t<li>Instituci\u00f3 o organitzaci\u00f3 i proced\u00e8ncia<br \/><\/li>\n\t<li>Resum (250 paraules com a m\u00e0xim)\u00a0<\/li>\n\t<li>Paraules clau (4-5 com a m\u00e0xim)<\/li>\n<\/ul><p>El termini per rebre el resum de les comunicacions s&#8217;ha ampliat fins el <strong>15 de juliol<\/strong>.<\/p><p>El <strong>30 de juliol<\/strong> es comunicar\u00e0 quines s\u00f3n les comunicacions acceptades i abans \u00a0 del\u00a0<strong>16 d&#8217;octubre\ufeff<\/strong> s\u2019haur\u00e0 d\u2019enviar la comunicaci\u00f3 completa (2.500 paraules). Aquesta \u00e9s condici\u00f3 i la seua presentaci\u00f3 oral en el congr\u00e9s seran indispensables per a la seua certificaci\u00f3. El Comit\u00e9 Cient\u00edfic podr\u00e0 proposar una publicaci\u00f3 de les comunicacions de major qualitat seleccionades.<\/p><p>S\u2019establir\u00e0 un grup tem\u00e0tic per cadascun dels eixos del congr\u00e9s i cadascun comptar\u00e0 amb una persona de l\u2019organitzaci\u00f3 com a moderadora. Les comunicacions es presentaran en el grup corresponent a la seua tem\u00e0tica. En cada grup hi haur\u00e0 una primera ronda d\u2019intervencions amb una durada de 10 minuts cadascuna en la qual les persones autores exposaran la seua comunicaci\u00f3 de manera oral (poden fer servir presentacions gr\u00e0fiques).<\/p><p>Despr\u00e9s hi haur\u00e0 una segona ronda per al debat, en la qual pr\u00e8viament s&#8217;haur\u00e0 enviat una preguna proposada per l&#8217;organitzaci\u00f3 per al debat entre les autores de les comunicacions. Aquesta pregunta ser\u00e0 enviada per l\u2019organitzaci\u00f3 a les autores el 16 d\u2019octubre de 2019 perqu\u00e8 puguen preparar-la amb antelaci\u00f3. L\u2019objectiu \u00e9s posar en com\u00fa un debat m\u00e9s acotat en la tem\u00e0tica del congr\u00e9s i poder dialogar.<\/p><p><strong>COORDINACI\u00d3 DE COMUNICACIONS<\/strong><\/p><p>\u00c0mbit p\u00fablic: Alicia Villar<\/p><p>\u00c0mbit priva-\u00edntim: Vicenta Tasa<\/p>","protected":false},"excerpt":{"rendered":"<p>Per a la presentaci\u00f3 de comunicacions cal enviar una proposta resumida vinculada amb algun dels eixos tem\u00e0tics. La proposta de comunicaci\u00f3 ha de contindre els seg\u00fcents apartats: T\u00edtol Nom de les persones autores\u00a0 Instituci\u00f3 o organitzaci\u00f3 i proced\u00e8ncia Resum (250 paraules com a m\u00e0xim)\u00a0 Paraules clau (4-5 com a m\u00e0xim) El termini per rebre el &hellip; <a href=\"https:\/\/fundacionexe.org\/workshops\/femlab19\/comunicacions\/\" class=\"more-link\">Continua la lectura de <span class=\"screen-reader-text\">Comunicacions<\/span> <span class=\"meta-nav\">&rarr;<\/span><\/a><\/p>\n","protected":false},"author":2,"featured_media":0,"parent":0,"menu_order":0,"comment_status":"closed","ping_status":"closed","template":"","meta":{"footnotes":""},"class_list":["post-26","page","type-page","status-publish","hentry"],"_links":{"self":[{"href":"https:\/\/fundacionexe.org\/workshops\/femlab19\/wp-json\/wp\/v2\/pages\/26","targetHints":{"allow":["GET"]}}],"collection":[{"href":"https:\/\/fundacionexe.org\/workshops\/femlab19\/wp-json\/wp\/v2\/pages"}],"about":[{"href":"https:\/\/fundacionexe.org\/workshops\/femlab19\/wp-json\/wp\/v2\/types\/page"}],"author":[{"embeddable":true,"href":"https:\/\/fundacionexe.org\/workshops\/femlab19\/wp-json\/wp\/v2\/users\/2"}],"replies":[{"embeddable":true,"href":"https:\/\/fundacionexe.org\/workshops\/femlab19\/wp-json\/wp\/v2\/comments?post=26"}],"version-history":[{"count":17,"href":"https:\/\/fundacionexe.org\/workshops\/femlab19\/wp-json\/wp\/v2\/pages\/26\/revisions"}],"predecessor-version":[{"id":153,"href":"https:\/\/fundacionexe.org\/workshops\/femlab19\/wp-json\/wp\/v2\/pages\/26\/revisions\/153"}],"wp:attachment":[{"href":"https:\/\/fundacionexe.org\/workshops\/femlab19\/wp-json\/wp\/v2\/media?parent=26"}],"curies":[{"name":"wp","href":"https:\/\/api.w.org\/{rel}","templated":true}]}}