{"id":34,"date":"2019-04-10T12:25:10","date_gmt":"2019-04-10T10:25:10","guid":{"rendered":"http:\/\/fundacionexe.org\/workshops\/femlab19\/?page_id=34"},"modified":"2019-06-03T10:35:15","modified_gmt":"2019-06-03T08:35:15","slug":"hub-posters","status":"publish","type":"page","link":"https:\/\/fundacionexe.org\/workshops\/femlab19\/hub-posters\/","title":{"rendered":"Hub-p\u00f2sters"},"content":{"rendered":"<p>Els p\u00f2sters s\u00f3n una manera de presentar visualment i gr\u00e0ficament una proposta i en aquest congr\u00e9s es presentaran mitjan\u00e7ant la seua projecci\u00f3, no la presentaci\u00f3 en paper com \u00e9s m\u00e9s tradicional. En aquest sentit, les persones que vulguen presentar un hub-p\u00f2ster han d\u2019enviar el seu p\u00f2ster en PDF. No han d\u2019imprimir-lo, sin\u00f3 que ser\u00e0 un p\u00f2ster projectat i acompanyat d\u2019una presentaci\u00f3 de 5 minuts.\u00a0<\/p><p>La proposta de hub-p\u00f2ster ha de contindre en una \u00fanica p\u00e0gina i de manera gr\u00e0fica el seg\u00fcents apartats:<\/p><ul class=\"wp-block-list\">\n\t<li>T\u00edtol<\/li>\n\t<li>Nom de les persones autores\u00a0<\/li>\n\t<li>Instituci\u00f3 o organitzaci\u00f3 i proced\u00e8ncia\u00a0<\/li>\n\t<li>Eix tem\u00e0tic escollit<\/li>\n\t<li>Contingut gr\u00e0fic del p\u00f2ster\u00a0<\/li>\n<\/ul><p>El <strong>15\u00a0de juliol<\/strong> es tanca el termini per rebre el hub-p\u00f2ster.\u00a0El <strong>30 de juliol<\/strong> es comunicar\u00e0 quins s\u00f3n els hub-p\u00f2sters acceptats.\u00a0L&#8217;enviament del hub-p\u00f2sters dins el termini establert i la seua presentaci\u00f3 oral en el congr\u00e9s seran indispensables per a la seua certificaci\u00f3.<\/p><p>La presentaci\u00f3 dels hub-p\u00f2sters comptar\u00e0 amb una persona de l\u2019organitzaci\u00f3 que actuar\u00e0 de moderadora. Hi haur\u00e0 una primera ronda amb l\u2019exposici\u00f3 oral dels hub-p\u00f2sters i una segona ronda dedicada a la pregunta comuna per al debat L\u2019organitzaci\u00f3 enviar\u00e0 a les autores participants la pregunta amb antelaci\u00f3 per a qu\u00e8 la puguen preparar.\u00a0<\/p>","protected":false},"excerpt":{"rendered":"<p>Els p\u00f2sters s\u00f3n una manera de presentar visualment i gr\u00e0ficament una proposta i en aquest congr\u00e9s es presentaran mitjan\u00e7ant la seua projecci\u00f3, no la presentaci\u00f3 en paper com \u00e9s m\u00e9s tradicional. En aquest sentit, les persones que vulguen presentar un hub-p\u00f2ster han d\u2019enviar el seu p\u00f2ster en PDF. No han d\u2019imprimir-lo, sin\u00f3 que ser\u00e0 un &hellip; <a href=\"https:\/\/fundacionexe.org\/workshops\/femlab19\/hub-posters\/\" class=\"more-link\">Continua la lectura de <span class=\"screen-reader-text\">Hub-p\u00f2sters<\/span> <span class=\"meta-nav\">&rarr;<\/span><\/a><\/p>\n","protected":false},"author":2,"featured_media":0,"parent":0,"menu_order":0,"comment_status":"closed","ping_status":"closed","template":"","meta":{"footnotes":""},"class_list":["post-34","page","type-page","status-publish","hentry"],"_links":{"self":[{"href":"https:\/\/fundacionexe.org\/workshops\/femlab19\/wp-json\/wp\/v2\/pages\/34","targetHints":{"allow":["GET"]}}],"collection":[{"href":"https:\/\/fundacionexe.org\/workshops\/femlab19\/wp-json\/wp\/v2\/pages"}],"about":[{"href":"https:\/\/fundacionexe.org\/workshops\/femlab19\/wp-json\/wp\/v2\/types\/page"}],"author":[{"embeddable":true,"href":"https:\/\/fundacionexe.org\/workshops\/femlab19\/wp-json\/wp\/v2\/users\/2"}],"replies":[{"embeddable":true,"href":"https:\/\/fundacionexe.org\/workshops\/femlab19\/wp-json\/wp\/v2\/comments?post=34"}],"version-history":[{"count":6,"href":"https:\/\/fundacionexe.org\/workshops\/femlab19\/wp-json\/wp\/v2\/pages\/34\/revisions"}],"predecessor-version":[{"id":94,"href":"https:\/\/fundacionexe.org\/workshops\/femlab19\/wp-json\/wp\/v2\/pages\/34\/revisions\/94"}],"wp:attachment":[{"href":"https:\/\/fundacionexe.org\/workshops\/femlab19\/wp-json\/wp\/v2\/media?parent=34"}],"curies":[{"name":"wp","href":"https:\/\/api.w.org\/{rel}","templated":true}]}}