{"id":38,"date":"2019-04-10T12:27:06","date_gmt":"2019-04-10T10:27:06","guid":{"rendered":"http:\/\/fundacionexe.org\/workshops\/femlab19\/?page_id=38"},"modified":"2019-06-14T11:03:35","modified_gmt":"2019-06-14T09:03:35","slug":"normes-de-presentacio","status":"publish","type":"page","link":"https:\/\/fundacionexe.org\/workshops\/femlab19\/normes-de-presentacio\/","title":{"rendered":"Normes de presentaci\u00f3"},"content":{"rendered":"<p>Les normes de presentaci\u00f3 seg\u00fcents s\u00f3n comunes per a les dues modalitats anteriors (comunicacions i hub-p\u00f2sters):<\/p><ul class=\"wp-block-list\">\n\t<li>Cada persona pot ser autora o coautora d\u2019un l\u00edmit de dues propostes per tal de promoure la participaci\u00f3 del major nombre de persones possibles.\u00a0<\/li>\n\t<li>Totes les propostes s\u2019enviaran al correu nexe@fundacionexe.org amb assumpte COMUNICACI\u00d3_FEMLAB19_NOM AUTOR\/A.<\/li>\n\t<li>El congr\u00e9s \u00e9s de car\u00e0cter multiling\u00fce amb acceptaci\u00f3 de comunicacions en valenci\u00e0, castell\u00e0, i les altres lleng\u00fces oficials a les distintes comunitats aut\u00f2nomes, aix\u00ed com en angl\u00e8s. No obstant, les lleng\u00fces del congr\u00e9s seran el castell\u00e0 i el valenci\u00e0.\u00a0<\/li>\n\t<li>L\u2019organitzaci\u00f3 del Workshop comunicar\u00e0 mitjan\u00e7ant correu electr\u00f2nic l\u2019acceptaci\u00f3 de la comunicaci\u00f3 o del p\u00f2ster el 5 de juliol.<\/li>\n\t<li>L\u2019organitzaci\u00f3 certificar\u00e0 la presentaci\u00f3 de les comunicacions i p\u00f2sters sempre que siguen acceptades i presentades oralment durant el congr\u00e9s.<br \/><\/li>\n\t<li>Els criteris d\u2019acceptaci\u00f3 d\u2019una proposta s\u00f3n:\n\t\t<ul>\n\t\t\t<li>Acomplir les normes de format<\/li>\n\t\t\t<li>Ser una proposta ajustada a la tem\u00e0tica del congr\u00e9s (feminisme i sobiranies).<\/li>\n\t\t\t<li>Originalitat i incid\u00e8ncia social de la proposta.<\/li>\n\t\t<\/ul>\n\t<\/li>\n<\/ul>","protected":false},"excerpt":{"rendered":"<p>Les normes de presentaci\u00f3 seg\u00fcents s\u00f3n comunes per a les dues modalitats anteriors (comunicacions i hub-p\u00f2sters): Cada persona pot ser autora o coautora d\u2019un l\u00edmit de dues propostes per tal de promoure la participaci\u00f3 del major nombre de persones possibles.\u00a0 Totes les propostes s\u2019enviaran al correu nexe@fundacionexe.org amb assumpte COMUNICACI\u00d3_FEMLAB19_NOM AUTOR\/A. El congr\u00e9s \u00e9s de &hellip; <a href=\"https:\/\/fundacionexe.org\/workshops\/femlab19\/normes-de-presentacio\/\" class=\"more-link\">Continua la lectura de <span class=\"screen-reader-text\">Normes de presentaci\u00f3<\/span> <span class=\"meta-nav\">&rarr;<\/span><\/a><\/p>\n","protected":false},"author":2,"featured_media":0,"parent":0,"menu_order":0,"comment_status":"closed","ping_status":"closed","template":"","meta":{"footnotes":""},"class_list":["post-38","page","type-page","status-publish","hentry"],"_links":{"self":[{"href":"https:\/\/fundacionexe.org\/workshops\/femlab19\/wp-json\/wp\/v2\/pages\/38","targetHints":{"allow":["GET"]}}],"collection":[{"href":"https:\/\/fundacionexe.org\/workshops\/femlab19\/wp-json\/wp\/v2\/pages"}],"about":[{"href":"https:\/\/fundacionexe.org\/workshops\/femlab19\/wp-json\/wp\/v2\/types\/page"}],"author":[{"embeddable":true,"href":"https:\/\/fundacionexe.org\/workshops\/femlab19\/wp-json\/wp\/v2\/users\/2"}],"replies":[{"embeddable":true,"href":"https:\/\/fundacionexe.org\/workshops\/femlab19\/wp-json\/wp\/v2\/comments?post=38"}],"version-history":[{"count":5,"href":"https:\/\/fundacionexe.org\/workshops\/femlab19\/wp-json\/wp\/v2\/pages\/38\/revisions"}],"predecessor-version":[{"id":97,"href":"https:\/\/fundacionexe.org\/workshops\/femlab19\/wp-json\/wp\/v2\/pages\/38\/revisions\/97"}],"wp:attachment":[{"href":"https:\/\/fundacionexe.org\/workshops\/femlab19\/wp-json\/wp\/v2\/media?parent=38"}],"curies":[{"name":"wp","href":"https:\/\/api.w.org\/{rel}","templated":true}]}}