{"id":61,"date":"2019-04-11T11:05:21","date_gmt":"2019-04-11T09:05:21","guid":{"rendered":"http:\/\/fundacionexe.org\/workshops\/femlab19\/?page_id=61"},"modified":"2019-07-11T13:11:21","modified_gmt":"2019-07-11T11:11:21","slug":"comite-cientific","status":"publish","type":"page","link":"https:\/\/fundacionexe.org\/workshops\/femlab19\/comite-cientific\/","title":{"rendered":"Comit\u00e9 Cient\u00edfic"},"content":{"rendered":"<ul class=\"wp-block-list\">\n\t<li><strong>Al\u00edcia Villar Aguil\u00e9s,<\/strong> professora de Sociologia de la Universitat de Val\u00e8ncia.\u00a0<\/li>\n\t<li><strong>Andrea Luquin Calvo<\/strong>, professora del M\u00e0ster d&#8217;Estudis de G\u00e8nere i Pol\u00edtiques d&#8217;Igualtat de la Universitat de Val\u00e8ncia.\u00a0<\/li>\n\t<li><strong>Ana Mar\u00eda Gonz\u00e1lez<\/strong>\u00a0<strong>Ramos<\/strong>, soci\u00f2loga de la Universitat Aut\u00f2noma de Barcelona, especialitzada en g\u00e8nere i TIC.<\/li>\n\t<li><strong>Ana Marrades Puig<\/strong>, professora de Dret Constitucional de la Universitat de Val\u00e8ncia.<\/li>\n\t<li><strong>Carmen Castro Garc\u00eda<\/strong>, doctora en Economia i investigadora especialitzada en Pol\u00edtiques Europees de G\u00e8nere.<\/li>\n\t<li><strong>M\u00f3nica Gil Junquero<\/strong>, soci\u00f2loga i doctora en Estudis de G\u00e8nere, professora de la Universitat de Val\u00e8ncia.\u00a0<\/li>\n\t<li><strong>Ruth Mestre i Mestre<\/strong>, professora titular del departament de Filosofia del Dret de la Universitat de Val\u00e8ncia, membre de l\u2019Institut de Drets Humans de la Universitat de Val\u00e8ncia i de la European Network of Legal Experts in the field of Gender Equality.<\/li>\n\t<li><strong>Vicenta Tasa\u00a0Fuster<\/strong>, professora de Dret Constitucional de la Universitat de Val\u00e8ncia<\/li>\n<\/ul><p><\/p><p><\/p>","protected":false},"excerpt":{"rendered":"<p>Al\u00edcia Villar Aguil\u00e9s, professora de Sociologia de la Universitat de Val\u00e8ncia.\u00a0 Andrea Luquin Calvo, professora del M\u00e0ster d&#8217;Estudis de G\u00e8nere i Pol\u00edtiques d&#8217;Igualtat de la Universitat de Val\u00e8ncia.\u00a0 Ana Mar\u00eda Gonz\u00e1lez\u00a0Ramos, soci\u00f2loga de la Universitat Aut\u00f2noma de Barcelona, especialitzada en g\u00e8nere i TIC. Ana Marrades Puig, professora de Dret Constitucional de la Universitat de Val\u00e8ncia. &hellip; <a href=\"https:\/\/fundacionexe.org\/workshops\/femlab19\/comite-cientific\/\" class=\"more-link\">Continua la lectura de <span class=\"screen-reader-text\">Comit\u00e9 Cient\u00edfic<\/span> <span class=\"meta-nav\">&rarr;<\/span><\/a><\/p>\n","protected":false},"author":2,"featured_media":0,"parent":0,"menu_order":0,"comment_status":"closed","ping_status":"closed","template":"","meta":{"footnotes":""},"class_list":["post-61","page","type-page","status-publish","hentry"],"_links":{"self":[{"href":"https:\/\/fundacionexe.org\/workshops\/femlab19\/wp-json\/wp\/v2\/pages\/61","targetHints":{"allow":["GET"]}}],"collection":[{"href":"https:\/\/fundacionexe.org\/workshops\/femlab19\/wp-json\/wp\/v2\/pages"}],"about":[{"href":"https:\/\/fundacionexe.org\/workshops\/femlab19\/wp-json\/wp\/v2\/types\/page"}],"author":[{"embeddable":true,"href":"https:\/\/fundacionexe.org\/workshops\/femlab19\/wp-json\/wp\/v2\/users\/2"}],"replies":[{"embeddable":true,"href":"https:\/\/fundacionexe.org\/workshops\/femlab19\/wp-json\/wp\/v2\/comments?post=61"}],"version-history":[{"count":5,"href":"https:\/\/fundacionexe.org\/workshops\/femlab19\/wp-json\/wp\/v2\/pages\/61\/revisions"}],"predecessor-version":[{"id":110,"href":"https:\/\/fundacionexe.org\/workshops\/femlab19\/wp-json\/wp\/v2\/pages\/61\/revisions\/110"}],"wp:attachment":[{"href":"https:\/\/fundacionexe.org\/workshops\/femlab19\/wp-json\/wp\/v2\/media?parent=61"}],"curies":[{"name":"wp","href":"https:\/\/api.w.org\/{rel}","templated":true}]}}